{"id":79360,"date":"2026-04-27T04:44:10","date_gmt":"2026-04-27T04:44:10","guid":{"rendered":""},"modified":"2026-04-27T04:44:10","modified_gmt":"2026-04-27T04:44:10","slug":"must-have-sapho-larissa-hacek-chrom-ws101-79360","status":"publish","type":"product","link":"https:\/\/www.technodompro.com\/index.php\/produkt\/must-have-sapho-larissa-hacek-chrom-ws101-79360\/","title":{"rendered":"Must-Have Sapho LARISSA h\u00e1\u010dek, chrom WS101"},"content":{"rendered":"<div class=\"tabs__content-outer\" id=\"tab_description\" data-hash=\"description\" data-tabindex=\"-1\">\n<div class=\"tabs__content toggle_description\" id=\"content_description\">\n<div class=\"wysiwyg-content\">\n<div class=\"product__tab product__description full-width\">\n<div class=\"container\">\n<div >\n<h3>Sapho LARISSA h\u00e1\u010dek, chrom WS101<\/h3>\n<p style=\"text-align: justify;\">Elegantn\u00ed tvary a decentn\u00ed vroubkovan\u00e9 zdoben\u00ed na z\u00e1kladn\u00e1ch dopl\u0148k\u016f p\u0159edur\u010duje s\u00e9rii LARISSA ke kombinaci s \u0159adou vodovodn\u00edch bateri\u00ed SOLARIS.<\/p>\n<p><\/p>\n<p><b>Vlastnosti<\/b><\/p>\n<ul>\n<li><span>Materi\u00e1l:<\/span> Slitina<\/li>\n<li><span>Barva:<\/span> St\u0159\u00edbrn\u00e1<\/li>\n<li><span>Instalace:<\/span> Vrt\u00e1n\u00ed<\/li>\n<li><span>Tvar:<\/span> Kruhov\u00e9<\/li>\n<li><span>Rozm\u011br:<\/span> 54x54x56 mm<\/li>\n<li><span>Druh:<\/span> H\u00e1\u010dek<\/li>\n<li><span>\u0160\u00ed\u0159ka:<\/span> 54 mm<\/li>\n<li><span>V\u00fd\u0161ka:<\/span> 54 mm<\/li>\n<li><span>Hloubka:<\/span> 56 mm<\/li>\n<\/ul>\n<\/div><\/div>\n<\/p><\/div>\n<\/p><\/div>\n<\/p><\/div>\n","protected":false},"excerpt":{"rendered":"<p>Sapho LARISSA h\u00e1\u010dek, chrom WS101 Elegantn\u00ed tvary a decentn\u00ed vroubkovan\u00e9 zdoben\u00ed na z\u00e1kladn\u00e1ch dopl\u0148k\u016f p\u0159edur\u010duje s\u00e9rii LARISSA ke kombinaci s \u0159adou vodovodn\u00edch bateri\u00ed SOLARIS. Vlastnosti Materi\u00e1l: Slitina Barva: St\u0159\u00edbrn\u00e1 Instalace: Vrt\u00e1n\u00ed Tvar: Kruhov\u00e9 Rozm\u011br: 54x54x56 mm Druh: H\u00e1\u010dek \u0160\u00ed\u0159ka: 54 mm V\u00fd\u0161ka: 54 mm Hloubka: 56 mm<\/p>\n","protected":false},"featured_media":79434,"comment_status":"open","ping_status":"open","template":"","meta":[],"product_brand":[],"product_cat":[77],"product_tag":[],"class_list":{"0":"post-79360","1":"product","2":"type-product","3":"status-publish","4":"has-post-thumbnail","6":"product_cat-koupelna","8":"first","9":"instock","10":"sale","11":"shipping-taxable","12":"purchasable","13":"product-type-simple"},"yoast_head":"<!-- This site is optimized with the Yoast SEO plugin v26.8 - https:\/\/yoast.com\/product\/yoast-seo-wordpress\/ -->\n<title>Must-Have Sapho LARISSA h\u00e1\u010dek, chrom WS101 -<\/title>\n<meta name=\"robots\" content=\"index, follow, max-snippet:-1, max-image-preview:large, max-video-preview:-1\" \/>\n<link rel=\"canonical\" href=\"https:\/\/www.technodompro.com\/index.php\/produkt\/must-have-sapho-larissa-hacek-chrom-ws101-79360\/\" \/>\n<meta property=\"og:locale\" content=\"cs_CZ\" \/>\n<meta property=\"og:type\" content=\"article\" \/>\n<meta property=\"og:title\" content=\"Must-Have Sapho LARISSA h\u00e1\u010dek, chrom WS101 -\" \/>\n<meta property=\"og:description\" content=\"Sapho LARISSA h\u00e1\u010dek, chrom WS101 Elegantn\u00ed tvary a decentn\u00ed vroubkovan\u00e9 zdoben\u00ed na z\u00e1kladn\u00e1ch dopl\u0148k\u016f p\u0159edur\u010duje s\u00e9rii LARISSA ke kombinaci s \u0159adou vodovodn\u00edch bateri\u00ed SOLARIS. Vlastnosti Materi\u00e1l: Slitina Barva: St\u0159\u00edbrn\u00e1 Instalace: Vrt\u00e1n\u00ed Tvar: Kruhov\u00e9 Rozm\u011br: 54x54x56 mm Druh: H\u00e1\u010dek \u0160\u00ed\u0159ka: 54 mm V\u00fd\u0161ka: 54 mm Hloubka: 56 mm\" \/>\n<meta property=\"og:url\" content=\"https:\/\/www.technodompro.com\/index.php\/produkt\/must-have-sapho-larissa-hacek-chrom-ws101-79360\/\" \/>\n<meta property=\"og:image\" content=\"https:\/\/www.technodompro.com\/wp-content\/uploads\/2026\/SK0015503-CZ20260425-093041-0-1777080643-a9650c5da868b2a474b8ae73cb4cf52a.webp\" \/>\n\t<meta property=\"og:image:width\" content=\"800\" \/>\n\t<meta property=\"og:image:height\" content=\"800\" \/>\n\t<meta property=\"og:image:type\" content=\"image\/webp\" \/>\n<meta name=\"twitter:card\" content=\"summary_large_image\" \/>\n<script type=\"application\/ld+json\" class=\"yoast-schema-graph\">{\"@context\":\"https:\/\/schema.org\",\"@graph\":[{\"@type\":\"WebPage\",\"@id\":\"https:\/\/www.technodompro.com\/index.php\/produkt\/must-have-sapho-larissa-hacek-chrom-ws101-79360\/\",\"url\":\"https:\/\/www.technodompro.com\/index.php\/produkt\/must-have-sapho-larissa-hacek-chrom-ws101-79360\/\",\"name\":\"Must-Have Sapho LARISSA h\u00e1\u010dek, chrom WS101 -\",\"isPartOf\":{\"@id\":\"https:\/\/www.technodompro.com\/#website\"},\"primaryImageOfPage\":{\"@id\":\"https:\/\/www.technodompro.com\/index.php\/produkt\/must-have-sapho-larissa-hacek-chrom-ws101-79360\/#primaryimage\"},\"image\":{\"@id\":\"https:\/\/www.technodompro.com\/index.php\/produkt\/must-have-sapho-larissa-hacek-chrom-ws101-79360\/#primaryimage\"},\"thumbnailUrl\":\"https:\/\/www.technodompro.com\/wp-content\/uploads\/2026\/SK0015503-CZ20260425-093041-0-1777080643-a9650c5da868b2a474b8ae73cb4cf52a.webp\",\"datePublished\":\"2026-04-27T04:44:10+00:00\",\"breadcrumb\":{\"@id\":\"https:\/\/www.technodompro.com\/index.php\/produkt\/must-have-sapho-larissa-hacek-chrom-ws101-79360\/#breadcrumb\"},\"inLanguage\":\"cs\",\"potentialAction\":[{\"@type\":\"ReadAction\",\"target\":[\"https:\/\/www.technodompro.com\/index.php\/produkt\/must-have-sapho-larissa-hacek-chrom-ws101-79360\/\"]}]},{\"@type\":\"ImageObject\",\"inLanguage\":\"cs\",\"@id\":\"https:\/\/www.technodompro.com\/index.php\/produkt\/must-have-sapho-larissa-hacek-chrom-ws101-79360\/#primaryimage\",\"url\":\"https:\/\/www.technodompro.com\/wp-content\/uploads\/2026\/SK0015503-CZ20260425-093041-0-1777080643-a9650c5da868b2a474b8ae73cb4cf52a.webp\",\"contentUrl\":\"https:\/\/www.technodompro.com\/wp-content\/uploads\/2026\/SK0015503-CZ20260425-093041-0-1777080643-a9650c5da868b2a474b8ae73cb4cf52a.webp\",\"width\":800,\"height\":800},{\"@type\":\"BreadcrumbList\",\"@id\":\"https:\/\/www.technodompro.com\/index.php\/produkt\/must-have-sapho-larissa-hacek-chrom-ws101-79360\/#breadcrumb\",\"itemListElement\":[{\"@type\":\"ListItem\",\"position\":1,\"name\":\"Home\",\"item\":\"https:\/\/www.technodompro.com\/\"},{\"@type\":\"ListItem\",\"position\":2,\"name\":\"Products\",\"item\":\"https:\/\/www.technodompro.com\/index.php\/products\/\"},{\"@type\":\"ListItem\",\"position\":3,\"name\":\"Must-Have Sapho LARISSA h\u00e1\u010dek, chrom WS101\"}]},{\"@type\":\"WebSite\",\"@id\":\"https:\/\/www.technodompro.com\/#website\",\"url\":\"https:\/\/www.technodompro.com\/\",\"name\":\"\",\"description\":\"\",\"potentialAction\":[{\"@type\":\"SearchAction\",\"target\":{\"@type\":\"EntryPoint\",\"urlTemplate\":\"https:\/\/www.technodompro.com\/?s={search_term_string}\"},\"query-input\":{\"@type\":\"PropertyValueSpecification\",\"valueRequired\":true,\"valueName\":\"search_term_string\"}}],\"inLanguage\":\"cs\"}]}<\/script>\n<!-- \/ Yoast SEO plugin. -->","yoast_head_json":{"title":"Must-Have Sapho LARISSA h\u00e1\u010dek, chrom WS101 -","robots":{"index":"index","follow":"follow","max-snippet":"max-snippet:-1","max-image-preview":"max-image-preview:large","max-video-preview":"max-video-preview:-1"},"canonical":"https:\/\/www.technodompro.com\/index.php\/produkt\/must-have-sapho-larissa-hacek-chrom-ws101-79360\/","og_locale":"cs_CZ","og_type":"article","og_title":"Must-Have Sapho LARISSA h\u00e1\u010dek, chrom WS101 -","og_description":"Sapho LARISSA h\u00e1\u010dek, chrom WS101 Elegantn\u00ed tvary a decentn\u00ed vroubkovan\u00e9 zdoben\u00ed na z\u00e1kladn\u00e1ch dopl\u0148k\u016f p\u0159edur\u010duje s\u00e9rii LARISSA ke kombinaci s \u0159adou vodovodn\u00edch bateri\u00ed SOLARIS. Vlastnosti Materi\u00e1l: Slitina Barva: St\u0159\u00edbrn\u00e1 Instalace: Vrt\u00e1n\u00ed Tvar: Kruhov\u00e9 Rozm\u011br: 54x54x56 mm Druh: H\u00e1\u010dek \u0160\u00ed\u0159ka: 54 mm V\u00fd\u0161ka: 54 mm Hloubka: 56 mm","og_url":"https:\/\/www.technodompro.com\/index.php\/produkt\/must-have-sapho-larissa-hacek-chrom-ws101-79360\/","og_image":[{"width":800,"height":800,"url":"https:\/\/www.technodompro.com\/wp-content\/uploads\/2026\/SK0015503-CZ20260425-093041-0-1777080643-a9650c5da868b2a474b8ae73cb4cf52a.webp","type":"image\/webp"}],"twitter_card":"summary_large_image","schema":{"@context":"https:\/\/schema.org","@graph":[{"@type":"WebPage","@id":"https:\/\/www.technodompro.com\/index.php\/produkt\/must-have-sapho-larissa-hacek-chrom-ws101-79360\/","url":"https:\/\/www.technodompro.com\/index.php\/produkt\/must-have-sapho-larissa-hacek-chrom-ws101-79360\/","name":"Must-Have Sapho LARISSA h\u00e1\u010dek, chrom WS101 -","isPartOf":{"@id":"https:\/\/www.technodompro.com\/#website"},"primaryImageOfPage":{"@id":"https:\/\/www.technodompro.com\/index.php\/produkt\/must-have-sapho-larissa-hacek-chrom-ws101-79360\/#primaryimage"},"image":{"@id":"https:\/\/www.technodompro.com\/index.php\/produkt\/must-have-sapho-larissa-hacek-chrom-ws101-79360\/#primaryimage"},"thumbnailUrl":"https:\/\/www.technodompro.com\/wp-content\/uploads\/2026\/SK0015503-CZ20260425-093041-0-1777080643-a9650c5da868b2a474b8ae73cb4cf52a.webp","datePublished":"2026-04-27T04:44:10+00:00","breadcrumb":{"@id":"https:\/\/www.technodompro.com\/index.php\/produkt\/must-have-sapho-larissa-hacek-chrom-ws101-79360\/#breadcrumb"},"inLanguage":"cs","potentialAction":[{"@type":"ReadAction","target":["https:\/\/www.technodompro.com\/index.php\/produkt\/must-have-sapho-larissa-hacek-chrom-ws101-79360\/"]}]},{"@type":"ImageObject","inLanguage":"cs","@id":"https:\/\/www.technodompro.com\/index.php\/produkt\/must-have-sapho-larissa-hacek-chrom-ws101-79360\/#primaryimage","url":"https:\/\/www.technodompro.com\/wp-content\/uploads\/2026\/SK0015503-CZ20260425-093041-0-1777080643-a9650c5da868b2a474b8ae73cb4cf52a.webp","contentUrl":"https:\/\/www.technodompro.com\/wp-content\/uploads\/2026\/SK0015503-CZ20260425-093041-0-1777080643-a9650c5da868b2a474b8ae73cb4cf52a.webp","width":800,"height":800},{"@type":"BreadcrumbList","@id":"https:\/\/www.technodompro.com\/index.php\/produkt\/must-have-sapho-larissa-hacek-chrom-ws101-79360\/#breadcrumb","itemListElement":[{"@type":"ListItem","position":1,"name":"Home","item":"https:\/\/www.technodompro.com\/"},{"@type":"ListItem","position":2,"name":"Products","item":"https:\/\/www.technodompro.com\/index.php\/products\/"},{"@type":"ListItem","position":3,"name":"Must-Have Sapho LARISSA h\u00e1\u010dek, chrom WS101"}]},{"@type":"WebSite","@id":"https:\/\/www.technodompro.com\/#website","url":"https:\/\/www.technodompro.com\/","name":"","description":"","potentialAction":[{"@type":"SearchAction","target":{"@type":"EntryPoint","urlTemplate":"https:\/\/www.technodompro.com\/?s={search_term_string}"},"query-input":{"@type":"PropertyValueSpecification","valueRequired":true,"valueName":"search_term_string"}}],"inLanguage":"cs"}]}},"_links":{"self":[{"href":"https:\/\/www.technodompro.com\/index.php\/wp-json\/wp\/v2\/product\/79360","targetHints":{"allow":["GET"]}}],"collection":[{"href":"https:\/\/www.technodompro.com\/index.php\/wp-json\/wp\/v2\/product"}],"about":[{"href":"https:\/\/www.technodompro.com\/index.php\/wp-json\/wp\/v2\/types\/product"}],"replies":[{"embeddable":true,"href":"https:\/\/www.technodompro.com\/index.php\/wp-json\/wp\/v2\/comments?post=79360"}],"wp:featuredmedia":[{"embeddable":true,"href":"https:\/\/www.technodompro.com\/index.php\/wp-json\/wp\/v2\/media\/79434"}],"wp:attachment":[{"href":"https:\/\/www.technodompro.com\/index.php\/wp-json\/wp\/v2\/media?parent=79360"}],"wp:term":[{"taxonomy":"product_brand","embeddable":true,"href":"https:\/\/www.technodompro.com\/index.php\/wp-json\/wp\/v2\/product_brand?post=79360"},{"taxonomy":"product_cat","embeddable":true,"href":"https:\/\/www.technodompro.com\/index.php\/wp-json\/wp\/v2\/product_cat?post=79360"},{"taxonomy":"product_tag","embeddable":true,"href":"https:\/\/www.technodompro.com\/index.php\/wp-json\/wp\/v2\/product_tag?post=79360"}],"curies":[{"name":"wp","href":"https:\/\/api.w.org\/{rel}","templated":true}]}}