{"id":79361,"date":"2026-04-27T04:44:10","date_gmt":"2026-04-27T04:44:10","guid":{"rendered":""},"modified":"2026-04-27T04:44:10","modified_gmt":"2026-04-27T04:44:10","slug":"gsi-kube-x-keramicke-umyvatko-40x23cm-bez-otvoru-prave-leve-tortora-mat-9484005-akcni-nabidka-79361","status":"publish","type":"product","link":"https:\/\/www.technodompro.com\/index.php\/produkt\/gsi-kube-x-keramicke-umyvatko-40x23cm-bez-otvoru-prave-leve-tortora-mat-9484005-akcni-nabidka-79361\/","title":{"rendered":"GSI KUBE X keramick\u00e9 um\u00fdv\u00e1tko 40x23cm, bez otvoru, prav\u00e9\/lev\u00e9, tortora mat 9484005 Ak\u010dn\u00ed Nab\u00eddka"},"content":{"rendered":"<div class=\"tabs__content-outer\" id=\"tab_description\" data-hash=\"description\" data-tabindex=\"-1\">\n<div class=\"tabs__content toggle_description\" id=\"content_description\">\n<div class=\"wysiwyg-content\">\n<div class=\"product__tab product__description full-width\">\n<div class=\"container\">\n<div >\n<h3>GSI KUBE X keramick\u00e9 um\u00fdv\u00e1tko 40x23cm, bez otvoru, prav\u00e9\/lev\u00e9, tortora mat 9484005<\/h3>\n<ul>\n<li>Pravo\/lev\u00e1 instalace &#8211; otvory pro uchycen\u00ed jsou p\u0159edp\u0159ipraven\u00e9. Dle v\u00fdb\u011bru strany uchycen\u00ed je nutn\u00e9 je prorazit.<\/li>\n<li>Standardn\u011b dod\u00e1v\u00e1no bez otvoru pro baterii. Otvor je p\u0159edp\u0159ipraven a v p\u0159\u00edpad\u011b pot\u0159eby sta\u010d\u00ed vyklepnout glazuru.<\/li>\n<\/ul>\n<p>Sanit\u00e1rn\u00ed keramika KUBE X COLOR:<\/p>\n<ul>\n<li>masivn\u00ed hranat\u00e1 umyvadla s praktick\u00fdmi&nbsp;odkl\u00e1dac\u00edmi plochami<\/li>\n<li>v\u011bt\u0161inu umyvadel lze doplnit o dr\u017e\u00e1ky ru\u010dn\u00edk\u016f, kter\u00e9 lze instalovat i dodate\u010dn\u011b, po mont\u00e1\u017ei umyvadla<\/li>\n<li>umyvadla lze dodat i v retifikovan\u00e9 verzi (se zabrou\u0161enou spodn\u00ed plochou) pro pou\u017eit\u00ed na desku, s p\u0159\u00edplatkem dle platn\u00e9ho cen\u00edku&nbsp;\n<\/li>\n<\/ul>\n<p>S\u00e9rie KUBE X COLOR zahrnuje keramick\u00e1 umyvadla na desku v 8 barevn\u00fdch variac\u00edch, vybran\u00e1 umyvadla na zav\u011b\u0161en\u00ed, WC m\u00edsy a bidety v proveden\u00ed b\u00edl\u00e1 mat a \u010dern\u00e1 mat.<\/p>\n<p>N\u00e1hled barevn\u00fdch variac\u00ed n\u00ed\u017ee. Re\u00e1ln\u00e9 proveden\u00ed barev se m\u016f\u017ee li\u0161it v n\u00e1vaznosti na nastaven\u00ed Va\u0161eho monitoru.<\/p>\n<p>Charakteristika s\u00e9rie:<\/p>\n<ul>\n<li><span>Hranat\u00e1 umyvadla s&nbsp;decentn\u011b zaoblen\u00fdmi rohy a \u0161t\u00edhlou hranou<\/span><\/li>\n<li><span>Ov\u00e1ln\u00e1 a kulat\u00e1 umyvadla se \u0161t\u00edhlou hranou<\/span><\/li>\n<li><span>Umyvadla lze doplnit v\u00fdpust\u00ed s keramickou z\u00e1tkou ve stejn\u00e9 barv\u011b<\/span><\/li>\n<li><span>WC m\u00edsy se splachovac\u00edm syst\u00e9mem SWIRLFLUSH&reg;<\/span><span>&nbsp;a SAVE WATER, kter\u00fd umo\u017e\u0148uje splachovat&nbsp;pouze 4,5 litry vody<\/span><\/li>\n<li>Sed\u00e1tka k z\u00e1v\u011bsn\u00fdm WC opat\u0159ena syst\u00e9mem&nbsp;SOFT CLOSE (pomal\u00e9 skl\u00e1p\u011bn\u00ed) a QUICK RELEASE (odn\u00edmateln\u00e9 sed\u00e1tko)<\/li>\n<\/ul>\n<p><\/p>\n<p><b>Vlastnosti<\/b><\/p>\n<ul>\n<li><span>Materi\u00e1l:<\/span> Keramika<\/li>\n<li><span>Barva:<\/span> B\u00e9\u017eov\u00e1<\/li>\n<li><span>Instalace:<\/span> N\u00e1st\u011bnn\u00e1-\u0161rouby, K postaven\u00ed<\/li>\n<li><span>P\u0159epad:<\/span> Ne<\/li>\n<li><span>Tvar:<\/span> Obd\u00e9ln\u00edk<\/li>\n<li><span>Otvor pro baterii:<\/span> Bez otvoru<\/li>\n<li><span>Rozm\u011br:<\/span> 40x12x23 cm<\/li>\n<li><span>\u0160\u00ed\u0159ka:<\/span> 400 mm<\/li>\n<li><span>V\u00fd\u0161ka:<\/span> 120 mm<\/li>\n<li><span>Hloubka:<\/span> 230 mm<\/li>\n<li><span>Typ umyvadla:<\/span> Um\u00fdv\u00e1tko (mal\u00e9)<\/li>\n<li><span>V\u00fdbava:<\/span> Dr\u017e\u00e1k ru\u010dn\u00edku &#8211; dopl\u0148kov\u00e1 v\u00fdbava<\/li>\n<\/ul>\n<\/div><\/div>\n<\/p><\/div>\n<\/p><\/div>\n<\/p><\/div>\n","protected":false},"excerpt":{"rendered":"<p>GSI KUBE X keramick\u00e9 um\u00fdv\u00e1tko 40x23cm, bez otvoru, prav\u00e9\/lev\u00e9, tortora mat 9484005 Pravo\/lev\u00e1 instalace &#8211; otvory pro uchycen\u00ed jsou p\u0159edp\u0159ipraven\u00e9. Dle v\u00fdb\u011bru strany uchycen\u00ed je nutn\u00e9 je prorazit. Standardn\u011b dod\u00e1v\u00e1no bez otvoru pro baterii. Otvor je p\u0159edp\u0159ipraven a v p\u0159\u00edpad\u011b pot\u0159eby sta\u010d\u00ed vyklepnout glazuru. Sanit\u00e1rn\u00ed keramika KUBE X COLOR: masivn\u00ed hranat\u00e1 umyvadla s praktick\u00fdmi&nbsp;odkl\u00e1dac\u00edmi plochami [&hellip;]<\/p>\n","protected":false},"featured_media":79435,"comment_status":"open","ping_status":"open","template":"","meta":[],"product_brand":[],"product_cat":[77],"product_tag":[],"class_list":{"0":"post-79361","1":"product","2":"type-product","3":"status-publish","4":"has-post-thumbnail","6":"product_cat-koupelna","8":"first","9":"instock","10":"sale","11":"shipping-taxable","12":"purchasable","13":"product-type-simple"},"yoast_head":"<!-- This site is optimized with the Yoast SEO plugin v26.8 - https:\/\/yoast.com\/product\/yoast-seo-wordpress\/ -->\n<title>GSI KUBE X keramick\u00e9 um\u00fdv\u00e1tko 40x23cm, bez otvoru, prav\u00e9\/lev\u00e9, tortora mat 9484005 Ak\u010dn\u00ed Nab\u00eddka -<\/title>\n<meta name=\"robots\" content=\"index, follow, max-snippet:-1, max-image-preview:large, max-video-preview:-1\" \/>\n<link rel=\"canonical\" href=\"https:\/\/www.technodompro.com\/index.php\/produkt\/gsi-kube-x-keramicke-umyvatko-40x23cm-bez-otvoru-prave-leve-tortora-mat-9484005-akcni-nabidka-79361\/\" \/>\n<meta property=\"og:locale\" content=\"cs_CZ\" \/>\n<meta property=\"og:type\" content=\"article\" \/>\n<meta property=\"og:title\" content=\"GSI KUBE X keramick\u00e9 um\u00fdv\u00e1tko 40x23cm, bez otvoru, prav\u00e9\/lev\u00e9, tortora mat 9484005 Ak\u010dn\u00ed Nab\u00eddka -\" \/>\n<meta property=\"og:description\" content=\"GSI KUBE X keramick\u00e9 um\u00fdv\u00e1tko 40x23cm, bez otvoru, prav\u00e9\/lev\u00e9, tortora mat 9484005 Pravo\/lev\u00e1 instalace &#8211; otvory pro uchycen\u00ed jsou p\u0159edp\u0159ipraven\u00e9. Dle v\u00fdb\u011bru strany uchycen\u00ed je nutn\u00e9 je prorazit. Standardn\u011b dod\u00e1v\u00e1no bez otvoru pro baterii. Otvor je p\u0159edp\u0159ipraven a v p\u0159\u00edpad\u011b pot\u0159eby sta\u010d\u00ed vyklepnout glazuru. Sanit\u00e1rn\u00ed keramika KUBE X COLOR: masivn\u00ed hranat\u00e1 umyvadla s praktick\u00fdmi&nbsp;odkl\u00e1dac\u00edmi plochami [&hellip;]\" \/>\n<meta property=\"og:url\" content=\"https:\/\/www.technodompro.com\/index.php\/produkt\/gsi-kube-x-keramicke-umyvatko-40x23cm-bez-otvoru-prave-leve-tortora-mat-9484005-akcni-nabidka-79361\/\" \/>\n<meta property=\"og:image\" content=\"https:\/\/www.technodompro.com\/wp-content\/uploads\/2026\/SK0015505-CZ20260425-093041-0-1777080643-0ae6dd236b7f7a88aaecb76d9fe7c18f.webp\" \/>\n\t<meta property=\"og:image:width\" content=\"1000\" \/>\n\t<meta property=\"og:image:height\" content=\"771\" \/>\n\t<meta property=\"og:image:type\" content=\"image\/webp\" \/>\n<meta name=\"twitter:card\" content=\"summary_large_image\" \/>\n<meta name=\"twitter:label1\" content=\"Odhadovan\u00e1 doba \u010dten\u00ed\" \/>\n\t<meta name=\"twitter:data1\" content=\"2 minuty\" \/>\n<script type=\"application\/ld+json\" class=\"yoast-schema-graph\">{\"@context\":\"https:\/\/schema.org\",\"@graph\":[{\"@type\":\"WebPage\",\"@id\":\"https:\/\/www.technodompro.com\/index.php\/produkt\/gsi-kube-x-keramicke-umyvatko-40x23cm-bez-otvoru-prave-leve-tortora-mat-9484005-akcni-nabidka-79361\/\",\"url\":\"https:\/\/www.technodompro.com\/index.php\/produkt\/gsi-kube-x-keramicke-umyvatko-40x23cm-bez-otvoru-prave-leve-tortora-mat-9484005-akcni-nabidka-79361\/\",\"name\":\"GSI KUBE X keramick\u00e9 um\u00fdv\u00e1tko 40x23cm, bez otvoru, prav\u00e9\/lev\u00e9, tortora mat 9484005 Ak\u010dn\u00ed Nab\u00eddka -\",\"isPartOf\":{\"@id\":\"https:\/\/www.technodompro.com\/#website\"},\"primaryImageOfPage\":{\"@id\":\"https:\/\/www.technodompro.com\/index.php\/produkt\/gsi-kube-x-keramicke-umyvatko-40x23cm-bez-otvoru-prave-leve-tortora-mat-9484005-akcni-nabidka-79361\/#primaryimage\"},\"image\":{\"@id\":\"https:\/\/www.technodompro.com\/index.php\/produkt\/gsi-kube-x-keramicke-umyvatko-40x23cm-bez-otvoru-prave-leve-tortora-mat-9484005-akcni-nabidka-79361\/#primaryimage\"},\"thumbnailUrl\":\"https:\/\/www.technodompro.com\/wp-content\/uploads\/2026\/SK0015505-CZ20260425-093041-0-1777080643-0ae6dd236b7f7a88aaecb76d9fe7c18f.webp\",\"datePublished\":\"2026-04-27T04:44:10+00:00\",\"breadcrumb\":{\"@id\":\"https:\/\/www.technodompro.com\/index.php\/produkt\/gsi-kube-x-keramicke-umyvatko-40x23cm-bez-otvoru-prave-leve-tortora-mat-9484005-akcni-nabidka-79361\/#breadcrumb\"},\"inLanguage\":\"cs\",\"potentialAction\":[{\"@type\":\"ReadAction\",\"target\":[\"https:\/\/www.technodompro.com\/index.php\/produkt\/gsi-kube-x-keramicke-umyvatko-40x23cm-bez-otvoru-prave-leve-tortora-mat-9484005-akcni-nabidka-79361\/\"]}]},{\"@type\":\"ImageObject\",\"inLanguage\":\"cs\",\"@id\":\"https:\/\/www.technodompro.com\/index.php\/produkt\/gsi-kube-x-keramicke-umyvatko-40x23cm-bez-otvoru-prave-leve-tortora-mat-9484005-akcni-nabidka-79361\/#primaryimage\",\"url\":\"https:\/\/www.technodompro.com\/wp-content\/uploads\/2026\/SK0015505-CZ20260425-093041-0-1777080643-0ae6dd236b7f7a88aaecb76d9fe7c18f.webp\",\"contentUrl\":\"https:\/\/www.technodompro.com\/wp-content\/uploads\/2026\/SK0015505-CZ20260425-093041-0-1777080643-0ae6dd236b7f7a88aaecb76d9fe7c18f.webp\",\"width\":1000,\"height\":771},{\"@type\":\"BreadcrumbList\",\"@id\":\"https:\/\/www.technodompro.com\/index.php\/produkt\/gsi-kube-x-keramicke-umyvatko-40x23cm-bez-otvoru-prave-leve-tortora-mat-9484005-akcni-nabidka-79361\/#breadcrumb\",\"itemListElement\":[{\"@type\":\"ListItem\",\"position\":1,\"name\":\"Home\",\"item\":\"https:\/\/www.technodompro.com\/\"},{\"@type\":\"ListItem\",\"position\":2,\"name\":\"Products\",\"item\":\"https:\/\/www.technodompro.com\/index.php\/products\/\"},{\"@type\":\"ListItem\",\"position\":3,\"name\":\"GSI KUBE X keramick\u00e9 um\u00fdv\u00e1tko 40x23cm, bez otvoru, prav\u00e9\/lev\u00e9, tortora mat 9484005 Ak\u010dn\u00ed Nab\u00eddka\"}]},{\"@type\":\"WebSite\",\"@id\":\"https:\/\/www.technodompro.com\/#website\",\"url\":\"https:\/\/www.technodompro.com\/\",\"name\":\"\",\"description\":\"\",\"potentialAction\":[{\"@type\":\"SearchAction\",\"target\":{\"@type\":\"EntryPoint\",\"urlTemplate\":\"https:\/\/www.technodompro.com\/?s={search_term_string}\"},\"query-input\":{\"@type\":\"PropertyValueSpecification\",\"valueRequired\":true,\"valueName\":\"search_term_string\"}}],\"inLanguage\":\"cs\"}]}<\/script>\n<!-- \/ Yoast SEO plugin. -->","yoast_head_json":{"title":"GSI KUBE X keramick\u00e9 um\u00fdv\u00e1tko 40x23cm, bez otvoru, prav\u00e9\/lev\u00e9, tortora mat 9484005 Ak\u010dn\u00ed Nab\u00eddka -","robots":{"index":"index","follow":"follow","max-snippet":"max-snippet:-1","max-image-preview":"max-image-preview:large","max-video-preview":"max-video-preview:-1"},"canonical":"https:\/\/www.technodompro.com\/index.php\/produkt\/gsi-kube-x-keramicke-umyvatko-40x23cm-bez-otvoru-prave-leve-tortora-mat-9484005-akcni-nabidka-79361\/","og_locale":"cs_CZ","og_type":"article","og_title":"GSI KUBE X keramick\u00e9 um\u00fdv\u00e1tko 40x23cm, bez otvoru, prav\u00e9\/lev\u00e9, tortora mat 9484005 Ak\u010dn\u00ed Nab\u00eddka -","og_description":"GSI KUBE X keramick\u00e9 um\u00fdv\u00e1tko 40x23cm, bez otvoru, prav\u00e9\/lev\u00e9, tortora mat 9484005 Pravo\/lev\u00e1 instalace &#8211; otvory pro uchycen\u00ed jsou p\u0159edp\u0159ipraven\u00e9. Dle v\u00fdb\u011bru strany uchycen\u00ed je nutn\u00e9 je prorazit. Standardn\u011b dod\u00e1v\u00e1no bez otvoru pro baterii. Otvor je p\u0159edp\u0159ipraven a v p\u0159\u00edpad\u011b pot\u0159eby sta\u010d\u00ed vyklepnout glazuru. Sanit\u00e1rn\u00ed keramika KUBE X COLOR: masivn\u00ed hranat\u00e1 umyvadla s praktick\u00fdmi&nbsp;odkl\u00e1dac\u00edmi plochami [&hellip;]","og_url":"https:\/\/www.technodompro.com\/index.php\/produkt\/gsi-kube-x-keramicke-umyvatko-40x23cm-bez-otvoru-prave-leve-tortora-mat-9484005-akcni-nabidka-79361\/","og_image":[{"width":1000,"height":771,"url":"https:\/\/www.technodompro.com\/wp-content\/uploads\/2026\/SK0015505-CZ20260425-093041-0-1777080643-0ae6dd236b7f7a88aaecb76d9fe7c18f.webp","type":"image\/webp"}],"twitter_card":"summary_large_image","twitter_misc":{"Odhadovan\u00e1 doba \u010dten\u00ed":"2 minuty"},"schema":{"@context":"https:\/\/schema.org","@graph":[{"@type":"WebPage","@id":"https:\/\/www.technodompro.com\/index.php\/produkt\/gsi-kube-x-keramicke-umyvatko-40x23cm-bez-otvoru-prave-leve-tortora-mat-9484005-akcni-nabidka-79361\/","url":"https:\/\/www.technodompro.com\/index.php\/produkt\/gsi-kube-x-keramicke-umyvatko-40x23cm-bez-otvoru-prave-leve-tortora-mat-9484005-akcni-nabidka-79361\/","name":"GSI KUBE X keramick\u00e9 um\u00fdv\u00e1tko 40x23cm, bez otvoru, prav\u00e9\/lev\u00e9, tortora mat 9484005 Ak\u010dn\u00ed Nab\u00eddka -","isPartOf":{"@id":"https:\/\/www.technodompro.com\/#website"},"primaryImageOfPage":{"@id":"https:\/\/www.technodompro.com\/index.php\/produkt\/gsi-kube-x-keramicke-umyvatko-40x23cm-bez-otvoru-prave-leve-tortora-mat-9484005-akcni-nabidka-79361\/#primaryimage"},"image":{"@id":"https:\/\/www.technodompro.com\/index.php\/produkt\/gsi-kube-x-keramicke-umyvatko-40x23cm-bez-otvoru-prave-leve-tortora-mat-9484005-akcni-nabidka-79361\/#primaryimage"},"thumbnailUrl":"https:\/\/www.technodompro.com\/wp-content\/uploads\/2026\/SK0015505-CZ20260425-093041-0-1777080643-0ae6dd236b7f7a88aaecb76d9fe7c18f.webp","datePublished":"2026-04-27T04:44:10+00:00","breadcrumb":{"@id":"https:\/\/www.technodompro.com\/index.php\/produkt\/gsi-kube-x-keramicke-umyvatko-40x23cm-bez-otvoru-prave-leve-tortora-mat-9484005-akcni-nabidka-79361\/#breadcrumb"},"inLanguage":"cs","potentialAction":[{"@type":"ReadAction","target":["https:\/\/www.technodompro.com\/index.php\/produkt\/gsi-kube-x-keramicke-umyvatko-40x23cm-bez-otvoru-prave-leve-tortora-mat-9484005-akcni-nabidka-79361\/"]}]},{"@type":"ImageObject","inLanguage":"cs","@id":"https:\/\/www.technodompro.com\/index.php\/produkt\/gsi-kube-x-keramicke-umyvatko-40x23cm-bez-otvoru-prave-leve-tortora-mat-9484005-akcni-nabidka-79361\/#primaryimage","url":"https:\/\/www.technodompro.com\/wp-content\/uploads\/2026\/SK0015505-CZ20260425-093041-0-1777080643-0ae6dd236b7f7a88aaecb76d9fe7c18f.webp","contentUrl":"https:\/\/www.technodompro.com\/wp-content\/uploads\/2026\/SK0015505-CZ20260425-093041-0-1777080643-0ae6dd236b7f7a88aaecb76d9fe7c18f.webp","width":1000,"height":771},{"@type":"BreadcrumbList","@id":"https:\/\/www.technodompro.com\/index.php\/produkt\/gsi-kube-x-keramicke-umyvatko-40x23cm-bez-otvoru-prave-leve-tortora-mat-9484005-akcni-nabidka-79361\/#breadcrumb","itemListElement":[{"@type":"ListItem","position":1,"name":"Home","item":"https:\/\/www.technodompro.com\/"},{"@type":"ListItem","position":2,"name":"Products","item":"https:\/\/www.technodompro.com\/index.php\/products\/"},{"@type":"ListItem","position":3,"name":"GSI KUBE X keramick\u00e9 um\u00fdv\u00e1tko 40x23cm, bez otvoru, prav\u00e9\/lev\u00e9, tortora mat 9484005 Ak\u010dn\u00ed Nab\u00eddka"}]},{"@type":"WebSite","@id":"https:\/\/www.technodompro.com\/#website","url":"https:\/\/www.technodompro.com\/","name":"","description":"","potentialAction":[{"@type":"SearchAction","target":{"@type":"EntryPoint","urlTemplate":"https:\/\/www.technodompro.com\/?s={search_term_string}"},"query-input":{"@type":"PropertyValueSpecification","valueRequired":true,"valueName":"search_term_string"}}],"inLanguage":"cs"}]}},"_links":{"self":[{"href":"https:\/\/www.technodompro.com\/index.php\/wp-json\/wp\/v2\/product\/79361","targetHints":{"allow":["GET"]}}],"collection":[{"href":"https:\/\/www.technodompro.com\/index.php\/wp-json\/wp\/v2\/product"}],"about":[{"href":"https:\/\/www.technodompro.com\/index.php\/wp-json\/wp\/v2\/types\/product"}],"replies":[{"embeddable":true,"href":"https:\/\/www.technodompro.com\/index.php\/wp-json\/wp\/v2\/comments?post=79361"}],"wp:featuredmedia":[{"embeddable":true,"href":"https:\/\/www.technodompro.com\/index.php\/wp-json\/wp\/v2\/media\/79435"}],"wp:attachment":[{"href":"https:\/\/www.technodompro.com\/index.php\/wp-json\/wp\/v2\/media?parent=79361"}],"wp:term":[{"taxonomy":"product_brand","embeddable":true,"href":"https:\/\/www.technodompro.com\/index.php\/wp-json\/wp\/v2\/product_brand?post=79361"},{"taxonomy":"product_cat","embeddable":true,"href":"https:\/\/www.technodompro.com\/index.php\/wp-json\/wp\/v2\/product_cat?post=79361"},{"taxonomy":"product_tag","embeddable":true,"href":"https:\/\/www.technodompro.com\/index.php\/wp-json\/wp\/v2\/product_tag?post=79361"}],"curies":[{"name":"wp","href":"https:\/\/api.w.org\/{rel}","templated":true}]}}