{"id":79364,"date":"2026-04-27T04:44:10","date_gmt":"2026-04-27T04:44:10","guid":{"rendered":""},"modified":"2026-04-27T04:44:10","modified_gmt":"2026-04-27T04:44:10","slug":"primo-od-vyrobce-gelco-cure-black-sprchova-zastena-1100mm-cire-sklo-cb110-79364","status":"publish","type":"product","link":"https:\/\/www.technodompro.com\/index.php\/produkt\/primo-od-vyrobce-gelco-cure-black-sprchova-zastena-1100mm-cire-sklo-cb110-79364\/","title":{"rendered":"P\u0159\u00edmo Od V\u00fdrobce Gelco CURE BLACK sprchov\u00e1 z\u00e1st\u011bna 1100mm, \u010dir\u00e9 sklo CB110"},"content":{"rendered":"<div class=\"tabs__content-outer\" id=\"tab_description\" data-hash=\"description\" data-tabindex=\"-1\">\n<div class=\"tabs__content toggle_description\" id=\"content_description\">\n<div class=\"wysiwyg-content\">\n<div class=\"product__tab product__description full-width\">\n<div class=\"container\">\n<div >\n<h3>Gelco CURE BLACK sprchov\u00e1 z\u00e1st\u011bna 1100mm, \u010dir\u00e9 sklo CB110<\/h3>\n<div>\n<li>K podlaze se fixuje pomoc\u00ed silikonu<\/li>\n<li>Vzp\u011bra (d\u00e9lka 1000 mm) je sou\u010d\u00e1st\u00ed balen\u00ed<\/li>\n<\/div>\n<p style=\"text-align: justify;\">Industri\u00e1ln\u00ed design v koupeln\u00e1ch je fenom\u00e9nem sou\u010dasnosti, a to nejen v loftov\u00fdch bytech. Tak\u00e9 jste se p\u0159istihli p\u0159i pohledu na starou tov\u00e1rn\u00ed halu jak obdivujete jej\u00ed velk\u00e1 tabulkov\u00e1 okna? Napadla v\u00e1s my\u0161lenka, \u017ee by nebylo v\u016fbec \u0161patn\u00e9 m\u00edt takov\u00e9 okno zakomponovan\u00e9 v koupeln\u011b? S walk-in z\u00e1st\u011bnami CURE BLACK m\u00e1te mo\u017enost tento sen realizovat.&nbsp;<\/p>\n<p style=\"text-align: justify;\">Z vn\u011bj\u0161\u00ed strany je sklo or\u00e1mov\u00e1no \u010dern\u00fdm matn\u00fdm r\u00e1mem a opticky rozd\u011bleno vodorovn\u00fdmi profily na 4 okna. Z\u00e1st\u011bny o \u0161\u00ed\u0159k\u00e1ch 1200 a 1400 mm jsou nav\u00edc opat\u0159eny svisl\u00fdm profilem, tak\u017ee z\u00e1st\u011bna je rozd\u011blena na 8 tabulek. Z vnit\u0159n\u00ed strany je z\u00e1st\u011bna dokonale hladk\u00e1 a pro snadnou \u00fadr\u017ebu o\u0161et\u0159ena povrchovou \u00fapravou Coated Glass. V\u0161echny z\u00e1st\u011bny lze nav\u00edc doplnit o pevn\u00fd p\u0159\u00eddavn\u00fd panel.<\/p>\n<p><span><strong>Charakteristika sprchov\u00fdch walk-in z\u00e1st\u011bn s\u00e9rie CURE BLACK<\/strong><\/span><\/p>\n<ul>\n<li><span>\u010cir\u00e9 bezpe\u010dnostn\u00ed sklo o&nbsp;s\u00edle 8 mm<\/span><\/li>\n<li><span>Povrchov\u00e1 \u00faprava Coated Glass zabra\u0148uje usazov\u00e1n\u00ed vodn\u00edho kamene a usnad\u0148uje \u010di\u0161t\u011bn\u00ed<\/span><\/li>\n<li><span>R\u00e1m a profily na vn\u011bj\u0161\u00ed stran\u011b z\u00e1st\u011bn v matn\u011b \u010dern\u00e9m proveden\u00ed<\/span><\/li>\n<li><span>V\u00fd\u0161ka 2000 mm<\/span><\/li>\n<li><span>Kolm\u00e1 vzp\u011bra o d\u00e9lce 1000 mm v matn\u011b \u010dern\u00e9 je sou\u010d\u00e1st\u00ed balen\u00ed<\/span><\/li>\n<li><span>Kolm\u00e1 vzp\u011bra o d\u00e9lce 1400 mm v matn\u011b \u010dern\u00e9 k dokoupen\u00ed<\/span><\/li>\n<li><span>Vzp\u011bru lze zkr\u00e1tit na po\u017eadovan\u00fd rozm\u011br<\/span><\/li>\n<li><span>Z\u00e1st\u011bny v \u0161\u00ed\u0159k\u00e1ch 700 a\u017e 1400 mm<\/span><span><\/span><\/li>\n<li><span>Mo\u017enost p\u0159id\u00e1n\u00ed pevn\u00e9ho p\u0159\u00eddavn\u00e9ho panelu o \u0161\u00ed\u0159ce 350 mm<\/span><\/li>\n<\/ul>\n<table border=\"0\" style=\"width: 690px;\">\n<tbody>\n<tr>\n<td style=\"width: 230;\"><\/td>\n<td style=\"width: 230px;\"><\/td>\n<td style=\"width: 230px;\"><\/td>\n<\/tr>\n<tr>\n<td style=\"vertical-align: top;\">Stabilitu zaji\u0161\u0165uje kolm\u00e1 vzp\u011bra o d\u00e9lce 1000 mm. Jej\u00ed d\u00e9lku lze upravit na po\u017eadovan\u00fd rozm\u011br.<\/td>\n<td style=\"vertical-align: top;\">Zevnit\u0159 je sklo dokonale hladk\u00e9. Nav\u00edc je o\u0161et\u0159en\u00e9 vrstvou Coated Glass pro snadnou \u00fadr\u017ebu.&nbsp; &nbsp;&nbsp;<\/td>\n<td style=\"vertical-align: top;\">Industri\u00e1ln\u00ed design je zd\u016frazn\u011bn hlin\u00edkov\u00fdmi profily v barv\u011b \u010dern\u00e1 mat, kter\u00e9 lemuj\u00ed sklo.<\/td>\n<\/tr>\n<\/tbody>\n<\/table>\n<div class=\"product-explanation-item\">\n<h3><span><strong>Coated glass<\/strong><\/span><\/h3>\n<p style=\"text-align: justify;\">Coated glass p\u0159edstavuje jednu z nejkvalitn\u011bj\u0161\u00edch \u00faprav skla sprchov\u00fdch kout\u016f. Jedn\u00e1 se o chemickou slou\u010deninu sm\u011bsi polymer\u016f, kter\u00e1 ve spojen\u00ed s katalyz\u00e1tory reaguje s k\u0159emi\u010ditanov\u00fdmi skupinami obsa\u017een\u00fdmi ve skle. Na sklen\u011bn\u00fdch ploch\u00e1ch tak vytv\u00e1\u0159\u00ed souvislou vrstvu filmu, kter\u00e1 vypln\u00ed mikrop\u00f3ry ve skle a odpuzuje vodu. Vlivem vod\u011bodpudiv\u00e9ho filmu se kapky vody shlukuj\u00ed a st\u00e9kaj\u00ed z povrchu skla. I kdy\u017e dojde k nepatrn\u00e9mu udr\u017een\u00ed men\u0161\u00edch kapek na skle, nedojde k chemick\u00e9 vazb\u011b, sklo nebude naru\u0161eno a neze\u0161edne.<\/p>\n<\/p><\/div>\n<p><\/p>\n<p><b>Vlastnosti<\/b><\/p>\n<ul>\n<li><span>Tvar:<\/span> Jednost\u011bnn\u00e1 pevn\u00e1<\/li>\n<li><span>V\u00fd\u0161ka:<\/span> 2000 mm<\/li>\n<li><span>Hloubka:<\/span> 1100 mm<\/li>\n<li><span>Typ v\u00fdpln\u011b:<\/span> \u010cir\u00e9 sklo<\/li>\n<li><span>\u00daprava skla:<\/span> Coated glass<\/li>\n<li><span>Tlou\u0161\u0165ka skla:<\/span> 8 mm<\/li>\n<li><span>Barva profilu:<\/span> \u010cern\u00e1 mat<\/li>\n<\/ul>\n<\/div><\/div>\n<\/p><\/div>\n<\/p><\/div>\n<\/p><\/div>\n","protected":false},"excerpt":{"rendered":"<p>Gelco CURE BLACK sprchov\u00e1 z\u00e1st\u011bna 1100mm, \u010dir\u00e9 sklo CB110 K podlaze se fixuje pomoc\u00ed silikonu Vzp\u011bra (d\u00e9lka 1000 mm) je sou\u010d\u00e1st\u00ed balen\u00ed Industri\u00e1ln\u00ed design v koupeln\u00e1ch je fenom\u00e9nem sou\u010dasnosti, a to nejen v loftov\u00fdch bytech. Tak\u00e9 jste se p\u0159istihli p\u0159i pohledu na starou tov\u00e1rn\u00ed halu jak obdivujete jej\u00ed velk\u00e1 tabulkov\u00e1 okna? Napadla v\u00e1s my\u0161lenka, \u017ee [&hellip;]<\/p>\n","protected":false},"featured_media":79438,"comment_status":"open","ping_status":"open","template":"","meta":[],"product_brand":[],"product_cat":[77],"product_tag":[],"class_list":{"0":"post-79364","1":"product","2":"type-product","3":"status-publish","4":"has-post-thumbnail","6":"product_cat-koupelna","8":"first","9":"instock","10":"sale","11":"shipping-taxable","12":"purchasable","13":"product-type-simple"},"yoast_head":"<!-- This site is optimized with the Yoast SEO plugin v26.8 - https:\/\/yoast.com\/product\/yoast-seo-wordpress\/ -->\n<title>P\u0159\u00edmo Od V\u00fdrobce Gelco CURE BLACK sprchov\u00e1 z\u00e1st\u011bna 1100mm, \u010dir\u00e9 sklo CB110 -<\/title>\n<meta name=\"robots\" content=\"index, follow, max-snippet:-1, max-image-preview:large, max-video-preview:-1\" \/>\n<link rel=\"canonical\" href=\"https:\/\/www.technodompro.com\/index.php\/produkt\/primo-od-vyrobce-gelco-cure-black-sprchova-zastena-1100mm-cire-sklo-cb110-79364\/\" \/>\n<meta property=\"og:locale\" content=\"cs_CZ\" \/>\n<meta property=\"og:type\" content=\"article\" \/>\n<meta property=\"og:title\" content=\"P\u0159\u00edmo Od V\u00fdrobce Gelco CURE BLACK sprchov\u00e1 z\u00e1st\u011bna 1100mm, \u010dir\u00e9 sklo CB110 -\" \/>\n<meta property=\"og:description\" content=\"Gelco CURE BLACK sprchov\u00e1 z\u00e1st\u011bna 1100mm, \u010dir\u00e9 sklo CB110 K podlaze se fixuje pomoc\u00ed silikonu Vzp\u011bra (d\u00e9lka 1000 mm) je sou\u010d\u00e1st\u00ed balen\u00ed Industri\u00e1ln\u00ed design v koupeln\u00e1ch je fenom\u00e9nem sou\u010dasnosti, a to nejen v loftov\u00fdch bytech. Tak\u00e9 jste se p\u0159istihli p\u0159i pohledu na starou tov\u00e1rn\u00ed halu jak obdivujete jej\u00ed velk\u00e1 tabulkov\u00e1 okna? Napadla v\u00e1s my\u0161lenka, \u017ee [&hellip;]\" \/>\n<meta property=\"og:url\" content=\"https:\/\/www.technodompro.com\/index.php\/produkt\/primo-od-vyrobce-gelco-cure-black-sprchova-zastena-1100mm-cire-sklo-cb110-79364\/\" \/>\n<meta property=\"og:image\" content=\"https:\/\/www.technodompro.com\/wp-content\/uploads\/2026\/SK0015508-CZ20260425-093041-0-1777080643-ea367aeb6eac1e77a2f21e31eb263d55.webp\" \/>\n\t<meta property=\"og:image:width\" content=\"631\" \/>\n\t<meta property=\"og:image:height\" content=\"800\" \/>\n\t<meta property=\"og:image:type\" content=\"image\/webp\" \/>\n<meta name=\"twitter:card\" content=\"summary_large_image\" \/>\n<meta name=\"twitter:label1\" content=\"Odhadovan\u00e1 doba \u010dten\u00ed\" \/>\n\t<meta name=\"twitter:data1\" content=\"2 minuty\" \/>\n<script type=\"application\/ld+json\" class=\"yoast-schema-graph\">{\"@context\":\"https:\/\/schema.org\",\"@graph\":[{\"@type\":\"WebPage\",\"@id\":\"https:\/\/www.technodompro.com\/index.php\/produkt\/primo-od-vyrobce-gelco-cure-black-sprchova-zastena-1100mm-cire-sklo-cb110-79364\/\",\"url\":\"https:\/\/www.technodompro.com\/index.php\/produkt\/primo-od-vyrobce-gelco-cure-black-sprchova-zastena-1100mm-cire-sklo-cb110-79364\/\",\"name\":\"P\u0159\u00edmo Od V\u00fdrobce Gelco CURE BLACK sprchov\u00e1 z\u00e1st\u011bna 1100mm, \u010dir\u00e9 sklo CB110 -\",\"isPartOf\":{\"@id\":\"https:\/\/www.technodompro.com\/#website\"},\"primaryImageOfPage\":{\"@id\":\"https:\/\/www.technodompro.com\/index.php\/produkt\/primo-od-vyrobce-gelco-cure-black-sprchova-zastena-1100mm-cire-sklo-cb110-79364\/#primaryimage\"},\"image\":{\"@id\":\"https:\/\/www.technodompro.com\/index.php\/produkt\/primo-od-vyrobce-gelco-cure-black-sprchova-zastena-1100mm-cire-sklo-cb110-79364\/#primaryimage\"},\"thumbnailUrl\":\"https:\/\/www.technodompro.com\/wp-content\/uploads\/2026\/SK0015508-CZ20260425-093041-0-1777080643-ea367aeb6eac1e77a2f21e31eb263d55.webp\",\"datePublished\":\"2026-04-27T04:44:10+00:00\",\"breadcrumb\":{\"@id\":\"https:\/\/www.technodompro.com\/index.php\/produkt\/primo-od-vyrobce-gelco-cure-black-sprchova-zastena-1100mm-cire-sklo-cb110-79364\/#breadcrumb\"},\"inLanguage\":\"cs\",\"potentialAction\":[{\"@type\":\"ReadAction\",\"target\":[\"https:\/\/www.technodompro.com\/index.php\/produkt\/primo-od-vyrobce-gelco-cure-black-sprchova-zastena-1100mm-cire-sklo-cb110-79364\/\"]}]},{\"@type\":\"ImageObject\",\"inLanguage\":\"cs\",\"@id\":\"https:\/\/www.technodompro.com\/index.php\/produkt\/primo-od-vyrobce-gelco-cure-black-sprchova-zastena-1100mm-cire-sklo-cb110-79364\/#primaryimage\",\"url\":\"https:\/\/www.technodompro.com\/wp-content\/uploads\/2026\/SK0015508-CZ20260425-093041-0-1777080643-ea367aeb6eac1e77a2f21e31eb263d55.webp\",\"contentUrl\":\"https:\/\/www.technodompro.com\/wp-content\/uploads\/2026\/SK0015508-CZ20260425-093041-0-1777080643-ea367aeb6eac1e77a2f21e31eb263d55.webp\",\"width\":631,\"height\":800},{\"@type\":\"BreadcrumbList\",\"@id\":\"https:\/\/www.technodompro.com\/index.php\/produkt\/primo-od-vyrobce-gelco-cure-black-sprchova-zastena-1100mm-cire-sklo-cb110-79364\/#breadcrumb\",\"itemListElement\":[{\"@type\":\"ListItem\",\"position\":1,\"name\":\"Home\",\"item\":\"https:\/\/www.technodompro.com\/\"},{\"@type\":\"ListItem\",\"position\":2,\"name\":\"Products\",\"item\":\"https:\/\/www.technodompro.com\/index.php\/products\/\"},{\"@type\":\"ListItem\",\"position\":3,\"name\":\"P\u0159\u00edmo Od V\u00fdrobce Gelco CURE BLACK sprchov\u00e1 z\u00e1st\u011bna 1100mm, \u010dir\u00e9 sklo CB110\"}]},{\"@type\":\"WebSite\",\"@id\":\"https:\/\/www.technodompro.com\/#website\",\"url\":\"https:\/\/www.technodompro.com\/\",\"name\":\"\",\"description\":\"\",\"potentialAction\":[{\"@type\":\"SearchAction\",\"target\":{\"@type\":\"EntryPoint\",\"urlTemplate\":\"https:\/\/www.technodompro.com\/?s={search_term_string}\"},\"query-input\":{\"@type\":\"PropertyValueSpecification\",\"valueRequired\":true,\"valueName\":\"search_term_string\"}}],\"inLanguage\":\"cs\"}]}<\/script>\n<!-- \/ Yoast SEO plugin. -->","yoast_head_json":{"title":"P\u0159\u00edmo Od V\u00fdrobce Gelco CURE BLACK sprchov\u00e1 z\u00e1st\u011bna 1100mm, \u010dir\u00e9 sklo CB110 -","robots":{"index":"index","follow":"follow","max-snippet":"max-snippet:-1","max-image-preview":"max-image-preview:large","max-video-preview":"max-video-preview:-1"},"canonical":"https:\/\/www.technodompro.com\/index.php\/produkt\/primo-od-vyrobce-gelco-cure-black-sprchova-zastena-1100mm-cire-sklo-cb110-79364\/","og_locale":"cs_CZ","og_type":"article","og_title":"P\u0159\u00edmo Od V\u00fdrobce Gelco CURE BLACK sprchov\u00e1 z\u00e1st\u011bna 1100mm, \u010dir\u00e9 sklo CB110 -","og_description":"Gelco CURE BLACK sprchov\u00e1 z\u00e1st\u011bna 1100mm, \u010dir\u00e9 sklo CB110 K podlaze se fixuje pomoc\u00ed silikonu Vzp\u011bra (d\u00e9lka 1000 mm) je sou\u010d\u00e1st\u00ed balen\u00ed Industri\u00e1ln\u00ed design v koupeln\u00e1ch je fenom\u00e9nem sou\u010dasnosti, a to nejen v loftov\u00fdch bytech. Tak\u00e9 jste se p\u0159istihli p\u0159i pohledu na starou tov\u00e1rn\u00ed halu jak obdivujete jej\u00ed velk\u00e1 tabulkov\u00e1 okna? Napadla v\u00e1s my\u0161lenka, \u017ee [&hellip;]","og_url":"https:\/\/www.technodompro.com\/index.php\/produkt\/primo-od-vyrobce-gelco-cure-black-sprchova-zastena-1100mm-cire-sklo-cb110-79364\/","og_image":[{"width":631,"height":800,"url":"https:\/\/www.technodompro.com\/wp-content\/uploads\/2026\/SK0015508-CZ20260425-093041-0-1777080643-ea367aeb6eac1e77a2f21e31eb263d55.webp","type":"image\/webp"}],"twitter_card":"summary_large_image","twitter_misc":{"Odhadovan\u00e1 doba \u010dten\u00ed":"2 minuty"},"schema":{"@context":"https:\/\/schema.org","@graph":[{"@type":"WebPage","@id":"https:\/\/www.technodompro.com\/index.php\/produkt\/primo-od-vyrobce-gelco-cure-black-sprchova-zastena-1100mm-cire-sklo-cb110-79364\/","url":"https:\/\/www.technodompro.com\/index.php\/produkt\/primo-od-vyrobce-gelco-cure-black-sprchova-zastena-1100mm-cire-sklo-cb110-79364\/","name":"P\u0159\u00edmo Od V\u00fdrobce Gelco CURE BLACK sprchov\u00e1 z\u00e1st\u011bna 1100mm, \u010dir\u00e9 sklo CB110 -","isPartOf":{"@id":"https:\/\/www.technodompro.com\/#website"},"primaryImageOfPage":{"@id":"https:\/\/www.technodompro.com\/index.php\/produkt\/primo-od-vyrobce-gelco-cure-black-sprchova-zastena-1100mm-cire-sklo-cb110-79364\/#primaryimage"},"image":{"@id":"https:\/\/www.technodompro.com\/index.php\/produkt\/primo-od-vyrobce-gelco-cure-black-sprchova-zastena-1100mm-cire-sklo-cb110-79364\/#primaryimage"},"thumbnailUrl":"https:\/\/www.technodompro.com\/wp-content\/uploads\/2026\/SK0015508-CZ20260425-093041-0-1777080643-ea367aeb6eac1e77a2f21e31eb263d55.webp","datePublished":"2026-04-27T04:44:10+00:00","breadcrumb":{"@id":"https:\/\/www.technodompro.com\/index.php\/produkt\/primo-od-vyrobce-gelco-cure-black-sprchova-zastena-1100mm-cire-sklo-cb110-79364\/#breadcrumb"},"inLanguage":"cs","potentialAction":[{"@type":"ReadAction","target":["https:\/\/www.technodompro.com\/index.php\/produkt\/primo-od-vyrobce-gelco-cure-black-sprchova-zastena-1100mm-cire-sklo-cb110-79364\/"]}]},{"@type":"ImageObject","inLanguage":"cs","@id":"https:\/\/www.technodompro.com\/index.php\/produkt\/primo-od-vyrobce-gelco-cure-black-sprchova-zastena-1100mm-cire-sklo-cb110-79364\/#primaryimage","url":"https:\/\/www.technodompro.com\/wp-content\/uploads\/2026\/SK0015508-CZ20260425-093041-0-1777080643-ea367aeb6eac1e77a2f21e31eb263d55.webp","contentUrl":"https:\/\/www.technodompro.com\/wp-content\/uploads\/2026\/SK0015508-CZ20260425-093041-0-1777080643-ea367aeb6eac1e77a2f21e31eb263d55.webp","width":631,"height":800},{"@type":"BreadcrumbList","@id":"https:\/\/www.technodompro.com\/index.php\/produkt\/primo-od-vyrobce-gelco-cure-black-sprchova-zastena-1100mm-cire-sklo-cb110-79364\/#breadcrumb","itemListElement":[{"@type":"ListItem","position":1,"name":"Home","item":"https:\/\/www.technodompro.com\/"},{"@type":"ListItem","position":2,"name":"Products","item":"https:\/\/www.technodompro.com\/index.php\/products\/"},{"@type":"ListItem","position":3,"name":"P\u0159\u00edmo Od V\u00fdrobce Gelco CURE BLACK sprchov\u00e1 z\u00e1st\u011bna 1100mm, \u010dir\u00e9 sklo CB110"}]},{"@type":"WebSite","@id":"https:\/\/www.technodompro.com\/#website","url":"https:\/\/www.technodompro.com\/","name":"","description":"","potentialAction":[{"@type":"SearchAction","target":{"@type":"EntryPoint","urlTemplate":"https:\/\/www.technodompro.com\/?s={search_term_string}"},"query-input":{"@type":"PropertyValueSpecification","valueRequired":true,"valueName":"search_term_string"}}],"inLanguage":"cs"}]}},"_links":{"self":[{"href":"https:\/\/www.technodompro.com\/index.php\/wp-json\/wp\/v2\/product\/79364","targetHints":{"allow":["GET"]}}],"collection":[{"href":"https:\/\/www.technodompro.com\/index.php\/wp-json\/wp\/v2\/product"}],"about":[{"href":"https:\/\/www.technodompro.com\/index.php\/wp-json\/wp\/v2\/types\/product"}],"replies":[{"embeddable":true,"href":"https:\/\/www.technodompro.com\/index.php\/wp-json\/wp\/v2\/comments?post=79364"}],"wp:featuredmedia":[{"embeddable":true,"href":"https:\/\/www.technodompro.com\/index.php\/wp-json\/wp\/v2\/media\/79438"}],"wp:attachment":[{"href":"https:\/\/www.technodompro.com\/index.php\/wp-json\/wp\/v2\/media?parent=79364"}],"wp:term":[{"taxonomy":"product_brand","embeddable":true,"href":"https:\/\/www.technodompro.com\/index.php\/wp-json\/wp\/v2\/product_brand?post=79364"},{"taxonomy":"product_cat","embeddable":true,"href":"https:\/\/www.technodompro.com\/index.php\/wp-json\/wp\/v2\/product_cat?post=79364"},{"taxonomy":"product_tag","embeddable":true,"href":"https:\/\/www.technodompro.com\/index.php\/wp-json\/wp\/v2\/product_tag?post=79364"}],"curies":[{"name":"wp","href":"https:\/\/api.w.org\/{rel}","templated":true}]}}