{"id":8140,"date":"2026-04-27T04:40:48","date_gmt":"2026-04-27T04:40:48","guid":{"rendered":""},"modified":"2026-04-27T04:40:48","modified_gmt":"2026-04-27T04:40:48","slug":"irwin-kruhovy-derovac-210-mm-bimetal-10505821-objednat-nyni-8140","status":"publish","type":"product","link":"https:\/\/www.technodompro.com\/index.php\/produkt\/irwin-kruhovy-derovac-210-mm-bimetal-10505821-objednat-nyni-8140\/","title":{"rendered":"IRWIN kruhov\u00fd d\u011brova\u010d 210 mm BIMETAL  10505821 Objednat Nyn\u00ed"},"content":{"rendered":"<table>\n<div class=\"tab-pane active product-description\" id=\"popis\" role=\"tabpanel\">\n<div class=\"short-description\" itemprop=\"description\"><\/div>\n<div class=\"description\"><span class='bullet-line'>Dvousm\u011brn\u00e9 pily IRWIN\u00ae pro \u0159ez\u00e1n\u00ed r\u016fzn\u00fdch materi\u00e1l\u016f, v\u010detn\u011b: hlin\u00edku, m\u011bdi, \u017eeleza, nerezov\u00e9 oceli, d\u0159eva a zinku. <\/span><span class='bullet-line'>\u0158ezn\u00e1 hrana sva\u0159ovan\u00e1 vysokorychlostn\u00ed ocel (HSS) elektronov\u00fdm paprskem zaji\u0161\u0165uje siln\u011bj\u0161\u00ed a trvanliv\u011bj\u0161\u00ed zuby. <\/span><span class='bullet-line'>P\u0159esn\u00e9 set zuby umo\u017e\u0148uj\u00ed rychlej\u0161\u00ed pr\u016fnik a \u0159ez\u00e1n\u00ed. <\/span><span class='bullet-line'>A bimetalov\u00e1 konstrukce poskytuje hou\u017eevnatost a dlouhou \u017eivotnost.<\/span><br \/>\u25ba TECHNOLOGIE WELDTEC \u2122<span class='bullet-line'>Poskytuje zv\u00fd\u0161enou odolnost a vy\u0161\u0161\u00ed \u0159eznou rychlost<\/span><br \/>\u25ba D\u011aTSK\u00dd N\u00c1VRH<span class='bullet-line'>A\u017e o 100% del\u0161\u00ed \u017eivotnost a 50% rychlej\u0161\u00ed \u0159ez\u00e1n\u00ed *<\/span><br \/>\u25ba 4,5 \/ 5,5 VARIABLE TPI<span class='bullet-line'>Pro rychlej\u0161\u00ed \u0159ezy, men\u0161\u00ed n\u00e1b\u011bh to\u010div\u00e9ho momentu a lep\u0161\u00ed odstra\u0148ov\u00e1n\u00ed t\u0159\u00edsek<\/span><br \/>\u25ba VARIANTN\u00cd GULLET DEPTHS<span class='bullet-line'>Pro efektivn\u011bj\u0161\u00ed odbaven\u00ed t\u0159\u00edsky<\/span><br \/>\u25ba T\u011aSN\u011a ZP\u011aTN\u00c1 PLOCHA<span class='bullet-line'>Poskytuje robustnost pro nejn\u00e1ro\u010dn\u011bj\u0161\u00ed \u00falohy<\/span><br \/>\u25ba KONSTRUKCE BI-KOV\u016e<span class='bullet-line'>Pro zv\u00fd\u0161en\u00ed \u017eivotnosti a trvanlivosti<\/span><\/div>\n<\/table>\n","protected":false},"excerpt":{"rendered":"<p>Dvousm\u011brn\u00e9 pily IRWIN\u00ae pro \u0159ez\u00e1n\u00ed r\u016fzn\u00fdch materi\u00e1l\u016f, v\u010detn\u011b: hlin\u00edku, m\u011bdi, \u017eeleza, nerezov\u00e9 oceli, d\u0159eva a zinku. \u0158ezn\u00e1 hrana sva\u0159ovan\u00e1 vysokorychlostn\u00ed ocel (HSS) elektronov\u00fdm paprskem zaji\u0161\u0165uje siln\u011bj\u0161\u00ed a trvanliv\u011bj\u0161\u00ed zuby. P\u0159esn\u00e9 set zuby umo\u017e\u0148uj\u00ed rychlej\u0161\u00ed pr\u016fnik a \u0159ez\u00e1n\u00ed. A bimetalov\u00e1 konstrukce poskytuje hou\u017eevnatost a dlouhou \u017eivotnost.\u25ba TECHNOLOGIE WELDTEC \u2122Poskytuje zv\u00fd\u0161enou odolnost a vy\u0161\u0161\u00ed \u0159eznou rychlost\u25ba D\u011aTSK\u00dd [&hellip;]<\/p>\n","protected":false},"featured_media":8240,"comment_status":"open","ping_status":"open","template":"","meta":[],"product_brand":[],"product_cat":[45],"product_tag":[],"class_list":{"0":"post-8140","1":"product","2":"type-product","3":"status-publish","4":"has-post-thumbnail","6":"product_cat-naradi","8":"first","9":"instock","10":"sale","11":"shipping-taxable","12":"purchasable","13":"product-type-simple"},"yoast_head":"<!-- This site is optimized with the Yoast SEO plugin v26.8 - https:\/\/yoast.com\/product\/yoast-seo-wordpress\/ -->\n<title>IRWIN kruhov\u00fd d\u011brova\u010d 210 mm BIMETAL 10505821 Objednat Nyn\u00ed -<\/title>\n<meta name=\"robots\" content=\"index, follow, max-snippet:-1, max-image-preview:large, max-video-preview:-1\" \/>\n<link rel=\"canonical\" href=\"https:\/\/www.technodompro.com\/index.php\/produkt\/irwin-kruhovy-derovac-210-mm-bimetal-10505821-objednat-nyni-8140\/\" \/>\n<meta property=\"og:locale\" content=\"cs_CZ\" \/>\n<meta property=\"og:type\" content=\"article\" \/>\n<meta property=\"og:title\" content=\"IRWIN kruhov\u00fd d\u011brova\u010d 210 mm BIMETAL 10505821 Objednat Nyn\u00ed -\" \/>\n<meta property=\"og:description\" content=\"Dvousm\u011brn\u00e9 pily IRWIN\u00ae pro \u0159ez\u00e1n\u00ed r\u016fzn\u00fdch materi\u00e1l\u016f, v\u010detn\u011b: hlin\u00edku, m\u011bdi, \u017eeleza, nerezov\u00e9 oceli, d\u0159eva a zinku. \u0158ezn\u00e1 hrana sva\u0159ovan\u00e1 vysokorychlostn\u00ed ocel (HSS) elektronov\u00fdm paprskem zaji\u0161\u0165uje siln\u011bj\u0161\u00ed a trvanliv\u011bj\u0161\u00ed zuby. P\u0159esn\u00e9 set zuby umo\u017e\u0148uj\u00ed rychlej\u0161\u00ed pr\u016fnik a \u0159ez\u00e1n\u00ed. A bimetalov\u00e1 konstrukce poskytuje hou\u017eevnatost a dlouhou \u017eivotnost.\u25ba TECHNOLOGIE WELDTEC \u2122Poskytuje zv\u00fd\u0161enou odolnost a vy\u0161\u0161\u00ed \u0159eznou rychlost\u25ba D\u011aTSK\u00dd [&hellip;]\" \/>\n<meta property=\"og:url\" content=\"https:\/\/www.technodompro.com\/index.php\/produkt\/irwin-kruhovy-derovac-210-mm-bimetal-10505821-objednat-nyni-8140\/\" \/>\n<meta property=\"og:image\" content=\"https:\/\/www.technodompro.com\/wp-content\/uploads\/2026\/SK0013889-CZ20260425-092328-0-1777080210-201136-1_094729.webp\" \/>\n\t<meta property=\"og:image:width\" content=\"320\" \/>\n\t<meta property=\"og:image:height\" content=\"320\" \/>\n\t<meta property=\"og:image:type\" content=\"image\/webp\" \/>\n<meta name=\"twitter:card\" content=\"summary_large_image\" \/>\n<meta name=\"twitter:label1\" content=\"Odhadovan\u00e1 doba \u010dten\u00ed\" \/>\n\t<meta name=\"twitter:data1\" content=\"1 minuta\" \/>\n<script type=\"application\/ld+json\" class=\"yoast-schema-graph\">{\"@context\":\"https:\/\/schema.org\",\"@graph\":[{\"@type\":\"WebPage\",\"@id\":\"https:\/\/www.technodompro.com\/index.php\/produkt\/irwin-kruhovy-derovac-210-mm-bimetal-10505821-objednat-nyni-8140\/\",\"url\":\"https:\/\/www.technodompro.com\/index.php\/produkt\/irwin-kruhovy-derovac-210-mm-bimetal-10505821-objednat-nyni-8140\/\",\"name\":\"IRWIN kruhov\u00fd d\u011brova\u010d 210 mm BIMETAL 10505821 Objednat Nyn\u00ed -\",\"isPartOf\":{\"@id\":\"https:\/\/www.technodompro.com\/#website\"},\"primaryImageOfPage\":{\"@id\":\"https:\/\/www.technodompro.com\/index.php\/produkt\/irwin-kruhovy-derovac-210-mm-bimetal-10505821-objednat-nyni-8140\/#primaryimage\"},\"image\":{\"@id\":\"https:\/\/www.technodompro.com\/index.php\/produkt\/irwin-kruhovy-derovac-210-mm-bimetal-10505821-objednat-nyni-8140\/#primaryimage\"},\"thumbnailUrl\":\"https:\/\/www.technodompro.com\/wp-content\/uploads\/2026\/SK0013889-CZ20260425-092328-0-1777080210-201136-1_094729.webp\",\"datePublished\":\"2026-04-27T04:40:48+00:00\",\"breadcrumb\":{\"@id\":\"https:\/\/www.technodompro.com\/index.php\/produkt\/irwin-kruhovy-derovac-210-mm-bimetal-10505821-objednat-nyni-8140\/#breadcrumb\"},\"inLanguage\":\"cs\",\"potentialAction\":[{\"@type\":\"ReadAction\",\"target\":[\"https:\/\/www.technodompro.com\/index.php\/produkt\/irwin-kruhovy-derovac-210-mm-bimetal-10505821-objednat-nyni-8140\/\"]}]},{\"@type\":\"ImageObject\",\"inLanguage\":\"cs\",\"@id\":\"https:\/\/www.technodompro.com\/index.php\/produkt\/irwin-kruhovy-derovac-210-mm-bimetal-10505821-objednat-nyni-8140\/#primaryimage\",\"url\":\"https:\/\/www.technodompro.com\/wp-content\/uploads\/2026\/SK0013889-CZ20260425-092328-0-1777080210-201136-1_094729.webp\",\"contentUrl\":\"https:\/\/www.technodompro.com\/wp-content\/uploads\/2026\/SK0013889-CZ20260425-092328-0-1777080210-201136-1_094729.webp\",\"width\":320,\"height\":320},{\"@type\":\"BreadcrumbList\",\"@id\":\"https:\/\/www.technodompro.com\/index.php\/produkt\/irwin-kruhovy-derovac-210-mm-bimetal-10505821-objednat-nyni-8140\/#breadcrumb\",\"itemListElement\":[{\"@type\":\"ListItem\",\"position\":1,\"name\":\"Home\",\"item\":\"https:\/\/www.technodompro.com\/\"},{\"@type\":\"ListItem\",\"position\":2,\"name\":\"Products\",\"item\":\"https:\/\/www.technodompro.com\/index.php\/products\/\"},{\"@type\":\"ListItem\",\"position\":3,\"name\":\"IRWIN kruhov\u00fd d\u011brova\u010d 210 mm BIMETAL 10505821 Objednat Nyn\u00ed\"}]},{\"@type\":\"WebSite\",\"@id\":\"https:\/\/www.technodompro.com\/#website\",\"url\":\"https:\/\/www.technodompro.com\/\",\"name\":\"\",\"description\":\"\",\"potentialAction\":[{\"@type\":\"SearchAction\",\"target\":{\"@type\":\"EntryPoint\",\"urlTemplate\":\"https:\/\/www.technodompro.com\/?s={search_term_string}\"},\"query-input\":{\"@type\":\"PropertyValueSpecification\",\"valueRequired\":true,\"valueName\":\"search_term_string\"}}],\"inLanguage\":\"cs\"}]}<\/script>\n<!-- \/ Yoast SEO plugin. -->","yoast_head_json":{"title":"IRWIN kruhov\u00fd d\u011brova\u010d 210 mm BIMETAL 10505821 Objednat Nyn\u00ed -","robots":{"index":"index","follow":"follow","max-snippet":"max-snippet:-1","max-image-preview":"max-image-preview:large","max-video-preview":"max-video-preview:-1"},"canonical":"https:\/\/www.technodompro.com\/index.php\/produkt\/irwin-kruhovy-derovac-210-mm-bimetal-10505821-objednat-nyni-8140\/","og_locale":"cs_CZ","og_type":"article","og_title":"IRWIN kruhov\u00fd d\u011brova\u010d 210 mm BIMETAL 10505821 Objednat Nyn\u00ed -","og_description":"Dvousm\u011brn\u00e9 pily IRWIN\u00ae pro \u0159ez\u00e1n\u00ed r\u016fzn\u00fdch materi\u00e1l\u016f, v\u010detn\u011b: hlin\u00edku, m\u011bdi, \u017eeleza, nerezov\u00e9 oceli, d\u0159eva a zinku. \u0158ezn\u00e1 hrana sva\u0159ovan\u00e1 vysokorychlostn\u00ed ocel (HSS) elektronov\u00fdm paprskem zaji\u0161\u0165uje siln\u011bj\u0161\u00ed a trvanliv\u011bj\u0161\u00ed zuby. P\u0159esn\u00e9 set zuby umo\u017e\u0148uj\u00ed rychlej\u0161\u00ed pr\u016fnik a \u0159ez\u00e1n\u00ed. A bimetalov\u00e1 konstrukce poskytuje hou\u017eevnatost a dlouhou \u017eivotnost.\u25ba TECHNOLOGIE WELDTEC \u2122Poskytuje zv\u00fd\u0161enou odolnost a vy\u0161\u0161\u00ed \u0159eznou rychlost\u25ba D\u011aTSK\u00dd [&hellip;]","og_url":"https:\/\/www.technodompro.com\/index.php\/produkt\/irwin-kruhovy-derovac-210-mm-bimetal-10505821-objednat-nyni-8140\/","og_image":[{"width":320,"height":320,"url":"https:\/\/www.technodompro.com\/wp-content\/uploads\/2026\/SK0013889-CZ20260425-092328-0-1777080210-201136-1_094729.webp","type":"image\/webp"}],"twitter_card":"summary_large_image","twitter_misc":{"Odhadovan\u00e1 doba \u010dten\u00ed":"1 minuta"},"schema":{"@context":"https:\/\/schema.org","@graph":[{"@type":"WebPage","@id":"https:\/\/www.technodompro.com\/index.php\/produkt\/irwin-kruhovy-derovac-210-mm-bimetal-10505821-objednat-nyni-8140\/","url":"https:\/\/www.technodompro.com\/index.php\/produkt\/irwin-kruhovy-derovac-210-mm-bimetal-10505821-objednat-nyni-8140\/","name":"IRWIN kruhov\u00fd d\u011brova\u010d 210 mm BIMETAL 10505821 Objednat Nyn\u00ed -","isPartOf":{"@id":"https:\/\/www.technodompro.com\/#website"},"primaryImageOfPage":{"@id":"https:\/\/www.technodompro.com\/index.php\/produkt\/irwin-kruhovy-derovac-210-mm-bimetal-10505821-objednat-nyni-8140\/#primaryimage"},"image":{"@id":"https:\/\/www.technodompro.com\/index.php\/produkt\/irwin-kruhovy-derovac-210-mm-bimetal-10505821-objednat-nyni-8140\/#primaryimage"},"thumbnailUrl":"https:\/\/www.technodompro.com\/wp-content\/uploads\/2026\/SK0013889-CZ20260425-092328-0-1777080210-201136-1_094729.webp","datePublished":"2026-04-27T04:40:48+00:00","breadcrumb":{"@id":"https:\/\/www.technodompro.com\/index.php\/produkt\/irwin-kruhovy-derovac-210-mm-bimetal-10505821-objednat-nyni-8140\/#breadcrumb"},"inLanguage":"cs","potentialAction":[{"@type":"ReadAction","target":["https:\/\/www.technodompro.com\/index.php\/produkt\/irwin-kruhovy-derovac-210-mm-bimetal-10505821-objednat-nyni-8140\/"]}]},{"@type":"ImageObject","inLanguage":"cs","@id":"https:\/\/www.technodompro.com\/index.php\/produkt\/irwin-kruhovy-derovac-210-mm-bimetal-10505821-objednat-nyni-8140\/#primaryimage","url":"https:\/\/www.technodompro.com\/wp-content\/uploads\/2026\/SK0013889-CZ20260425-092328-0-1777080210-201136-1_094729.webp","contentUrl":"https:\/\/www.technodompro.com\/wp-content\/uploads\/2026\/SK0013889-CZ20260425-092328-0-1777080210-201136-1_094729.webp","width":320,"height":320},{"@type":"BreadcrumbList","@id":"https:\/\/www.technodompro.com\/index.php\/produkt\/irwin-kruhovy-derovac-210-mm-bimetal-10505821-objednat-nyni-8140\/#breadcrumb","itemListElement":[{"@type":"ListItem","position":1,"name":"Home","item":"https:\/\/www.technodompro.com\/"},{"@type":"ListItem","position":2,"name":"Products","item":"https:\/\/www.technodompro.com\/index.php\/products\/"},{"@type":"ListItem","position":3,"name":"IRWIN kruhov\u00fd d\u011brova\u010d 210 mm BIMETAL 10505821 Objednat Nyn\u00ed"}]},{"@type":"WebSite","@id":"https:\/\/www.technodompro.com\/#website","url":"https:\/\/www.technodompro.com\/","name":"","description":"","potentialAction":[{"@type":"SearchAction","target":{"@type":"EntryPoint","urlTemplate":"https:\/\/www.technodompro.com\/?s={search_term_string}"},"query-input":{"@type":"PropertyValueSpecification","valueRequired":true,"valueName":"search_term_string"}}],"inLanguage":"cs"}]}},"_links":{"self":[{"href":"https:\/\/www.technodompro.com\/index.php\/wp-json\/wp\/v2\/product\/8140","targetHints":{"allow":["GET"]}}],"collection":[{"href":"https:\/\/www.technodompro.com\/index.php\/wp-json\/wp\/v2\/product"}],"about":[{"href":"https:\/\/www.technodompro.com\/index.php\/wp-json\/wp\/v2\/types\/product"}],"replies":[{"embeddable":true,"href":"https:\/\/www.technodompro.com\/index.php\/wp-json\/wp\/v2\/comments?post=8140"}],"wp:featuredmedia":[{"embeddable":true,"href":"https:\/\/www.technodompro.com\/index.php\/wp-json\/wp\/v2\/media\/8240"}],"wp:attachment":[{"href":"https:\/\/www.technodompro.com\/index.php\/wp-json\/wp\/v2\/media?parent=8140"}],"wp:term":[{"taxonomy":"product_brand","embeddable":true,"href":"https:\/\/www.technodompro.com\/index.php\/wp-json\/wp\/v2\/product_brand?post=8140"},{"taxonomy":"product_cat","embeddable":true,"href":"https:\/\/www.technodompro.com\/index.php\/wp-json\/wp\/v2\/product_cat?post=8140"},{"taxonomy":"product_tag","embeddable":true,"href":"https:\/\/www.technodompro.com\/index.php\/wp-json\/wp\/v2\/product_tag?post=8140"}],"curies":[{"name":"wp","href":"https:\/\/api.w.org\/{rel}","templated":true}]}}