{"id":8141,"date":"2026-04-27T04:40:48","date_gmt":"2026-04-27T04:40:48","guid":{"rendered":""},"modified":"2026-04-27T04:40:48","modified_gmt":"2026-04-27T04:40:48","slug":"nizka-cena-irwin-sada-kruhovych-bimetalovych-derovacu-400se-10507235-8141","status":"publish","type":"product","link":"https:\/\/www.technodompro.com\/index.php\/produkt\/nizka-cena-irwin-sada-kruhovych-bimetalovych-derovacu-400se-10507235-8141\/","title":{"rendered":"N\u00edzk\u00e1 Cena IRWIN sada kruhov\u00fdch bimetalov\u00fdch d\u011brova\u010d\u016f 400sE 10507235"},"content":{"rendered":"<table>\n<div class=\"tab-pane active product-description\" id=\"popis\" role=\"tabpanel\">\n<div class=\"short-description\" itemprop=\"description\"><\/div>\n<div class=\"description\"><span class='bullet-line'>Soupravy pro pilov\u00e9 pily IRWIN\u00ae jsou k dispozici v jedine\u010dn\u00e9m atraktivn\u00edm pouzd\u0159e na m\u011bkk\u00e9 skladov\u00e1n\u00ed, kter\u00e9 obsahuje nerozbitn\u00fd pant a vnit\u0159n\u00ed polstrov\u00e1n\u00ed, kter\u00e9 chr\u00e1n\u00ed obsah. <\/span><span class='bullet-line'>Pouzdro m\u00e1 integrovanou rukoje\u0165 a m\u00e1 lepenkov\u00e9 pouzdro, kter\u00e9 obsahuje d\u016fle\u017eit\u00e9 informace o produktu.<\/span><\/div>\n<\/table>\n","protected":false},"excerpt":{"rendered":"<p>Soupravy pro pilov\u00e9 pily IRWIN\u00ae jsou k dispozici v jedine\u010dn\u00e9m atraktivn\u00edm pouzd\u0159e na m\u011bkk\u00e9 skladov\u00e1n\u00ed, kter\u00e9 obsahuje nerozbitn\u00fd pant a vnit\u0159n\u00ed polstrov\u00e1n\u00ed, kter\u00e9 chr\u00e1n\u00ed obsah. Pouzdro m\u00e1 integrovanou rukoje\u0165 a m\u00e1 lepenkov\u00e9 pouzdro, kter\u00e9 obsahuje d\u016fle\u017eit\u00e9 informace o produktu.<\/p>\n","protected":false},"featured_media":8241,"comment_status":"open","ping_status":"open","template":"","meta":[],"product_brand":[],"product_cat":[45],"product_tag":[],"class_list":{"0":"post-8141","1":"product","2":"type-product","3":"status-publish","4":"has-post-thumbnail","6":"product_cat-naradi","8":"first","9":"instock","10":"sale","11":"shipping-taxable","12":"purchasable","13":"product-type-simple"},"yoast_head":"<!-- This site is optimized with the Yoast SEO plugin v26.8 - https:\/\/yoast.com\/product\/yoast-seo-wordpress\/ -->\n<title>N\u00edzk\u00e1 Cena IRWIN sada kruhov\u00fdch bimetalov\u00fdch d\u011brova\u010d\u016f 400sE 10507235 -<\/title>\n<meta name=\"robots\" content=\"index, follow, max-snippet:-1, max-image-preview:large, max-video-preview:-1\" \/>\n<link rel=\"canonical\" href=\"https:\/\/www.technodompro.com\/index.php\/produkt\/nizka-cena-irwin-sada-kruhovych-bimetalovych-derovacu-400se-10507235-8141\/\" \/>\n<meta property=\"og:locale\" content=\"cs_CZ\" \/>\n<meta property=\"og:type\" content=\"article\" \/>\n<meta property=\"og:title\" content=\"N\u00edzk\u00e1 Cena IRWIN sada kruhov\u00fdch bimetalov\u00fdch d\u011brova\u010d\u016f 400sE 10507235 -\" \/>\n<meta property=\"og:description\" content=\"Soupravy pro pilov\u00e9 pily IRWIN\u00ae jsou k dispozici v jedine\u010dn\u00e9m atraktivn\u00edm pouzd\u0159e na m\u011bkk\u00e9 skladov\u00e1n\u00ed, kter\u00e9 obsahuje nerozbitn\u00fd pant a vnit\u0159n\u00ed polstrov\u00e1n\u00ed, kter\u00e9 chr\u00e1n\u00ed obsah. Pouzdro m\u00e1 integrovanou rukoje\u0165 a m\u00e1 lepenkov\u00e9 pouzdro, kter\u00e9 obsahuje d\u016fle\u017eit\u00e9 informace o produktu.\" \/>\n<meta property=\"og:url\" content=\"https:\/\/www.technodompro.com\/index.php\/produkt\/nizka-cena-irwin-sada-kruhovych-bimetalovych-derovacu-400se-10507235-8141\/\" \/>\n<meta property=\"og:image\" content=\"https:\/\/www.technodompro.com\/wp-content\/uploads\/2026\/SK0013891-CZ20260425-092328-0-1777080210-201138-1_094729.webp\" \/>\n\t<meta property=\"og:image:width\" content=\"320\" \/>\n\t<meta property=\"og:image:height\" content=\"320\" \/>\n\t<meta property=\"og:image:type\" content=\"image\/webp\" \/>\n<meta name=\"twitter:card\" content=\"summary_large_image\" \/>\n<script type=\"application\/ld+json\" class=\"yoast-schema-graph\">{\"@context\":\"https:\/\/schema.org\",\"@graph\":[{\"@type\":\"WebPage\",\"@id\":\"https:\/\/www.technodompro.com\/index.php\/produkt\/nizka-cena-irwin-sada-kruhovych-bimetalovych-derovacu-400se-10507235-8141\/\",\"url\":\"https:\/\/www.technodompro.com\/index.php\/produkt\/nizka-cena-irwin-sada-kruhovych-bimetalovych-derovacu-400se-10507235-8141\/\",\"name\":\"N\u00edzk\u00e1 Cena IRWIN sada kruhov\u00fdch bimetalov\u00fdch d\u011brova\u010d\u016f 400sE 10507235 -\",\"isPartOf\":{\"@id\":\"https:\/\/www.technodompro.com\/#website\"},\"primaryImageOfPage\":{\"@id\":\"https:\/\/www.technodompro.com\/index.php\/produkt\/nizka-cena-irwin-sada-kruhovych-bimetalovych-derovacu-400se-10507235-8141\/#primaryimage\"},\"image\":{\"@id\":\"https:\/\/www.technodompro.com\/index.php\/produkt\/nizka-cena-irwin-sada-kruhovych-bimetalovych-derovacu-400se-10507235-8141\/#primaryimage\"},\"thumbnailUrl\":\"https:\/\/www.technodompro.com\/wp-content\/uploads\/2026\/SK0013891-CZ20260425-092328-0-1777080210-201138-1_094729.webp\",\"datePublished\":\"2026-04-27T04:40:48+00:00\",\"breadcrumb\":{\"@id\":\"https:\/\/www.technodompro.com\/index.php\/produkt\/nizka-cena-irwin-sada-kruhovych-bimetalovych-derovacu-400se-10507235-8141\/#breadcrumb\"},\"inLanguage\":\"cs\",\"potentialAction\":[{\"@type\":\"ReadAction\",\"target\":[\"https:\/\/www.technodompro.com\/index.php\/produkt\/nizka-cena-irwin-sada-kruhovych-bimetalovych-derovacu-400se-10507235-8141\/\"]}]},{\"@type\":\"ImageObject\",\"inLanguage\":\"cs\",\"@id\":\"https:\/\/www.technodompro.com\/index.php\/produkt\/nizka-cena-irwin-sada-kruhovych-bimetalovych-derovacu-400se-10507235-8141\/#primaryimage\",\"url\":\"https:\/\/www.technodompro.com\/wp-content\/uploads\/2026\/SK0013891-CZ20260425-092328-0-1777080210-201138-1_094729.webp\",\"contentUrl\":\"https:\/\/www.technodompro.com\/wp-content\/uploads\/2026\/SK0013891-CZ20260425-092328-0-1777080210-201138-1_094729.webp\",\"width\":320,\"height\":320},{\"@type\":\"BreadcrumbList\",\"@id\":\"https:\/\/www.technodompro.com\/index.php\/produkt\/nizka-cena-irwin-sada-kruhovych-bimetalovych-derovacu-400se-10507235-8141\/#breadcrumb\",\"itemListElement\":[{\"@type\":\"ListItem\",\"position\":1,\"name\":\"Home\",\"item\":\"https:\/\/www.technodompro.com\/\"},{\"@type\":\"ListItem\",\"position\":2,\"name\":\"Products\",\"item\":\"https:\/\/www.technodompro.com\/index.php\/products\/\"},{\"@type\":\"ListItem\",\"position\":3,\"name\":\"N\u00edzk\u00e1 Cena IRWIN sada kruhov\u00fdch bimetalov\u00fdch d\u011brova\u010d\u016f 400sE 10507235\"}]},{\"@type\":\"WebSite\",\"@id\":\"https:\/\/www.technodompro.com\/#website\",\"url\":\"https:\/\/www.technodompro.com\/\",\"name\":\"\",\"description\":\"\",\"potentialAction\":[{\"@type\":\"SearchAction\",\"target\":{\"@type\":\"EntryPoint\",\"urlTemplate\":\"https:\/\/www.technodompro.com\/?s={search_term_string}\"},\"query-input\":{\"@type\":\"PropertyValueSpecification\",\"valueRequired\":true,\"valueName\":\"search_term_string\"}}],\"inLanguage\":\"cs\"}]}<\/script>\n<!-- \/ Yoast SEO plugin. -->","yoast_head_json":{"title":"N\u00edzk\u00e1 Cena IRWIN sada kruhov\u00fdch bimetalov\u00fdch d\u011brova\u010d\u016f 400sE 10507235 -","robots":{"index":"index","follow":"follow","max-snippet":"max-snippet:-1","max-image-preview":"max-image-preview:large","max-video-preview":"max-video-preview:-1"},"canonical":"https:\/\/www.technodompro.com\/index.php\/produkt\/nizka-cena-irwin-sada-kruhovych-bimetalovych-derovacu-400se-10507235-8141\/","og_locale":"cs_CZ","og_type":"article","og_title":"N\u00edzk\u00e1 Cena IRWIN sada kruhov\u00fdch bimetalov\u00fdch d\u011brova\u010d\u016f 400sE 10507235 -","og_description":"Soupravy pro pilov\u00e9 pily IRWIN\u00ae jsou k dispozici v jedine\u010dn\u00e9m atraktivn\u00edm pouzd\u0159e na m\u011bkk\u00e9 skladov\u00e1n\u00ed, kter\u00e9 obsahuje nerozbitn\u00fd pant a vnit\u0159n\u00ed polstrov\u00e1n\u00ed, kter\u00e9 chr\u00e1n\u00ed obsah. Pouzdro m\u00e1 integrovanou rukoje\u0165 a m\u00e1 lepenkov\u00e9 pouzdro, kter\u00e9 obsahuje d\u016fle\u017eit\u00e9 informace o produktu.","og_url":"https:\/\/www.technodompro.com\/index.php\/produkt\/nizka-cena-irwin-sada-kruhovych-bimetalovych-derovacu-400se-10507235-8141\/","og_image":[{"width":320,"height":320,"url":"https:\/\/www.technodompro.com\/wp-content\/uploads\/2026\/SK0013891-CZ20260425-092328-0-1777080210-201138-1_094729.webp","type":"image\/webp"}],"twitter_card":"summary_large_image","schema":{"@context":"https:\/\/schema.org","@graph":[{"@type":"WebPage","@id":"https:\/\/www.technodompro.com\/index.php\/produkt\/nizka-cena-irwin-sada-kruhovych-bimetalovych-derovacu-400se-10507235-8141\/","url":"https:\/\/www.technodompro.com\/index.php\/produkt\/nizka-cena-irwin-sada-kruhovych-bimetalovych-derovacu-400se-10507235-8141\/","name":"N\u00edzk\u00e1 Cena IRWIN sada kruhov\u00fdch bimetalov\u00fdch d\u011brova\u010d\u016f 400sE 10507235 -","isPartOf":{"@id":"https:\/\/www.technodompro.com\/#website"},"primaryImageOfPage":{"@id":"https:\/\/www.technodompro.com\/index.php\/produkt\/nizka-cena-irwin-sada-kruhovych-bimetalovych-derovacu-400se-10507235-8141\/#primaryimage"},"image":{"@id":"https:\/\/www.technodompro.com\/index.php\/produkt\/nizka-cena-irwin-sada-kruhovych-bimetalovych-derovacu-400se-10507235-8141\/#primaryimage"},"thumbnailUrl":"https:\/\/www.technodompro.com\/wp-content\/uploads\/2026\/SK0013891-CZ20260425-092328-0-1777080210-201138-1_094729.webp","datePublished":"2026-04-27T04:40:48+00:00","breadcrumb":{"@id":"https:\/\/www.technodompro.com\/index.php\/produkt\/nizka-cena-irwin-sada-kruhovych-bimetalovych-derovacu-400se-10507235-8141\/#breadcrumb"},"inLanguage":"cs","potentialAction":[{"@type":"ReadAction","target":["https:\/\/www.technodompro.com\/index.php\/produkt\/nizka-cena-irwin-sada-kruhovych-bimetalovych-derovacu-400se-10507235-8141\/"]}]},{"@type":"ImageObject","inLanguage":"cs","@id":"https:\/\/www.technodompro.com\/index.php\/produkt\/nizka-cena-irwin-sada-kruhovych-bimetalovych-derovacu-400se-10507235-8141\/#primaryimage","url":"https:\/\/www.technodompro.com\/wp-content\/uploads\/2026\/SK0013891-CZ20260425-092328-0-1777080210-201138-1_094729.webp","contentUrl":"https:\/\/www.technodompro.com\/wp-content\/uploads\/2026\/SK0013891-CZ20260425-092328-0-1777080210-201138-1_094729.webp","width":320,"height":320},{"@type":"BreadcrumbList","@id":"https:\/\/www.technodompro.com\/index.php\/produkt\/nizka-cena-irwin-sada-kruhovych-bimetalovych-derovacu-400se-10507235-8141\/#breadcrumb","itemListElement":[{"@type":"ListItem","position":1,"name":"Home","item":"https:\/\/www.technodompro.com\/"},{"@type":"ListItem","position":2,"name":"Products","item":"https:\/\/www.technodompro.com\/index.php\/products\/"},{"@type":"ListItem","position":3,"name":"N\u00edzk\u00e1 Cena IRWIN sada kruhov\u00fdch bimetalov\u00fdch d\u011brova\u010d\u016f 400sE 10507235"}]},{"@type":"WebSite","@id":"https:\/\/www.technodompro.com\/#website","url":"https:\/\/www.technodompro.com\/","name":"","description":"","potentialAction":[{"@type":"SearchAction","target":{"@type":"EntryPoint","urlTemplate":"https:\/\/www.technodompro.com\/?s={search_term_string}"},"query-input":{"@type":"PropertyValueSpecification","valueRequired":true,"valueName":"search_term_string"}}],"inLanguage":"cs"}]}},"_links":{"self":[{"href":"https:\/\/www.technodompro.com\/index.php\/wp-json\/wp\/v2\/product\/8141","targetHints":{"allow":["GET"]}}],"collection":[{"href":"https:\/\/www.technodompro.com\/index.php\/wp-json\/wp\/v2\/product"}],"about":[{"href":"https:\/\/www.technodompro.com\/index.php\/wp-json\/wp\/v2\/types\/product"}],"replies":[{"embeddable":true,"href":"https:\/\/www.technodompro.com\/index.php\/wp-json\/wp\/v2\/comments?post=8141"}],"wp:featuredmedia":[{"embeddable":true,"href":"https:\/\/www.technodompro.com\/index.php\/wp-json\/wp\/v2\/media\/8241"}],"wp:attachment":[{"href":"https:\/\/www.technodompro.com\/index.php\/wp-json\/wp\/v2\/media?parent=8141"}],"wp:term":[{"taxonomy":"product_brand","embeddable":true,"href":"https:\/\/www.technodompro.com\/index.php\/wp-json\/wp\/v2\/product_brand?post=8141"},{"taxonomy":"product_cat","embeddable":true,"href":"https:\/\/www.technodompro.com\/index.php\/wp-json\/wp\/v2\/product_cat?post=8141"},{"taxonomy":"product_tag","embeddable":true,"href":"https:\/\/www.technodompro.com\/index.php\/wp-json\/wp\/v2\/product_tag?post=8141"}],"curies":[{"name":"wp","href":"https:\/\/api.w.org\/{rel}","templated":true}]}}