{"id":8160,"date":"2026-04-27T04:40:48","date_gmt":"2026-04-27T04:40:48","guid":{"rendered":""},"modified":"2026-04-27T04:40:48","modified_gmt":"2026-04-27T04:40:48","slug":"vysoce-kvalitni-aircraft-r-ofukovaci-pistole-bpl-dlouha-8160","status":"publish","type":"product","link":"https:\/\/www.technodompro.com\/index.php\/produkt\/vysoce-kvalitni-aircraft-r-ofukovaci-pistole-bpl-dlouha-8160\/","title":{"rendered":"Vysoce Kvalitn\u00ed Aircraft\u00ae Ofukovac\u00ed pistole BPL dlouh\u00e1"},"content":{"rendered":"<table>\n<div class=\"tab-pane active product-description\" id=\"popis\" role=\"tabpanel\">\n<div class=\"short-description\" itemprop=\"description\"><\/div>\n<div class=\"description\"><span class='bullet-line'>Praktick\u00e9 robustn\u00ed proveden\u00ed z lehk\u00e9 slitiny<\/span><\/div>\n<div class=\"parameters\">\n<tr>\n<td>Max. provozn\u00ed tlak<\/td>\n<td>6 bar<\/td>\n<\/tr>\n<tr>\n<td>Pracovn\u00ed tlak<\/td>\n<td>6 bar<\/td>\n<\/tr>\n<tr>\n<td>Spot\u0159eba vzduchu<\/td>\n<td>150 l\/min<\/td>\n<\/tr>\n<tr>\n<td>Hmotnost<\/td>\n<td>0,22 kg<\/td>\n<\/tr><\/div>\n<\/table>\n","protected":false},"excerpt":{"rendered":"<p>Praktick\u00e9 robustn\u00ed proveden\u00ed z lehk\u00e9 slitiny Max. provozn\u00ed tlak 6 bar Pracovn\u00ed tlak 6 bar Spot\u0159eba vzduchu 150 l\/min Hmotnost 0,22 kg<\/p>\n","protected":false},"featured_media":8260,"comment_status":"open","ping_status":"open","template":"","meta":[],"product_brand":[],"product_cat":[45],"product_tag":[],"class_list":{"0":"post-8160","1":"product","2":"type-product","3":"status-publish","4":"has-post-thumbnail","6":"product_cat-naradi","8":"first","9":"instock","10":"sale","11":"shipping-taxable","12":"purchasable","13":"product-type-simple"},"yoast_head":"<!-- This site is optimized with the Yoast SEO plugin v26.8 - https:\/\/yoast.com\/product\/yoast-seo-wordpress\/ -->\n<title>Vysoce Kvalitn\u00ed Aircraft\u00ae Ofukovac\u00ed pistole BPL dlouh\u00e1 -<\/title>\n<meta name=\"robots\" content=\"index, follow, max-snippet:-1, max-image-preview:large, max-video-preview:-1\" \/>\n<link rel=\"canonical\" href=\"https:\/\/www.technodompro.com\/index.php\/produkt\/vysoce-kvalitni-aircraft-r-ofukovaci-pistole-bpl-dlouha-8160\/\" \/>\n<meta property=\"og:locale\" content=\"cs_CZ\" \/>\n<meta property=\"og:type\" content=\"article\" \/>\n<meta property=\"og:title\" content=\"Vysoce Kvalitn\u00ed Aircraft\u00ae Ofukovac\u00ed pistole BPL dlouh\u00e1 -\" \/>\n<meta property=\"og:description\" content=\"Praktick\u00e9 robustn\u00ed proveden\u00ed z lehk\u00e9 slitiny Max. provozn\u00ed tlak 6 bar Pracovn\u00ed tlak 6 bar Spot\u0159eba vzduchu 150 l\/min Hmotnost 0,22 kg\" \/>\n<meta property=\"og:url\" content=\"https:\/\/www.technodompro.com\/index.php\/produkt\/vysoce-kvalitni-aircraft-r-ofukovaci-pistole-bpl-dlouha-8160\/\" \/>\n<meta property=\"og:image\" content=\"https:\/\/www.technodompro.com\/wp-content\/uploads\/2026\/SK0013911-CZ20260425-092328-0-1777080210-2112110-2.webp\" \/>\n\t<meta property=\"og:image:width\" content=\"700\" \/>\n\t<meta property=\"og:image:height\" content=\"410\" \/>\n\t<meta property=\"og:image:type\" content=\"image\/webp\" \/>\n<meta name=\"twitter:card\" content=\"summary_large_image\" \/>\n<script type=\"application\/ld+json\" class=\"yoast-schema-graph\">{\"@context\":\"https:\/\/schema.org\",\"@graph\":[{\"@type\":\"WebPage\",\"@id\":\"https:\/\/www.technodompro.com\/index.php\/produkt\/vysoce-kvalitni-aircraft-r-ofukovaci-pistole-bpl-dlouha-8160\/\",\"url\":\"https:\/\/www.technodompro.com\/index.php\/produkt\/vysoce-kvalitni-aircraft-r-ofukovaci-pistole-bpl-dlouha-8160\/\",\"name\":\"Vysoce Kvalitn\u00ed Aircraft\u00ae Ofukovac\u00ed pistole BPL dlouh\u00e1 -\",\"isPartOf\":{\"@id\":\"https:\/\/www.technodompro.com\/#website\"},\"primaryImageOfPage\":{\"@id\":\"https:\/\/www.technodompro.com\/index.php\/produkt\/vysoce-kvalitni-aircraft-r-ofukovaci-pistole-bpl-dlouha-8160\/#primaryimage\"},\"image\":{\"@id\":\"https:\/\/www.technodompro.com\/index.php\/produkt\/vysoce-kvalitni-aircraft-r-ofukovaci-pistole-bpl-dlouha-8160\/#primaryimage\"},\"thumbnailUrl\":\"https:\/\/www.technodompro.com\/wp-content\/uploads\/2026\/SK0013911-CZ20260425-092328-0-1777080210-2112110-2.webp\",\"datePublished\":\"2026-04-27T04:40:48+00:00\",\"breadcrumb\":{\"@id\":\"https:\/\/www.technodompro.com\/index.php\/produkt\/vysoce-kvalitni-aircraft-r-ofukovaci-pistole-bpl-dlouha-8160\/#breadcrumb\"},\"inLanguage\":\"cs\",\"potentialAction\":[{\"@type\":\"ReadAction\",\"target\":[\"https:\/\/www.technodompro.com\/index.php\/produkt\/vysoce-kvalitni-aircraft-r-ofukovaci-pistole-bpl-dlouha-8160\/\"]}]},{\"@type\":\"ImageObject\",\"inLanguage\":\"cs\",\"@id\":\"https:\/\/www.technodompro.com\/index.php\/produkt\/vysoce-kvalitni-aircraft-r-ofukovaci-pistole-bpl-dlouha-8160\/#primaryimage\",\"url\":\"https:\/\/www.technodompro.com\/wp-content\/uploads\/2026\/SK0013911-CZ20260425-092328-0-1777080210-2112110-2.webp\",\"contentUrl\":\"https:\/\/www.technodompro.com\/wp-content\/uploads\/2026\/SK0013911-CZ20260425-092328-0-1777080210-2112110-2.webp\",\"width\":700,\"height\":410},{\"@type\":\"BreadcrumbList\",\"@id\":\"https:\/\/www.technodompro.com\/index.php\/produkt\/vysoce-kvalitni-aircraft-r-ofukovaci-pistole-bpl-dlouha-8160\/#breadcrumb\",\"itemListElement\":[{\"@type\":\"ListItem\",\"position\":1,\"name\":\"Home\",\"item\":\"https:\/\/www.technodompro.com\/\"},{\"@type\":\"ListItem\",\"position\":2,\"name\":\"Products\",\"item\":\"https:\/\/www.technodompro.com\/index.php\/products\/\"},{\"@type\":\"ListItem\",\"position\":3,\"name\":\"Vysoce Kvalitn\u00ed Aircraft\u00ae Ofukovac\u00ed pistole BPL dlouh\u00e1\"}]},{\"@type\":\"WebSite\",\"@id\":\"https:\/\/www.technodompro.com\/#website\",\"url\":\"https:\/\/www.technodompro.com\/\",\"name\":\"\",\"description\":\"\",\"potentialAction\":[{\"@type\":\"SearchAction\",\"target\":{\"@type\":\"EntryPoint\",\"urlTemplate\":\"https:\/\/www.technodompro.com\/?s={search_term_string}\"},\"query-input\":{\"@type\":\"PropertyValueSpecification\",\"valueRequired\":true,\"valueName\":\"search_term_string\"}}],\"inLanguage\":\"cs\"}]}<\/script>\n<!-- \/ Yoast SEO plugin. -->","yoast_head_json":{"title":"Vysoce Kvalitn\u00ed Aircraft\u00ae Ofukovac\u00ed pistole BPL dlouh\u00e1 -","robots":{"index":"index","follow":"follow","max-snippet":"max-snippet:-1","max-image-preview":"max-image-preview:large","max-video-preview":"max-video-preview:-1"},"canonical":"https:\/\/www.technodompro.com\/index.php\/produkt\/vysoce-kvalitni-aircraft-r-ofukovaci-pistole-bpl-dlouha-8160\/","og_locale":"cs_CZ","og_type":"article","og_title":"Vysoce Kvalitn\u00ed Aircraft\u00ae Ofukovac\u00ed pistole BPL dlouh\u00e1 -","og_description":"Praktick\u00e9 robustn\u00ed proveden\u00ed z lehk\u00e9 slitiny Max. provozn\u00ed tlak 6 bar Pracovn\u00ed tlak 6 bar Spot\u0159eba vzduchu 150 l\/min Hmotnost 0,22 kg","og_url":"https:\/\/www.technodompro.com\/index.php\/produkt\/vysoce-kvalitni-aircraft-r-ofukovaci-pistole-bpl-dlouha-8160\/","og_image":[{"width":700,"height":410,"url":"https:\/\/www.technodompro.com\/wp-content\/uploads\/2026\/SK0013911-CZ20260425-092328-0-1777080210-2112110-2.webp","type":"image\/webp"}],"twitter_card":"summary_large_image","schema":{"@context":"https:\/\/schema.org","@graph":[{"@type":"WebPage","@id":"https:\/\/www.technodompro.com\/index.php\/produkt\/vysoce-kvalitni-aircraft-r-ofukovaci-pistole-bpl-dlouha-8160\/","url":"https:\/\/www.technodompro.com\/index.php\/produkt\/vysoce-kvalitni-aircraft-r-ofukovaci-pistole-bpl-dlouha-8160\/","name":"Vysoce Kvalitn\u00ed Aircraft\u00ae Ofukovac\u00ed pistole BPL dlouh\u00e1 -","isPartOf":{"@id":"https:\/\/www.technodompro.com\/#website"},"primaryImageOfPage":{"@id":"https:\/\/www.technodompro.com\/index.php\/produkt\/vysoce-kvalitni-aircraft-r-ofukovaci-pistole-bpl-dlouha-8160\/#primaryimage"},"image":{"@id":"https:\/\/www.technodompro.com\/index.php\/produkt\/vysoce-kvalitni-aircraft-r-ofukovaci-pistole-bpl-dlouha-8160\/#primaryimage"},"thumbnailUrl":"https:\/\/www.technodompro.com\/wp-content\/uploads\/2026\/SK0013911-CZ20260425-092328-0-1777080210-2112110-2.webp","datePublished":"2026-04-27T04:40:48+00:00","breadcrumb":{"@id":"https:\/\/www.technodompro.com\/index.php\/produkt\/vysoce-kvalitni-aircraft-r-ofukovaci-pistole-bpl-dlouha-8160\/#breadcrumb"},"inLanguage":"cs","potentialAction":[{"@type":"ReadAction","target":["https:\/\/www.technodompro.com\/index.php\/produkt\/vysoce-kvalitni-aircraft-r-ofukovaci-pistole-bpl-dlouha-8160\/"]}]},{"@type":"ImageObject","inLanguage":"cs","@id":"https:\/\/www.technodompro.com\/index.php\/produkt\/vysoce-kvalitni-aircraft-r-ofukovaci-pistole-bpl-dlouha-8160\/#primaryimage","url":"https:\/\/www.technodompro.com\/wp-content\/uploads\/2026\/SK0013911-CZ20260425-092328-0-1777080210-2112110-2.webp","contentUrl":"https:\/\/www.technodompro.com\/wp-content\/uploads\/2026\/SK0013911-CZ20260425-092328-0-1777080210-2112110-2.webp","width":700,"height":410},{"@type":"BreadcrumbList","@id":"https:\/\/www.technodompro.com\/index.php\/produkt\/vysoce-kvalitni-aircraft-r-ofukovaci-pistole-bpl-dlouha-8160\/#breadcrumb","itemListElement":[{"@type":"ListItem","position":1,"name":"Home","item":"https:\/\/www.technodompro.com\/"},{"@type":"ListItem","position":2,"name":"Products","item":"https:\/\/www.technodompro.com\/index.php\/products\/"},{"@type":"ListItem","position":3,"name":"Vysoce Kvalitn\u00ed Aircraft\u00ae Ofukovac\u00ed pistole BPL dlouh\u00e1"}]},{"@type":"WebSite","@id":"https:\/\/www.technodompro.com\/#website","url":"https:\/\/www.technodompro.com\/","name":"","description":"","potentialAction":[{"@type":"SearchAction","target":{"@type":"EntryPoint","urlTemplate":"https:\/\/www.technodompro.com\/?s={search_term_string}"},"query-input":{"@type":"PropertyValueSpecification","valueRequired":true,"valueName":"search_term_string"}}],"inLanguage":"cs"}]}},"_links":{"self":[{"href":"https:\/\/www.technodompro.com\/index.php\/wp-json\/wp\/v2\/product\/8160","targetHints":{"allow":["GET"]}}],"collection":[{"href":"https:\/\/www.technodompro.com\/index.php\/wp-json\/wp\/v2\/product"}],"about":[{"href":"https:\/\/www.technodompro.com\/index.php\/wp-json\/wp\/v2\/types\/product"}],"replies":[{"embeddable":true,"href":"https:\/\/www.technodompro.com\/index.php\/wp-json\/wp\/v2\/comments?post=8160"}],"wp:featuredmedia":[{"embeddable":true,"href":"https:\/\/www.technodompro.com\/index.php\/wp-json\/wp\/v2\/media\/8260"}],"wp:attachment":[{"href":"https:\/\/www.technodompro.com\/index.php\/wp-json\/wp\/v2\/media?parent=8160"}],"wp:term":[{"taxonomy":"product_brand","embeddable":true,"href":"https:\/\/www.technodompro.com\/index.php\/wp-json\/wp\/v2\/product_brand?post=8160"},{"taxonomy":"product_cat","embeddable":true,"href":"https:\/\/www.technodompro.com\/index.php\/wp-json\/wp\/v2\/product_cat?post=8160"},{"taxonomy":"product_tag","embeddable":true,"href":"https:\/\/www.technodompro.com\/index.php\/wp-json\/wp\/v2\/product_tag?post=8160"}],"curies":[{"name":"wp","href":"https:\/\/api.w.org\/{rel}","templated":true}]}}