{"id":8162,"date":"2026-04-27T04:40:48","date_gmt":"2026-04-27T04:40:48","guid":{"rendered":""},"modified":"2026-04-27T04:40:48","modified_gmt":"2026-04-27T04:40:48","slug":"aircraft-r-ofukovaci-pistole-bp-pro-xl-500-mm-autenticky-8162","status":"publish","type":"product","link":"https:\/\/www.technodompro.com\/index.php\/produkt\/aircraft-r-ofukovaci-pistole-bp-pro-xl-500-mm-autenticky-8162\/","title":{"rendered":"Aircraft\u00ae Ofukovac\u00ed pistole BP PRO XL, 500 mm Autentick\u00fd"},"content":{"rendered":"<table>\n<div class=\"tab-pane active product-description\" id=\"popis\" role=\"tabpanel\">\n<div class=\"short-description\" itemprop=\"description\"><\/div>\n<div class=\"description\"><span class='bullet-line'>Pro profesion\u00e1ln\u00ed pou\u017eit\u00ed<br \/><\/span><span class='bullet-line'>Ide\u00e1ln\u00ed pro t\u011b\u017eko p\u0159\u00edstupn\u00e1 m\u00edsta<br \/><\/span><span class='bullet-line'>Plastov\u00e1 rukoje\u0165 zaru\u010duje p\u0159\u00edjemn\u00e9 dr\u017een\u00ed bez pocitu chladu<br \/><\/span><span class='bullet-line'>Dlouh\u00e1 ovl\u00e1dac\u00ed p\u00e1\u010dka zaru\u010duje p\u0159esn\u00e9 d\u00e1vkov\u00e1n\u00ed mno\u017estv\u00ed vzduchu<\/span><\/div>\n<div class=\"parameters\">\n<tr>\n<td>Max. provozn\u00ed tlak<\/td>\n<td>11 bar<\/td>\n<\/tr>\n<tr>\n<td>Pracovn\u00ed tlak<\/td>\n<td>2 \u2013 8 bar<\/td>\n<\/tr>\n<tr>\n<td>Spot\u0159eba vzduchu<\/td>\n<td>80 &#8211; 300 l\/min<\/td>\n<\/tr>\n<tr>\n<td>Hmotnost<\/td>\n<td>0,18 kg<\/td>\n<\/tr><\/div>\n<\/table>\n","protected":false},"excerpt":{"rendered":"<p>Pro profesion\u00e1ln\u00ed pou\u017eit\u00edIde\u00e1ln\u00ed pro t\u011b\u017eko p\u0159\u00edstupn\u00e1 m\u00edstaPlastov\u00e1 rukoje\u0165 zaru\u010duje p\u0159\u00edjemn\u00e9 dr\u017een\u00ed bez pocitu chladuDlouh\u00e1 ovl\u00e1dac\u00ed p\u00e1\u010dka zaru\u010duje p\u0159esn\u00e9 d\u00e1vkov\u00e1n\u00ed mno\u017estv\u00ed vzduchu Max. provozn\u00ed tlak 11 bar Pracovn\u00ed tlak 2 \u2013 8 bar Spot\u0159eba vzduchu 80 &#8211; 300 l\/min Hmotnost 0,18 kg<\/p>\n","protected":false},"featured_media":8262,"comment_status":"open","ping_status":"open","template":"","meta":[],"product_brand":[],"product_cat":[45],"product_tag":[],"class_list":{"0":"post-8162","1":"product","2":"type-product","3":"status-publish","4":"has-post-thumbnail","6":"product_cat-naradi","8":"first","9":"instock","10":"sale","11":"shipping-taxable","12":"purchasable","13":"product-type-simple"},"yoast_head":"<!-- This site is optimized with the Yoast SEO plugin v26.8 - https:\/\/yoast.com\/product\/yoast-seo-wordpress\/ -->\n<title>Aircraft\u00ae Ofukovac\u00ed pistole BP PRO XL, 500 mm Autentick\u00fd -<\/title>\n<meta name=\"robots\" content=\"index, follow, max-snippet:-1, max-image-preview:large, max-video-preview:-1\" \/>\n<link rel=\"canonical\" href=\"https:\/\/www.technodompro.com\/index.php\/produkt\/aircraft-r-ofukovaci-pistole-bp-pro-xl-500-mm-autenticky-8162\/\" \/>\n<meta property=\"og:locale\" content=\"cs_CZ\" \/>\n<meta property=\"og:type\" content=\"article\" \/>\n<meta property=\"og:title\" content=\"Aircraft\u00ae Ofukovac\u00ed pistole BP PRO XL, 500 mm Autentick\u00fd -\" \/>\n<meta property=\"og:description\" content=\"Pro profesion\u00e1ln\u00ed pou\u017eit\u00edIde\u00e1ln\u00ed pro t\u011b\u017eko p\u0159\u00edstupn\u00e1 m\u00edstaPlastov\u00e1 rukoje\u0165 zaru\u010duje p\u0159\u00edjemn\u00e9 dr\u017een\u00ed bez pocitu chladuDlouh\u00e1 ovl\u00e1dac\u00ed p\u00e1\u010dka zaru\u010duje p\u0159esn\u00e9 d\u00e1vkov\u00e1n\u00ed mno\u017estv\u00ed vzduchu Max. provozn\u00ed tlak 11 bar Pracovn\u00ed tlak 2 \u2013 8 bar Spot\u0159eba vzduchu 80 &#8211; 300 l\/min Hmotnost 0,18 kg\" \/>\n<meta property=\"og:url\" content=\"https:\/\/www.technodompro.com\/index.php\/produkt\/aircraft-r-ofukovaci-pistole-bp-pro-xl-500-mm-autenticky-8162\/\" \/>\n<meta property=\"og:image\" content=\"https:\/\/www.technodompro.com\/wp-content\/uploads\/2026\/SK0013913-CZ20260425-092328-0-1777080210-2112124-1.webp\" \/>\n\t<meta property=\"og:image:width\" content=\"600\" \/>\n\t<meta property=\"og:image:height\" content=\"523\" \/>\n\t<meta property=\"og:image:type\" content=\"image\/webp\" \/>\n<meta name=\"twitter:card\" content=\"summary_large_image\" \/>\n<script type=\"application\/ld+json\" class=\"yoast-schema-graph\">{\"@context\":\"https:\/\/schema.org\",\"@graph\":[{\"@type\":\"WebPage\",\"@id\":\"https:\/\/www.technodompro.com\/index.php\/produkt\/aircraft-r-ofukovaci-pistole-bp-pro-xl-500-mm-autenticky-8162\/\",\"url\":\"https:\/\/www.technodompro.com\/index.php\/produkt\/aircraft-r-ofukovaci-pistole-bp-pro-xl-500-mm-autenticky-8162\/\",\"name\":\"Aircraft\u00ae Ofukovac\u00ed pistole BP PRO XL, 500 mm Autentick\u00fd -\",\"isPartOf\":{\"@id\":\"https:\/\/www.technodompro.com\/#website\"},\"primaryImageOfPage\":{\"@id\":\"https:\/\/www.technodompro.com\/index.php\/produkt\/aircraft-r-ofukovaci-pistole-bp-pro-xl-500-mm-autenticky-8162\/#primaryimage\"},\"image\":{\"@id\":\"https:\/\/www.technodompro.com\/index.php\/produkt\/aircraft-r-ofukovaci-pistole-bp-pro-xl-500-mm-autenticky-8162\/#primaryimage\"},\"thumbnailUrl\":\"https:\/\/www.technodompro.com\/wp-content\/uploads\/2026\/SK0013913-CZ20260425-092328-0-1777080210-2112124-1.webp\",\"datePublished\":\"2026-04-27T04:40:48+00:00\",\"breadcrumb\":{\"@id\":\"https:\/\/www.technodompro.com\/index.php\/produkt\/aircraft-r-ofukovaci-pistole-bp-pro-xl-500-mm-autenticky-8162\/#breadcrumb\"},\"inLanguage\":\"cs\",\"potentialAction\":[{\"@type\":\"ReadAction\",\"target\":[\"https:\/\/www.technodompro.com\/index.php\/produkt\/aircraft-r-ofukovaci-pistole-bp-pro-xl-500-mm-autenticky-8162\/\"]}]},{\"@type\":\"ImageObject\",\"inLanguage\":\"cs\",\"@id\":\"https:\/\/www.technodompro.com\/index.php\/produkt\/aircraft-r-ofukovaci-pistole-bp-pro-xl-500-mm-autenticky-8162\/#primaryimage\",\"url\":\"https:\/\/www.technodompro.com\/wp-content\/uploads\/2026\/SK0013913-CZ20260425-092328-0-1777080210-2112124-1.webp\",\"contentUrl\":\"https:\/\/www.technodompro.com\/wp-content\/uploads\/2026\/SK0013913-CZ20260425-092328-0-1777080210-2112124-1.webp\",\"width\":600,\"height\":523},{\"@type\":\"BreadcrumbList\",\"@id\":\"https:\/\/www.technodompro.com\/index.php\/produkt\/aircraft-r-ofukovaci-pistole-bp-pro-xl-500-mm-autenticky-8162\/#breadcrumb\",\"itemListElement\":[{\"@type\":\"ListItem\",\"position\":1,\"name\":\"Home\",\"item\":\"https:\/\/www.technodompro.com\/\"},{\"@type\":\"ListItem\",\"position\":2,\"name\":\"Products\",\"item\":\"https:\/\/www.technodompro.com\/index.php\/products\/\"},{\"@type\":\"ListItem\",\"position\":3,\"name\":\"Aircraft\u00ae Ofukovac\u00ed pistole BP PRO XL, 500 mm Autentick\u00fd\"}]},{\"@type\":\"WebSite\",\"@id\":\"https:\/\/www.technodompro.com\/#website\",\"url\":\"https:\/\/www.technodompro.com\/\",\"name\":\"\",\"description\":\"\",\"potentialAction\":[{\"@type\":\"SearchAction\",\"target\":{\"@type\":\"EntryPoint\",\"urlTemplate\":\"https:\/\/www.technodompro.com\/?s={search_term_string}\"},\"query-input\":{\"@type\":\"PropertyValueSpecification\",\"valueRequired\":true,\"valueName\":\"search_term_string\"}}],\"inLanguage\":\"cs\"}]}<\/script>\n<!-- \/ Yoast SEO plugin. -->","yoast_head_json":{"title":"Aircraft\u00ae Ofukovac\u00ed pistole BP PRO XL, 500 mm Autentick\u00fd -","robots":{"index":"index","follow":"follow","max-snippet":"max-snippet:-1","max-image-preview":"max-image-preview:large","max-video-preview":"max-video-preview:-1"},"canonical":"https:\/\/www.technodompro.com\/index.php\/produkt\/aircraft-r-ofukovaci-pistole-bp-pro-xl-500-mm-autenticky-8162\/","og_locale":"cs_CZ","og_type":"article","og_title":"Aircraft\u00ae Ofukovac\u00ed pistole BP PRO XL, 500 mm Autentick\u00fd -","og_description":"Pro profesion\u00e1ln\u00ed pou\u017eit\u00edIde\u00e1ln\u00ed pro t\u011b\u017eko p\u0159\u00edstupn\u00e1 m\u00edstaPlastov\u00e1 rukoje\u0165 zaru\u010duje p\u0159\u00edjemn\u00e9 dr\u017een\u00ed bez pocitu chladuDlouh\u00e1 ovl\u00e1dac\u00ed p\u00e1\u010dka zaru\u010duje p\u0159esn\u00e9 d\u00e1vkov\u00e1n\u00ed mno\u017estv\u00ed vzduchu Max. provozn\u00ed tlak 11 bar Pracovn\u00ed tlak 2 \u2013 8 bar Spot\u0159eba vzduchu 80 &#8211; 300 l\/min Hmotnost 0,18 kg","og_url":"https:\/\/www.technodompro.com\/index.php\/produkt\/aircraft-r-ofukovaci-pistole-bp-pro-xl-500-mm-autenticky-8162\/","og_image":[{"width":600,"height":523,"url":"https:\/\/www.technodompro.com\/wp-content\/uploads\/2026\/SK0013913-CZ20260425-092328-0-1777080210-2112124-1.webp","type":"image\/webp"}],"twitter_card":"summary_large_image","schema":{"@context":"https:\/\/schema.org","@graph":[{"@type":"WebPage","@id":"https:\/\/www.technodompro.com\/index.php\/produkt\/aircraft-r-ofukovaci-pistole-bp-pro-xl-500-mm-autenticky-8162\/","url":"https:\/\/www.technodompro.com\/index.php\/produkt\/aircraft-r-ofukovaci-pistole-bp-pro-xl-500-mm-autenticky-8162\/","name":"Aircraft\u00ae Ofukovac\u00ed pistole BP PRO XL, 500 mm Autentick\u00fd -","isPartOf":{"@id":"https:\/\/www.technodompro.com\/#website"},"primaryImageOfPage":{"@id":"https:\/\/www.technodompro.com\/index.php\/produkt\/aircraft-r-ofukovaci-pistole-bp-pro-xl-500-mm-autenticky-8162\/#primaryimage"},"image":{"@id":"https:\/\/www.technodompro.com\/index.php\/produkt\/aircraft-r-ofukovaci-pistole-bp-pro-xl-500-mm-autenticky-8162\/#primaryimage"},"thumbnailUrl":"https:\/\/www.technodompro.com\/wp-content\/uploads\/2026\/SK0013913-CZ20260425-092328-0-1777080210-2112124-1.webp","datePublished":"2026-04-27T04:40:48+00:00","breadcrumb":{"@id":"https:\/\/www.technodompro.com\/index.php\/produkt\/aircraft-r-ofukovaci-pistole-bp-pro-xl-500-mm-autenticky-8162\/#breadcrumb"},"inLanguage":"cs","potentialAction":[{"@type":"ReadAction","target":["https:\/\/www.technodompro.com\/index.php\/produkt\/aircraft-r-ofukovaci-pistole-bp-pro-xl-500-mm-autenticky-8162\/"]}]},{"@type":"ImageObject","inLanguage":"cs","@id":"https:\/\/www.technodompro.com\/index.php\/produkt\/aircraft-r-ofukovaci-pistole-bp-pro-xl-500-mm-autenticky-8162\/#primaryimage","url":"https:\/\/www.technodompro.com\/wp-content\/uploads\/2026\/SK0013913-CZ20260425-092328-0-1777080210-2112124-1.webp","contentUrl":"https:\/\/www.technodompro.com\/wp-content\/uploads\/2026\/SK0013913-CZ20260425-092328-0-1777080210-2112124-1.webp","width":600,"height":523},{"@type":"BreadcrumbList","@id":"https:\/\/www.technodompro.com\/index.php\/produkt\/aircraft-r-ofukovaci-pistole-bp-pro-xl-500-mm-autenticky-8162\/#breadcrumb","itemListElement":[{"@type":"ListItem","position":1,"name":"Home","item":"https:\/\/www.technodompro.com\/"},{"@type":"ListItem","position":2,"name":"Products","item":"https:\/\/www.technodompro.com\/index.php\/products\/"},{"@type":"ListItem","position":3,"name":"Aircraft\u00ae Ofukovac\u00ed pistole BP PRO XL, 500 mm Autentick\u00fd"}]},{"@type":"WebSite","@id":"https:\/\/www.technodompro.com\/#website","url":"https:\/\/www.technodompro.com\/","name":"","description":"","potentialAction":[{"@type":"SearchAction","target":{"@type":"EntryPoint","urlTemplate":"https:\/\/www.technodompro.com\/?s={search_term_string}"},"query-input":{"@type":"PropertyValueSpecification","valueRequired":true,"valueName":"search_term_string"}}],"inLanguage":"cs"}]}},"_links":{"self":[{"href":"https:\/\/www.technodompro.com\/index.php\/wp-json\/wp\/v2\/product\/8162","targetHints":{"allow":["GET"]}}],"collection":[{"href":"https:\/\/www.technodompro.com\/index.php\/wp-json\/wp\/v2\/product"}],"about":[{"href":"https:\/\/www.technodompro.com\/index.php\/wp-json\/wp\/v2\/types\/product"}],"replies":[{"embeddable":true,"href":"https:\/\/www.technodompro.com\/index.php\/wp-json\/wp\/v2\/comments?post=8162"}],"wp:featuredmedia":[{"embeddable":true,"href":"https:\/\/www.technodompro.com\/index.php\/wp-json\/wp\/v2\/media\/8262"}],"wp:attachment":[{"href":"https:\/\/www.technodompro.com\/index.php\/wp-json\/wp\/v2\/media?parent=8162"}],"wp:term":[{"taxonomy":"product_brand","embeddable":true,"href":"https:\/\/www.technodompro.com\/index.php\/wp-json\/wp\/v2\/product_brand?post=8162"},{"taxonomy":"product_cat","embeddable":true,"href":"https:\/\/www.technodompro.com\/index.php\/wp-json\/wp\/v2\/product_cat?post=8162"},{"taxonomy":"product_tag","embeddable":true,"href":"https:\/\/www.technodompro.com\/index.php\/wp-json\/wp\/v2\/product_tag?post=8162"}],"curies":[{"name":"wp","href":"https:\/\/api.w.org\/{rel}","templated":true}]}}