{"id":8173,"date":"2026-04-27T04:40:48","date_gmt":"2026-04-27T04:40:48","guid":{"rendered":""},"modified":"2026-04-27T04:40:48","modified_gmt":"2026-04-27T04:40:48","slug":"aircraft-r-sponkovacka-kg-32-pro-kup-ted-8173","status":"publish","type":"product","link":"https:\/\/www.technodompro.com\/index.php\/produkt\/aircraft-r-sponkovacka-kg-32-pro-kup-ted-8173\/","title":{"rendered":"Aircraft\u00ae Sponkova\u010dka KG 32 PRO Kup Te\u010f"},"content":{"rendered":"<table>\n<div class=\"tab-pane active product-description\" id=\"popis\" role=\"tabpanel\">\n<div class=\"short-description\" itemprop=\"description\"><\/div>\n<div class=\"description\"><span class='bullet-line'>Profesion\u00e1ln\u00ed sponkova\u010dka<br \/><\/span><span class='bullet-line'>Ide\u00e1ln\u00ed pro mont\u00e1\u017e desek na pero-dr\u00e1\u017eku<br \/><\/span><span class='bullet-line'>Kontaktn\u00ed pojistka<br \/><\/span><span class='bullet-line'>Regulace hloubky zara\u017een\u00ed<br \/><\/span><span class='bullet-line'>V praktick\u00e9m kuf\u0159\u00edku<br \/><\/span> <\/p>\n<p> \u25bc P\u0159\u00edslu\u0161enstv\u00ed \u25bc<br \/> 2405319 \/ 2405325 \/ 2405332<\/div>\n<div class=\"parameters\">\n<tr>\n<td>Max. provozn\u00ed tlak<\/td>\n<td>6 bar<\/td>\n<\/tr>\n<tr>\n<td>Spot\u0159eba vzduchu<\/td>\n<td>0,5 l\/v\u00fdst\u0159el<\/td>\n<\/tr>\n<tr>\n<td>Vhodn\u00e9 spony<\/td>\n<td>13 \u2013 32 mm, typ 90 L, MA<\/td>\n<\/tr>\n<tr>\n<td>Hmotnost<\/td>\n<td>1,34 kg<\/td>\n<\/tr><\/div>\n<\/table>\n","protected":false},"excerpt":{"rendered":"<p>Profesion\u00e1ln\u00ed sponkova\u010dkaIde\u00e1ln\u00ed pro mont\u00e1\u017e desek na pero-dr\u00e1\u017ekuKontaktn\u00ed pojistkaRegulace hloubky zara\u017een\u00edV praktick\u00e9m kuf\u0159\u00edku \u25bc P\u0159\u00edslu\u0161enstv\u00ed \u25bc 2405319 \/ 2405325 \/ 2405332 Max. provozn\u00ed tlak 6 bar Spot\u0159eba vzduchu 0,5 l\/v\u00fdst\u0159el Vhodn\u00e9 spony 13 \u2013 32 mm, typ 90 L, MA Hmotnost 1,34 kg<\/p>\n","protected":false},"featured_media":8273,"comment_status":"open","ping_status":"open","template":"","meta":[],"product_brand":[],"product_cat":[45],"product_tag":[],"class_list":{"0":"post-8173","1":"product","2":"type-product","3":"status-publish","4":"has-post-thumbnail","6":"product_cat-naradi","8":"first","9":"instock","10":"sale","11":"shipping-taxable","12":"purchasable","13":"product-type-simple"},"yoast_head":"<!-- This site is optimized with the Yoast SEO plugin v26.8 - https:\/\/yoast.com\/product\/yoast-seo-wordpress\/ -->\n<title>Aircraft\u00ae Sponkova\u010dka KG 32 PRO Kup Te\u010f -<\/title>\n<meta name=\"robots\" content=\"index, follow, max-snippet:-1, max-image-preview:large, max-video-preview:-1\" \/>\n<link rel=\"canonical\" href=\"https:\/\/www.technodompro.com\/index.php\/produkt\/aircraft-r-sponkovacka-kg-32-pro-kup-ted-8173\/\" \/>\n<meta property=\"og:locale\" content=\"cs_CZ\" \/>\n<meta property=\"og:type\" content=\"article\" \/>\n<meta property=\"og:title\" content=\"Aircraft\u00ae Sponkova\u010dka KG 32 PRO Kup Te\u010f -\" \/>\n<meta property=\"og:description\" content=\"Profesion\u00e1ln\u00ed sponkova\u010dkaIde\u00e1ln\u00ed pro mont\u00e1\u017e desek na pero-dr\u00e1\u017ekuKontaktn\u00ed pojistkaRegulace hloubky zara\u017een\u00edV praktick\u00e9m kuf\u0159\u00edku \u25bc P\u0159\u00edslu\u0161enstv\u00ed \u25bc 2405319 \/ 2405325 \/ 2405332 Max. provozn\u00ed tlak 6 bar Spot\u0159eba vzduchu 0,5 l\/v\u00fdst\u0159el Vhodn\u00e9 spony 13 \u2013 32 mm, typ 90 L, MA Hmotnost 1,34 kg\" \/>\n<meta property=\"og:url\" content=\"https:\/\/www.technodompro.com\/index.php\/produkt\/aircraft-r-sponkovacka-kg-32-pro-kup-ted-8173\/\" \/>\n<meta property=\"og:image\" content=\"https:\/\/www.technodompro.com\/wp-content\/uploads\/2026\/SK0013924-CZ20260425-092328-0-1777080210-2405301-1.webp\" \/>\n\t<meta property=\"og:image:width\" content=\"700\" \/>\n\t<meta property=\"og:image:height\" content=\"665\" \/>\n\t<meta property=\"og:image:type\" content=\"image\/webp\" \/>\n<meta name=\"twitter:card\" content=\"summary_large_image\" \/>\n<script type=\"application\/ld+json\" class=\"yoast-schema-graph\">{\"@context\":\"https:\/\/schema.org\",\"@graph\":[{\"@type\":\"WebPage\",\"@id\":\"https:\/\/www.technodompro.com\/index.php\/produkt\/aircraft-r-sponkovacka-kg-32-pro-kup-ted-8173\/\",\"url\":\"https:\/\/www.technodompro.com\/index.php\/produkt\/aircraft-r-sponkovacka-kg-32-pro-kup-ted-8173\/\",\"name\":\"Aircraft\u00ae Sponkova\u010dka KG 32 PRO Kup Te\u010f -\",\"isPartOf\":{\"@id\":\"https:\/\/www.technodompro.com\/#website\"},\"primaryImageOfPage\":{\"@id\":\"https:\/\/www.technodompro.com\/index.php\/produkt\/aircraft-r-sponkovacka-kg-32-pro-kup-ted-8173\/#primaryimage\"},\"image\":{\"@id\":\"https:\/\/www.technodompro.com\/index.php\/produkt\/aircraft-r-sponkovacka-kg-32-pro-kup-ted-8173\/#primaryimage\"},\"thumbnailUrl\":\"https:\/\/www.technodompro.com\/wp-content\/uploads\/2026\/SK0013924-CZ20260425-092328-0-1777080210-2405301-1.webp\",\"datePublished\":\"2026-04-27T04:40:48+00:00\",\"breadcrumb\":{\"@id\":\"https:\/\/www.technodompro.com\/index.php\/produkt\/aircraft-r-sponkovacka-kg-32-pro-kup-ted-8173\/#breadcrumb\"},\"inLanguage\":\"cs\",\"potentialAction\":[{\"@type\":\"ReadAction\",\"target\":[\"https:\/\/www.technodompro.com\/index.php\/produkt\/aircraft-r-sponkovacka-kg-32-pro-kup-ted-8173\/\"]}]},{\"@type\":\"ImageObject\",\"inLanguage\":\"cs\",\"@id\":\"https:\/\/www.technodompro.com\/index.php\/produkt\/aircraft-r-sponkovacka-kg-32-pro-kup-ted-8173\/#primaryimage\",\"url\":\"https:\/\/www.technodompro.com\/wp-content\/uploads\/2026\/SK0013924-CZ20260425-092328-0-1777080210-2405301-1.webp\",\"contentUrl\":\"https:\/\/www.technodompro.com\/wp-content\/uploads\/2026\/SK0013924-CZ20260425-092328-0-1777080210-2405301-1.webp\",\"width\":700,\"height\":665},{\"@type\":\"BreadcrumbList\",\"@id\":\"https:\/\/www.technodompro.com\/index.php\/produkt\/aircraft-r-sponkovacka-kg-32-pro-kup-ted-8173\/#breadcrumb\",\"itemListElement\":[{\"@type\":\"ListItem\",\"position\":1,\"name\":\"Home\",\"item\":\"https:\/\/www.technodompro.com\/\"},{\"@type\":\"ListItem\",\"position\":2,\"name\":\"Products\",\"item\":\"https:\/\/www.technodompro.com\/index.php\/products\/\"},{\"@type\":\"ListItem\",\"position\":3,\"name\":\"Aircraft\u00ae Sponkova\u010dka KG 32 PRO Kup Te\u010f\"}]},{\"@type\":\"WebSite\",\"@id\":\"https:\/\/www.technodompro.com\/#website\",\"url\":\"https:\/\/www.technodompro.com\/\",\"name\":\"\",\"description\":\"\",\"potentialAction\":[{\"@type\":\"SearchAction\",\"target\":{\"@type\":\"EntryPoint\",\"urlTemplate\":\"https:\/\/www.technodompro.com\/?s={search_term_string}\"},\"query-input\":{\"@type\":\"PropertyValueSpecification\",\"valueRequired\":true,\"valueName\":\"search_term_string\"}}],\"inLanguage\":\"cs\"}]}<\/script>\n<!-- \/ Yoast SEO plugin. -->","yoast_head_json":{"title":"Aircraft\u00ae Sponkova\u010dka KG 32 PRO Kup Te\u010f -","robots":{"index":"index","follow":"follow","max-snippet":"max-snippet:-1","max-image-preview":"max-image-preview:large","max-video-preview":"max-video-preview:-1"},"canonical":"https:\/\/www.technodompro.com\/index.php\/produkt\/aircraft-r-sponkovacka-kg-32-pro-kup-ted-8173\/","og_locale":"cs_CZ","og_type":"article","og_title":"Aircraft\u00ae Sponkova\u010dka KG 32 PRO Kup Te\u010f -","og_description":"Profesion\u00e1ln\u00ed sponkova\u010dkaIde\u00e1ln\u00ed pro mont\u00e1\u017e desek na pero-dr\u00e1\u017ekuKontaktn\u00ed pojistkaRegulace hloubky zara\u017een\u00edV praktick\u00e9m kuf\u0159\u00edku \u25bc P\u0159\u00edslu\u0161enstv\u00ed \u25bc 2405319 \/ 2405325 \/ 2405332 Max. provozn\u00ed tlak 6 bar Spot\u0159eba vzduchu 0,5 l\/v\u00fdst\u0159el Vhodn\u00e9 spony 13 \u2013 32 mm, typ 90 L, MA Hmotnost 1,34 kg","og_url":"https:\/\/www.technodompro.com\/index.php\/produkt\/aircraft-r-sponkovacka-kg-32-pro-kup-ted-8173\/","og_image":[{"width":700,"height":665,"url":"https:\/\/www.technodompro.com\/wp-content\/uploads\/2026\/SK0013924-CZ20260425-092328-0-1777080210-2405301-1.webp","type":"image\/webp"}],"twitter_card":"summary_large_image","schema":{"@context":"https:\/\/schema.org","@graph":[{"@type":"WebPage","@id":"https:\/\/www.technodompro.com\/index.php\/produkt\/aircraft-r-sponkovacka-kg-32-pro-kup-ted-8173\/","url":"https:\/\/www.technodompro.com\/index.php\/produkt\/aircraft-r-sponkovacka-kg-32-pro-kup-ted-8173\/","name":"Aircraft\u00ae Sponkova\u010dka KG 32 PRO Kup Te\u010f -","isPartOf":{"@id":"https:\/\/www.technodompro.com\/#website"},"primaryImageOfPage":{"@id":"https:\/\/www.technodompro.com\/index.php\/produkt\/aircraft-r-sponkovacka-kg-32-pro-kup-ted-8173\/#primaryimage"},"image":{"@id":"https:\/\/www.technodompro.com\/index.php\/produkt\/aircraft-r-sponkovacka-kg-32-pro-kup-ted-8173\/#primaryimage"},"thumbnailUrl":"https:\/\/www.technodompro.com\/wp-content\/uploads\/2026\/SK0013924-CZ20260425-092328-0-1777080210-2405301-1.webp","datePublished":"2026-04-27T04:40:48+00:00","breadcrumb":{"@id":"https:\/\/www.technodompro.com\/index.php\/produkt\/aircraft-r-sponkovacka-kg-32-pro-kup-ted-8173\/#breadcrumb"},"inLanguage":"cs","potentialAction":[{"@type":"ReadAction","target":["https:\/\/www.technodompro.com\/index.php\/produkt\/aircraft-r-sponkovacka-kg-32-pro-kup-ted-8173\/"]}]},{"@type":"ImageObject","inLanguage":"cs","@id":"https:\/\/www.technodompro.com\/index.php\/produkt\/aircraft-r-sponkovacka-kg-32-pro-kup-ted-8173\/#primaryimage","url":"https:\/\/www.technodompro.com\/wp-content\/uploads\/2026\/SK0013924-CZ20260425-092328-0-1777080210-2405301-1.webp","contentUrl":"https:\/\/www.technodompro.com\/wp-content\/uploads\/2026\/SK0013924-CZ20260425-092328-0-1777080210-2405301-1.webp","width":700,"height":665},{"@type":"BreadcrumbList","@id":"https:\/\/www.technodompro.com\/index.php\/produkt\/aircraft-r-sponkovacka-kg-32-pro-kup-ted-8173\/#breadcrumb","itemListElement":[{"@type":"ListItem","position":1,"name":"Home","item":"https:\/\/www.technodompro.com\/"},{"@type":"ListItem","position":2,"name":"Products","item":"https:\/\/www.technodompro.com\/index.php\/products\/"},{"@type":"ListItem","position":3,"name":"Aircraft\u00ae Sponkova\u010dka KG 32 PRO Kup Te\u010f"}]},{"@type":"WebSite","@id":"https:\/\/www.technodompro.com\/#website","url":"https:\/\/www.technodompro.com\/","name":"","description":"","potentialAction":[{"@type":"SearchAction","target":{"@type":"EntryPoint","urlTemplate":"https:\/\/www.technodompro.com\/?s={search_term_string}"},"query-input":{"@type":"PropertyValueSpecification","valueRequired":true,"valueName":"search_term_string"}}],"inLanguage":"cs"}]}},"_links":{"self":[{"href":"https:\/\/www.technodompro.com\/index.php\/wp-json\/wp\/v2\/product\/8173","targetHints":{"allow":["GET"]}}],"collection":[{"href":"https:\/\/www.technodompro.com\/index.php\/wp-json\/wp\/v2\/product"}],"about":[{"href":"https:\/\/www.technodompro.com\/index.php\/wp-json\/wp\/v2\/types\/product"}],"replies":[{"embeddable":true,"href":"https:\/\/www.technodompro.com\/index.php\/wp-json\/wp\/v2\/comments?post=8173"}],"wp:featuredmedia":[{"embeddable":true,"href":"https:\/\/www.technodompro.com\/index.php\/wp-json\/wp\/v2\/media\/8273"}],"wp:attachment":[{"href":"https:\/\/www.technodompro.com\/index.php\/wp-json\/wp\/v2\/media?parent=8173"}],"wp:term":[{"taxonomy":"product_brand","embeddable":true,"href":"https:\/\/www.technodompro.com\/index.php\/wp-json\/wp\/v2\/product_brand?post=8173"},{"taxonomy":"product_cat","embeddable":true,"href":"https:\/\/www.technodompro.com\/index.php\/wp-json\/wp\/v2\/product_cat?post=8173"},{"taxonomy":"product_tag","embeddable":true,"href":"https:\/\/www.technodompro.com\/index.php\/wp-json\/wp\/v2\/product_tag?post=8173"}],"curies":[{"name":"wp","href":"https:\/\/api.w.org\/{rel}","templated":true}]}}