{"id":8179,"date":"2026-04-27T04:40:48","date_gmt":"2026-04-27T04:40:48","guid":{"rendered":""},"modified":"2026-04-27T04:40:48","modified_gmt":"2026-04-27T04:40:48","slug":"aircraft-r-vibracni-bruska-delta-bruska-ds-expresni-doruceni-8179","status":"publish","type":"product","link":"https:\/\/www.technodompro.com\/index.php\/produkt\/aircraft-r-vibracni-bruska-delta-bruska-ds-expresni-doruceni-8179\/","title":{"rendered":"Aircraft\u00ae Vibra\u010dn\u00ed bruska Delta bruska DS Expresn\u00ed Doru\u010den\u00ed"},"content":{"rendered":"<table>\n<div class=\"tab-pane active product-description\" id=\"popis\" role=\"tabpanel\">\n<div class=\"short-description\" itemprop=\"description\"><\/div>\n<div class=\"description\"><span class='bullet-line'>K brou\u0161en\u00ed za sucha i za mokra<br \/><\/span><span class='bullet-line'>Snadn\u00e1 obsluha jednou rukou<br \/><\/span><span class='bullet-line'>T\u0159menov\u00e1 svorka k upevn\u011bn\u00ed brusn\u00e9ho pl\u00e1tna<br \/><\/span> <\/p>\n<p> \u25bc P\u0159\u00edslu\u0161enstv\u00ed \u25bc<br \/> 2403504 \/ 2403506 \/ 2403508 \/ 2403510 \/ 2403512<\/div>\n<div class=\"parameters\">\n<tr>\n<td>Max. provozn\u00ed tlak<\/td>\n<td>6,3 bar<\/td>\n<\/tr>\n<tr>\n<td>Spot\u0159eba vzduchu<\/td>\n<td>480 l\/min<\/td>\n<\/tr>\n<tr>\n<td>D\u00e9lka plochy rovinn\u00e9ho brou\u0161en\u00ed<\/td>\n<td>95 mm<\/td>\n<\/tr>\n<tr>\n<td>\u0160\u00ed\u0159ka plochy rovinn\u00e9ho brou\u0161en\u00ed<\/td>\n<td>70 mm<\/td>\n<\/tr>\n<tr>\n<td>Ot\u00e1\u010dky<\/td>\n<td>11000ot\/min<\/td>\n<\/tr>\n<tr>\n<td>Hmotnost<\/td>\n<td>0,8 kg<\/td>\n<\/tr><\/div>\n<\/table>\n","protected":false},"excerpt":{"rendered":"<p>K brou\u0161en\u00ed za sucha i za mokraSnadn\u00e1 obsluha jednou rukouT\u0159menov\u00e1 svorka k upevn\u011bn\u00ed brusn\u00e9ho pl\u00e1tna \u25bc P\u0159\u00edslu\u0161enstv\u00ed \u25bc 2403504 \/ 2403506 \/ 2403508 \/ 2403510 \/ 2403512 Max. provozn\u00ed tlak 6,3 bar Spot\u0159eba vzduchu 480 l\/min D\u00e9lka plochy rovinn\u00e9ho brou\u0161en\u00ed 95 mm \u0160\u00ed\u0159ka plochy rovinn\u00e9ho brou\u0161en\u00ed 70 mm Ot\u00e1\u010dky 11000ot\/min Hmotnost 0,8 kg<\/p>\n","protected":false},"featured_media":8279,"comment_status":"open","ping_status":"open","template":"","meta":[],"product_brand":[],"product_cat":[45],"product_tag":[],"class_list":{"0":"post-8179","1":"product","2":"type-product","3":"status-publish","4":"has-post-thumbnail","6":"product_cat-naradi","8":"first","9":"instock","10":"sale","11":"shipping-taxable","12":"purchasable","13":"product-type-simple"},"yoast_head":"<!-- This site is optimized with the Yoast SEO plugin v26.8 - https:\/\/yoast.com\/product\/yoast-seo-wordpress\/ -->\n<title>Aircraft\u00ae Vibra\u010dn\u00ed bruska Delta bruska DS Expresn\u00ed Doru\u010den\u00ed -<\/title>\n<meta name=\"robots\" content=\"index, follow, max-snippet:-1, max-image-preview:large, max-video-preview:-1\" \/>\n<link rel=\"canonical\" href=\"https:\/\/www.technodompro.com\/index.php\/produkt\/aircraft-r-vibracni-bruska-delta-bruska-ds-expresni-doruceni-8179\/\" \/>\n<meta property=\"og:locale\" content=\"cs_CZ\" \/>\n<meta property=\"og:type\" content=\"article\" \/>\n<meta property=\"og:title\" content=\"Aircraft\u00ae Vibra\u010dn\u00ed bruska Delta bruska DS Expresn\u00ed Doru\u010den\u00ed -\" \/>\n<meta property=\"og:description\" content=\"K brou\u0161en\u00ed za sucha i za mokraSnadn\u00e1 obsluha jednou rukouT\u0159menov\u00e1 svorka k upevn\u011bn\u00ed brusn\u00e9ho pl\u00e1tna \u25bc P\u0159\u00edslu\u0161enstv\u00ed \u25bc 2403504 \/ 2403506 \/ 2403508 \/ 2403510 \/ 2403512 Max. provozn\u00ed tlak 6,3 bar Spot\u0159eba vzduchu 480 l\/min D\u00e9lka plochy rovinn\u00e9ho brou\u0161en\u00ed 95 mm \u0160\u00ed\u0159ka plochy rovinn\u00e9ho brou\u0161en\u00ed 70 mm Ot\u00e1\u010dky 11000ot\/min Hmotnost 0,8 kg\" \/>\n<meta property=\"og:url\" content=\"https:\/\/www.technodompro.com\/index.php\/produkt\/aircraft-r-vibracni-bruska-delta-bruska-ds-expresni-doruceni-8179\/\" \/>\n<meta property=\"og:image\" content=\"https:\/\/www.technodompro.com\/wp-content\/uploads\/2026\/SK0013930-CZ20260425-092328-0-1777080210-2403500-1.webp\" \/>\n\t<meta property=\"og:image:width\" content=\"520\" \/>\n\t<meta property=\"og:image:height\" content=\"306\" \/>\n\t<meta property=\"og:image:type\" content=\"image\/webp\" \/>\n<meta name=\"twitter:card\" content=\"summary_large_image\" \/>\n<script type=\"application\/ld+json\" class=\"yoast-schema-graph\">{\"@context\":\"https:\/\/schema.org\",\"@graph\":[{\"@type\":\"WebPage\",\"@id\":\"https:\/\/www.technodompro.com\/index.php\/produkt\/aircraft-r-vibracni-bruska-delta-bruska-ds-expresni-doruceni-8179\/\",\"url\":\"https:\/\/www.technodompro.com\/index.php\/produkt\/aircraft-r-vibracni-bruska-delta-bruska-ds-expresni-doruceni-8179\/\",\"name\":\"Aircraft\u00ae Vibra\u010dn\u00ed bruska Delta bruska DS Expresn\u00ed Doru\u010den\u00ed -\",\"isPartOf\":{\"@id\":\"https:\/\/www.technodompro.com\/#website\"},\"primaryImageOfPage\":{\"@id\":\"https:\/\/www.technodompro.com\/index.php\/produkt\/aircraft-r-vibracni-bruska-delta-bruska-ds-expresni-doruceni-8179\/#primaryimage\"},\"image\":{\"@id\":\"https:\/\/www.technodompro.com\/index.php\/produkt\/aircraft-r-vibracni-bruska-delta-bruska-ds-expresni-doruceni-8179\/#primaryimage\"},\"thumbnailUrl\":\"https:\/\/www.technodompro.com\/wp-content\/uploads\/2026\/SK0013930-CZ20260425-092328-0-1777080210-2403500-1.webp\",\"datePublished\":\"2026-04-27T04:40:48+00:00\",\"breadcrumb\":{\"@id\":\"https:\/\/www.technodompro.com\/index.php\/produkt\/aircraft-r-vibracni-bruska-delta-bruska-ds-expresni-doruceni-8179\/#breadcrumb\"},\"inLanguage\":\"cs\",\"potentialAction\":[{\"@type\":\"ReadAction\",\"target\":[\"https:\/\/www.technodompro.com\/index.php\/produkt\/aircraft-r-vibracni-bruska-delta-bruska-ds-expresni-doruceni-8179\/\"]}]},{\"@type\":\"ImageObject\",\"inLanguage\":\"cs\",\"@id\":\"https:\/\/www.technodompro.com\/index.php\/produkt\/aircraft-r-vibracni-bruska-delta-bruska-ds-expresni-doruceni-8179\/#primaryimage\",\"url\":\"https:\/\/www.technodompro.com\/wp-content\/uploads\/2026\/SK0013930-CZ20260425-092328-0-1777080210-2403500-1.webp\",\"contentUrl\":\"https:\/\/www.technodompro.com\/wp-content\/uploads\/2026\/SK0013930-CZ20260425-092328-0-1777080210-2403500-1.webp\",\"width\":520,\"height\":306},{\"@type\":\"BreadcrumbList\",\"@id\":\"https:\/\/www.technodompro.com\/index.php\/produkt\/aircraft-r-vibracni-bruska-delta-bruska-ds-expresni-doruceni-8179\/#breadcrumb\",\"itemListElement\":[{\"@type\":\"ListItem\",\"position\":1,\"name\":\"Home\",\"item\":\"https:\/\/www.technodompro.com\/\"},{\"@type\":\"ListItem\",\"position\":2,\"name\":\"Products\",\"item\":\"https:\/\/www.technodompro.com\/index.php\/products\/\"},{\"@type\":\"ListItem\",\"position\":3,\"name\":\"Aircraft\u00ae Vibra\u010dn\u00ed bruska Delta bruska DS Expresn\u00ed Doru\u010den\u00ed\"}]},{\"@type\":\"WebSite\",\"@id\":\"https:\/\/www.technodompro.com\/#website\",\"url\":\"https:\/\/www.technodompro.com\/\",\"name\":\"\",\"description\":\"\",\"potentialAction\":[{\"@type\":\"SearchAction\",\"target\":{\"@type\":\"EntryPoint\",\"urlTemplate\":\"https:\/\/www.technodompro.com\/?s={search_term_string}\"},\"query-input\":{\"@type\":\"PropertyValueSpecification\",\"valueRequired\":true,\"valueName\":\"search_term_string\"}}],\"inLanguage\":\"cs\"}]}<\/script>\n<!-- \/ Yoast SEO plugin. -->","yoast_head_json":{"title":"Aircraft\u00ae Vibra\u010dn\u00ed bruska Delta bruska DS Expresn\u00ed Doru\u010den\u00ed -","robots":{"index":"index","follow":"follow","max-snippet":"max-snippet:-1","max-image-preview":"max-image-preview:large","max-video-preview":"max-video-preview:-1"},"canonical":"https:\/\/www.technodompro.com\/index.php\/produkt\/aircraft-r-vibracni-bruska-delta-bruska-ds-expresni-doruceni-8179\/","og_locale":"cs_CZ","og_type":"article","og_title":"Aircraft\u00ae Vibra\u010dn\u00ed bruska Delta bruska DS Expresn\u00ed Doru\u010den\u00ed -","og_description":"K brou\u0161en\u00ed za sucha i za mokraSnadn\u00e1 obsluha jednou rukouT\u0159menov\u00e1 svorka k upevn\u011bn\u00ed brusn\u00e9ho pl\u00e1tna \u25bc P\u0159\u00edslu\u0161enstv\u00ed \u25bc 2403504 \/ 2403506 \/ 2403508 \/ 2403510 \/ 2403512 Max. provozn\u00ed tlak 6,3 bar Spot\u0159eba vzduchu 480 l\/min D\u00e9lka plochy rovinn\u00e9ho brou\u0161en\u00ed 95 mm \u0160\u00ed\u0159ka plochy rovinn\u00e9ho brou\u0161en\u00ed 70 mm Ot\u00e1\u010dky 11000ot\/min Hmotnost 0,8 kg","og_url":"https:\/\/www.technodompro.com\/index.php\/produkt\/aircraft-r-vibracni-bruska-delta-bruska-ds-expresni-doruceni-8179\/","og_image":[{"width":520,"height":306,"url":"https:\/\/www.technodompro.com\/wp-content\/uploads\/2026\/SK0013930-CZ20260425-092328-0-1777080210-2403500-1.webp","type":"image\/webp"}],"twitter_card":"summary_large_image","schema":{"@context":"https:\/\/schema.org","@graph":[{"@type":"WebPage","@id":"https:\/\/www.technodompro.com\/index.php\/produkt\/aircraft-r-vibracni-bruska-delta-bruska-ds-expresni-doruceni-8179\/","url":"https:\/\/www.technodompro.com\/index.php\/produkt\/aircraft-r-vibracni-bruska-delta-bruska-ds-expresni-doruceni-8179\/","name":"Aircraft\u00ae Vibra\u010dn\u00ed bruska Delta bruska DS Expresn\u00ed Doru\u010den\u00ed -","isPartOf":{"@id":"https:\/\/www.technodompro.com\/#website"},"primaryImageOfPage":{"@id":"https:\/\/www.technodompro.com\/index.php\/produkt\/aircraft-r-vibracni-bruska-delta-bruska-ds-expresni-doruceni-8179\/#primaryimage"},"image":{"@id":"https:\/\/www.technodompro.com\/index.php\/produkt\/aircraft-r-vibracni-bruska-delta-bruska-ds-expresni-doruceni-8179\/#primaryimage"},"thumbnailUrl":"https:\/\/www.technodompro.com\/wp-content\/uploads\/2026\/SK0013930-CZ20260425-092328-0-1777080210-2403500-1.webp","datePublished":"2026-04-27T04:40:48+00:00","breadcrumb":{"@id":"https:\/\/www.technodompro.com\/index.php\/produkt\/aircraft-r-vibracni-bruska-delta-bruska-ds-expresni-doruceni-8179\/#breadcrumb"},"inLanguage":"cs","potentialAction":[{"@type":"ReadAction","target":["https:\/\/www.technodompro.com\/index.php\/produkt\/aircraft-r-vibracni-bruska-delta-bruska-ds-expresni-doruceni-8179\/"]}]},{"@type":"ImageObject","inLanguage":"cs","@id":"https:\/\/www.technodompro.com\/index.php\/produkt\/aircraft-r-vibracni-bruska-delta-bruska-ds-expresni-doruceni-8179\/#primaryimage","url":"https:\/\/www.technodompro.com\/wp-content\/uploads\/2026\/SK0013930-CZ20260425-092328-0-1777080210-2403500-1.webp","contentUrl":"https:\/\/www.technodompro.com\/wp-content\/uploads\/2026\/SK0013930-CZ20260425-092328-0-1777080210-2403500-1.webp","width":520,"height":306},{"@type":"BreadcrumbList","@id":"https:\/\/www.technodompro.com\/index.php\/produkt\/aircraft-r-vibracni-bruska-delta-bruska-ds-expresni-doruceni-8179\/#breadcrumb","itemListElement":[{"@type":"ListItem","position":1,"name":"Home","item":"https:\/\/www.technodompro.com\/"},{"@type":"ListItem","position":2,"name":"Products","item":"https:\/\/www.technodompro.com\/index.php\/products\/"},{"@type":"ListItem","position":3,"name":"Aircraft\u00ae Vibra\u010dn\u00ed bruska Delta bruska DS Expresn\u00ed Doru\u010den\u00ed"}]},{"@type":"WebSite","@id":"https:\/\/www.technodompro.com\/#website","url":"https:\/\/www.technodompro.com\/","name":"","description":"","potentialAction":[{"@type":"SearchAction","target":{"@type":"EntryPoint","urlTemplate":"https:\/\/www.technodompro.com\/?s={search_term_string}"},"query-input":{"@type":"PropertyValueSpecification","valueRequired":true,"valueName":"search_term_string"}}],"inLanguage":"cs"}]}},"_links":{"self":[{"href":"https:\/\/www.technodompro.com\/index.php\/wp-json\/wp\/v2\/product\/8179","targetHints":{"allow":["GET"]}}],"collection":[{"href":"https:\/\/www.technodompro.com\/index.php\/wp-json\/wp\/v2\/product"}],"about":[{"href":"https:\/\/www.technodompro.com\/index.php\/wp-json\/wp\/v2\/types\/product"}],"replies":[{"embeddable":true,"href":"https:\/\/www.technodompro.com\/index.php\/wp-json\/wp\/v2\/comments?post=8179"}],"wp:featuredmedia":[{"embeddable":true,"href":"https:\/\/www.technodompro.com\/index.php\/wp-json\/wp\/v2\/media\/8279"}],"wp:attachment":[{"href":"https:\/\/www.technodompro.com\/index.php\/wp-json\/wp\/v2\/media?parent=8179"}],"wp:term":[{"taxonomy":"product_brand","embeddable":true,"href":"https:\/\/www.technodompro.com\/index.php\/wp-json\/wp\/v2\/product_brand?post=8179"},{"taxonomy":"product_cat","embeddable":true,"href":"https:\/\/www.technodompro.com\/index.php\/wp-json\/wp\/v2\/product_cat?post=8179"},{"taxonomy":"product_tag","embeddable":true,"href":"https:\/\/www.technodompro.com\/index.php\/wp-json\/wp\/v2\/product_tag?post=8179"}],"curies":[{"name":"wp","href":"https:\/\/api.w.org\/{rel}","templated":true}]}}