{"id":8183,"date":"2026-04-27T04:40:48","date_gmt":"2026-04-27T04:40:48","guid":{"rendered":""},"modified":"2026-04-27T04:40:48","modified_gmt":"2026-04-27T04:40:48","slug":"aircraft-r-sekaci-kladivo-mhb-pro-sada-odeslani-ihned-8183","status":"publish","type":"product","link":"https:\/\/www.technodompro.com\/index.php\/produkt\/aircraft-r-sekaci-kladivo-mhb-pro-sada-odeslani-ihned-8183\/","title":{"rendered":"Aircraft\u00ae Sekac\u00ed kladivo MHB PRO \u2013 sada Odesl\u00e1n\u00ed Ihned"},"content":{"rendered":"<table>\n<div class=\"tab-pane active product-description\" id=\"popis\" role=\"tabpanel\">\n<div class=\"short-description\" itemprop=\"description\"><\/div>\n<div class=\"description\"><span class='bullet-line'>Ide\u00e1ln\u00ed pro lehk\u00e9 stavebn\u00ed a elektroinstala\u010dn\u00ed pr\u00e1ce, v karos\u00e1\u0159stv\u00ed&#8230;<br \/><\/span><span class='bullet-line'>Nen\u00ed ur\u010deno pro sek\u00e1n\u00ed betonu.<br \/><\/span><span class='bullet-line'>V kovov\u00e9m kuf\u0159\u00edku<br \/><\/span> <\/p>\n<p> \u25bc Obsah balen\u00ed \u25bc<span class='bullet-line'>Sekac\u00ed kladivo<br \/><\/span><span class='bullet-line'>Ploch\u00fd sek\u00e1\u010d<br \/><\/span><span class='bullet-line'>\u0160pi\u010dat\u00fd sek\u00e1\u010d (o\u0161krt)<br \/><\/span> <br \/> \u25bc P\u0159\u00edslu\u0161enstv\u00ed \u25bc<br \/> 2402101 \/ 2402384 \/ 2402383 \/ 2402243 \/ 2402381 \/ 2402239 \/ 2402382 \/ 2402227 \/ 2402103 \/ 2402600<\/div>\n<div class=\"parameters\">\n<tr>\n<td>Max. provozn\u00ed tlak<\/td>\n<td>6 bar<\/td>\n<\/tr>\n<tr>\n<td>Spot\u0159eba vzduchu<\/td>\n<td>240 l\/min<\/td>\n<\/tr>\n<tr>\n<td>Rychlost \u00fader\u016f<\/td>\n<td>2200 \u00fader\u016f\/min<\/td>\n<\/tr>\n<tr>\n<td>Upnut\u00ed<\/td>\n<td>10 mm \u0161estihran<\/td>\n<\/tr>\n<tr>\n<td>Hmotnost<\/td>\n<td>2 kg<\/td>\n<\/tr><\/div>\n<\/table>\n","protected":false},"excerpt":{"rendered":"<p>Ide\u00e1ln\u00ed pro lehk\u00e9 stavebn\u00ed a elektroinstala\u010dn\u00ed pr\u00e1ce, v karos\u00e1\u0159stv\u00ed&#8230;Nen\u00ed ur\u010deno pro sek\u00e1n\u00ed betonu.V kovov\u00e9m kuf\u0159\u00edku \u25bc Obsah balen\u00ed \u25bcSekac\u00ed kladivoPloch\u00fd sek\u00e1\u010d\u0160pi\u010dat\u00fd sek\u00e1\u010d (o\u0161krt) \u25bc P\u0159\u00edslu\u0161enstv\u00ed \u25bc 2402101 \/ 2402384 \/ 2402383 \/ 2402243 \/ 2402381 \/ 2402239 \/ 2402382 \/ 2402227 \/ 2402103 \/ 2402600 Max. provozn\u00ed tlak 6 bar Spot\u0159eba vzduchu 240 l\/min Rychlost [&hellip;]<\/p>\n","protected":false},"featured_media":8283,"comment_status":"open","ping_status":"open","template":"","meta":[],"product_brand":[],"product_cat":[45],"product_tag":[],"class_list":{"0":"post-8183","1":"product","2":"type-product","3":"status-publish","4":"has-post-thumbnail","6":"product_cat-naradi","8":"first","9":"instock","10":"sale","11":"shipping-taxable","12":"purchasable","13":"product-type-simple"},"yoast_head":"<!-- This site is optimized with the Yoast SEO plugin v26.8 - https:\/\/yoast.com\/product\/yoast-seo-wordpress\/ -->\n<title>Aircraft\u00ae Sekac\u00ed kladivo MHB PRO \u2013 sada Odesl\u00e1n\u00ed Ihned -<\/title>\n<meta name=\"robots\" content=\"index, follow, max-snippet:-1, max-image-preview:large, max-video-preview:-1\" \/>\n<link rel=\"canonical\" href=\"https:\/\/www.technodompro.com\/index.php\/produkt\/aircraft-r-sekaci-kladivo-mhb-pro-sada-odeslani-ihned-8183\/\" \/>\n<meta property=\"og:locale\" content=\"cs_CZ\" \/>\n<meta property=\"og:type\" content=\"article\" \/>\n<meta property=\"og:title\" content=\"Aircraft\u00ae Sekac\u00ed kladivo MHB PRO \u2013 sada Odesl\u00e1n\u00ed Ihned -\" \/>\n<meta property=\"og:description\" content=\"Ide\u00e1ln\u00ed pro lehk\u00e9 stavebn\u00ed a elektroinstala\u010dn\u00ed pr\u00e1ce, v karos\u00e1\u0159stv\u00ed&#8230;Nen\u00ed ur\u010deno pro sek\u00e1n\u00ed betonu.V kovov\u00e9m kuf\u0159\u00edku \u25bc Obsah balen\u00ed \u25bcSekac\u00ed kladivoPloch\u00fd sek\u00e1\u010d\u0160pi\u010dat\u00fd sek\u00e1\u010d (o\u0161krt) \u25bc P\u0159\u00edslu\u0161enstv\u00ed \u25bc 2402101 \/ 2402384 \/ 2402383 \/ 2402243 \/ 2402381 \/ 2402239 \/ 2402382 \/ 2402227 \/ 2402103 \/ 2402600 Max. provozn\u00ed tlak 6 bar Spot\u0159eba vzduchu 240 l\/min Rychlost [&hellip;]\" \/>\n<meta property=\"og:url\" content=\"https:\/\/www.technodompro.com\/index.php\/produkt\/aircraft-r-sekaci-kladivo-mhb-pro-sada-odeslani-ihned-8183\/\" \/>\n<meta property=\"og:image\" content=\"https:\/\/www.technodompro.com\/wp-content\/uploads\/2026\/SK0013934-CZ20260425-092328-0-1777080210-2402300-1.webp\" \/>\n\t<meta property=\"og:image:width\" content=\"650\" \/>\n\t<meta property=\"og:image:height\" content=\"399\" \/>\n\t<meta property=\"og:image:type\" content=\"image\/webp\" \/>\n<meta name=\"twitter:card\" content=\"summary_large_image\" \/>\n<script type=\"application\/ld+json\" class=\"yoast-schema-graph\">{\"@context\":\"https:\/\/schema.org\",\"@graph\":[{\"@type\":\"WebPage\",\"@id\":\"https:\/\/www.technodompro.com\/index.php\/produkt\/aircraft-r-sekaci-kladivo-mhb-pro-sada-odeslani-ihned-8183\/\",\"url\":\"https:\/\/www.technodompro.com\/index.php\/produkt\/aircraft-r-sekaci-kladivo-mhb-pro-sada-odeslani-ihned-8183\/\",\"name\":\"Aircraft\u00ae Sekac\u00ed kladivo MHB PRO \u2013 sada Odesl\u00e1n\u00ed Ihned -\",\"isPartOf\":{\"@id\":\"https:\/\/www.technodompro.com\/#website\"},\"primaryImageOfPage\":{\"@id\":\"https:\/\/www.technodompro.com\/index.php\/produkt\/aircraft-r-sekaci-kladivo-mhb-pro-sada-odeslani-ihned-8183\/#primaryimage\"},\"image\":{\"@id\":\"https:\/\/www.technodompro.com\/index.php\/produkt\/aircraft-r-sekaci-kladivo-mhb-pro-sada-odeslani-ihned-8183\/#primaryimage\"},\"thumbnailUrl\":\"https:\/\/www.technodompro.com\/wp-content\/uploads\/2026\/SK0013934-CZ20260425-092328-0-1777080210-2402300-1.webp\",\"datePublished\":\"2026-04-27T04:40:48+00:00\",\"breadcrumb\":{\"@id\":\"https:\/\/www.technodompro.com\/index.php\/produkt\/aircraft-r-sekaci-kladivo-mhb-pro-sada-odeslani-ihned-8183\/#breadcrumb\"},\"inLanguage\":\"cs\",\"potentialAction\":[{\"@type\":\"ReadAction\",\"target\":[\"https:\/\/www.technodompro.com\/index.php\/produkt\/aircraft-r-sekaci-kladivo-mhb-pro-sada-odeslani-ihned-8183\/\"]}]},{\"@type\":\"ImageObject\",\"inLanguage\":\"cs\",\"@id\":\"https:\/\/www.technodompro.com\/index.php\/produkt\/aircraft-r-sekaci-kladivo-mhb-pro-sada-odeslani-ihned-8183\/#primaryimage\",\"url\":\"https:\/\/www.technodompro.com\/wp-content\/uploads\/2026\/SK0013934-CZ20260425-092328-0-1777080210-2402300-1.webp\",\"contentUrl\":\"https:\/\/www.technodompro.com\/wp-content\/uploads\/2026\/SK0013934-CZ20260425-092328-0-1777080210-2402300-1.webp\",\"width\":650,\"height\":399},{\"@type\":\"BreadcrumbList\",\"@id\":\"https:\/\/www.technodompro.com\/index.php\/produkt\/aircraft-r-sekaci-kladivo-mhb-pro-sada-odeslani-ihned-8183\/#breadcrumb\",\"itemListElement\":[{\"@type\":\"ListItem\",\"position\":1,\"name\":\"Home\",\"item\":\"https:\/\/www.technodompro.com\/\"},{\"@type\":\"ListItem\",\"position\":2,\"name\":\"Products\",\"item\":\"https:\/\/www.technodompro.com\/index.php\/products\/\"},{\"@type\":\"ListItem\",\"position\":3,\"name\":\"Aircraft\u00ae Sekac\u00ed kladivo MHB PRO \u2013 sada Odesl\u00e1n\u00ed Ihned\"}]},{\"@type\":\"WebSite\",\"@id\":\"https:\/\/www.technodompro.com\/#website\",\"url\":\"https:\/\/www.technodompro.com\/\",\"name\":\"\",\"description\":\"\",\"potentialAction\":[{\"@type\":\"SearchAction\",\"target\":{\"@type\":\"EntryPoint\",\"urlTemplate\":\"https:\/\/www.technodompro.com\/?s={search_term_string}\"},\"query-input\":{\"@type\":\"PropertyValueSpecification\",\"valueRequired\":true,\"valueName\":\"search_term_string\"}}],\"inLanguage\":\"cs\"}]}<\/script>\n<!-- \/ Yoast SEO plugin. -->","yoast_head_json":{"title":"Aircraft\u00ae Sekac\u00ed kladivo MHB PRO \u2013 sada Odesl\u00e1n\u00ed Ihned -","robots":{"index":"index","follow":"follow","max-snippet":"max-snippet:-1","max-image-preview":"max-image-preview:large","max-video-preview":"max-video-preview:-1"},"canonical":"https:\/\/www.technodompro.com\/index.php\/produkt\/aircraft-r-sekaci-kladivo-mhb-pro-sada-odeslani-ihned-8183\/","og_locale":"cs_CZ","og_type":"article","og_title":"Aircraft\u00ae Sekac\u00ed kladivo MHB PRO \u2013 sada Odesl\u00e1n\u00ed Ihned -","og_description":"Ide\u00e1ln\u00ed pro lehk\u00e9 stavebn\u00ed a elektroinstala\u010dn\u00ed pr\u00e1ce, v karos\u00e1\u0159stv\u00ed&#8230;Nen\u00ed ur\u010deno pro sek\u00e1n\u00ed betonu.V kovov\u00e9m kuf\u0159\u00edku \u25bc Obsah balen\u00ed \u25bcSekac\u00ed kladivoPloch\u00fd sek\u00e1\u010d\u0160pi\u010dat\u00fd sek\u00e1\u010d (o\u0161krt) \u25bc P\u0159\u00edslu\u0161enstv\u00ed \u25bc 2402101 \/ 2402384 \/ 2402383 \/ 2402243 \/ 2402381 \/ 2402239 \/ 2402382 \/ 2402227 \/ 2402103 \/ 2402600 Max. provozn\u00ed tlak 6 bar Spot\u0159eba vzduchu 240 l\/min Rychlost [&hellip;]","og_url":"https:\/\/www.technodompro.com\/index.php\/produkt\/aircraft-r-sekaci-kladivo-mhb-pro-sada-odeslani-ihned-8183\/","og_image":[{"width":650,"height":399,"url":"https:\/\/www.technodompro.com\/wp-content\/uploads\/2026\/SK0013934-CZ20260425-092328-0-1777080210-2402300-1.webp","type":"image\/webp"}],"twitter_card":"summary_large_image","schema":{"@context":"https:\/\/schema.org","@graph":[{"@type":"WebPage","@id":"https:\/\/www.technodompro.com\/index.php\/produkt\/aircraft-r-sekaci-kladivo-mhb-pro-sada-odeslani-ihned-8183\/","url":"https:\/\/www.technodompro.com\/index.php\/produkt\/aircraft-r-sekaci-kladivo-mhb-pro-sada-odeslani-ihned-8183\/","name":"Aircraft\u00ae Sekac\u00ed kladivo MHB PRO \u2013 sada Odesl\u00e1n\u00ed Ihned -","isPartOf":{"@id":"https:\/\/www.technodompro.com\/#website"},"primaryImageOfPage":{"@id":"https:\/\/www.technodompro.com\/index.php\/produkt\/aircraft-r-sekaci-kladivo-mhb-pro-sada-odeslani-ihned-8183\/#primaryimage"},"image":{"@id":"https:\/\/www.technodompro.com\/index.php\/produkt\/aircraft-r-sekaci-kladivo-mhb-pro-sada-odeslani-ihned-8183\/#primaryimage"},"thumbnailUrl":"https:\/\/www.technodompro.com\/wp-content\/uploads\/2026\/SK0013934-CZ20260425-092328-0-1777080210-2402300-1.webp","datePublished":"2026-04-27T04:40:48+00:00","breadcrumb":{"@id":"https:\/\/www.technodompro.com\/index.php\/produkt\/aircraft-r-sekaci-kladivo-mhb-pro-sada-odeslani-ihned-8183\/#breadcrumb"},"inLanguage":"cs","potentialAction":[{"@type":"ReadAction","target":["https:\/\/www.technodompro.com\/index.php\/produkt\/aircraft-r-sekaci-kladivo-mhb-pro-sada-odeslani-ihned-8183\/"]}]},{"@type":"ImageObject","inLanguage":"cs","@id":"https:\/\/www.technodompro.com\/index.php\/produkt\/aircraft-r-sekaci-kladivo-mhb-pro-sada-odeslani-ihned-8183\/#primaryimage","url":"https:\/\/www.technodompro.com\/wp-content\/uploads\/2026\/SK0013934-CZ20260425-092328-0-1777080210-2402300-1.webp","contentUrl":"https:\/\/www.technodompro.com\/wp-content\/uploads\/2026\/SK0013934-CZ20260425-092328-0-1777080210-2402300-1.webp","width":650,"height":399},{"@type":"BreadcrumbList","@id":"https:\/\/www.technodompro.com\/index.php\/produkt\/aircraft-r-sekaci-kladivo-mhb-pro-sada-odeslani-ihned-8183\/#breadcrumb","itemListElement":[{"@type":"ListItem","position":1,"name":"Home","item":"https:\/\/www.technodompro.com\/"},{"@type":"ListItem","position":2,"name":"Products","item":"https:\/\/www.technodompro.com\/index.php\/products\/"},{"@type":"ListItem","position":3,"name":"Aircraft\u00ae Sekac\u00ed kladivo MHB PRO \u2013 sada Odesl\u00e1n\u00ed Ihned"}]},{"@type":"WebSite","@id":"https:\/\/www.technodompro.com\/#website","url":"https:\/\/www.technodompro.com\/","name":"","description":"","potentialAction":[{"@type":"SearchAction","target":{"@type":"EntryPoint","urlTemplate":"https:\/\/www.technodompro.com\/?s={search_term_string}"},"query-input":{"@type":"PropertyValueSpecification","valueRequired":true,"valueName":"search_term_string"}}],"inLanguage":"cs"}]}},"_links":{"self":[{"href":"https:\/\/www.technodompro.com\/index.php\/wp-json\/wp\/v2\/product\/8183","targetHints":{"allow":["GET"]}}],"collection":[{"href":"https:\/\/www.technodompro.com\/index.php\/wp-json\/wp\/v2\/product"}],"about":[{"href":"https:\/\/www.technodompro.com\/index.php\/wp-json\/wp\/v2\/types\/product"}],"replies":[{"embeddable":true,"href":"https:\/\/www.technodompro.com\/index.php\/wp-json\/wp\/v2\/comments?post=8183"}],"wp:featuredmedia":[{"embeddable":true,"href":"https:\/\/www.technodompro.com\/index.php\/wp-json\/wp\/v2\/media\/8283"}],"wp:attachment":[{"href":"https:\/\/www.technodompro.com\/index.php\/wp-json\/wp\/v2\/media?parent=8183"}],"wp:term":[{"taxonomy":"product_brand","embeddable":true,"href":"https:\/\/www.technodompro.com\/index.php\/wp-json\/wp\/v2\/product_brand?post=8183"},{"taxonomy":"product_cat","embeddable":true,"href":"https:\/\/www.technodompro.com\/index.php\/wp-json\/wp\/v2\/product_cat?post=8183"},{"taxonomy":"product_tag","embeddable":true,"href":"https:\/\/www.technodompro.com\/index.php\/wp-json\/wp\/v2\/product_tag?post=8183"}],"curies":[{"name":"wp","href":"https:\/\/api.w.org\/{rel}","templated":true}]}}