{"id":8329,"date":"2026-04-27T04:40:48","date_gmt":"2026-04-27T04:40:48","guid":{"rendered":""},"modified":"2026-04-27T04:40:48","modified_gmt":"2026-04-27T04:40:48","slug":"aircraft-r-hadicova-vsuvka-6-mm-1-2-ag-nejprodavanejsi-8329","status":"publish","type":"product","link":"https:\/\/www.technodompro.com\/index.php\/produkt\/aircraft-r-hadicova-vsuvka-6-mm-1-2-ag-nejprodavanejsi-8329\/","title":{"rendered":"Aircraft\u00ae Hadicov\u00e1 vsuvka 6 mm, 1\/2&#8220; AG Nejprod\u00e1van\u011bj\u0161\u00ed"},"content":{"rendered":"<table>\n<div class=\"tab-pane active product-description\" id=\"popis\" role=\"tabpanel\">\n<div class=\"short-description\" itemprop=\"description\"><\/div>\n<div class=\"description\">K tomuto produktu nen\u00ed zad\u00e1n popis.<\/div>\n<\/table>\n","protected":false},"excerpt":{"rendered":"<p>K tomuto produktu nen\u00ed zad\u00e1n popis.<\/p>\n","protected":false},"featured_media":8429,"comment_status":"open","ping_status":"open","template":"","meta":[],"product_brand":[],"product_cat":[45],"product_tag":[],"class_list":{"0":"post-8329","1":"product","2":"type-product","3":"status-publish","4":"has-post-thumbnail","6":"product_cat-naradi","8":"first","9":"instock","10":"sale","11":"shipping-taxable","12":"purchasable","13":"product-type-simple"},"yoast_head":"<!-- This site is optimized with the Yoast SEO plugin v26.8 - https:\/\/yoast.com\/product\/yoast-seo-wordpress\/ -->\n<title>Aircraft\u00ae Hadicov\u00e1 vsuvka 6 mm, 1\/2&#039;&#039; AG Nejprod\u00e1van\u011bj\u0161\u00ed -<\/title>\n<meta name=\"robots\" content=\"index, follow, max-snippet:-1, max-image-preview:large, max-video-preview:-1\" \/>\n<link rel=\"canonical\" href=\"https:\/\/www.technodompro.com\/index.php\/produkt\/aircraft-r-hadicova-vsuvka-6-mm-1-2-ag-nejprodavanejsi-8329\/\" \/>\n<meta property=\"og:locale\" content=\"cs_CZ\" \/>\n<meta property=\"og:type\" content=\"article\" \/>\n<meta property=\"og:title\" content=\"Aircraft\u00ae Hadicov\u00e1 vsuvka 6 mm, 1\/2&#039;&#039; AG Nejprod\u00e1van\u011bj\u0161\u00ed -\" \/>\n<meta property=\"og:description\" content=\"K tomuto produktu nen\u00ed zad\u00e1n popis.\" \/>\n<meta property=\"og:url\" content=\"https:\/\/www.technodompro.com\/index.php\/produkt\/aircraft-r-hadicova-vsuvka-6-mm-1-2-ag-nejprodavanejsi-8329\/\" \/>\n<meta property=\"og:image\" content=\"https:\/\/www.technodompro.com\/wp-content\/uploads\/2026\/SK0013980-CZ20260425-092328-0-1777080210-2200171-1.webp\" \/>\n\t<meta property=\"og:image:width\" content=\"550\" \/>\n\t<meta property=\"og:image:height\" content=\"410\" \/>\n\t<meta property=\"og:image:type\" content=\"image\/webp\" \/>\n<meta name=\"twitter:card\" content=\"summary_large_image\" \/>\n<script type=\"application\/ld+json\" class=\"yoast-schema-graph\">{\"@context\":\"https:\/\/schema.org\",\"@graph\":[{\"@type\":\"WebPage\",\"@id\":\"https:\/\/www.technodompro.com\/index.php\/produkt\/aircraft-r-hadicova-vsuvka-6-mm-1-2-ag-nejprodavanejsi-8329\/\",\"url\":\"https:\/\/www.technodompro.com\/index.php\/produkt\/aircraft-r-hadicova-vsuvka-6-mm-1-2-ag-nejprodavanejsi-8329\/\",\"name\":\"Aircraft\u00ae Hadicov\u00e1 vsuvka 6 mm, 1\/2'' AG Nejprod\u00e1van\u011bj\u0161\u00ed -\",\"isPartOf\":{\"@id\":\"https:\/\/www.technodompro.com\/#website\"},\"primaryImageOfPage\":{\"@id\":\"https:\/\/www.technodompro.com\/index.php\/produkt\/aircraft-r-hadicova-vsuvka-6-mm-1-2-ag-nejprodavanejsi-8329\/#primaryimage\"},\"image\":{\"@id\":\"https:\/\/www.technodompro.com\/index.php\/produkt\/aircraft-r-hadicova-vsuvka-6-mm-1-2-ag-nejprodavanejsi-8329\/#primaryimage\"},\"thumbnailUrl\":\"https:\/\/www.technodompro.com\/wp-content\/uploads\/2026\/SK0013980-CZ20260425-092328-0-1777080210-2200171-1.webp\",\"datePublished\":\"2026-04-27T04:40:48+00:00\",\"breadcrumb\":{\"@id\":\"https:\/\/www.technodompro.com\/index.php\/produkt\/aircraft-r-hadicova-vsuvka-6-mm-1-2-ag-nejprodavanejsi-8329\/#breadcrumb\"},\"inLanguage\":\"cs\",\"potentialAction\":[{\"@type\":\"ReadAction\",\"target\":[\"https:\/\/www.technodompro.com\/index.php\/produkt\/aircraft-r-hadicova-vsuvka-6-mm-1-2-ag-nejprodavanejsi-8329\/\"]}]},{\"@type\":\"ImageObject\",\"inLanguage\":\"cs\",\"@id\":\"https:\/\/www.technodompro.com\/index.php\/produkt\/aircraft-r-hadicova-vsuvka-6-mm-1-2-ag-nejprodavanejsi-8329\/#primaryimage\",\"url\":\"https:\/\/www.technodompro.com\/wp-content\/uploads\/2026\/SK0013980-CZ20260425-092328-0-1777080210-2200171-1.webp\",\"contentUrl\":\"https:\/\/www.technodompro.com\/wp-content\/uploads\/2026\/SK0013980-CZ20260425-092328-0-1777080210-2200171-1.webp\",\"width\":550,\"height\":410},{\"@type\":\"BreadcrumbList\",\"@id\":\"https:\/\/www.technodompro.com\/index.php\/produkt\/aircraft-r-hadicova-vsuvka-6-mm-1-2-ag-nejprodavanejsi-8329\/#breadcrumb\",\"itemListElement\":[{\"@type\":\"ListItem\",\"position\":1,\"name\":\"Home\",\"item\":\"https:\/\/www.technodompro.com\/\"},{\"@type\":\"ListItem\",\"position\":2,\"name\":\"Products\",\"item\":\"https:\/\/www.technodompro.com\/index.php\/products\/\"},{\"@type\":\"ListItem\",\"position\":3,\"name\":\"Aircraft\u00ae Hadicov\u00e1 vsuvka 6 mm, 1\/2&#8220; AG Nejprod\u00e1van\u011bj\u0161\u00ed\"}]},{\"@type\":\"WebSite\",\"@id\":\"https:\/\/www.technodompro.com\/#website\",\"url\":\"https:\/\/www.technodompro.com\/\",\"name\":\"\",\"description\":\"\",\"potentialAction\":[{\"@type\":\"SearchAction\",\"target\":{\"@type\":\"EntryPoint\",\"urlTemplate\":\"https:\/\/www.technodompro.com\/?s={search_term_string}\"},\"query-input\":{\"@type\":\"PropertyValueSpecification\",\"valueRequired\":true,\"valueName\":\"search_term_string\"}}],\"inLanguage\":\"cs\"}]}<\/script>\n<!-- \/ Yoast SEO plugin. -->","yoast_head_json":{"title":"Aircraft\u00ae Hadicov\u00e1 vsuvka 6 mm, 1\/2'' AG Nejprod\u00e1van\u011bj\u0161\u00ed -","robots":{"index":"index","follow":"follow","max-snippet":"max-snippet:-1","max-image-preview":"max-image-preview:large","max-video-preview":"max-video-preview:-1"},"canonical":"https:\/\/www.technodompro.com\/index.php\/produkt\/aircraft-r-hadicova-vsuvka-6-mm-1-2-ag-nejprodavanejsi-8329\/","og_locale":"cs_CZ","og_type":"article","og_title":"Aircraft\u00ae Hadicov\u00e1 vsuvka 6 mm, 1\/2'' AG Nejprod\u00e1van\u011bj\u0161\u00ed -","og_description":"K tomuto produktu nen\u00ed zad\u00e1n popis.","og_url":"https:\/\/www.technodompro.com\/index.php\/produkt\/aircraft-r-hadicova-vsuvka-6-mm-1-2-ag-nejprodavanejsi-8329\/","og_image":[{"width":550,"height":410,"url":"https:\/\/www.technodompro.com\/wp-content\/uploads\/2026\/SK0013980-CZ20260425-092328-0-1777080210-2200171-1.webp","type":"image\/webp"}],"twitter_card":"summary_large_image","schema":{"@context":"https:\/\/schema.org","@graph":[{"@type":"WebPage","@id":"https:\/\/www.technodompro.com\/index.php\/produkt\/aircraft-r-hadicova-vsuvka-6-mm-1-2-ag-nejprodavanejsi-8329\/","url":"https:\/\/www.technodompro.com\/index.php\/produkt\/aircraft-r-hadicova-vsuvka-6-mm-1-2-ag-nejprodavanejsi-8329\/","name":"Aircraft\u00ae Hadicov\u00e1 vsuvka 6 mm, 1\/2'' AG Nejprod\u00e1van\u011bj\u0161\u00ed -","isPartOf":{"@id":"https:\/\/www.technodompro.com\/#website"},"primaryImageOfPage":{"@id":"https:\/\/www.technodompro.com\/index.php\/produkt\/aircraft-r-hadicova-vsuvka-6-mm-1-2-ag-nejprodavanejsi-8329\/#primaryimage"},"image":{"@id":"https:\/\/www.technodompro.com\/index.php\/produkt\/aircraft-r-hadicova-vsuvka-6-mm-1-2-ag-nejprodavanejsi-8329\/#primaryimage"},"thumbnailUrl":"https:\/\/www.technodompro.com\/wp-content\/uploads\/2026\/SK0013980-CZ20260425-092328-0-1777080210-2200171-1.webp","datePublished":"2026-04-27T04:40:48+00:00","breadcrumb":{"@id":"https:\/\/www.technodompro.com\/index.php\/produkt\/aircraft-r-hadicova-vsuvka-6-mm-1-2-ag-nejprodavanejsi-8329\/#breadcrumb"},"inLanguage":"cs","potentialAction":[{"@type":"ReadAction","target":["https:\/\/www.technodompro.com\/index.php\/produkt\/aircraft-r-hadicova-vsuvka-6-mm-1-2-ag-nejprodavanejsi-8329\/"]}]},{"@type":"ImageObject","inLanguage":"cs","@id":"https:\/\/www.technodompro.com\/index.php\/produkt\/aircraft-r-hadicova-vsuvka-6-mm-1-2-ag-nejprodavanejsi-8329\/#primaryimage","url":"https:\/\/www.technodompro.com\/wp-content\/uploads\/2026\/SK0013980-CZ20260425-092328-0-1777080210-2200171-1.webp","contentUrl":"https:\/\/www.technodompro.com\/wp-content\/uploads\/2026\/SK0013980-CZ20260425-092328-0-1777080210-2200171-1.webp","width":550,"height":410},{"@type":"BreadcrumbList","@id":"https:\/\/www.technodompro.com\/index.php\/produkt\/aircraft-r-hadicova-vsuvka-6-mm-1-2-ag-nejprodavanejsi-8329\/#breadcrumb","itemListElement":[{"@type":"ListItem","position":1,"name":"Home","item":"https:\/\/www.technodompro.com\/"},{"@type":"ListItem","position":2,"name":"Products","item":"https:\/\/www.technodompro.com\/index.php\/products\/"},{"@type":"ListItem","position":3,"name":"Aircraft\u00ae Hadicov\u00e1 vsuvka 6 mm, 1\/2&#8220; AG Nejprod\u00e1van\u011bj\u0161\u00ed"}]},{"@type":"WebSite","@id":"https:\/\/www.technodompro.com\/#website","url":"https:\/\/www.technodompro.com\/","name":"","description":"","potentialAction":[{"@type":"SearchAction","target":{"@type":"EntryPoint","urlTemplate":"https:\/\/www.technodompro.com\/?s={search_term_string}"},"query-input":{"@type":"PropertyValueSpecification","valueRequired":true,"valueName":"search_term_string"}}],"inLanguage":"cs"}]}},"_links":{"self":[{"href":"https:\/\/www.technodompro.com\/index.php\/wp-json\/wp\/v2\/product\/8329","targetHints":{"allow":["GET"]}}],"collection":[{"href":"https:\/\/www.technodompro.com\/index.php\/wp-json\/wp\/v2\/product"}],"about":[{"href":"https:\/\/www.technodompro.com\/index.php\/wp-json\/wp\/v2\/types\/product"}],"replies":[{"embeddable":true,"href":"https:\/\/www.technodompro.com\/index.php\/wp-json\/wp\/v2\/comments?post=8329"}],"wp:featuredmedia":[{"embeddable":true,"href":"https:\/\/www.technodompro.com\/index.php\/wp-json\/wp\/v2\/media\/8429"}],"wp:attachment":[{"href":"https:\/\/www.technodompro.com\/index.php\/wp-json\/wp\/v2\/media?parent=8329"}],"wp:term":[{"taxonomy":"product_brand","embeddable":true,"href":"https:\/\/www.technodompro.com\/index.php\/wp-json\/wp\/v2\/product_brand?post=8329"},{"taxonomy":"product_cat","embeddable":true,"href":"https:\/\/www.technodompro.com\/index.php\/wp-json\/wp\/v2\/product_cat?post=8329"},{"taxonomy":"product_tag","embeddable":true,"href":"https:\/\/www.technodompro.com\/index.php\/wp-json\/wp\/v2\/product_tag?post=8329"}],"curies":[{"name":"wp","href":"https:\/\/api.w.org\/{rel}","templated":true}]}}