{"id":8502,"date":"2026-04-27T04:40:49","date_gmt":"2026-04-27T04:40:49","guid":{"rendered":""},"modified":"2026-04-27T04:40:49","modified_gmt":"2026-04-27T04:40:49","slug":"aircraft-r-hrebiky-typ-f-15-mm-5-000-ks-tovarni-cena-8502","status":"publish","type":"product","link":"https:\/\/www.technodompro.com\/index.php\/produkt\/aircraft-r-hrebiky-typ-f-15-mm-5-000-ks-tovarni-cena-8502\/","title":{"rendered":"Aircraft\u00ae H\u0159eb\u00edky Typ F, 15 mm (5 000 ks) Tov\u00e1rn\u00ed Cena"},"content":{"rendered":"<table>\n<div class=\"tab-pane active product-description\" id=\"popis\" role=\"tabpanel\">\n<div class=\"short-description\" itemprop=\"description\"><\/div>\n<div class=\"description\">\u25bc Obsah balen\u00ed \u25bc<span class='bullet-line'>Balen\u00ed 5000 ks<\/span><\/div>\n<div class=\"parameters\">\n<tr>\n<td>Pr\u016fm\u011br<\/td>\n<td>1,05 mm<\/td>\n<\/tr>\n<tr>\n<td>Celkov\u00e1 d\u00e9lka<\/td>\n<td>15mm<\/td>\n<\/tr><\/div>\n<\/table>\n","protected":false},"excerpt":{"rendered":"<p>\u25bc Obsah balen\u00ed \u25bcBalen\u00ed 5000 ks Pr\u016fm\u011br 1,05 mm Celkov\u00e1 d\u00e9lka 15mm<\/p>\n","protected":false},"featured_media":8602,"comment_status":"open","ping_status":"open","template":"","meta":[],"product_brand":[],"product_cat":[45],"product_tag":[],"class_list":{"0":"post-8502","1":"product","2":"type-product","3":"status-publish","4":"has-post-thumbnail","6":"product_cat-naradi","8":"first","9":"instock","10":"sale","11":"shipping-taxable","12":"purchasable","13":"product-type-simple"},"yoast_head":"<!-- This site is optimized with the Yoast SEO plugin v26.8 - https:\/\/yoast.com\/product\/yoast-seo-wordpress\/ -->\n<title>Aircraft\u00ae H\u0159eb\u00edky Typ F, 15 mm (5 000 ks) Tov\u00e1rn\u00ed Cena -<\/title>\n<meta name=\"robots\" content=\"index, follow, max-snippet:-1, max-image-preview:large, max-video-preview:-1\" \/>\n<link rel=\"canonical\" href=\"https:\/\/www.technodompro.com\/index.php\/produkt\/aircraft-r-hrebiky-typ-f-15-mm-5-000-ks-tovarni-cena-8502\/\" \/>\n<meta property=\"og:locale\" content=\"cs_CZ\" \/>\n<meta property=\"og:type\" content=\"article\" \/>\n<meta property=\"og:title\" content=\"Aircraft\u00ae H\u0159eb\u00edky Typ F, 15 mm (5 000 ks) Tov\u00e1rn\u00ed Cena -\" \/>\n<meta property=\"og:description\" content=\"\u25bc Obsah balen\u00ed \u25bcBalen\u00ed 5000 ks Pr\u016fm\u011br 1,05 mm Celkov\u00e1 d\u00e9lka 15mm\" \/>\n<meta property=\"og:url\" content=\"https:\/\/www.technodompro.com\/index.php\/produkt\/aircraft-r-hrebiky-typ-f-15-mm-5-000-ks-tovarni-cena-8502\/\" \/>\n<meta property=\"og:image\" content=\"https:\/\/www.technodompro.com\/wp-content\/uploads\/2026\/SK0014053-CZ20260425-092328-0-1777080210-2405515-1.webp\" \/>\n\t<meta property=\"og:image:width\" content=\"24\" \/>\n\t<meta property=\"og:image:height\" content=\"300\" \/>\n\t<meta property=\"og:image:type\" content=\"image\/webp\" \/>\n<meta name=\"twitter:card\" content=\"summary_large_image\" \/>\n<script type=\"application\/ld+json\" class=\"yoast-schema-graph\">{\"@context\":\"https:\/\/schema.org\",\"@graph\":[{\"@type\":\"WebPage\",\"@id\":\"https:\/\/www.technodompro.com\/index.php\/produkt\/aircraft-r-hrebiky-typ-f-15-mm-5-000-ks-tovarni-cena-8502\/\",\"url\":\"https:\/\/www.technodompro.com\/index.php\/produkt\/aircraft-r-hrebiky-typ-f-15-mm-5-000-ks-tovarni-cena-8502\/\",\"name\":\"Aircraft\u00ae H\u0159eb\u00edky Typ F, 15 mm (5 000 ks) Tov\u00e1rn\u00ed Cena -\",\"isPartOf\":{\"@id\":\"https:\/\/www.technodompro.com\/#website\"},\"primaryImageOfPage\":{\"@id\":\"https:\/\/www.technodompro.com\/index.php\/produkt\/aircraft-r-hrebiky-typ-f-15-mm-5-000-ks-tovarni-cena-8502\/#primaryimage\"},\"image\":{\"@id\":\"https:\/\/www.technodompro.com\/index.php\/produkt\/aircraft-r-hrebiky-typ-f-15-mm-5-000-ks-tovarni-cena-8502\/#primaryimage\"},\"thumbnailUrl\":\"https:\/\/www.technodompro.com\/wp-content\/uploads\/2026\/SK0014053-CZ20260425-092328-0-1777080210-2405515-1.webp\",\"datePublished\":\"2026-04-27T04:40:49+00:00\",\"breadcrumb\":{\"@id\":\"https:\/\/www.technodompro.com\/index.php\/produkt\/aircraft-r-hrebiky-typ-f-15-mm-5-000-ks-tovarni-cena-8502\/#breadcrumb\"},\"inLanguage\":\"cs\",\"potentialAction\":[{\"@type\":\"ReadAction\",\"target\":[\"https:\/\/www.technodompro.com\/index.php\/produkt\/aircraft-r-hrebiky-typ-f-15-mm-5-000-ks-tovarni-cena-8502\/\"]}]},{\"@type\":\"ImageObject\",\"inLanguage\":\"cs\",\"@id\":\"https:\/\/www.technodompro.com\/index.php\/produkt\/aircraft-r-hrebiky-typ-f-15-mm-5-000-ks-tovarni-cena-8502\/#primaryimage\",\"url\":\"https:\/\/www.technodompro.com\/wp-content\/uploads\/2026\/SK0014053-CZ20260425-092328-0-1777080210-2405515-1.webp\",\"contentUrl\":\"https:\/\/www.technodompro.com\/wp-content\/uploads\/2026\/SK0014053-CZ20260425-092328-0-1777080210-2405515-1.webp\",\"width\":24,\"height\":300},{\"@type\":\"BreadcrumbList\",\"@id\":\"https:\/\/www.technodompro.com\/index.php\/produkt\/aircraft-r-hrebiky-typ-f-15-mm-5-000-ks-tovarni-cena-8502\/#breadcrumb\",\"itemListElement\":[{\"@type\":\"ListItem\",\"position\":1,\"name\":\"Home\",\"item\":\"https:\/\/www.technodompro.com\/\"},{\"@type\":\"ListItem\",\"position\":2,\"name\":\"Products\",\"item\":\"https:\/\/www.technodompro.com\/index.php\/products\/\"},{\"@type\":\"ListItem\",\"position\":3,\"name\":\"Aircraft\u00ae H\u0159eb\u00edky Typ F, 15 mm (5 000 ks) Tov\u00e1rn\u00ed Cena\"}]},{\"@type\":\"WebSite\",\"@id\":\"https:\/\/www.technodompro.com\/#website\",\"url\":\"https:\/\/www.technodompro.com\/\",\"name\":\"\",\"description\":\"\",\"potentialAction\":[{\"@type\":\"SearchAction\",\"target\":{\"@type\":\"EntryPoint\",\"urlTemplate\":\"https:\/\/www.technodompro.com\/?s={search_term_string}\"},\"query-input\":{\"@type\":\"PropertyValueSpecification\",\"valueRequired\":true,\"valueName\":\"search_term_string\"}}],\"inLanguage\":\"cs\"}]}<\/script>\n<!-- \/ Yoast SEO plugin. -->","yoast_head_json":{"title":"Aircraft\u00ae H\u0159eb\u00edky Typ F, 15 mm (5 000 ks) Tov\u00e1rn\u00ed Cena -","robots":{"index":"index","follow":"follow","max-snippet":"max-snippet:-1","max-image-preview":"max-image-preview:large","max-video-preview":"max-video-preview:-1"},"canonical":"https:\/\/www.technodompro.com\/index.php\/produkt\/aircraft-r-hrebiky-typ-f-15-mm-5-000-ks-tovarni-cena-8502\/","og_locale":"cs_CZ","og_type":"article","og_title":"Aircraft\u00ae H\u0159eb\u00edky Typ F, 15 mm (5 000 ks) Tov\u00e1rn\u00ed Cena -","og_description":"\u25bc Obsah balen\u00ed \u25bcBalen\u00ed 5000 ks Pr\u016fm\u011br 1,05 mm Celkov\u00e1 d\u00e9lka 15mm","og_url":"https:\/\/www.technodompro.com\/index.php\/produkt\/aircraft-r-hrebiky-typ-f-15-mm-5-000-ks-tovarni-cena-8502\/","og_image":[{"width":24,"height":300,"url":"https:\/\/www.technodompro.com\/wp-content\/uploads\/2026\/SK0014053-CZ20260425-092328-0-1777080210-2405515-1.webp","type":"image\/webp"}],"twitter_card":"summary_large_image","schema":{"@context":"https:\/\/schema.org","@graph":[{"@type":"WebPage","@id":"https:\/\/www.technodompro.com\/index.php\/produkt\/aircraft-r-hrebiky-typ-f-15-mm-5-000-ks-tovarni-cena-8502\/","url":"https:\/\/www.technodompro.com\/index.php\/produkt\/aircraft-r-hrebiky-typ-f-15-mm-5-000-ks-tovarni-cena-8502\/","name":"Aircraft\u00ae H\u0159eb\u00edky Typ F, 15 mm (5 000 ks) Tov\u00e1rn\u00ed Cena -","isPartOf":{"@id":"https:\/\/www.technodompro.com\/#website"},"primaryImageOfPage":{"@id":"https:\/\/www.technodompro.com\/index.php\/produkt\/aircraft-r-hrebiky-typ-f-15-mm-5-000-ks-tovarni-cena-8502\/#primaryimage"},"image":{"@id":"https:\/\/www.technodompro.com\/index.php\/produkt\/aircraft-r-hrebiky-typ-f-15-mm-5-000-ks-tovarni-cena-8502\/#primaryimage"},"thumbnailUrl":"https:\/\/www.technodompro.com\/wp-content\/uploads\/2026\/SK0014053-CZ20260425-092328-0-1777080210-2405515-1.webp","datePublished":"2026-04-27T04:40:49+00:00","breadcrumb":{"@id":"https:\/\/www.technodompro.com\/index.php\/produkt\/aircraft-r-hrebiky-typ-f-15-mm-5-000-ks-tovarni-cena-8502\/#breadcrumb"},"inLanguage":"cs","potentialAction":[{"@type":"ReadAction","target":["https:\/\/www.technodompro.com\/index.php\/produkt\/aircraft-r-hrebiky-typ-f-15-mm-5-000-ks-tovarni-cena-8502\/"]}]},{"@type":"ImageObject","inLanguage":"cs","@id":"https:\/\/www.technodompro.com\/index.php\/produkt\/aircraft-r-hrebiky-typ-f-15-mm-5-000-ks-tovarni-cena-8502\/#primaryimage","url":"https:\/\/www.technodompro.com\/wp-content\/uploads\/2026\/SK0014053-CZ20260425-092328-0-1777080210-2405515-1.webp","contentUrl":"https:\/\/www.technodompro.com\/wp-content\/uploads\/2026\/SK0014053-CZ20260425-092328-0-1777080210-2405515-1.webp","width":24,"height":300},{"@type":"BreadcrumbList","@id":"https:\/\/www.technodompro.com\/index.php\/produkt\/aircraft-r-hrebiky-typ-f-15-mm-5-000-ks-tovarni-cena-8502\/#breadcrumb","itemListElement":[{"@type":"ListItem","position":1,"name":"Home","item":"https:\/\/www.technodompro.com\/"},{"@type":"ListItem","position":2,"name":"Products","item":"https:\/\/www.technodompro.com\/index.php\/products\/"},{"@type":"ListItem","position":3,"name":"Aircraft\u00ae H\u0159eb\u00edky Typ F, 15 mm (5 000 ks) Tov\u00e1rn\u00ed Cena"}]},{"@type":"WebSite","@id":"https:\/\/www.technodompro.com\/#website","url":"https:\/\/www.technodompro.com\/","name":"","description":"","potentialAction":[{"@type":"SearchAction","target":{"@type":"EntryPoint","urlTemplate":"https:\/\/www.technodompro.com\/?s={search_term_string}"},"query-input":{"@type":"PropertyValueSpecification","valueRequired":true,"valueName":"search_term_string"}}],"inLanguage":"cs"}]}},"_links":{"self":[{"href":"https:\/\/www.technodompro.com\/index.php\/wp-json\/wp\/v2\/product\/8502","targetHints":{"allow":["GET"]}}],"collection":[{"href":"https:\/\/www.technodompro.com\/index.php\/wp-json\/wp\/v2\/product"}],"about":[{"href":"https:\/\/www.technodompro.com\/index.php\/wp-json\/wp\/v2\/types\/product"}],"replies":[{"embeddable":true,"href":"https:\/\/www.technodompro.com\/index.php\/wp-json\/wp\/v2\/comments?post=8502"}],"wp:featuredmedia":[{"embeddable":true,"href":"https:\/\/www.technodompro.com\/index.php\/wp-json\/wp\/v2\/media\/8602"}],"wp:attachment":[{"href":"https:\/\/www.technodompro.com\/index.php\/wp-json\/wp\/v2\/media?parent=8502"}],"wp:term":[{"taxonomy":"product_brand","embeddable":true,"href":"https:\/\/www.technodompro.com\/index.php\/wp-json\/wp\/v2\/product_brand?post=8502"},{"taxonomy":"product_cat","embeddable":true,"href":"https:\/\/www.technodompro.com\/index.php\/wp-json\/wp\/v2\/product_cat?post=8502"},{"taxonomy":"product_tag","embeddable":true,"href":"https:\/\/www.technodompro.com\/index.php\/wp-json\/wp\/v2\/product_tag?post=8502"}],"curies":[{"name":"wp","href":"https:\/\/api.w.org\/{rel}","templated":true}]}}