{"id":8503,"date":"2026-04-27T04:40:49","date_gmt":"2026-04-27T04:40:49","guid":{"rendered":""},"modified":"2026-04-27T04:40:49","modified_gmt":"2026-04-27T04:40:49","slug":"aircraft-r-hrebiky-typ-f-25-mm-5-000-ks-nakupujte-hned-8503","status":"publish","type":"product","link":"https:\/\/www.technodompro.com\/index.php\/produkt\/aircraft-r-hrebiky-typ-f-25-mm-5-000-ks-nakupujte-hned-8503\/","title":{"rendered":"Aircraft\u00ae H\u0159eb\u00edky Typ F, 25 mm (5 000 ks) Nakupujte Hned"},"content":{"rendered":"<table>\n<div class=\"tab-pane active product-description\" id=\"popis\" role=\"tabpanel\">\n<div class=\"short-description\" itemprop=\"description\"><\/div>\n<div class=\"description\">\u25bc Obsah balen\u00ed \u25bc<span class='bullet-line'>Balen\u00ed 5000 ks<\/span><\/div>\n<div class=\"parameters\">\n<tr>\n<td>Pr\u016fm\u011br<\/td>\n<td>1,05 mm<\/td>\n<\/tr>\n<tr>\n<td>Celkov\u00e1 d\u00e9lka<\/td>\n<td>25mm<\/td>\n<\/tr><\/div>\n<\/table>\n","protected":false},"excerpt":{"rendered":"<p>\u25bc Obsah balen\u00ed \u25bcBalen\u00ed 5000 ks Pr\u016fm\u011br 1,05 mm Celkov\u00e1 d\u00e9lka 25mm<\/p>\n","protected":false},"featured_media":8603,"comment_status":"open","ping_status":"open","template":"","meta":[],"product_brand":[],"product_cat":[45],"product_tag":[],"class_list":{"0":"post-8503","1":"product","2":"type-product","3":"status-publish","4":"has-post-thumbnail","6":"product_cat-naradi","8":"first","9":"instock","10":"sale","11":"shipping-taxable","12":"purchasable","13":"product-type-simple"},"yoast_head":"<!-- This site is optimized with the Yoast SEO plugin v26.8 - https:\/\/yoast.com\/product\/yoast-seo-wordpress\/ -->\n<title>Aircraft\u00ae H\u0159eb\u00edky Typ F, 25 mm (5 000 ks) Nakupujte Hned -<\/title>\n<meta name=\"robots\" content=\"index, follow, max-snippet:-1, max-image-preview:large, max-video-preview:-1\" \/>\n<link rel=\"canonical\" href=\"https:\/\/www.technodompro.com\/index.php\/produkt\/aircraft-r-hrebiky-typ-f-25-mm-5-000-ks-nakupujte-hned-8503\/\" \/>\n<meta property=\"og:locale\" content=\"cs_CZ\" \/>\n<meta property=\"og:type\" content=\"article\" \/>\n<meta property=\"og:title\" content=\"Aircraft\u00ae H\u0159eb\u00edky Typ F, 25 mm (5 000 ks) Nakupujte Hned -\" \/>\n<meta property=\"og:description\" content=\"\u25bc Obsah balen\u00ed \u25bcBalen\u00ed 5000 ks Pr\u016fm\u011br 1,05 mm Celkov\u00e1 d\u00e9lka 25mm\" \/>\n<meta property=\"og:url\" content=\"https:\/\/www.technodompro.com\/index.php\/produkt\/aircraft-r-hrebiky-typ-f-25-mm-5-000-ks-nakupujte-hned-8503\/\" \/>\n<meta property=\"og:image\" content=\"https:\/\/www.technodompro.com\/wp-content\/uploads\/2026\/SK0014054-CZ20260425-092328-0-1777080210-2405525-2.webp\" \/>\n\t<meta property=\"og:image:width\" content=\"600\" \/>\n\t<meta property=\"og:image:height\" content=\"217\" \/>\n\t<meta property=\"og:image:type\" content=\"image\/webp\" \/>\n<meta name=\"twitter:card\" content=\"summary_large_image\" \/>\n<script type=\"application\/ld+json\" class=\"yoast-schema-graph\">{\"@context\":\"https:\/\/schema.org\",\"@graph\":[{\"@type\":\"WebPage\",\"@id\":\"https:\/\/www.technodompro.com\/index.php\/produkt\/aircraft-r-hrebiky-typ-f-25-mm-5-000-ks-nakupujte-hned-8503\/\",\"url\":\"https:\/\/www.technodompro.com\/index.php\/produkt\/aircraft-r-hrebiky-typ-f-25-mm-5-000-ks-nakupujte-hned-8503\/\",\"name\":\"Aircraft\u00ae H\u0159eb\u00edky Typ F, 25 mm (5 000 ks) Nakupujte Hned -\",\"isPartOf\":{\"@id\":\"https:\/\/www.technodompro.com\/#website\"},\"primaryImageOfPage\":{\"@id\":\"https:\/\/www.technodompro.com\/index.php\/produkt\/aircraft-r-hrebiky-typ-f-25-mm-5-000-ks-nakupujte-hned-8503\/#primaryimage\"},\"image\":{\"@id\":\"https:\/\/www.technodompro.com\/index.php\/produkt\/aircraft-r-hrebiky-typ-f-25-mm-5-000-ks-nakupujte-hned-8503\/#primaryimage\"},\"thumbnailUrl\":\"https:\/\/www.technodompro.com\/wp-content\/uploads\/2026\/SK0014054-CZ20260425-092328-0-1777080210-2405525-2.webp\",\"datePublished\":\"2026-04-27T04:40:49+00:00\",\"breadcrumb\":{\"@id\":\"https:\/\/www.technodompro.com\/index.php\/produkt\/aircraft-r-hrebiky-typ-f-25-mm-5-000-ks-nakupujte-hned-8503\/#breadcrumb\"},\"inLanguage\":\"cs\",\"potentialAction\":[{\"@type\":\"ReadAction\",\"target\":[\"https:\/\/www.technodompro.com\/index.php\/produkt\/aircraft-r-hrebiky-typ-f-25-mm-5-000-ks-nakupujte-hned-8503\/\"]}]},{\"@type\":\"ImageObject\",\"inLanguage\":\"cs\",\"@id\":\"https:\/\/www.technodompro.com\/index.php\/produkt\/aircraft-r-hrebiky-typ-f-25-mm-5-000-ks-nakupujte-hned-8503\/#primaryimage\",\"url\":\"https:\/\/www.technodompro.com\/wp-content\/uploads\/2026\/SK0014054-CZ20260425-092328-0-1777080210-2405525-2.webp\",\"contentUrl\":\"https:\/\/www.technodompro.com\/wp-content\/uploads\/2026\/SK0014054-CZ20260425-092328-0-1777080210-2405525-2.webp\",\"width\":600,\"height\":217},{\"@type\":\"BreadcrumbList\",\"@id\":\"https:\/\/www.technodompro.com\/index.php\/produkt\/aircraft-r-hrebiky-typ-f-25-mm-5-000-ks-nakupujte-hned-8503\/#breadcrumb\",\"itemListElement\":[{\"@type\":\"ListItem\",\"position\":1,\"name\":\"Home\",\"item\":\"https:\/\/www.technodompro.com\/\"},{\"@type\":\"ListItem\",\"position\":2,\"name\":\"Products\",\"item\":\"https:\/\/www.technodompro.com\/index.php\/products\/\"},{\"@type\":\"ListItem\",\"position\":3,\"name\":\"Aircraft\u00ae H\u0159eb\u00edky Typ F, 25 mm (5 000 ks) Nakupujte Hned\"}]},{\"@type\":\"WebSite\",\"@id\":\"https:\/\/www.technodompro.com\/#website\",\"url\":\"https:\/\/www.technodompro.com\/\",\"name\":\"\",\"description\":\"\",\"potentialAction\":[{\"@type\":\"SearchAction\",\"target\":{\"@type\":\"EntryPoint\",\"urlTemplate\":\"https:\/\/www.technodompro.com\/?s={search_term_string}\"},\"query-input\":{\"@type\":\"PropertyValueSpecification\",\"valueRequired\":true,\"valueName\":\"search_term_string\"}}],\"inLanguage\":\"cs\"}]}<\/script>\n<!-- \/ Yoast SEO plugin. -->","yoast_head_json":{"title":"Aircraft\u00ae H\u0159eb\u00edky Typ F, 25 mm (5 000 ks) Nakupujte Hned -","robots":{"index":"index","follow":"follow","max-snippet":"max-snippet:-1","max-image-preview":"max-image-preview:large","max-video-preview":"max-video-preview:-1"},"canonical":"https:\/\/www.technodompro.com\/index.php\/produkt\/aircraft-r-hrebiky-typ-f-25-mm-5-000-ks-nakupujte-hned-8503\/","og_locale":"cs_CZ","og_type":"article","og_title":"Aircraft\u00ae H\u0159eb\u00edky Typ F, 25 mm (5 000 ks) Nakupujte Hned -","og_description":"\u25bc Obsah balen\u00ed \u25bcBalen\u00ed 5000 ks Pr\u016fm\u011br 1,05 mm Celkov\u00e1 d\u00e9lka 25mm","og_url":"https:\/\/www.technodompro.com\/index.php\/produkt\/aircraft-r-hrebiky-typ-f-25-mm-5-000-ks-nakupujte-hned-8503\/","og_image":[{"width":600,"height":217,"url":"https:\/\/www.technodompro.com\/wp-content\/uploads\/2026\/SK0014054-CZ20260425-092328-0-1777080210-2405525-2.webp","type":"image\/webp"}],"twitter_card":"summary_large_image","schema":{"@context":"https:\/\/schema.org","@graph":[{"@type":"WebPage","@id":"https:\/\/www.technodompro.com\/index.php\/produkt\/aircraft-r-hrebiky-typ-f-25-mm-5-000-ks-nakupujte-hned-8503\/","url":"https:\/\/www.technodompro.com\/index.php\/produkt\/aircraft-r-hrebiky-typ-f-25-mm-5-000-ks-nakupujte-hned-8503\/","name":"Aircraft\u00ae H\u0159eb\u00edky Typ F, 25 mm (5 000 ks) Nakupujte Hned -","isPartOf":{"@id":"https:\/\/www.technodompro.com\/#website"},"primaryImageOfPage":{"@id":"https:\/\/www.technodompro.com\/index.php\/produkt\/aircraft-r-hrebiky-typ-f-25-mm-5-000-ks-nakupujte-hned-8503\/#primaryimage"},"image":{"@id":"https:\/\/www.technodompro.com\/index.php\/produkt\/aircraft-r-hrebiky-typ-f-25-mm-5-000-ks-nakupujte-hned-8503\/#primaryimage"},"thumbnailUrl":"https:\/\/www.technodompro.com\/wp-content\/uploads\/2026\/SK0014054-CZ20260425-092328-0-1777080210-2405525-2.webp","datePublished":"2026-04-27T04:40:49+00:00","breadcrumb":{"@id":"https:\/\/www.technodompro.com\/index.php\/produkt\/aircraft-r-hrebiky-typ-f-25-mm-5-000-ks-nakupujte-hned-8503\/#breadcrumb"},"inLanguage":"cs","potentialAction":[{"@type":"ReadAction","target":["https:\/\/www.technodompro.com\/index.php\/produkt\/aircraft-r-hrebiky-typ-f-25-mm-5-000-ks-nakupujte-hned-8503\/"]}]},{"@type":"ImageObject","inLanguage":"cs","@id":"https:\/\/www.technodompro.com\/index.php\/produkt\/aircraft-r-hrebiky-typ-f-25-mm-5-000-ks-nakupujte-hned-8503\/#primaryimage","url":"https:\/\/www.technodompro.com\/wp-content\/uploads\/2026\/SK0014054-CZ20260425-092328-0-1777080210-2405525-2.webp","contentUrl":"https:\/\/www.technodompro.com\/wp-content\/uploads\/2026\/SK0014054-CZ20260425-092328-0-1777080210-2405525-2.webp","width":600,"height":217},{"@type":"BreadcrumbList","@id":"https:\/\/www.technodompro.com\/index.php\/produkt\/aircraft-r-hrebiky-typ-f-25-mm-5-000-ks-nakupujte-hned-8503\/#breadcrumb","itemListElement":[{"@type":"ListItem","position":1,"name":"Home","item":"https:\/\/www.technodompro.com\/"},{"@type":"ListItem","position":2,"name":"Products","item":"https:\/\/www.technodompro.com\/index.php\/products\/"},{"@type":"ListItem","position":3,"name":"Aircraft\u00ae H\u0159eb\u00edky Typ F, 25 mm (5 000 ks) Nakupujte Hned"}]},{"@type":"WebSite","@id":"https:\/\/www.technodompro.com\/#website","url":"https:\/\/www.technodompro.com\/","name":"","description":"","potentialAction":[{"@type":"SearchAction","target":{"@type":"EntryPoint","urlTemplate":"https:\/\/www.technodompro.com\/?s={search_term_string}"},"query-input":{"@type":"PropertyValueSpecification","valueRequired":true,"valueName":"search_term_string"}}],"inLanguage":"cs"}]}},"_links":{"self":[{"href":"https:\/\/www.technodompro.com\/index.php\/wp-json\/wp\/v2\/product\/8503","targetHints":{"allow":["GET"]}}],"collection":[{"href":"https:\/\/www.technodompro.com\/index.php\/wp-json\/wp\/v2\/product"}],"about":[{"href":"https:\/\/www.technodompro.com\/index.php\/wp-json\/wp\/v2\/types\/product"}],"replies":[{"embeddable":true,"href":"https:\/\/www.technodompro.com\/index.php\/wp-json\/wp\/v2\/comments?post=8503"}],"wp:featuredmedia":[{"embeddable":true,"href":"https:\/\/www.technodompro.com\/index.php\/wp-json\/wp\/v2\/media\/8603"}],"wp:attachment":[{"href":"https:\/\/www.technodompro.com\/index.php\/wp-json\/wp\/v2\/media?parent=8503"}],"wp:term":[{"taxonomy":"product_brand","embeddable":true,"href":"https:\/\/www.technodompro.com\/index.php\/wp-json\/wp\/v2\/product_brand?post=8503"},{"taxonomy":"product_cat","embeddable":true,"href":"https:\/\/www.technodompro.com\/index.php\/wp-json\/wp\/v2\/product_cat?post=8503"},{"taxonomy":"product_tag","embeddable":true,"href":"https:\/\/www.technodompro.com\/index.php\/wp-json\/wp\/v2\/product_tag?post=8503"}],"curies":[{"name":"wp","href":"https:\/\/api.w.org\/{rel}","templated":true}]}}