{"id":8545,"date":"2026-04-27T04:40:49","date_gmt":"2026-04-27T04:40:49","guid":{"rendered":""},"modified":"2026-04-27T04:40:49","modified_gmt":"2026-04-27T04:40:49","slug":"aircraft-r-excentricka-bruska-ess-150-komposit-pro-sleva-8545","status":"publish","type":"product","link":"https:\/\/www.technodompro.com\/index.php\/produkt\/aircraft-r-excentricka-bruska-ess-150-komposit-pro-sleva-8545\/","title":{"rendered":"Aircraft\u00ae Excentrick\u00e1 bruska ESS 150 Komposit PRO Sleva"},"content":{"rendered":"<table>\n<div class=\"tab-pane active product-description\" id=\"popis\" role=\"tabpanel\">\n<div class=\"short-description\" itemprop=\"description\"><\/div>\n<div class=\"description\">\n<p><span class=\"bullet-line\">Kompozitov\u00e9 proveden\u00ed s ergonomick\u00fdm plastov\u00fdm dr\u017eadlem chr\u00e1n\u00edc\u00edm p\u0159ed vibracemi<\/span><br \/><span class=\"bullet-line\">Kompaktn\u00ed a p\u0159\u00edru\u010dn\u00ed pro pr\u00e1ce na obt\u00ed\u017en\u011b p\u0159\u00edstupn\u00fdch m\u00edstech<\/span><br \/><span class=\"bullet-line\">Univerz\u00e1ln\u011b pou\u017eiteln\u00e1 k brou\u0161en\u00ed rovinn\u00fdch i klenut\u00fdch ploch<\/span><\/p>\n<p>\u25bc Obsah balen\u00ed \u25bc<span class=\"bullet-line\">Ods\u00e1vac\u00ed hadice (cca 1900mm), textiln\u00ed filtr, rychlospojka a mont\u00e1\u017en\u00ed kl\u00ed\u010d<\/span><\/p>\n<p>\u25bc P\u0159\u00edslu\u0161enstv\u00ed \u25bc<br \/>2403402<\/p>\n<\/div>\n<div class=\"parameters\">\n<tr>\n<td>Max. provozn\u00ed tlak<\/td>\n<td>6,3 bar<\/td>\n<\/tr>\n<tr>\n<td>Spot\u0159eba vzduchu<\/td>\n<td>350 l\/min<\/td>\n<\/tr>\n<tr>\n<td>Max. v\u00fd\u0161ka zdvihu<\/td>\n<td>5 mm<\/td>\n<\/tr>\n<tr>\n<td>Pr\u016fm\u011br brusn\u00e9ho kotou\u010de<\/td>\n<td>150 mm<\/td>\n<\/tr>\n<tr>\n<td>Ot\u00e1\u010dky<\/td>\n<td>10000ot\/min<\/td>\n<\/tr>\n<tr>\n<td>Hmotnost<\/td>\n<td>0,9 kg<\/td>\n<\/tr><\/div>\n<\/table>\n","protected":false},"excerpt":{"rendered":"<p>Kompozitov\u00e9 proveden\u00ed s ergonomick\u00fdm plastov\u00fdm dr\u017eadlem chr\u00e1n\u00edc\u00edm p\u0159ed vibracemiKompaktn\u00ed a p\u0159\u00edru\u010dn\u00ed pro pr\u00e1ce na obt\u00ed\u017en\u011b p\u0159\u00edstupn\u00fdch m\u00edstechUniverz\u00e1ln\u011b pou\u017eiteln\u00e1 k brou\u0161en\u00ed rovinn\u00fdch i klenut\u00fdch ploch \u25bc Obsah balen\u00ed \u25bcOds\u00e1vac\u00ed hadice (cca 1900mm), textiln\u00ed filtr, rychlospojka a mont\u00e1\u017en\u00ed kl\u00ed\u010d \u25bc P\u0159\u00edslu\u0161enstv\u00ed \u25bc2403402 Max. provozn\u00ed tlak 6,3 bar Spot\u0159eba vzduchu 350 l\/min Max. v\u00fd\u0161ka zdvihu 5 mm Pr\u016fm\u011br [&hellip;]<\/p>\n","protected":false},"featured_media":8645,"comment_status":"open","ping_status":"open","template":"","meta":[],"product_brand":[],"product_cat":[45],"product_tag":[],"class_list":{"0":"post-8545","1":"product","2":"type-product","3":"status-publish","4":"has-post-thumbnail","6":"product_cat-naradi","8":"first","9":"instock","10":"sale","11":"shipping-taxable","12":"purchasable","13":"product-type-simple"},"yoast_head":"<!-- This site is optimized with the Yoast SEO plugin v26.8 - https:\/\/yoast.com\/product\/yoast-seo-wordpress\/ -->\n<title>Aircraft\u00ae Excentrick\u00e1 bruska ESS 150 Komposit PRO Sleva -<\/title>\n<meta name=\"robots\" content=\"index, follow, max-snippet:-1, max-image-preview:large, max-video-preview:-1\" \/>\n<link rel=\"canonical\" href=\"https:\/\/www.technodompro.com\/index.php\/produkt\/aircraft-r-excentricka-bruska-ess-150-komposit-pro-sleva-8545\/\" \/>\n<meta property=\"og:locale\" content=\"cs_CZ\" \/>\n<meta property=\"og:type\" content=\"article\" \/>\n<meta property=\"og:title\" content=\"Aircraft\u00ae Excentrick\u00e1 bruska ESS 150 Komposit PRO Sleva -\" \/>\n<meta property=\"og:description\" content=\"Kompozitov\u00e9 proveden\u00ed s ergonomick\u00fdm plastov\u00fdm dr\u017eadlem chr\u00e1n\u00edc\u00edm p\u0159ed vibracemiKompaktn\u00ed a p\u0159\u00edru\u010dn\u00ed pro pr\u00e1ce na obt\u00ed\u017en\u011b p\u0159\u00edstupn\u00fdch m\u00edstechUniverz\u00e1ln\u011b pou\u017eiteln\u00e1 k brou\u0161en\u00ed rovinn\u00fdch i klenut\u00fdch ploch \u25bc Obsah balen\u00ed \u25bcOds\u00e1vac\u00ed hadice (cca 1900mm), textiln\u00ed filtr, rychlospojka a mont\u00e1\u017en\u00ed kl\u00ed\u010d \u25bc P\u0159\u00edslu\u0161enstv\u00ed \u25bc2403402 Max. provozn\u00ed tlak 6,3 bar Spot\u0159eba vzduchu 350 l\/min Max. v\u00fd\u0161ka zdvihu 5 mm Pr\u016fm\u011br [&hellip;]\" \/>\n<meta property=\"og:url\" content=\"https:\/\/www.technodompro.com\/index.php\/produkt\/aircraft-r-excentricka-bruska-ess-150-komposit-pro-sleva-8545\/\" \/>\n<meta property=\"og:image\" content=\"https:\/\/www.technodompro.com\/wp-content\/uploads\/2026\/SK0014096-CZ20260425-092328-0-1777080210-2403450-1.webp\" \/>\n\t<meta property=\"og:image:width\" content=\"650\" \/>\n\t<meta property=\"og:image:height\" content=\"300\" \/>\n\t<meta property=\"og:image:type\" content=\"image\/webp\" \/>\n<meta name=\"twitter:card\" content=\"summary_large_image\" \/>\n<script type=\"application\/ld+json\" class=\"yoast-schema-graph\">{\"@context\":\"https:\/\/schema.org\",\"@graph\":[{\"@type\":\"WebPage\",\"@id\":\"https:\/\/www.technodompro.com\/index.php\/produkt\/aircraft-r-excentricka-bruska-ess-150-komposit-pro-sleva-8545\/\",\"url\":\"https:\/\/www.technodompro.com\/index.php\/produkt\/aircraft-r-excentricka-bruska-ess-150-komposit-pro-sleva-8545\/\",\"name\":\"Aircraft\u00ae Excentrick\u00e1 bruska ESS 150 Komposit PRO Sleva -\",\"isPartOf\":{\"@id\":\"https:\/\/www.technodompro.com\/#website\"},\"primaryImageOfPage\":{\"@id\":\"https:\/\/www.technodompro.com\/index.php\/produkt\/aircraft-r-excentricka-bruska-ess-150-komposit-pro-sleva-8545\/#primaryimage\"},\"image\":{\"@id\":\"https:\/\/www.technodompro.com\/index.php\/produkt\/aircraft-r-excentricka-bruska-ess-150-komposit-pro-sleva-8545\/#primaryimage\"},\"thumbnailUrl\":\"https:\/\/www.technodompro.com\/wp-content\/uploads\/2026\/SK0014096-CZ20260425-092328-0-1777080210-2403450-1.webp\",\"datePublished\":\"2026-04-27T04:40:49+00:00\",\"breadcrumb\":{\"@id\":\"https:\/\/www.technodompro.com\/index.php\/produkt\/aircraft-r-excentricka-bruska-ess-150-komposit-pro-sleva-8545\/#breadcrumb\"},\"inLanguage\":\"cs\",\"potentialAction\":[{\"@type\":\"ReadAction\",\"target\":[\"https:\/\/www.technodompro.com\/index.php\/produkt\/aircraft-r-excentricka-bruska-ess-150-komposit-pro-sleva-8545\/\"]}]},{\"@type\":\"ImageObject\",\"inLanguage\":\"cs\",\"@id\":\"https:\/\/www.technodompro.com\/index.php\/produkt\/aircraft-r-excentricka-bruska-ess-150-komposit-pro-sleva-8545\/#primaryimage\",\"url\":\"https:\/\/www.technodompro.com\/wp-content\/uploads\/2026\/SK0014096-CZ20260425-092328-0-1777080210-2403450-1.webp\",\"contentUrl\":\"https:\/\/www.technodompro.com\/wp-content\/uploads\/2026\/SK0014096-CZ20260425-092328-0-1777080210-2403450-1.webp\",\"width\":650,\"height\":300},{\"@type\":\"BreadcrumbList\",\"@id\":\"https:\/\/www.technodompro.com\/index.php\/produkt\/aircraft-r-excentricka-bruska-ess-150-komposit-pro-sleva-8545\/#breadcrumb\",\"itemListElement\":[{\"@type\":\"ListItem\",\"position\":1,\"name\":\"Home\",\"item\":\"https:\/\/www.technodompro.com\/\"},{\"@type\":\"ListItem\",\"position\":2,\"name\":\"Products\",\"item\":\"https:\/\/www.technodompro.com\/index.php\/products\/\"},{\"@type\":\"ListItem\",\"position\":3,\"name\":\"Aircraft\u00ae Excentrick\u00e1 bruska ESS 150 Komposit PRO Sleva\"}]},{\"@type\":\"WebSite\",\"@id\":\"https:\/\/www.technodompro.com\/#website\",\"url\":\"https:\/\/www.technodompro.com\/\",\"name\":\"\",\"description\":\"\",\"potentialAction\":[{\"@type\":\"SearchAction\",\"target\":{\"@type\":\"EntryPoint\",\"urlTemplate\":\"https:\/\/www.technodompro.com\/?s={search_term_string}\"},\"query-input\":{\"@type\":\"PropertyValueSpecification\",\"valueRequired\":true,\"valueName\":\"search_term_string\"}}],\"inLanguage\":\"cs\"}]}<\/script>\n<!-- \/ Yoast SEO plugin. -->","yoast_head_json":{"title":"Aircraft\u00ae Excentrick\u00e1 bruska ESS 150 Komposit PRO Sleva -","robots":{"index":"index","follow":"follow","max-snippet":"max-snippet:-1","max-image-preview":"max-image-preview:large","max-video-preview":"max-video-preview:-1"},"canonical":"https:\/\/www.technodompro.com\/index.php\/produkt\/aircraft-r-excentricka-bruska-ess-150-komposit-pro-sleva-8545\/","og_locale":"cs_CZ","og_type":"article","og_title":"Aircraft\u00ae Excentrick\u00e1 bruska ESS 150 Komposit PRO Sleva -","og_description":"Kompozitov\u00e9 proveden\u00ed s ergonomick\u00fdm plastov\u00fdm dr\u017eadlem chr\u00e1n\u00edc\u00edm p\u0159ed vibracemiKompaktn\u00ed a p\u0159\u00edru\u010dn\u00ed pro pr\u00e1ce na obt\u00ed\u017en\u011b p\u0159\u00edstupn\u00fdch m\u00edstechUniverz\u00e1ln\u011b pou\u017eiteln\u00e1 k brou\u0161en\u00ed rovinn\u00fdch i klenut\u00fdch ploch \u25bc Obsah balen\u00ed \u25bcOds\u00e1vac\u00ed hadice (cca 1900mm), textiln\u00ed filtr, rychlospojka a mont\u00e1\u017en\u00ed kl\u00ed\u010d \u25bc P\u0159\u00edslu\u0161enstv\u00ed \u25bc2403402 Max. provozn\u00ed tlak 6,3 bar Spot\u0159eba vzduchu 350 l\/min Max. v\u00fd\u0161ka zdvihu 5 mm Pr\u016fm\u011br [&hellip;]","og_url":"https:\/\/www.technodompro.com\/index.php\/produkt\/aircraft-r-excentricka-bruska-ess-150-komposit-pro-sleva-8545\/","og_image":[{"width":650,"height":300,"url":"https:\/\/www.technodompro.com\/wp-content\/uploads\/2026\/SK0014096-CZ20260425-092328-0-1777080210-2403450-1.webp","type":"image\/webp"}],"twitter_card":"summary_large_image","schema":{"@context":"https:\/\/schema.org","@graph":[{"@type":"WebPage","@id":"https:\/\/www.technodompro.com\/index.php\/produkt\/aircraft-r-excentricka-bruska-ess-150-komposit-pro-sleva-8545\/","url":"https:\/\/www.technodompro.com\/index.php\/produkt\/aircraft-r-excentricka-bruska-ess-150-komposit-pro-sleva-8545\/","name":"Aircraft\u00ae Excentrick\u00e1 bruska ESS 150 Komposit PRO Sleva -","isPartOf":{"@id":"https:\/\/www.technodompro.com\/#website"},"primaryImageOfPage":{"@id":"https:\/\/www.technodompro.com\/index.php\/produkt\/aircraft-r-excentricka-bruska-ess-150-komposit-pro-sleva-8545\/#primaryimage"},"image":{"@id":"https:\/\/www.technodompro.com\/index.php\/produkt\/aircraft-r-excentricka-bruska-ess-150-komposit-pro-sleva-8545\/#primaryimage"},"thumbnailUrl":"https:\/\/www.technodompro.com\/wp-content\/uploads\/2026\/SK0014096-CZ20260425-092328-0-1777080210-2403450-1.webp","datePublished":"2026-04-27T04:40:49+00:00","breadcrumb":{"@id":"https:\/\/www.technodompro.com\/index.php\/produkt\/aircraft-r-excentricka-bruska-ess-150-komposit-pro-sleva-8545\/#breadcrumb"},"inLanguage":"cs","potentialAction":[{"@type":"ReadAction","target":["https:\/\/www.technodompro.com\/index.php\/produkt\/aircraft-r-excentricka-bruska-ess-150-komposit-pro-sleva-8545\/"]}]},{"@type":"ImageObject","inLanguage":"cs","@id":"https:\/\/www.technodompro.com\/index.php\/produkt\/aircraft-r-excentricka-bruska-ess-150-komposit-pro-sleva-8545\/#primaryimage","url":"https:\/\/www.technodompro.com\/wp-content\/uploads\/2026\/SK0014096-CZ20260425-092328-0-1777080210-2403450-1.webp","contentUrl":"https:\/\/www.technodompro.com\/wp-content\/uploads\/2026\/SK0014096-CZ20260425-092328-0-1777080210-2403450-1.webp","width":650,"height":300},{"@type":"BreadcrumbList","@id":"https:\/\/www.technodompro.com\/index.php\/produkt\/aircraft-r-excentricka-bruska-ess-150-komposit-pro-sleva-8545\/#breadcrumb","itemListElement":[{"@type":"ListItem","position":1,"name":"Home","item":"https:\/\/www.technodompro.com\/"},{"@type":"ListItem","position":2,"name":"Products","item":"https:\/\/www.technodompro.com\/index.php\/products\/"},{"@type":"ListItem","position":3,"name":"Aircraft\u00ae Excentrick\u00e1 bruska ESS 150 Komposit PRO Sleva"}]},{"@type":"WebSite","@id":"https:\/\/www.technodompro.com\/#website","url":"https:\/\/www.technodompro.com\/","name":"","description":"","potentialAction":[{"@type":"SearchAction","target":{"@type":"EntryPoint","urlTemplate":"https:\/\/www.technodompro.com\/?s={search_term_string}"},"query-input":{"@type":"PropertyValueSpecification","valueRequired":true,"valueName":"search_term_string"}}],"inLanguage":"cs"}]}},"_links":{"self":[{"href":"https:\/\/www.technodompro.com\/index.php\/wp-json\/wp\/v2\/product\/8545","targetHints":{"allow":["GET"]}}],"collection":[{"href":"https:\/\/www.technodompro.com\/index.php\/wp-json\/wp\/v2\/product"}],"about":[{"href":"https:\/\/www.technodompro.com\/index.php\/wp-json\/wp\/v2\/types\/product"}],"replies":[{"embeddable":true,"href":"https:\/\/www.technodompro.com\/index.php\/wp-json\/wp\/v2\/comments?post=8545"}],"wp:featuredmedia":[{"embeddable":true,"href":"https:\/\/www.technodompro.com\/index.php\/wp-json\/wp\/v2\/media\/8645"}],"wp:attachment":[{"href":"https:\/\/www.technodompro.com\/index.php\/wp-json\/wp\/v2\/media?parent=8545"}],"wp:term":[{"taxonomy":"product_brand","embeddable":true,"href":"https:\/\/www.technodompro.com\/index.php\/wp-json\/wp\/v2\/product_brand?post=8545"},{"taxonomy":"product_cat","embeddable":true,"href":"https:\/\/www.technodompro.com\/index.php\/wp-json\/wp\/v2\/product_cat?post=8545"},{"taxonomy":"product_tag","embeddable":true,"href":"https:\/\/www.technodompro.com\/index.php\/wp-json\/wp\/v2\/product_tag?post=8545"}],"curies":[{"name":"wp","href":"https:\/\/api.w.org\/{rel}","templated":true}]}}