{"id":8553,"date":"2026-04-27T04:40:49","date_gmt":"2026-04-27T04:40:49","guid":{"rendered":""},"modified":"2026-04-27T04:40:49","modified_gmt":"2026-04-27T04:40:49","slug":"aircraft-r-jehlovy-oklepavac-ne-pro-posledni-sance-8553","status":"publish","type":"product","link":"https:\/\/www.technodompro.com\/index.php\/produkt\/aircraft-r-jehlovy-oklepavac-ne-pro-posledni-sance-8553\/","title":{"rendered":"Aircraft\u00ae Jehlov\u00fd oklep\u00e1va\u010d NE PRO Posledn\u00ed \u0160ance"},"content":{"rendered":"<table>\n<div class=\"tab-pane active product-description\" id=\"popis\" role=\"tabpanel\">\n<div class=\"short-description\" itemprop=\"description\"><\/div>\n<div class=\"description\"><span class='bullet-line'>Mal\u00fd a kompaktn\u00ed<br \/><\/span><span class='bullet-line'>12 jehel, \u00d8 3 mm<br \/><\/span><span class='bullet-line'>Vhodn\u00fd tak\u00e9 k oklep\u00e1n\u00ed strusky p\u0159i sva\u0159ov\u00e1n\u00ed, barvy, om\u00edtky a betonu, i ke zpracov\u00e1n\u00ed kamene Dlouh\u00e1 \u017eivotnost jehel ze speci\u00e1ln\u00ed oceli<br \/><\/span><span class='bullet-line'>Robustn\u00ed celokovov\u00fd kryt<br \/><\/span><span class='bullet-line'>Rychl\u00e1 v\u00fdm\u011bna jehel bez n\u00e1stroj\u016f pomoc\u00ed jednoduch\u00e9ho oto\u010den\u00ed up\u00ednac\u00edho \u0161roubu<br \/><\/span> <\/p>\n<p> \u25bc P\u0159\u00edslu\u0161enstv\u00ed \u25bc<br \/> 2402625<\/div>\n<div class=\"parameters\">\n<tr>\n<td>Max. provozn\u00ed tlak<\/td>\n<td>6,3 bar<\/td>\n<\/tr>\n<tr>\n<td>Spot\u0159eba vzduchu<\/td>\n<td>170 l\/min<\/td>\n<\/tr>\n<tr>\n<td>Rychlost \u00fader\u016f<\/td>\n<td>3800 \u00fader\u016f\/min<\/td>\n<\/tr>\n<tr>\n<td>Hmotnost<\/td>\n<td>1,2 kg<\/td>\n<\/tr><\/div>\n<\/table>\n","protected":false},"excerpt":{"rendered":"<p>Mal\u00fd a kompaktn\u00ed12 jehel, \u00d8 3 mmVhodn\u00fd tak\u00e9 k oklep\u00e1n\u00ed strusky p\u0159i sva\u0159ov\u00e1n\u00ed, barvy, om\u00edtky a betonu, i ke zpracov\u00e1n\u00ed kamene Dlouh\u00e1 \u017eivotnost jehel ze speci\u00e1ln\u00ed oceliRobustn\u00ed celokovov\u00fd krytRychl\u00e1 v\u00fdm\u011bna jehel bez n\u00e1stroj\u016f pomoc\u00ed jednoduch\u00e9ho oto\u010den\u00ed up\u00ednac\u00edho \u0161roubu \u25bc P\u0159\u00edslu\u0161enstv\u00ed \u25bc 2402625 Max. provozn\u00ed tlak 6,3 bar Spot\u0159eba vzduchu 170 l\/min Rychlost \u00fader\u016f 3800 \u00fader\u016f\/min [&hellip;]<\/p>\n","protected":false},"featured_media":8653,"comment_status":"open","ping_status":"open","template":"","meta":[],"product_brand":[],"product_cat":[45],"product_tag":[],"class_list":{"0":"post-8553","1":"product","2":"type-product","3":"status-publish","4":"has-post-thumbnail","6":"product_cat-naradi","8":"first","9":"instock","10":"sale","11":"shipping-taxable","12":"purchasable","13":"product-type-simple"},"yoast_head":"<!-- This site is optimized with the Yoast SEO plugin v26.8 - https:\/\/yoast.com\/product\/yoast-seo-wordpress\/ -->\n<title>Aircraft\u00ae Jehlov\u00fd oklep\u00e1va\u010d NE PRO Posledn\u00ed \u0160ance -<\/title>\n<meta name=\"robots\" content=\"index, follow, max-snippet:-1, max-image-preview:large, max-video-preview:-1\" \/>\n<link rel=\"canonical\" href=\"https:\/\/www.technodompro.com\/index.php\/produkt\/aircraft-r-jehlovy-oklepavac-ne-pro-posledni-sance-8553\/\" \/>\n<meta property=\"og:locale\" content=\"cs_CZ\" \/>\n<meta property=\"og:type\" content=\"article\" \/>\n<meta property=\"og:title\" content=\"Aircraft\u00ae Jehlov\u00fd oklep\u00e1va\u010d NE PRO Posledn\u00ed \u0160ance -\" \/>\n<meta property=\"og:description\" content=\"Mal\u00fd a kompaktn\u00ed12 jehel, \u00d8 3 mmVhodn\u00fd tak\u00e9 k oklep\u00e1n\u00ed strusky p\u0159i sva\u0159ov\u00e1n\u00ed, barvy, om\u00edtky a betonu, i ke zpracov\u00e1n\u00ed kamene Dlouh\u00e1 \u017eivotnost jehel ze speci\u00e1ln\u00ed oceliRobustn\u00ed celokovov\u00fd krytRychl\u00e1 v\u00fdm\u011bna jehel bez n\u00e1stroj\u016f pomoc\u00ed jednoduch\u00e9ho oto\u010den\u00ed up\u00ednac\u00edho \u0161roubu \u25bc P\u0159\u00edslu\u0161enstv\u00ed \u25bc 2402625 Max. provozn\u00ed tlak 6,3 bar Spot\u0159eba vzduchu 170 l\/min Rychlost \u00fader\u016f 3800 \u00fader\u016f\/min [&hellip;]\" \/>\n<meta property=\"og:url\" content=\"https:\/\/www.technodompro.com\/index.php\/produkt\/aircraft-r-jehlovy-oklepavac-ne-pro-posledni-sance-8553\/\" \/>\n<meta property=\"og:image\" content=\"https:\/\/www.technodompro.com\/wp-content\/uploads\/2026\/SK0014104-CZ20260425-092328-0-1777080210-2402620-1.webp\" \/>\n\t<meta property=\"og:image:width\" content=\"700\" \/>\n\t<meta property=\"og:image:height\" content=\"167\" \/>\n\t<meta property=\"og:image:type\" content=\"image\/webp\" \/>\n<meta name=\"twitter:card\" content=\"summary_large_image\" \/>\n<script type=\"application\/ld+json\" class=\"yoast-schema-graph\">{\"@context\":\"https:\/\/schema.org\",\"@graph\":[{\"@type\":\"WebPage\",\"@id\":\"https:\/\/www.technodompro.com\/index.php\/produkt\/aircraft-r-jehlovy-oklepavac-ne-pro-posledni-sance-8553\/\",\"url\":\"https:\/\/www.technodompro.com\/index.php\/produkt\/aircraft-r-jehlovy-oklepavac-ne-pro-posledni-sance-8553\/\",\"name\":\"Aircraft\u00ae Jehlov\u00fd oklep\u00e1va\u010d NE PRO Posledn\u00ed \u0160ance -\",\"isPartOf\":{\"@id\":\"https:\/\/www.technodompro.com\/#website\"},\"primaryImageOfPage\":{\"@id\":\"https:\/\/www.technodompro.com\/index.php\/produkt\/aircraft-r-jehlovy-oklepavac-ne-pro-posledni-sance-8553\/#primaryimage\"},\"image\":{\"@id\":\"https:\/\/www.technodompro.com\/index.php\/produkt\/aircraft-r-jehlovy-oklepavac-ne-pro-posledni-sance-8553\/#primaryimage\"},\"thumbnailUrl\":\"https:\/\/www.technodompro.com\/wp-content\/uploads\/2026\/SK0014104-CZ20260425-092328-0-1777080210-2402620-1.webp\",\"datePublished\":\"2026-04-27T04:40:49+00:00\",\"breadcrumb\":{\"@id\":\"https:\/\/www.technodompro.com\/index.php\/produkt\/aircraft-r-jehlovy-oklepavac-ne-pro-posledni-sance-8553\/#breadcrumb\"},\"inLanguage\":\"cs\",\"potentialAction\":[{\"@type\":\"ReadAction\",\"target\":[\"https:\/\/www.technodompro.com\/index.php\/produkt\/aircraft-r-jehlovy-oklepavac-ne-pro-posledni-sance-8553\/\"]}]},{\"@type\":\"ImageObject\",\"inLanguage\":\"cs\",\"@id\":\"https:\/\/www.technodompro.com\/index.php\/produkt\/aircraft-r-jehlovy-oklepavac-ne-pro-posledni-sance-8553\/#primaryimage\",\"url\":\"https:\/\/www.technodompro.com\/wp-content\/uploads\/2026\/SK0014104-CZ20260425-092328-0-1777080210-2402620-1.webp\",\"contentUrl\":\"https:\/\/www.technodompro.com\/wp-content\/uploads\/2026\/SK0014104-CZ20260425-092328-0-1777080210-2402620-1.webp\",\"width\":700,\"height\":167},{\"@type\":\"BreadcrumbList\",\"@id\":\"https:\/\/www.technodompro.com\/index.php\/produkt\/aircraft-r-jehlovy-oklepavac-ne-pro-posledni-sance-8553\/#breadcrumb\",\"itemListElement\":[{\"@type\":\"ListItem\",\"position\":1,\"name\":\"Home\",\"item\":\"https:\/\/www.technodompro.com\/\"},{\"@type\":\"ListItem\",\"position\":2,\"name\":\"Products\",\"item\":\"https:\/\/www.technodompro.com\/index.php\/products\/\"},{\"@type\":\"ListItem\",\"position\":3,\"name\":\"Aircraft\u00ae Jehlov\u00fd oklep\u00e1va\u010d NE PRO Posledn\u00ed \u0160ance\"}]},{\"@type\":\"WebSite\",\"@id\":\"https:\/\/www.technodompro.com\/#website\",\"url\":\"https:\/\/www.technodompro.com\/\",\"name\":\"\",\"description\":\"\",\"potentialAction\":[{\"@type\":\"SearchAction\",\"target\":{\"@type\":\"EntryPoint\",\"urlTemplate\":\"https:\/\/www.technodompro.com\/?s={search_term_string}\"},\"query-input\":{\"@type\":\"PropertyValueSpecification\",\"valueRequired\":true,\"valueName\":\"search_term_string\"}}],\"inLanguage\":\"cs\"}]}<\/script>\n<!-- \/ Yoast SEO plugin. -->","yoast_head_json":{"title":"Aircraft\u00ae Jehlov\u00fd oklep\u00e1va\u010d NE PRO Posledn\u00ed \u0160ance -","robots":{"index":"index","follow":"follow","max-snippet":"max-snippet:-1","max-image-preview":"max-image-preview:large","max-video-preview":"max-video-preview:-1"},"canonical":"https:\/\/www.technodompro.com\/index.php\/produkt\/aircraft-r-jehlovy-oklepavac-ne-pro-posledni-sance-8553\/","og_locale":"cs_CZ","og_type":"article","og_title":"Aircraft\u00ae Jehlov\u00fd oklep\u00e1va\u010d NE PRO Posledn\u00ed \u0160ance -","og_description":"Mal\u00fd a kompaktn\u00ed12 jehel, \u00d8 3 mmVhodn\u00fd tak\u00e9 k oklep\u00e1n\u00ed strusky p\u0159i sva\u0159ov\u00e1n\u00ed, barvy, om\u00edtky a betonu, i ke zpracov\u00e1n\u00ed kamene Dlouh\u00e1 \u017eivotnost jehel ze speci\u00e1ln\u00ed oceliRobustn\u00ed celokovov\u00fd krytRychl\u00e1 v\u00fdm\u011bna jehel bez n\u00e1stroj\u016f pomoc\u00ed jednoduch\u00e9ho oto\u010den\u00ed up\u00ednac\u00edho \u0161roubu \u25bc P\u0159\u00edslu\u0161enstv\u00ed \u25bc 2402625 Max. provozn\u00ed tlak 6,3 bar Spot\u0159eba vzduchu 170 l\/min Rychlost \u00fader\u016f 3800 \u00fader\u016f\/min [&hellip;]","og_url":"https:\/\/www.technodompro.com\/index.php\/produkt\/aircraft-r-jehlovy-oklepavac-ne-pro-posledni-sance-8553\/","og_image":[{"width":700,"height":167,"url":"https:\/\/www.technodompro.com\/wp-content\/uploads\/2026\/SK0014104-CZ20260425-092328-0-1777080210-2402620-1.webp","type":"image\/webp"}],"twitter_card":"summary_large_image","schema":{"@context":"https:\/\/schema.org","@graph":[{"@type":"WebPage","@id":"https:\/\/www.technodompro.com\/index.php\/produkt\/aircraft-r-jehlovy-oklepavac-ne-pro-posledni-sance-8553\/","url":"https:\/\/www.technodompro.com\/index.php\/produkt\/aircraft-r-jehlovy-oklepavac-ne-pro-posledni-sance-8553\/","name":"Aircraft\u00ae Jehlov\u00fd oklep\u00e1va\u010d NE PRO Posledn\u00ed \u0160ance -","isPartOf":{"@id":"https:\/\/www.technodompro.com\/#website"},"primaryImageOfPage":{"@id":"https:\/\/www.technodompro.com\/index.php\/produkt\/aircraft-r-jehlovy-oklepavac-ne-pro-posledni-sance-8553\/#primaryimage"},"image":{"@id":"https:\/\/www.technodompro.com\/index.php\/produkt\/aircraft-r-jehlovy-oklepavac-ne-pro-posledni-sance-8553\/#primaryimage"},"thumbnailUrl":"https:\/\/www.technodompro.com\/wp-content\/uploads\/2026\/SK0014104-CZ20260425-092328-0-1777080210-2402620-1.webp","datePublished":"2026-04-27T04:40:49+00:00","breadcrumb":{"@id":"https:\/\/www.technodompro.com\/index.php\/produkt\/aircraft-r-jehlovy-oklepavac-ne-pro-posledni-sance-8553\/#breadcrumb"},"inLanguage":"cs","potentialAction":[{"@type":"ReadAction","target":["https:\/\/www.technodompro.com\/index.php\/produkt\/aircraft-r-jehlovy-oklepavac-ne-pro-posledni-sance-8553\/"]}]},{"@type":"ImageObject","inLanguage":"cs","@id":"https:\/\/www.technodompro.com\/index.php\/produkt\/aircraft-r-jehlovy-oklepavac-ne-pro-posledni-sance-8553\/#primaryimage","url":"https:\/\/www.technodompro.com\/wp-content\/uploads\/2026\/SK0014104-CZ20260425-092328-0-1777080210-2402620-1.webp","contentUrl":"https:\/\/www.technodompro.com\/wp-content\/uploads\/2026\/SK0014104-CZ20260425-092328-0-1777080210-2402620-1.webp","width":700,"height":167},{"@type":"BreadcrumbList","@id":"https:\/\/www.technodompro.com\/index.php\/produkt\/aircraft-r-jehlovy-oklepavac-ne-pro-posledni-sance-8553\/#breadcrumb","itemListElement":[{"@type":"ListItem","position":1,"name":"Home","item":"https:\/\/www.technodompro.com\/"},{"@type":"ListItem","position":2,"name":"Products","item":"https:\/\/www.technodompro.com\/index.php\/products\/"},{"@type":"ListItem","position":3,"name":"Aircraft\u00ae Jehlov\u00fd oklep\u00e1va\u010d NE PRO Posledn\u00ed \u0160ance"}]},{"@type":"WebSite","@id":"https:\/\/www.technodompro.com\/#website","url":"https:\/\/www.technodompro.com\/","name":"","description":"","potentialAction":[{"@type":"SearchAction","target":{"@type":"EntryPoint","urlTemplate":"https:\/\/www.technodompro.com\/?s={search_term_string}"},"query-input":{"@type":"PropertyValueSpecification","valueRequired":true,"valueName":"search_term_string"}}],"inLanguage":"cs"}]}},"_links":{"self":[{"href":"https:\/\/www.technodompro.com\/index.php\/wp-json\/wp\/v2\/product\/8553","targetHints":{"allow":["GET"]}}],"collection":[{"href":"https:\/\/www.technodompro.com\/index.php\/wp-json\/wp\/v2\/product"}],"about":[{"href":"https:\/\/www.technodompro.com\/index.php\/wp-json\/wp\/v2\/types\/product"}],"replies":[{"embeddable":true,"href":"https:\/\/www.technodompro.com\/index.php\/wp-json\/wp\/v2\/comments?post=8553"}],"wp:featuredmedia":[{"embeddable":true,"href":"https:\/\/www.technodompro.com\/index.php\/wp-json\/wp\/v2\/media\/8653"}],"wp:attachment":[{"href":"https:\/\/www.technodompro.com\/index.php\/wp-json\/wp\/v2\/media?parent=8553"}],"wp:term":[{"taxonomy":"product_brand","embeddable":true,"href":"https:\/\/www.technodompro.com\/index.php\/wp-json\/wp\/v2\/product_brand?post=8553"},{"taxonomy":"product_cat","embeddable":true,"href":"https:\/\/www.technodompro.com\/index.php\/wp-json\/wp\/v2\/product_cat?post=8553"},{"taxonomy":"product_tag","embeddable":true,"href":"https:\/\/www.technodompro.com\/index.php\/wp-json\/wp\/v2\/product_tag?post=8553"}],"curies":[{"name":"wp","href":"https:\/\/api.w.org\/{rel}","templated":true}]}}