{"id":8717,"date":"2026-04-27T04:40:49","date_gmt":"2026-04-27T04:40:49","guid":{"rendered":""},"modified":"2026-04-27T04:40:49","modified_gmt":"2026-04-27T04:40:49","slug":"aircraft-r-mobilni-kompresor-compact-air-311-24-e-zlevneny-8717","status":"publish","type":"product","link":"https:\/\/www.technodompro.com\/index.php\/produkt\/aircraft-r-mobilni-kompresor-compact-air-311-24-e-zlevneny-8717\/","title":{"rendered":"Aircraft\u00ae Mobiln\u00ed kompresor Compact-Air 311\/24 E Zlevn\u011bn\u00fd"},"content":{"rendered":"<table>\n<div class=\"tab-pane active product-description\" id=\"popis\" role=\"tabpanel\">\n<div class=\"short-description\" itemprop=\"description\"><\/div>\n<div class=\"description\"><span class='bullet-line'>Kvalitn\u00ed elektromotor s vysok\u00fdm to\u010div\u00fdm momentem a odleh\u010den\u00edm p\u0159i rozb\u011bhu<br \/><\/span><span class='bullet-line'>Tepeln\u00e1 ochrana chr\u00e1n\u00ed motor p\u0159ed p\u0159eh\u0159\u00e1t\u00edm a p\u0159et\u00ed\u017een\u00edm<br \/><\/span><span class='bullet-line'>Pln\u011b automatick\u00e9 zap\u00edn\u00e1n\u00ed a vyp\u00edn\u00e1n\u00ed<br \/><\/span><span class='bullet-line'>V\u0161echny citliv\u00e9 d\u00edly jsou dob\u0159e chr\u00e1n\u011bny<br \/><\/span><span class='bullet-line'>Gumov\u00e9 dr\u017eadlo pro snadn\u00e9 p\u0159en\u00e1\u0161en\u00ed<br \/><\/span><span class='bullet-line'>Se v\u0161emi bezpe\u010dnostn\u00edmi prvky<br \/><\/span><span class='bullet-line'>Snadn\u00e1 p\u0159eprava t\u011bchto kompaktn\u00edch kompresor\u016f<br \/><\/span><span class='bullet-line'>D\u00edky ochrann\u00e9mu trubkov\u00e9mu r\u00e1mu naleznou vyu\u017eit\u00ed p\u0159i mont\u00e1\u017e\u00edch<br \/><\/span> <\/p>\n<p> \u25bc Obsah balen\u00ed \u25bc<span class='bullet-line'>Regul\u00e1tor tlaku<br \/><\/span><span class='bullet-line'>Automatick\u00fd tlakov\u00fd sp\u00edna\u010d<br \/><\/span><span class='bullet-line'>Dva manometry<br \/><\/span> <br \/> \u25bc P\u0159\u00edslu\u0161enstv\u00ed \u25bc<br \/> 2500012 \/ 2500015<\/div>\n<div class=\"parameters\">\n<tr>\n<td>Max. provozn\u00ed tlak<\/td>\n<td>10 bar<\/td>\n<\/tr>\n<tr>\n<td>Kompresn\u00ed syst\u00e9m<\/td>\n<td>HOS<\/td>\n<\/tr>\n<tr>\n<td>Sac\u00ed v\u00fdkon<\/td>\n<td>284 l\/min<\/td>\n<\/tr>\n<tr>\n<td>Pln\u00edc\u00ed v\u00fdkon cca<\/td>\n<td>190 l\/min<\/td>\n<\/tr>\n<tr>\n<td>Objem tlakov\u00e9 n\u00e1doby<\/td>\n<td>20 l<\/td>\n<\/tr>\n<tr>\n<td>V\u00e1lce\/stupn\u011b<\/td>\n<td>1\/1<\/td>\n<\/tr>\n<tr>\n<td>Ot\u00e1\u010dky<\/td>\n<td>2850ot\/min<\/td>\n<\/tr>\n<tr>\n<td>P\u0159\u00edkon<\/td>\n<td>2,2 kW<\/td>\n<\/tr>\n<tr>\n<td>Elektrick\u00e9 p\u0159ipojen\u00ed<\/td>\n<td>230 V<\/td>\n<\/tr>\n<tr>\n<td>Rozm\u011bry (\u0161 \u00d7 v \u00d7 h)<\/td>\n<td>470\u00d7720\u00d7490mm<\/td>\n<\/tr>\n<tr>\n<td>Hmotnost<\/td>\n<td>33,5 kg<\/td>\n<\/tr>\n<tr>\n<td>Hladina akustick\u00e9ho tlaku LPA (4 m)<\/td>\n<td>94 dB(A)<\/td>\n<\/tr><\/div>\n<\/table>\n","protected":false},"excerpt":{"rendered":"<p>Kvalitn\u00ed elektromotor s vysok\u00fdm to\u010div\u00fdm momentem a odleh\u010den\u00edm p\u0159i rozb\u011bhuTepeln\u00e1 ochrana chr\u00e1n\u00ed motor p\u0159ed p\u0159eh\u0159\u00e1t\u00edm a p\u0159et\u00ed\u017een\u00edmPln\u011b automatick\u00e9 zap\u00edn\u00e1n\u00ed a vyp\u00edn\u00e1n\u00edV\u0161echny citliv\u00e9 d\u00edly jsou dob\u0159e chr\u00e1n\u011bnyGumov\u00e9 dr\u017eadlo pro snadn\u00e9 p\u0159en\u00e1\u0161en\u00edSe v\u0161emi bezpe\u010dnostn\u00edmi prvkySnadn\u00e1 p\u0159eprava t\u011bchto kompaktn\u00edch kompresor\u016fD\u00edky ochrann\u00e9mu trubkov\u00e9mu r\u00e1mu naleznou vyu\u017eit\u00ed p\u0159i mont\u00e1\u017e\u00edch \u25bc Obsah balen\u00ed \u25bcRegul\u00e1tor tlakuAutomatick\u00fd tlakov\u00fd sp\u00edna\u010dDva manometry \u25bc P\u0159\u00edslu\u0161enstv\u00ed \u25bc [&hellip;]<\/p>\n","protected":false},"featured_media":8817,"comment_status":"open","ping_status":"open","template":"","meta":[],"product_brand":[],"product_cat":[45],"product_tag":[],"class_list":{"0":"post-8717","1":"product","2":"type-product","3":"status-publish","4":"has-post-thumbnail","6":"product_cat-naradi","8":"first","9":"instock","10":"sale","11":"shipping-taxable","12":"purchasable","13":"product-type-simple"},"yoast_head":"<!-- This site is optimized with the Yoast SEO plugin v26.8 - https:\/\/yoast.com\/product\/yoast-seo-wordpress\/ -->\n<title>Aircraft\u00ae Mobiln\u00ed kompresor Compact-Air 311\/24 E Zlevn\u011bn\u00fd -<\/title>\n<meta name=\"robots\" content=\"index, follow, max-snippet:-1, max-image-preview:large, max-video-preview:-1\" \/>\n<link rel=\"canonical\" href=\"https:\/\/www.technodompro.com\/index.php\/produkt\/aircraft-r-mobilni-kompresor-compact-air-311-24-e-zlevneny-8717\/\" \/>\n<meta property=\"og:locale\" content=\"cs_CZ\" \/>\n<meta property=\"og:type\" content=\"article\" \/>\n<meta property=\"og:title\" content=\"Aircraft\u00ae Mobiln\u00ed kompresor Compact-Air 311\/24 E Zlevn\u011bn\u00fd -\" \/>\n<meta property=\"og:description\" content=\"Kvalitn\u00ed elektromotor s vysok\u00fdm to\u010div\u00fdm momentem a odleh\u010den\u00edm p\u0159i rozb\u011bhuTepeln\u00e1 ochrana chr\u00e1n\u00ed motor p\u0159ed p\u0159eh\u0159\u00e1t\u00edm a p\u0159et\u00ed\u017een\u00edmPln\u011b automatick\u00e9 zap\u00edn\u00e1n\u00ed a vyp\u00edn\u00e1n\u00edV\u0161echny citliv\u00e9 d\u00edly jsou dob\u0159e chr\u00e1n\u011bnyGumov\u00e9 dr\u017eadlo pro snadn\u00e9 p\u0159en\u00e1\u0161en\u00edSe v\u0161emi bezpe\u010dnostn\u00edmi prvkySnadn\u00e1 p\u0159eprava t\u011bchto kompaktn\u00edch kompresor\u016fD\u00edky ochrann\u00e9mu trubkov\u00e9mu r\u00e1mu naleznou vyu\u017eit\u00ed p\u0159i mont\u00e1\u017e\u00edch \u25bc Obsah balen\u00ed \u25bcRegul\u00e1tor tlakuAutomatick\u00fd tlakov\u00fd sp\u00edna\u010dDva manometry \u25bc P\u0159\u00edslu\u0161enstv\u00ed \u25bc [&hellip;]\" \/>\n<meta property=\"og:url\" content=\"https:\/\/www.technodompro.com\/index.php\/produkt\/aircraft-r-mobilni-kompresor-compact-air-311-24-e-zlevneny-8717\/\" \/>\n<meta property=\"og:image\" content=\"https:\/\/www.technodompro.com\/wp-content\/uploads\/2026\/SK0014187-CZ20260425-092328-0-1777080210-2005291-2.webp\" \/>\n\t<meta property=\"og:image:width\" content=\"476\" \/>\n\t<meta property=\"og:image:height\" content=\"600\" \/>\n\t<meta property=\"og:image:type\" content=\"image\/webp\" \/>\n<meta name=\"twitter:card\" content=\"summary_large_image\" \/>\n<meta name=\"twitter:label1\" content=\"Odhadovan\u00e1 doba \u010dten\u00ed\" \/>\n\t<meta name=\"twitter:data1\" content=\"1 minuta\" \/>\n<script type=\"application\/ld+json\" class=\"yoast-schema-graph\">{\"@context\":\"https:\/\/schema.org\",\"@graph\":[{\"@type\":\"WebPage\",\"@id\":\"https:\/\/www.technodompro.com\/index.php\/produkt\/aircraft-r-mobilni-kompresor-compact-air-311-24-e-zlevneny-8717\/\",\"url\":\"https:\/\/www.technodompro.com\/index.php\/produkt\/aircraft-r-mobilni-kompresor-compact-air-311-24-e-zlevneny-8717\/\",\"name\":\"Aircraft\u00ae Mobiln\u00ed kompresor Compact-Air 311\/24 E Zlevn\u011bn\u00fd -\",\"isPartOf\":{\"@id\":\"https:\/\/www.technodompro.com\/#website\"},\"primaryImageOfPage\":{\"@id\":\"https:\/\/www.technodompro.com\/index.php\/produkt\/aircraft-r-mobilni-kompresor-compact-air-311-24-e-zlevneny-8717\/#primaryimage\"},\"image\":{\"@id\":\"https:\/\/www.technodompro.com\/index.php\/produkt\/aircraft-r-mobilni-kompresor-compact-air-311-24-e-zlevneny-8717\/#primaryimage\"},\"thumbnailUrl\":\"https:\/\/www.technodompro.com\/wp-content\/uploads\/2026\/SK0014187-CZ20260425-092328-0-1777080210-2005291-2.webp\",\"datePublished\":\"2026-04-27T04:40:49+00:00\",\"breadcrumb\":{\"@id\":\"https:\/\/www.technodompro.com\/index.php\/produkt\/aircraft-r-mobilni-kompresor-compact-air-311-24-e-zlevneny-8717\/#breadcrumb\"},\"inLanguage\":\"cs\",\"potentialAction\":[{\"@type\":\"ReadAction\",\"target\":[\"https:\/\/www.technodompro.com\/index.php\/produkt\/aircraft-r-mobilni-kompresor-compact-air-311-24-e-zlevneny-8717\/\"]}]},{\"@type\":\"ImageObject\",\"inLanguage\":\"cs\",\"@id\":\"https:\/\/www.technodompro.com\/index.php\/produkt\/aircraft-r-mobilni-kompresor-compact-air-311-24-e-zlevneny-8717\/#primaryimage\",\"url\":\"https:\/\/www.technodompro.com\/wp-content\/uploads\/2026\/SK0014187-CZ20260425-092328-0-1777080210-2005291-2.webp\",\"contentUrl\":\"https:\/\/www.technodompro.com\/wp-content\/uploads\/2026\/SK0014187-CZ20260425-092328-0-1777080210-2005291-2.webp\",\"width\":476,\"height\":600},{\"@type\":\"BreadcrumbList\",\"@id\":\"https:\/\/www.technodompro.com\/index.php\/produkt\/aircraft-r-mobilni-kompresor-compact-air-311-24-e-zlevneny-8717\/#breadcrumb\",\"itemListElement\":[{\"@type\":\"ListItem\",\"position\":1,\"name\":\"Home\",\"item\":\"https:\/\/www.technodompro.com\/\"},{\"@type\":\"ListItem\",\"position\":2,\"name\":\"Products\",\"item\":\"https:\/\/www.technodompro.com\/index.php\/products\/\"},{\"@type\":\"ListItem\",\"position\":3,\"name\":\"Aircraft\u00ae Mobiln\u00ed kompresor Compact-Air 311\/24 E Zlevn\u011bn\u00fd\"}]},{\"@type\":\"WebSite\",\"@id\":\"https:\/\/www.technodompro.com\/#website\",\"url\":\"https:\/\/www.technodompro.com\/\",\"name\":\"\",\"description\":\"\",\"potentialAction\":[{\"@type\":\"SearchAction\",\"target\":{\"@type\":\"EntryPoint\",\"urlTemplate\":\"https:\/\/www.technodompro.com\/?s={search_term_string}\"},\"query-input\":{\"@type\":\"PropertyValueSpecification\",\"valueRequired\":true,\"valueName\":\"search_term_string\"}}],\"inLanguage\":\"cs\"}]}<\/script>\n<!-- \/ Yoast SEO plugin. -->","yoast_head_json":{"title":"Aircraft\u00ae Mobiln\u00ed kompresor Compact-Air 311\/24 E Zlevn\u011bn\u00fd -","robots":{"index":"index","follow":"follow","max-snippet":"max-snippet:-1","max-image-preview":"max-image-preview:large","max-video-preview":"max-video-preview:-1"},"canonical":"https:\/\/www.technodompro.com\/index.php\/produkt\/aircraft-r-mobilni-kompresor-compact-air-311-24-e-zlevneny-8717\/","og_locale":"cs_CZ","og_type":"article","og_title":"Aircraft\u00ae Mobiln\u00ed kompresor Compact-Air 311\/24 E Zlevn\u011bn\u00fd -","og_description":"Kvalitn\u00ed elektromotor s vysok\u00fdm to\u010div\u00fdm momentem a odleh\u010den\u00edm p\u0159i rozb\u011bhuTepeln\u00e1 ochrana chr\u00e1n\u00ed motor p\u0159ed p\u0159eh\u0159\u00e1t\u00edm a p\u0159et\u00ed\u017een\u00edmPln\u011b automatick\u00e9 zap\u00edn\u00e1n\u00ed a vyp\u00edn\u00e1n\u00edV\u0161echny citliv\u00e9 d\u00edly jsou dob\u0159e chr\u00e1n\u011bnyGumov\u00e9 dr\u017eadlo pro snadn\u00e9 p\u0159en\u00e1\u0161en\u00edSe v\u0161emi bezpe\u010dnostn\u00edmi prvkySnadn\u00e1 p\u0159eprava t\u011bchto kompaktn\u00edch kompresor\u016fD\u00edky ochrann\u00e9mu trubkov\u00e9mu r\u00e1mu naleznou vyu\u017eit\u00ed p\u0159i mont\u00e1\u017e\u00edch \u25bc Obsah balen\u00ed \u25bcRegul\u00e1tor tlakuAutomatick\u00fd tlakov\u00fd sp\u00edna\u010dDva manometry \u25bc P\u0159\u00edslu\u0161enstv\u00ed \u25bc [&hellip;]","og_url":"https:\/\/www.technodompro.com\/index.php\/produkt\/aircraft-r-mobilni-kompresor-compact-air-311-24-e-zlevneny-8717\/","og_image":[{"width":476,"height":600,"url":"https:\/\/www.technodompro.com\/wp-content\/uploads\/2026\/SK0014187-CZ20260425-092328-0-1777080210-2005291-2.webp","type":"image\/webp"}],"twitter_card":"summary_large_image","twitter_misc":{"Odhadovan\u00e1 doba \u010dten\u00ed":"1 minuta"},"schema":{"@context":"https:\/\/schema.org","@graph":[{"@type":"WebPage","@id":"https:\/\/www.technodompro.com\/index.php\/produkt\/aircraft-r-mobilni-kompresor-compact-air-311-24-e-zlevneny-8717\/","url":"https:\/\/www.technodompro.com\/index.php\/produkt\/aircraft-r-mobilni-kompresor-compact-air-311-24-e-zlevneny-8717\/","name":"Aircraft\u00ae Mobiln\u00ed kompresor Compact-Air 311\/24 E Zlevn\u011bn\u00fd -","isPartOf":{"@id":"https:\/\/www.technodompro.com\/#website"},"primaryImageOfPage":{"@id":"https:\/\/www.technodompro.com\/index.php\/produkt\/aircraft-r-mobilni-kompresor-compact-air-311-24-e-zlevneny-8717\/#primaryimage"},"image":{"@id":"https:\/\/www.technodompro.com\/index.php\/produkt\/aircraft-r-mobilni-kompresor-compact-air-311-24-e-zlevneny-8717\/#primaryimage"},"thumbnailUrl":"https:\/\/www.technodompro.com\/wp-content\/uploads\/2026\/SK0014187-CZ20260425-092328-0-1777080210-2005291-2.webp","datePublished":"2026-04-27T04:40:49+00:00","breadcrumb":{"@id":"https:\/\/www.technodompro.com\/index.php\/produkt\/aircraft-r-mobilni-kompresor-compact-air-311-24-e-zlevneny-8717\/#breadcrumb"},"inLanguage":"cs","potentialAction":[{"@type":"ReadAction","target":["https:\/\/www.technodompro.com\/index.php\/produkt\/aircraft-r-mobilni-kompresor-compact-air-311-24-e-zlevneny-8717\/"]}]},{"@type":"ImageObject","inLanguage":"cs","@id":"https:\/\/www.technodompro.com\/index.php\/produkt\/aircraft-r-mobilni-kompresor-compact-air-311-24-e-zlevneny-8717\/#primaryimage","url":"https:\/\/www.technodompro.com\/wp-content\/uploads\/2026\/SK0014187-CZ20260425-092328-0-1777080210-2005291-2.webp","contentUrl":"https:\/\/www.technodompro.com\/wp-content\/uploads\/2026\/SK0014187-CZ20260425-092328-0-1777080210-2005291-2.webp","width":476,"height":600},{"@type":"BreadcrumbList","@id":"https:\/\/www.technodompro.com\/index.php\/produkt\/aircraft-r-mobilni-kompresor-compact-air-311-24-e-zlevneny-8717\/#breadcrumb","itemListElement":[{"@type":"ListItem","position":1,"name":"Home","item":"https:\/\/www.technodompro.com\/"},{"@type":"ListItem","position":2,"name":"Products","item":"https:\/\/www.technodompro.com\/index.php\/products\/"},{"@type":"ListItem","position":3,"name":"Aircraft\u00ae Mobiln\u00ed kompresor Compact-Air 311\/24 E Zlevn\u011bn\u00fd"}]},{"@type":"WebSite","@id":"https:\/\/www.technodompro.com\/#website","url":"https:\/\/www.technodompro.com\/","name":"","description":"","potentialAction":[{"@type":"SearchAction","target":{"@type":"EntryPoint","urlTemplate":"https:\/\/www.technodompro.com\/?s={search_term_string}"},"query-input":{"@type":"PropertyValueSpecification","valueRequired":true,"valueName":"search_term_string"}}],"inLanguage":"cs"}]}},"_links":{"self":[{"href":"https:\/\/www.technodompro.com\/index.php\/wp-json\/wp\/v2\/product\/8717","targetHints":{"allow":["GET"]}}],"collection":[{"href":"https:\/\/www.technodompro.com\/index.php\/wp-json\/wp\/v2\/product"}],"about":[{"href":"https:\/\/www.technodompro.com\/index.php\/wp-json\/wp\/v2\/types\/product"}],"replies":[{"embeddable":true,"href":"https:\/\/www.technodompro.com\/index.php\/wp-json\/wp\/v2\/comments?post=8717"}],"wp:featuredmedia":[{"embeddable":true,"href":"https:\/\/www.technodompro.com\/index.php\/wp-json\/wp\/v2\/media\/8817"}],"wp:attachment":[{"href":"https:\/\/www.technodompro.com\/index.php\/wp-json\/wp\/v2\/media?parent=8717"}],"wp:term":[{"taxonomy":"product_brand","embeddable":true,"href":"https:\/\/www.technodompro.com\/index.php\/wp-json\/wp\/v2\/product_brand?post=8717"},{"taxonomy":"product_cat","embeddable":true,"href":"https:\/\/www.technodompro.com\/index.php\/wp-json\/wp\/v2\/product_cat?post=8717"},{"taxonomy":"product_tag","embeddable":true,"href":"https:\/\/www.technodompro.com\/index.php\/wp-json\/wp\/v2\/product_tag?post=8717"}],"curies":[{"name":"wp","href":"https:\/\/api.w.org\/{rel}","templated":true}]}}