{"id":8775,"date":"2026-04-27T04:40:49","date_gmt":"2026-04-27T04:40:49","guid":{"rendered":""},"modified":"2026-04-27T04:40:49","modified_gmt":"2026-04-27T04:40:49","slug":"aircraft-r-spiralova-pu-hadice-pro-10-m-o-8-12-mm-8-bar-s-rychlospojkami-cenova-bomba-8775","status":"publish","type":"product","link":"https:\/\/www.technodompro.com\/index.php\/produkt\/aircraft-r-spiralova-pu-hadice-pro-10-m-o-8-12-mm-8-bar-s-rychlospojkami-cenova-bomba-8775\/","title":{"rendered":"Aircraft\u00ae Spir\u00e1lov\u00e1 PU hadice PRO 10 m, \u00d8 8\/12 mm, 8 bar s rychlospojkami Cenov\u00e1 Bomba"},"content":{"rendered":"<table>\n<div class=\"tab-pane active product-description\" id=\"popis\" role=\"tabpanel\">\n<div class=\"short-description\" itemprop=\"description\"><\/div>\n<div class=\"description\"><span class='bullet-line'>S mosaznou rychlospojkou STANDARD DN 7,2<br \/><\/span><span class='bullet-line'>Zachov\u00e1v\u00e1 si st\u00e1l\u00fd pr\u016f\u0159ez i p\u0159i ohybu<br \/><\/span><span class='bullet-line'>Oto\u010dn\u00e9 \u0161rouben\u00ed na obou konc\u00edch hadice zamezuje jej\u00edmu p\u0159ekroucen\u00ed<br \/><\/span><span class='bullet-line'>Zes\u00edlen\u00e9 ukon\u010den\u00ed hadice zabra\u0148uje jej\u00edmu zlomen\u00ed a usnad\u0148uje p\u0159ipojov\u00e1n\u00ed<br \/><\/span><span class='bullet-line'>Mal\u00fd polom\u011br spir\u00e1ly, velk\u00fd teplotn\u00ed rozsah<br \/><\/span><span class='bullet-line'>P\u0159ipojovac\u00ed z\u00e1vit 1\/4\u201c<\/span><\/div>\n<div class=\"parameters\">\n<tr>\n<td>Max. provozn\u00ed tlak<\/td>\n<td>10 bar<\/td>\n<\/tr>\n<tr>\n<td>Vnit\u0159n\u00ed pr\u016fm\u011br<\/td>\n<td>8 mm<\/td>\n<\/tr>\n<tr>\n<td>Vn\u011bj\u0161\u00ed pr\u016fm\u011br<\/td>\n<td>12 mm<\/td>\n<\/tr>\n<tr>\n<td>D\u00e9lka<\/td>\n<td>10 m<\/td>\n<\/tr><\/div>\n<\/table>\n","protected":false},"excerpt":{"rendered":"<p>S mosaznou rychlospojkou STANDARD DN 7,2Zachov\u00e1v\u00e1 si st\u00e1l\u00fd pr\u016f\u0159ez i p\u0159i ohybuOto\u010dn\u00e9 \u0161rouben\u00ed na obou konc\u00edch hadice zamezuje jej\u00edmu p\u0159ekroucen\u00edZes\u00edlen\u00e9 ukon\u010den\u00ed hadice zabra\u0148uje jej\u00edmu zlomen\u00ed a usnad\u0148uje p\u0159ipojov\u00e1n\u00edMal\u00fd polom\u011br spir\u00e1ly, velk\u00fd teplotn\u00ed rozsahP\u0159ipojovac\u00ed z\u00e1vit 1\/4\u201c Max. provozn\u00ed tlak 10 bar Vnit\u0159n\u00ed pr\u016fm\u011br 8 mm Vn\u011bj\u0161\u00ed pr\u016fm\u011br 12 mm D\u00e9lka 10 m<\/p>\n","protected":false},"featured_media":8875,"comment_status":"open","ping_status":"open","template":"","meta":[],"product_brand":[],"product_cat":[45],"product_tag":[],"class_list":{"0":"post-8775","1":"product","2":"type-product","3":"status-publish","4":"has-post-thumbnail","6":"product_cat-naradi","8":"first","9":"instock","10":"sale","11":"shipping-taxable","12":"purchasable","13":"product-type-simple"},"yoast_head":"<!-- This site is optimized with the Yoast SEO plugin v26.8 - https:\/\/yoast.com\/product\/yoast-seo-wordpress\/ -->\n<title>Aircraft\u00ae Spir\u00e1lov\u00e1 PU hadice PRO 10 m, \u00d8 8\/12 mm, 8 bar s rychlospojkami Cenov\u00e1 Bomba -<\/title>\n<meta name=\"robots\" content=\"index, follow, max-snippet:-1, max-image-preview:large, max-video-preview:-1\" \/>\n<link rel=\"canonical\" href=\"https:\/\/www.technodompro.com\/index.php\/produkt\/aircraft-r-spiralova-pu-hadice-pro-10-m-o-8-12-mm-8-bar-s-rychlospojkami-cenova-bomba-8775\/\" \/>\n<meta property=\"og:locale\" content=\"cs_CZ\" \/>\n<meta property=\"og:type\" content=\"article\" \/>\n<meta property=\"og:title\" content=\"Aircraft\u00ae Spir\u00e1lov\u00e1 PU hadice PRO 10 m, \u00d8 8\/12 mm, 8 bar s rychlospojkami Cenov\u00e1 Bomba -\" \/>\n<meta property=\"og:description\" content=\"S mosaznou rychlospojkou STANDARD DN 7,2Zachov\u00e1v\u00e1 si st\u00e1l\u00fd pr\u016f\u0159ez i p\u0159i ohybuOto\u010dn\u00e9 \u0161rouben\u00ed na obou konc\u00edch hadice zamezuje jej\u00edmu p\u0159ekroucen\u00edZes\u00edlen\u00e9 ukon\u010den\u00ed hadice zabra\u0148uje jej\u00edmu zlomen\u00ed a usnad\u0148uje p\u0159ipojov\u00e1n\u00edMal\u00fd polom\u011br spir\u00e1ly, velk\u00fd teplotn\u00ed rozsahP\u0159ipojovac\u00ed z\u00e1vit 1\/4\u201c Max. provozn\u00ed tlak 10 bar Vnit\u0159n\u00ed pr\u016fm\u011br 8 mm Vn\u011bj\u0161\u00ed pr\u016fm\u011br 12 mm D\u00e9lka 10 m\" \/>\n<meta property=\"og:url\" content=\"https:\/\/www.technodompro.com\/index.php\/produkt\/aircraft-r-spiralova-pu-hadice-pro-10-m-o-8-12-mm-8-bar-s-rychlospojkami-cenova-bomba-8775\/\" \/>\n<meta property=\"og:image\" content=\"https:\/\/www.technodompro.com\/wp-content\/uploads\/2026\/SK0014261-CZ20260425-092328-0-1777080210-2105856-1.webp\" \/>\n\t<meta property=\"og:image:width\" content=\"560\" \/>\n\t<meta property=\"og:image:height\" content=\"277\" \/>\n\t<meta property=\"og:image:type\" content=\"image\/webp\" \/>\n<meta name=\"twitter:card\" content=\"summary_large_image\" \/>\n<script type=\"application\/ld+json\" class=\"yoast-schema-graph\">{\"@context\":\"https:\/\/schema.org\",\"@graph\":[{\"@type\":\"WebPage\",\"@id\":\"https:\/\/www.technodompro.com\/index.php\/produkt\/aircraft-r-spiralova-pu-hadice-pro-10-m-o-8-12-mm-8-bar-s-rychlospojkami-cenova-bomba-8775\/\",\"url\":\"https:\/\/www.technodompro.com\/index.php\/produkt\/aircraft-r-spiralova-pu-hadice-pro-10-m-o-8-12-mm-8-bar-s-rychlospojkami-cenova-bomba-8775\/\",\"name\":\"Aircraft\u00ae Spir\u00e1lov\u00e1 PU hadice PRO 10 m, \u00d8 8\/12 mm, 8 bar s rychlospojkami Cenov\u00e1 Bomba -\",\"isPartOf\":{\"@id\":\"https:\/\/www.technodompro.com\/#website\"},\"primaryImageOfPage\":{\"@id\":\"https:\/\/www.technodompro.com\/index.php\/produkt\/aircraft-r-spiralova-pu-hadice-pro-10-m-o-8-12-mm-8-bar-s-rychlospojkami-cenova-bomba-8775\/#primaryimage\"},\"image\":{\"@id\":\"https:\/\/www.technodompro.com\/index.php\/produkt\/aircraft-r-spiralova-pu-hadice-pro-10-m-o-8-12-mm-8-bar-s-rychlospojkami-cenova-bomba-8775\/#primaryimage\"},\"thumbnailUrl\":\"https:\/\/www.technodompro.com\/wp-content\/uploads\/2026\/SK0014261-CZ20260425-092328-0-1777080210-2105856-1.webp\",\"datePublished\":\"2026-04-27T04:40:49+00:00\",\"breadcrumb\":{\"@id\":\"https:\/\/www.technodompro.com\/index.php\/produkt\/aircraft-r-spiralova-pu-hadice-pro-10-m-o-8-12-mm-8-bar-s-rychlospojkami-cenova-bomba-8775\/#breadcrumb\"},\"inLanguage\":\"cs\",\"potentialAction\":[{\"@type\":\"ReadAction\",\"target\":[\"https:\/\/www.technodompro.com\/index.php\/produkt\/aircraft-r-spiralova-pu-hadice-pro-10-m-o-8-12-mm-8-bar-s-rychlospojkami-cenova-bomba-8775\/\"]}]},{\"@type\":\"ImageObject\",\"inLanguage\":\"cs\",\"@id\":\"https:\/\/www.technodompro.com\/index.php\/produkt\/aircraft-r-spiralova-pu-hadice-pro-10-m-o-8-12-mm-8-bar-s-rychlospojkami-cenova-bomba-8775\/#primaryimage\",\"url\":\"https:\/\/www.technodompro.com\/wp-content\/uploads\/2026\/SK0014261-CZ20260425-092328-0-1777080210-2105856-1.webp\",\"contentUrl\":\"https:\/\/www.technodompro.com\/wp-content\/uploads\/2026\/SK0014261-CZ20260425-092328-0-1777080210-2105856-1.webp\",\"width\":560,\"height\":277},{\"@type\":\"BreadcrumbList\",\"@id\":\"https:\/\/www.technodompro.com\/index.php\/produkt\/aircraft-r-spiralova-pu-hadice-pro-10-m-o-8-12-mm-8-bar-s-rychlospojkami-cenova-bomba-8775\/#breadcrumb\",\"itemListElement\":[{\"@type\":\"ListItem\",\"position\":1,\"name\":\"Home\",\"item\":\"https:\/\/www.technodompro.com\/\"},{\"@type\":\"ListItem\",\"position\":2,\"name\":\"Products\",\"item\":\"https:\/\/www.technodompro.com\/index.php\/products\/\"},{\"@type\":\"ListItem\",\"position\":3,\"name\":\"Aircraft\u00ae Spir\u00e1lov\u00e1 PU hadice PRO 10 m, \u00d8 8\/12 mm, 8 bar s rychlospojkami Cenov\u00e1 Bomba\"}]},{\"@type\":\"WebSite\",\"@id\":\"https:\/\/www.technodompro.com\/#website\",\"url\":\"https:\/\/www.technodompro.com\/\",\"name\":\"\",\"description\":\"\",\"potentialAction\":[{\"@type\":\"SearchAction\",\"target\":{\"@type\":\"EntryPoint\",\"urlTemplate\":\"https:\/\/www.technodompro.com\/?s={search_term_string}\"},\"query-input\":{\"@type\":\"PropertyValueSpecification\",\"valueRequired\":true,\"valueName\":\"search_term_string\"}}],\"inLanguage\":\"cs\"}]}<\/script>\n<!-- \/ Yoast SEO plugin. -->","yoast_head_json":{"title":"Aircraft\u00ae Spir\u00e1lov\u00e1 PU hadice PRO 10 m, \u00d8 8\/12 mm, 8 bar s rychlospojkami Cenov\u00e1 Bomba -","robots":{"index":"index","follow":"follow","max-snippet":"max-snippet:-1","max-image-preview":"max-image-preview:large","max-video-preview":"max-video-preview:-1"},"canonical":"https:\/\/www.technodompro.com\/index.php\/produkt\/aircraft-r-spiralova-pu-hadice-pro-10-m-o-8-12-mm-8-bar-s-rychlospojkami-cenova-bomba-8775\/","og_locale":"cs_CZ","og_type":"article","og_title":"Aircraft\u00ae Spir\u00e1lov\u00e1 PU hadice PRO 10 m, \u00d8 8\/12 mm, 8 bar s rychlospojkami Cenov\u00e1 Bomba -","og_description":"S mosaznou rychlospojkou STANDARD DN 7,2Zachov\u00e1v\u00e1 si st\u00e1l\u00fd pr\u016f\u0159ez i p\u0159i ohybuOto\u010dn\u00e9 \u0161rouben\u00ed na obou konc\u00edch hadice zamezuje jej\u00edmu p\u0159ekroucen\u00edZes\u00edlen\u00e9 ukon\u010den\u00ed hadice zabra\u0148uje jej\u00edmu zlomen\u00ed a usnad\u0148uje p\u0159ipojov\u00e1n\u00edMal\u00fd polom\u011br spir\u00e1ly, velk\u00fd teplotn\u00ed rozsahP\u0159ipojovac\u00ed z\u00e1vit 1\/4\u201c Max. provozn\u00ed tlak 10 bar Vnit\u0159n\u00ed pr\u016fm\u011br 8 mm Vn\u011bj\u0161\u00ed pr\u016fm\u011br 12 mm D\u00e9lka 10 m","og_url":"https:\/\/www.technodompro.com\/index.php\/produkt\/aircraft-r-spiralova-pu-hadice-pro-10-m-o-8-12-mm-8-bar-s-rychlospojkami-cenova-bomba-8775\/","og_image":[{"width":560,"height":277,"url":"https:\/\/www.technodompro.com\/wp-content\/uploads\/2026\/SK0014261-CZ20260425-092328-0-1777080210-2105856-1.webp","type":"image\/webp"}],"twitter_card":"summary_large_image","schema":{"@context":"https:\/\/schema.org","@graph":[{"@type":"WebPage","@id":"https:\/\/www.technodompro.com\/index.php\/produkt\/aircraft-r-spiralova-pu-hadice-pro-10-m-o-8-12-mm-8-bar-s-rychlospojkami-cenova-bomba-8775\/","url":"https:\/\/www.technodompro.com\/index.php\/produkt\/aircraft-r-spiralova-pu-hadice-pro-10-m-o-8-12-mm-8-bar-s-rychlospojkami-cenova-bomba-8775\/","name":"Aircraft\u00ae Spir\u00e1lov\u00e1 PU hadice PRO 10 m, \u00d8 8\/12 mm, 8 bar s rychlospojkami Cenov\u00e1 Bomba -","isPartOf":{"@id":"https:\/\/www.technodompro.com\/#website"},"primaryImageOfPage":{"@id":"https:\/\/www.technodompro.com\/index.php\/produkt\/aircraft-r-spiralova-pu-hadice-pro-10-m-o-8-12-mm-8-bar-s-rychlospojkami-cenova-bomba-8775\/#primaryimage"},"image":{"@id":"https:\/\/www.technodompro.com\/index.php\/produkt\/aircraft-r-spiralova-pu-hadice-pro-10-m-o-8-12-mm-8-bar-s-rychlospojkami-cenova-bomba-8775\/#primaryimage"},"thumbnailUrl":"https:\/\/www.technodompro.com\/wp-content\/uploads\/2026\/SK0014261-CZ20260425-092328-0-1777080210-2105856-1.webp","datePublished":"2026-04-27T04:40:49+00:00","breadcrumb":{"@id":"https:\/\/www.technodompro.com\/index.php\/produkt\/aircraft-r-spiralova-pu-hadice-pro-10-m-o-8-12-mm-8-bar-s-rychlospojkami-cenova-bomba-8775\/#breadcrumb"},"inLanguage":"cs","potentialAction":[{"@type":"ReadAction","target":["https:\/\/www.technodompro.com\/index.php\/produkt\/aircraft-r-spiralova-pu-hadice-pro-10-m-o-8-12-mm-8-bar-s-rychlospojkami-cenova-bomba-8775\/"]}]},{"@type":"ImageObject","inLanguage":"cs","@id":"https:\/\/www.technodompro.com\/index.php\/produkt\/aircraft-r-spiralova-pu-hadice-pro-10-m-o-8-12-mm-8-bar-s-rychlospojkami-cenova-bomba-8775\/#primaryimage","url":"https:\/\/www.technodompro.com\/wp-content\/uploads\/2026\/SK0014261-CZ20260425-092328-0-1777080210-2105856-1.webp","contentUrl":"https:\/\/www.technodompro.com\/wp-content\/uploads\/2026\/SK0014261-CZ20260425-092328-0-1777080210-2105856-1.webp","width":560,"height":277},{"@type":"BreadcrumbList","@id":"https:\/\/www.technodompro.com\/index.php\/produkt\/aircraft-r-spiralova-pu-hadice-pro-10-m-o-8-12-mm-8-bar-s-rychlospojkami-cenova-bomba-8775\/#breadcrumb","itemListElement":[{"@type":"ListItem","position":1,"name":"Home","item":"https:\/\/www.technodompro.com\/"},{"@type":"ListItem","position":2,"name":"Products","item":"https:\/\/www.technodompro.com\/index.php\/products\/"},{"@type":"ListItem","position":3,"name":"Aircraft\u00ae Spir\u00e1lov\u00e1 PU hadice PRO 10 m, \u00d8 8\/12 mm, 8 bar s rychlospojkami Cenov\u00e1 Bomba"}]},{"@type":"WebSite","@id":"https:\/\/www.technodompro.com\/#website","url":"https:\/\/www.technodompro.com\/","name":"","description":"","potentialAction":[{"@type":"SearchAction","target":{"@type":"EntryPoint","urlTemplate":"https:\/\/www.technodompro.com\/?s={search_term_string}"},"query-input":{"@type":"PropertyValueSpecification","valueRequired":true,"valueName":"search_term_string"}}],"inLanguage":"cs"}]}},"_links":{"self":[{"href":"https:\/\/www.technodompro.com\/index.php\/wp-json\/wp\/v2\/product\/8775","targetHints":{"allow":["GET"]}}],"collection":[{"href":"https:\/\/www.technodompro.com\/index.php\/wp-json\/wp\/v2\/product"}],"about":[{"href":"https:\/\/www.technodompro.com\/index.php\/wp-json\/wp\/v2\/types\/product"}],"replies":[{"embeddable":true,"href":"https:\/\/www.technodompro.com\/index.php\/wp-json\/wp\/v2\/comments?post=8775"}],"wp:featuredmedia":[{"embeddable":true,"href":"https:\/\/www.technodompro.com\/index.php\/wp-json\/wp\/v2\/media\/8875"}],"wp:attachment":[{"href":"https:\/\/www.technodompro.com\/index.php\/wp-json\/wp\/v2\/media?parent=8775"}],"wp:term":[{"taxonomy":"product_brand","embeddable":true,"href":"https:\/\/www.technodompro.com\/index.php\/wp-json\/wp\/v2\/product_brand?post=8775"},{"taxonomy":"product_cat","embeddable":true,"href":"https:\/\/www.technodompro.com\/index.php\/wp-json\/wp\/v2\/product_cat?post=8775"},{"taxonomy":"product_tag","embeddable":true,"href":"https:\/\/www.technodompro.com\/index.php\/wp-json\/wp\/v2\/product_tag?post=8775"}],"curies":[{"name":"wp","href":"https:\/\/api.w.org\/{rel}","templated":true}]}}