{"id":8896,"date":"2026-04-27T04:40:50","date_gmt":"2026-04-27T04:40:50","guid":{"rendered":""},"modified":"2026-04-27T04:40:50","modified_gmt":"2026-04-27T04:40:50","slug":"aircraft-r-pvc-hadice-airpress-50-m-o-6-12-mm-posledni-sance-8896","status":"publish","type":"product","link":"https:\/\/www.technodompro.com\/index.php\/produkt\/aircraft-r-pvc-hadice-airpress-50-m-o-6-12-mm-posledni-sance-8896\/","title":{"rendered":"Aircraft\u00ae PVC hadice Airpress 50 m, \u00d8 6\/12 mm Posledn\u00ed \u0160ance"},"content":{"rendered":"<table>\n<div class=\"tab-pane active product-description\" id=\"popis\" role=\"tabpanel\">\n<div class=\"short-description\" itemprop=\"description\"><\/div>\n<div class=\"description\"><span class='bullet-line'>Vyztu\u017een\u00e1 PES vl\u00e1knem<br \/><\/span><span class='bullet-line'>Pracovn\u00ed teplota -5\u00b0 a\u017e +60\u00b0C<\/span><\/div>\n<div class=\"parameters\">\n<tr>\n<td>Max. provozn\u00ed tlak<\/td>\n<td>20 bar<\/td>\n<\/tr>\n<tr>\n<td>Vnit\u0159n\u00ed pr\u016fm\u011br<\/td>\n<td>6 mm<\/td>\n<\/tr>\n<tr>\n<td>Vn\u011bj\u0161\u00ed pr\u016fm\u011br<\/td>\n<td>12 mm<\/td>\n<\/tr>\n<tr>\n<td>D\u00e9lka<\/td>\n<td>50 m<\/td>\n<\/tr><\/div>\n<\/table>\n","protected":false},"excerpt":{"rendered":"<p>Vyztu\u017een\u00e1 PES vl\u00e1knemPracovn\u00ed teplota -5\u00b0 a\u017e +60\u00b0C Max. provozn\u00ed tlak 20 bar Vnit\u0159n\u00ed pr\u016fm\u011br 6 mm Vn\u011bj\u0161\u00ed pr\u016fm\u011br 12 mm D\u00e9lka 50 m<\/p>\n","protected":false},"featured_media":8996,"comment_status":"open","ping_status":"open","template":"","meta":[],"product_brand":[],"product_cat":[45],"product_tag":[],"class_list":{"0":"post-8896","1":"product","2":"type-product","3":"status-publish","4":"has-post-thumbnail","6":"product_cat-naradi","8":"first","9":"instock","10":"sale","11":"shipping-taxable","12":"purchasable","13":"product-type-simple"},"yoast_head":"<!-- This site is optimized with the Yoast SEO plugin v26.8 - https:\/\/yoast.com\/product\/yoast-seo-wordpress\/ -->\n<title>Aircraft\u00ae PVC hadice Airpress 50 m, \u00d8 6\/12 mm Posledn\u00ed \u0160ance -<\/title>\n<meta name=\"robots\" content=\"index, follow, max-snippet:-1, max-image-preview:large, max-video-preview:-1\" \/>\n<link rel=\"canonical\" href=\"https:\/\/www.technodompro.com\/index.php\/produkt\/aircraft-r-pvc-hadice-airpress-50-m-o-6-12-mm-posledni-sance-8896\/\" \/>\n<meta property=\"og:locale\" content=\"cs_CZ\" \/>\n<meta property=\"og:type\" content=\"article\" \/>\n<meta property=\"og:title\" content=\"Aircraft\u00ae PVC hadice Airpress 50 m, \u00d8 6\/12 mm Posledn\u00ed \u0160ance -\" \/>\n<meta property=\"og:description\" content=\"Vyztu\u017een\u00e1 PES vl\u00e1knemPracovn\u00ed teplota -5\u00b0 a\u017e +60\u00b0C Max. provozn\u00ed tlak 20 bar Vnit\u0159n\u00ed pr\u016fm\u011br 6 mm Vn\u011bj\u0161\u00ed pr\u016fm\u011br 12 mm D\u00e9lka 50 m\" \/>\n<meta property=\"og:url\" content=\"https:\/\/www.technodompro.com\/index.php\/produkt\/aircraft-r-pvc-hadice-airpress-50-m-o-6-12-mm-posledni-sance-8896\/\" \/>\n<meta property=\"og:image\" content=\"https:\/\/www.technodompro.com\/wp-content\/uploads\/2026\/SK0014283-CZ20260425-092328-0-1777080210-210006-1.webp\" \/>\n\t<meta property=\"og:image:width\" content=\"520\" \/>\n\t<meta property=\"og:image:height\" content=\"466\" \/>\n\t<meta property=\"og:image:type\" content=\"image\/webp\" \/>\n<meta name=\"twitter:card\" content=\"summary_large_image\" \/>\n<script type=\"application\/ld+json\" class=\"yoast-schema-graph\">{\"@context\":\"https:\/\/schema.org\",\"@graph\":[{\"@type\":\"WebPage\",\"@id\":\"https:\/\/www.technodompro.com\/index.php\/produkt\/aircraft-r-pvc-hadice-airpress-50-m-o-6-12-mm-posledni-sance-8896\/\",\"url\":\"https:\/\/www.technodompro.com\/index.php\/produkt\/aircraft-r-pvc-hadice-airpress-50-m-o-6-12-mm-posledni-sance-8896\/\",\"name\":\"Aircraft\u00ae PVC hadice Airpress 50 m, \u00d8 6\/12 mm Posledn\u00ed \u0160ance -\",\"isPartOf\":{\"@id\":\"https:\/\/www.technodompro.com\/#website\"},\"primaryImageOfPage\":{\"@id\":\"https:\/\/www.technodompro.com\/index.php\/produkt\/aircraft-r-pvc-hadice-airpress-50-m-o-6-12-mm-posledni-sance-8896\/#primaryimage\"},\"image\":{\"@id\":\"https:\/\/www.technodompro.com\/index.php\/produkt\/aircraft-r-pvc-hadice-airpress-50-m-o-6-12-mm-posledni-sance-8896\/#primaryimage\"},\"thumbnailUrl\":\"https:\/\/www.technodompro.com\/wp-content\/uploads\/2026\/SK0014283-CZ20260425-092328-0-1777080210-210006-1.webp\",\"datePublished\":\"2026-04-27T04:40:50+00:00\",\"breadcrumb\":{\"@id\":\"https:\/\/www.technodompro.com\/index.php\/produkt\/aircraft-r-pvc-hadice-airpress-50-m-o-6-12-mm-posledni-sance-8896\/#breadcrumb\"},\"inLanguage\":\"cs\",\"potentialAction\":[{\"@type\":\"ReadAction\",\"target\":[\"https:\/\/www.technodompro.com\/index.php\/produkt\/aircraft-r-pvc-hadice-airpress-50-m-o-6-12-mm-posledni-sance-8896\/\"]}]},{\"@type\":\"ImageObject\",\"inLanguage\":\"cs\",\"@id\":\"https:\/\/www.technodompro.com\/index.php\/produkt\/aircraft-r-pvc-hadice-airpress-50-m-o-6-12-mm-posledni-sance-8896\/#primaryimage\",\"url\":\"https:\/\/www.technodompro.com\/wp-content\/uploads\/2026\/SK0014283-CZ20260425-092328-0-1777080210-210006-1.webp\",\"contentUrl\":\"https:\/\/www.technodompro.com\/wp-content\/uploads\/2026\/SK0014283-CZ20260425-092328-0-1777080210-210006-1.webp\",\"width\":520,\"height\":466},{\"@type\":\"BreadcrumbList\",\"@id\":\"https:\/\/www.technodompro.com\/index.php\/produkt\/aircraft-r-pvc-hadice-airpress-50-m-o-6-12-mm-posledni-sance-8896\/#breadcrumb\",\"itemListElement\":[{\"@type\":\"ListItem\",\"position\":1,\"name\":\"Home\",\"item\":\"https:\/\/www.technodompro.com\/\"},{\"@type\":\"ListItem\",\"position\":2,\"name\":\"Products\",\"item\":\"https:\/\/www.technodompro.com\/index.php\/products\/\"},{\"@type\":\"ListItem\",\"position\":3,\"name\":\"Aircraft\u00ae PVC hadice Airpress 50 m, \u00d8 6\/12 mm Posledn\u00ed \u0160ance\"}]},{\"@type\":\"WebSite\",\"@id\":\"https:\/\/www.technodompro.com\/#website\",\"url\":\"https:\/\/www.technodompro.com\/\",\"name\":\"\",\"description\":\"\",\"potentialAction\":[{\"@type\":\"SearchAction\",\"target\":{\"@type\":\"EntryPoint\",\"urlTemplate\":\"https:\/\/www.technodompro.com\/?s={search_term_string}\"},\"query-input\":{\"@type\":\"PropertyValueSpecification\",\"valueRequired\":true,\"valueName\":\"search_term_string\"}}],\"inLanguage\":\"cs\"}]}<\/script>\n<!-- \/ Yoast SEO plugin. -->","yoast_head_json":{"title":"Aircraft\u00ae PVC hadice Airpress 50 m, \u00d8 6\/12 mm Posledn\u00ed \u0160ance -","robots":{"index":"index","follow":"follow","max-snippet":"max-snippet:-1","max-image-preview":"max-image-preview:large","max-video-preview":"max-video-preview:-1"},"canonical":"https:\/\/www.technodompro.com\/index.php\/produkt\/aircraft-r-pvc-hadice-airpress-50-m-o-6-12-mm-posledni-sance-8896\/","og_locale":"cs_CZ","og_type":"article","og_title":"Aircraft\u00ae PVC hadice Airpress 50 m, \u00d8 6\/12 mm Posledn\u00ed \u0160ance -","og_description":"Vyztu\u017een\u00e1 PES vl\u00e1knemPracovn\u00ed teplota -5\u00b0 a\u017e +60\u00b0C Max. provozn\u00ed tlak 20 bar Vnit\u0159n\u00ed pr\u016fm\u011br 6 mm Vn\u011bj\u0161\u00ed pr\u016fm\u011br 12 mm D\u00e9lka 50 m","og_url":"https:\/\/www.technodompro.com\/index.php\/produkt\/aircraft-r-pvc-hadice-airpress-50-m-o-6-12-mm-posledni-sance-8896\/","og_image":[{"width":520,"height":466,"url":"https:\/\/www.technodompro.com\/wp-content\/uploads\/2026\/SK0014283-CZ20260425-092328-0-1777080210-210006-1.webp","type":"image\/webp"}],"twitter_card":"summary_large_image","schema":{"@context":"https:\/\/schema.org","@graph":[{"@type":"WebPage","@id":"https:\/\/www.technodompro.com\/index.php\/produkt\/aircraft-r-pvc-hadice-airpress-50-m-o-6-12-mm-posledni-sance-8896\/","url":"https:\/\/www.technodompro.com\/index.php\/produkt\/aircraft-r-pvc-hadice-airpress-50-m-o-6-12-mm-posledni-sance-8896\/","name":"Aircraft\u00ae PVC hadice Airpress 50 m, \u00d8 6\/12 mm Posledn\u00ed \u0160ance -","isPartOf":{"@id":"https:\/\/www.technodompro.com\/#website"},"primaryImageOfPage":{"@id":"https:\/\/www.technodompro.com\/index.php\/produkt\/aircraft-r-pvc-hadice-airpress-50-m-o-6-12-mm-posledni-sance-8896\/#primaryimage"},"image":{"@id":"https:\/\/www.technodompro.com\/index.php\/produkt\/aircraft-r-pvc-hadice-airpress-50-m-o-6-12-mm-posledni-sance-8896\/#primaryimage"},"thumbnailUrl":"https:\/\/www.technodompro.com\/wp-content\/uploads\/2026\/SK0014283-CZ20260425-092328-0-1777080210-210006-1.webp","datePublished":"2026-04-27T04:40:50+00:00","breadcrumb":{"@id":"https:\/\/www.technodompro.com\/index.php\/produkt\/aircraft-r-pvc-hadice-airpress-50-m-o-6-12-mm-posledni-sance-8896\/#breadcrumb"},"inLanguage":"cs","potentialAction":[{"@type":"ReadAction","target":["https:\/\/www.technodompro.com\/index.php\/produkt\/aircraft-r-pvc-hadice-airpress-50-m-o-6-12-mm-posledni-sance-8896\/"]}]},{"@type":"ImageObject","inLanguage":"cs","@id":"https:\/\/www.technodompro.com\/index.php\/produkt\/aircraft-r-pvc-hadice-airpress-50-m-o-6-12-mm-posledni-sance-8896\/#primaryimage","url":"https:\/\/www.technodompro.com\/wp-content\/uploads\/2026\/SK0014283-CZ20260425-092328-0-1777080210-210006-1.webp","contentUrl":"https:\/\/www.technodompro.com\/wp-content\/uploads\/2026\/SK0014283-CZ20260425-092328-0-1777080210-210006-1.webp","width":520,"height":466},{"@type":"BreadcrumbList","@id":"https:\/\/www.technodompro.com\/index.php\/produkt\/aircraft-r-pvc-hadice-airpress-50-m-o-6-12-mm-posledni-sance-8896\/#breadcrumb","itemListElement":[{"@type":"ListItem","position":1,"name":"Home","item":"https:\/\/www.technodompro.com\/"},{"@type":"ListItem","position":2,"name":"Products","item":"https:\/\/www.technodompro.com\/index.php\/products\/"},{"@type":"ListItem","position":3,"name":"Aircraft\u00ae PVC hadice Airpress 50 m, \u00d8 6\/12 mm Posledn\u00ed \u0160ance"}]},{"@type":"WebSite","@id":"https:\/\/www.technodompro.com\/#website","url":"https:\/\/www.technodompro.com\/","name":"","description":"","potentialAction":[{"@type":"SearchAction","target":{"@type":"EntryPoint","urlTemplate":"https:\/\/www.technodompro.com\/?s={search_term_string}"},"query-input":{"@type":"PropertyValueSpecification","valueRequired":true,"valueName":"search_term_string"}}],"inLanguage":"cs"}]}},"_links":{"self":[{"href":"https:\/\/www.technodompro.com\/index.php\/wp-json\/wp\/v2\/product\/8896","targetHints":{"allow":["GET"]}}],"collection":[{"href":"https:\/\/www.technodompro.com\/index.php\/wp-json\/wp\/v2\/product"}],"about":[{"href":"https:\/\/www.technodompro.com\/index.php\/wp-json\/wp\/v2\/types\/product"}],"replies":[{"embeddable":true,"href":"https:\/\/www.technodompro.com\/index.php\/wp-json\/wp\/v2\/comments?post=8896"}],"wp:featuredmedia":[{"embeddable":true,"href":"https:\/\/www.technodompro.com\/index.php\/wp-json\/wp\/v2\/media\/8996"}],"wp:attachment":[{"href":"https:\/\/www.technodompro.com\/index.php\/wp-json\/wp\/v2\/media?parent=8896"}],"wp:term":[{"taxonomy":"product_brand","embeddable":true,"href":"https:\/\/www.technodompro.com\/index.php\/wp-json\/wp\/v2\/product_brand?post=8896"},{"taxonomy":"product_cat","embeddable":true,"href":"https:\/\/www.technodompro.com\/index.php\/wp-json\/wp\/v2\/product_cat?post=8896"},{"taxonomy":"product_tag","embeddable":true,"href":"https:\/\/www.technodompro.com\/index.php\/wp-json\/wp\/v2\/product_tag?post=8896"}],"curies":[{"name":"wp","href":"https:\/\/api.w.org\/{rel}","templated":true}]}}