{"id":8913,"date":"2026-04-27T04:40:50","date_gmt":"2026-04-27T04:40:50","guid":{"rendered":""},"modified":"2026-04-27T04:40:50","modified_gmt":"2026-04-27T04:40:50","slug":"aircraft-r-navijeci-buben-s-kabelem-kar-pro-5-x-1-5-10-m-400-v-objednat-nyni-8913","status":"publish","type":"product","link":"https:\/\/www.technodompro.com\/index.php\/produkt\/aircraft-r-navijeci-buben-s-kabelem-kar-pro-5-x-1-5-10-m-400-v-objednat-nyni-8913\/","title":{"rendered":"Aircraft\u00ae Nav\u00edjec\u00ed buben s kabelem KAR PRO 5\u00a0\u00d7\u00a01,5\/10 m, 400 V Objednat Nyn\u00ed"},"content":{"rendered":"<table>\n<div class=\"tab-pane active product-description\" id=\"popis\" role=\"tabpanel\">\n<div class=\"short-description\" itemprop=\"description\"><\/div>\n<div class=\"description\"><span class='bullet-line'>Jednoduch\u00fdm zat\u00e1hnut\u00edm lze kabel zaaretovat nebo automaticky zavinout<br \/><\/span><span class='bullet-line'>Stabiln\u00ed oto\u010dn\u00fd z\u00e1v\u011bs<br \/><\/span><span class='bullet-line'>V\u010detn\u011b tepeln\u00e9 ochrany proti p\u0159eh\u0159\u00e1t\u00ed<br \/><\/span><span class='bullet-line'>Pevn\u00fd plastov\u00fd kryt<br \/><\/span><span class='bullet-line'>Vyp\u00ednac\u00ed blokovac\u00ed za\u0159\u00edzen\u00ed<br \/><\/span><span class='bullet-line'>Siln\u00e9 vratn\u00e9 pru\u017einy ze speci\u00e1ln\u00ed oceli<br \/><\/span><span class='bullet-line'>Plynul\u00e9 a \u00fapln\u00e9 zp\u011btn\u00e9 nav\u00edjen\u00ed kabelu<br \/><\/span><span class='bullet-line'>Kvalita kabelu H05VV-F<br \/><\/span><span class='bullet-line'>V\u010detn\u011b zkou\u0161ky T\u00dcV a GS<\/span><\/div>\n<div class=\"parameters\">\n<tr>\n<td>D\u00e9lka kabelu<\/td>\n<td>10 m<\/td>\n<\/tr>\n<tr>\n<td>Po\u010det vodi\u010d\u016f<\/td>\n<td>5<\/td>\n<\/tr>\n<tr>\n<td>Pr\u016f\u0159ez vodi\u010d\u016f<\/td>\n<td>1,5 mm<\/td>\n<\/tr>\n<tr>\n<td>V\u00fdkon kabelu navinut\u00fd \/ vyta\u017een\u00fd<\/td>\n<td>1000\/3000 W<\/td>\n<\/tr>\n<tr>\n<td>Elektrick\u00e9 p\u0159ipojen\u00ed<\/td>\n<td>400 V<\/td>\n<\/tr>\n<tr>\n<td>Rozm\u011bry (\u0161 \u00d7 v \u00d7 h)<\/td>\n<td>360\u00d7330\u00d7260mm<\/td>\n<\/tr>\n<tr>\n<td>Hmotnost<\/td>\n<td>5,3 kg<\/td>\n<\/tr><\/div>\n<\/table>\n","protected":false},"excerpt":{"rendered":"<p>Jednoduch\u00fdm zat\u00e1hnut\u00edm lze kabel zaaretovat nebo automaticky zavinoutStabiln\u00ed oto\u010dn\u00fd z\u00e1v\u011bsV\u010detn\u011b tepeln\u00e9 ochrany proti p\u0159eh\u0159\u00e1t\u00edPevn\u00fd plastov\u00fd krytVyp\u00ednac\u00ed blokovac\u00ed za\u0159\u00edzen\u00edSiln\u00e9 vratn\u00e9 pru\u017einy ze speci\u00e1ln\u00ed oceliPlynul\u00e9 a \u00fapln\u00e9 zp\u011btn\u00e9 nav\u00edjen\u00ed kabeluKvalita kabelu H05VV-FV\u010detn\u011b zkou\u0161ky T\u00dcV a GS D\u00e9lka kabelu 10 m Po\u010det vodi\u010d\u016f 5 Pr\u016f\u0159ez vodi\u010d\u016f 1,5 mm V\u00fdkon kabelu navinut\u00fd \/ vyta\u017een\u00fd 1000\/3000 W Elektrick\u00e9 p\u0159ipojen\u00ed 400 [&hellip;]<\/p>\n","protected":false},"featured_media":9013,"comment_status":"open","ping_status":"open","template":"","meta":[],"product_brand":[],"product_cat":[46],"product_tag":[],"class_list":{"0":"post-8913","1":"product","2":"type-product","3":"status-publish","4":"has-post-thumbnail","6":"product_cat-dilna","8":"first","9":"instock","10":"sale","11":"shipping-taxable","12":"purchasable","13":"product-type-simple"},"yoast_head":"<!-- This site is optimized with the Yoast SEO plugin v26.8 - https:\/\/yoast.com\/product\/yoast-seo-wordpress\/ -->\n<title>Aircraft\u00ae Nav\u00edjec\u00ed buben s kabelem KAR PRO 5\u00a0\u00d7\u00a01,5\/10 m, 400 V Objednat Nyn\u00ed -<\/title>\n<meta name=\"robots\" content=\"index, follow, max-snippet:-1, max-image-preview:large, max-video-preview:-1\" \/>\n<link rel=\"canonical\" href=\"https:\/\/www.technodompro.com\/index.php\/produkt\/aircraft-r-navijeci-buben-s-kabelem-kar-pro-5-x-1-5-10-m-400-v-objednat-nyni-8913\/\" \/>\n<meta property=\"og:locale\" content=\"cs_CZ\" \/>\n<meta property=\"og:type\" content=\"article\" \/>\n<meta property=\"og:title\" content=\"Aircraft\u00ae Nav\u00edjec\u00ed buben s kabelem KAR PRO 5\u00a0\u00d7\u00a01,5\/10 m, 400 V Objednat Nyn\u00ed -\" \/>\n<meta property=\"og:description\" content=\"Jednoduch\u00fdm zat\u00e1hnut\u00edm lze kabel zaaretovat nebo automaticky zavinoutStabiln\u00ed oto\u010dn\u00fd z\u00e1v\u011bsV\u010detn\u011b tepeln\u00e9 ochrany proti p\u0159eh\u0159\u00e1t\u00edPevn\u00fd plastov\u00fd krytVyp\u00ednac\u00ed blokovac\u00ed za\u0159\u00edzen\u00edSiln\u00e9 vratn\u00e9 pru\u017einy ze speci\u00e1ln\u00ed oceliPlynul\u00e9 a \u00fapln\u00e9 zp\u011btn\u00e9 nav\u00edjen\u00ed kabeluKvalita kabelu H05VV-FV\u010detn\u011b zkou\u0161ky T\u00dcV a GS D\u00e9lka kabelu 10 m Po\u010det vodi\u010d\u016f 5 Pr\u016f\u0159ez vodi\u010d\u016f 1,5 mm V\u00fdkon kabelu navinut\u00fd \/ vyta\u017een\u00fd 1000\/3000 W Elektrick\u00e9 p\u0159ipojen\u00ed 400 [&hellip;]\" \/>\n<meta property=\"og:url\" content=\"https:\/\/www.technodompro.com\/index.php\/produkt\/aircraft-r-navijeci-buben-s-kabelem-kar-pro-5-x-1-5-10-m-400-v-objednat-nyni-8913\/\" \/>\n<meta property=\"og:image\" content=\"https:\/\/www.technodompro.com\/wp-content\/uploads\/2026\/SK0014303-CZ20260425-092328-0-1777080210-2164010-1.webp\" \/>\n\t<meta property=\"og:image:width\" content=\"500\" \/>\n\t<meta property=\"og:image:height\" content=\"375\" \/>\n\t<meta property=\"og:image:type\" content=\"image\/webp\" \/>\n<meta name=\"twitter:card\" content=\"summary_large_image\" \/>\n<script type=\"application\/ld+json\" class=\"yoast-schema-graph\">{\"@context\":\"https:\/\/schema.org\",\"@graph\":[{\"@type\":\"WebPage\",\"@id\":\"https:\/\/www.technodompro.com\/index.php\/produkt\/aircraft-r-navijeci-buben-s-kabelem-kar-pro-5-x-1-5-10-m-400-v-objednat-nyni-8913\/\",\"url\":\"https:\/\/www.technodompro.com\/index.php\/produkt\/aircraft-r-navijeci-buben-s-kabelem-kar-pro-5-x-1-5-10-m-400-v-objednat-nyni-8913\/\",\"name\":\"Aircraft\u00ae Nav\u00edjec\u00ed buben s kabelem KAR PRO 5\u00a0\u00d7\u00a01,5\/10 m, 400 V Objednat Nyn\u00ed -\",\"isPartOf\":{\"@id\":\"https:\/\/www.technodompro.com\/#website\"},\"primaryImageOfPage\":{\"@id\":\"https:\/\/www.technodompro.com\/index.php\/produkt\/aircraft-r-navijeci-buben-s-kabelem-kar-pro-5-x-1-5-10-m-400-v-objednat-nyni-8913\/#primaryimage\"},\"image\":{\"@id\":\"https:\/\/www.technodompro.com\/index.php\/produkt\/aircraft-r-navijeci-buben-s-kabelem-kar-pro-5-x-1-5-10-m-400-v-objednat-nyni-8913\/#primaryimage\"},\"thumbnailUrl\":\"https:\/\/www.technodompro.com\/wp-content\/uploads\/2026\/SK0014303-CZ20260425-092328-0-1777080210-2164010-1.webp\",\"datePublished\":\"2026-04-27T04:40:50+00:00\",\"breadcrumb\":{\"@id\":\"https:\/\/www.technodompro.com\/index.php\/produkt\/aircraft-r-navijeci-buben-s-kabelem-kar-pro-5-x-1-5-10-m-400-v-objednat-nyni-8913\/#breadcrumb\"},\"inLanguage\":\"cs\",\"potentialAction\":[{\"@type\":\"ReadAction\",\"target\":[\"https:\/\/www.technodompro.com\/index.php\/produkt\/aircraft-r-navijeci-buben-s-kabelem-kar-pro-5-x-1-5-10-m-400-v-objednat-nyni-8913\/\"]}]},{\"@type\":\"ImageObject\",\"inLanguage\":\"cs\",\"@id\":\"https:\/\/www.technodompro.com\/index.php\/produkt\/aircraft-r-navijeci-buben-s-kabelem-kar-pro-5-x-1-5-10-m-400-v-objednat-nyni-8913\/#primaryimage\",\"url\":\"https:\/\/www.technodompro.com\/wp-content\/uploads\/2026\/SK0014303-CZ20260425-092328-0-1777080210-2164010-1.webp\",\"contentUrl\":\"https:\/\/www.technodompro.com\/wp-content\/uploads\/2026\/SK0014303-CZ20260425-092328-0-1777080210-2164010-1.webp\",\"width\":500,\"height\":375},{\"@type\":\"BreadcrumbList\",\"@id\":\"https:\/\/www.technodompro.com\/index.php\/produkt\/aircraft-r-navijeci-buben-s-kabelem-kar-pro-5-x-1-5-10-m-400-v-objednat-nyni-8913\/#breadcrumb\",\"itemListElement\":[{\"@type\":\"ListItem\",\"position\":1,\"name\":\"Home\",\"item\":\"https:\/\/www.technodompro.com\/\"},{\"@type\":\"ListItem\",\"position\":2,\"name\":\"Products\",\"item\":\"https:\/\/www.technodompro.com\/index.php\/products\/\"},{\"@type\":\"ListItem\",\"position\":3,\"name\":\"Aircraft\u00ae Nav\u00edjec\u00ed buben s kabelem KAR PRO 5\u00a0\u00d7\u00a01,5\/10 m, 400 V Objednat Nyn\u00ed\"}]},{\"@type\":\"WebSite\",\"@id\":\"https:\/\/www.technodompro.com\/#website\",\"url\":\"https:\/\/www.technodompro.com\/\",\"name\":\"\",\"description\":\"\",\"potentialAction\":[{\"@type\":\"SearchAction\",\"target\":{\"@type\":\"EntryPoint\",\"urlTemplate\":\"https:\/\/www.technodompro.com\/?s={search_term_string}\"},\"query-input\":{\"@type\":\"PropertyValueSpecification\",\"valueRequired\":true,\"valueName\":\"search_term_string\"}}],\"inLanguage\":\"cs\"}]}<\/script>\n<!-- \/ Yoast SEO plugin. -->","yoast_head_json":{"title":"Aircraft\u00ae Nav\u00edjec\u00ed buben s kabelem KAR PRO 5\u00a0\u00d7\u00a01,5\/10 m, 400 V Objednat Nyn\u00ed -","robots":{"index":"index","follow":"follow","max-snippet":"max-snippet:-1","max-image-preview":"max-image-preview:large","max-video-preview":"max-video-preview:-1"},"canonical":"https:\/\/www.technodompro.com\/index.php\/produkt\/aircraft-r-navijeci-buben-s-kabelem-kar-pro-5-x-1-5-10-m-400-v-objednat-nyni-8913\/","og_locale":"cs_CZ","og_type":"article","og_title":"Aircraft\u00ae Nav\u00edjec\u00ed buben s kabelem KAR PRO 5\u00a0\u00d7\u00a01,5\/10 m, 400 V Objednat Nyn\u00ed -","og_description":"Jednoduch\u00fdm zat\u00e1hnut\u00edm lze kabel zaaretovat nebo automaticky zavinoutStabiln\u00ed oto\u010dn\u00fd z\u00e1v\u011bsV\u010detn\u011b tepeln\u00e9 ochrany proti p\u0159eh\u0159\u00e1t\u00edPevn\u00fd plastov\u00fd krytVyp\u00ednac\u00ed blokovac\u00ed za\u0159\u00edzen\u00edSiln\u00e9 vratn\u00e9 pru\u017einy ze speci\u00e1ln\u00ed oceliPlynul\u00e9 a \u00fapln\u00e9 zp\u011btn\u00e9 nav\u00edjen\u00ed kabeluKvalita kabelu H05VV-FV\u010detn\u011b zkou\u0161ky T\u00dcV a GS D\u00e9lka kabelu 10 m Po\u010det vodi\u010d\u016f 5 Pr\u016f\u0159ez vodi\u010d\u016f 1,5 mm V\u00fdkon kabelu navinut\u00fd \/ vyta\u017een\u00fd 1000\/3000 W Elektrick\u00e9 p\u0159ipojen\u00ed 400 [&hellip;]","og_url":"https:\/\/www.technodompro.com\/index.php\/produkt\/aircraft-r-navijeci-buben-s-kabelem-kar-pro-5-x-1-5-10-m-400-v-objednat-nyni-8913\/","og_image":[{"width":500,"height":375,"url":"https:\/\/www.technodompro.com\/wp-content\/uploads\/2026\/SK0014303-CZ20260425-092328-0-1777080210-2164010-1.webp","type":"image\/webp"}],"twitter_card":"summary_large_image","schema":{"@context":"https:\/\/schema.org","@graph":[{"@type":"WebPage","@id":"https:\/\/www.technodompro.com\/index.php\/produkt\/aircraft-r-navijeci-buben-s-kabelem-kar-pro-5-x-1-5-10-m-400-v-objednat-nyni-8913\/","url":"https:\/\/www.technodompro.com\/index.php\/produkt\/aircraft-r-navijeci-buben-s-kabelem-kar-pro-5-x-1-5-10-m-400-v-objednat-nyni-8913\/","name":"Aircraft\u00ae Nav\u00edjec\u00ed buben s kabelem KAR PRO 5\u00a0\u00d7\u00a01,5\/10 m, 400 V Objednat Nyn\u00ed -","isPartOf":{"@id":"https:\/\/www.technodompro.com\/#website"},"primaryImageOfPage":{"@id":"https:\/\/www.technodompro.com\/index.php\/produkt\/aircraft-r-navijeci-buben-s-kabelem-kar-pro-5-x-1-5-10-m-400-v-objednat-nyni-8913\/#primaryimage"},"image":{"@id":"https:\/\/www.technodompro.com\/index.php\/produkt\/aircraft-r-navijeci-buben-s-kabelem-kar-pro-5-x-1-5-10-m-400-v-objednat-nyni-8913\/#primaryimage"},"thumbnailUrl":"https:\/\/www.technodompro.com\/wp-content\/uploads\/2026\/SK0014303-CZ20260425-092328-0-1777080210-2164010-1.webp","datePublished":"2026-04-27T04:40:50+00:00","breadcrumb":{"@id":"https:\/\/www.technodompro.com\/index.php\/produkt\/aircraft-r-navijeci-buben-s-kabelem-kar-pro-5-x-1-5-10-m-400-v-objednat-nyni-8913\/#breadcrumb"},"inLanguage":"cs","potentialAction":[{"@type":"ReadAction","target":["https:\/\/www.technodompro.com\/index.php\/produkt\/aircraft-r-navijeci-buben-s-kabelem-kar-pro-5-x-1-5-10-m-400-v-objednat-nyni-8913\/"]}]},{"@type":"ImageObject","inLanguage":"cs","@id":"https:\/\/www.technodompro.com\/index.php\/produkt\/aircraft-r-navijeci-buben-s-kabelem-kar-pro-5-x-1-5-10-m-400-v-objednat-nyni-8913\/#primaryimage","url":"https:\/\/www.technodompro.com\/wp-content\/uploads\/2026\/SK0014303-CZ20260425-092328-0-1777080210-2164010-1.webp","contentUrl":"https:\/\/www.technodompro.com\/wp-content\/uploads\/2026\/SK0014303-CZ20260425-092328-0-1777080210-2164010-1.webp","width":500,"height":375},{"@type":"BreadcrumbList","@id":"https:\/\/www.technodompro.com\/index.php\/produkt\/aircraft-r-navijeci-buben-s-kabelem-kar-pro-5-x-1-5-10-m-400-v-objednat-nyni-8913\/#breadcrumb","itemListElement":[{"@type":"ListItem","position":1,"name":"Home","item":"https:\/\/www.technodompro.com\/"},{"@type":"ListItem","position":2,"name":"Products","item":"https:\/\/www.technodompro.com\/index.php\/products\/"},{"@type":"ListItem","position":3,"name":"Aircraft\u00ae Nav\u00edjec\u00ed buben s kabelem KAR PRO 5\u00a0\u00d7\u00a01,5\/10 m, 400 V Objednat Nyn\u00ed"}]},{"@type":"WebSite","@id":"https:\/\/www.technodompro.com\/#website","url":"https:\/\/www.technodompro.com\/","name":"","description":"","potentialAction":[{"@type":"SearchAction","target":{"@type":"EntryPoint","urlTemplate":"https:\/\/www.technodompro.com\/?s={search_term_string}"},"query-input":{"@type":"PropertyValueSpecification","valueRequired":true,"valueName":"search_term_string"}}],"inLanguage":"cs"}]}},"_links":{"self":[{"href":"https:\/\/www.technodompro.com\/index.php\/wp-json\/wp\/v2\/product\/8913","targetHints":{"allow":["GET"]}}],"collection":[{"href":"https:\/\/www.technodompro.com\/index.php\/wp-json\/wp\/v2\/product"}],"about":[{"href":"https:\/\/www.technodompro.com\/index.php\/wp-json\/wp\/v2\/types\/product"}],"replies":[{"embeddable":true,"href":"https:\/\/www.technodompro.com\/index.php\/wp-json\/wp\/v2\/comments?post=8913"}],"wp:featuredmedia":[{"embeddable":true,"href":"https:\/\/www.technodompro.com\/index.php\/wp-json\/wp\/v2\/media\/9013"}],"wp:attachment":[{"href":"https:\/\/www.technodompro.com\/index.php\/wp-json\/wp\/v2\/media?parent=8913"}],"wp:term":[{"taxonomy":"product_brand","embeddable":true,"href":"https:\/\/www.technodompro.com\/index.php\/wp-json\/wp\/v2\/product_brand?post=8913"},{"taxonomy":"product_cat","embeddable":true,"href":"https:\/\/www.technodompro.com\/index.php\/wp-json\/wp\/v2\/product_cat?post=8913"},{"taxonomy":"product_tag","embeddable":true,"href":"https:\/\/www.technodompro.com\/index.php\/wp-json\/wp\/v2\/product_tag?post=8913"}],"curies":[{"name":"wp","href":"https:\/\/api.w.org\/{rel}","templated":true}]}}