{"id":8948,"date":"2026-04-27T04:40:50","date_gmt":"2026-04-27T04:40:50","guid":{"rendered":""},"modified":"2026-04-27T04:40:50","modified_gmt":"2026-04-27T04:40:50","slug":"aircraft-r-trubka-na-stlaceny-vzduch-pa-tvrda-18-mm-22-mm-3-m-specialni-cena-8948","status":"publish","type":"product","link":"https:\/\/www.technodompro.com\/index.php\/produkt\/aircraft-r-trubka-na-stlaceny-vzduch-pa-tvrda-18-mm-22-mm-3-m-specialni-cena-8948\/","title":{"rendered":"Aircraft\u00ae Trubka na stla\u010den\u00fd vzduch PA (tvrd\u00e1) 18 mm \/ 22 mm &#8211; 3 m Speci\u00e1ln\u00ed Cena"},"content":{"rendered":"<table>\n<div class=\"tab-pane active product-description\" id=\"popis\" role=\"tabpanel\">\n<div class=\"short-description\" itemprop=\"description\"><\/div>\n<div class=\"description\"><span class='bullet-line'>Materi\u00e1l polyamid 12<br \/><\/span><span class='bullet-line'>Provozn\u00ed teplota -60\u00b0C a\u017e + 100\u00b0C<br \/><\/span><span class='bullet-line'>Odoln\u00e9 proti korozi a st\u00e1rnut\u00ed<br \/><\/span><span class='bullet-line'>N\u00edzk\u00e1 hmotnost<br \/><\/span><span class='bullet-line'>Cena za 3m<\/span><\/div>\n<div class=\"parameters\">\n<tr>\n<td>Max. provozn\u00ed tlak<\/td>\n<td>22 bar<\/td>\n<\/tr>\n<tr>\n<td>Vnit\u0159n\u00ed pr\u016fm\u011br<\/td>\n<td>18 mm<\/td>\n<\/tr>\n<tr>\n<td>Vn\u011bj\u0161\u00ed pr\u016fm\u011br<\/td>\n<td>22 mm<\/td>\n<\/tr>\n<tr>\n<td>D\u00e9lka<\/td>\n<td>3 m<\/td>\n<\/tr><\/div>\n<\/table>\n","protected":false},"excerpt":{"rendered":"<p>Materi\u00e1l polyamid 12Provozn\u00ed teplota -60\u00b0C a\u017e + 100\u00b0COdoln\u00e9 proti korozi a st\u00e1rnut\u00edN\u00edzk\u00e1 hmotnostCena za 3m Max. provozn\u00ed tlak 22 bar Vnit\u0159n\u00ed pr\u016fm\u011br 18 mm Vn\u011bj\u0161\u00ed pr\u016fm\u011br 22 mm D\u00e9lka 3 m<\/p>\n","protected":false},"featured_media":9048,"comment_status":"open","ping_status":"open","template":"","meta":[],"product_brand":[],"product_cat":[45],"product_tag":[],"class_list":{"0":"post-8948","1":"product","2":"type-product","3":"status-publish","4":"has-post-thumbnail","6":"product_cat-naradi","8":"first","9":"instock","10":"sale","11":"shipping-taxable","12":"purchasable","13":"product-type-simple"},"yoast_head":"<!-- This site is optimized with the Yoast SEO plugin v26.8 - https:\/\/yoast.com\/product\/yoast-seo-wordpress\/ -->\n<title>Aircraft\u00ae Trubka na stla\u010den\u00fd vzduch PA (tvrd\u00e1) 18 mm \/ 22 mm - 3 m Speci\u00e1ln\u00ed Cena -<\/title>\n<meta name=\"robots\" content=\"index, follow, max-snippet:-1, max-image-preview:large, max-video-preview:-1\" \/>\n<link rel=\"canonical\" href=\"https:\/\/www.technodompro.com\/index.php\/produkt\/aircraft-r-trubka-na-stlaceny-vzduch-pa-tvrda-18-mm-22-mm-3-m-specialni-cena-8948\/\" \/>\n<meta property=\"og:locale\" content=\"cs_CZ\" \/>\n<meta property=\"og:type\" content=\"article\" \/>\n<meta property=\"og:title\" content=\"Aircraft\u00ae Trubka na stla\u010den\u00fd vzduch PA (tvrd\u00e1) 18 mm \/ 22 mm - 3 m Speci\u00e1ln\u00ed Cena -\" \/>\n<meta property=\"og:description\" content=\"Materi\u00e1l polyamid 12Provozn\u00ed teplota -60\u00b0C a\u017e + 100\u00b0COdoln\u00e9 proti korozi a st\u00e1rnut\u00edN\u00edzk\u00e1 hmotnostCena za 3m Max. provozn\u00ed tlak 22 bar Vnit\u0159n\u00ed pr\u016fm\u011br 18 mm Vn\u011bj\u0161\u00ed pr\u016fm\u011br 22 mm D\u00e9lka 3 m\" \/>\n<meta property=\"og:url\" content=\"https:\/\/www.technodompro.com\/index.php\/produkt\/aircraft-r-trubka-na-stlaceny-vzduch-pa-tvrda-18-mm-22-mm-3-m-specialni-cena-8948\/\" \/>\n<meta property=\"og:image\" content=\"https:\/\/www.technodompro.com\/wp-content\/uploads\/2026\/SK0014342-CZ20260425-092328-0-1777080210-2152218-1.webp\" \/>\n\t<meta property=\"og:image:width\" content=\"600\" \/>\n\t<meta property=\"og:image:height\" content=\"312\" \/>\n\t<meta property=\"og:image:type\" content=\"image\/webp\" \/>\n<meta name=\"twitter:card\" content=\"summary_large_image\" \/>\n<script type=\"application\/ld+json\" class=\"yoast-schema-graph\">{\"@context\":\"https:\/\/schema.org\",\"@graph\":[{\"@type\":\"WebPage\",\"@id\":\"https:\/\/www.technodompro.com\/index.php\/produkt\/aircraft-r-trubka-na-stlaceny-vzduch-pa-tvrda-18-mm-22-mm-3-m-specialni-cena-8948\/\",\"url\":\"https:\/\/www.technodompro.com\/index.php\/produkt\/aircraft-r-trubka-na-stlaceny-vzduch-pa-tvrda-18-mm-22-mm-3-m-specialni-cena-8948\/\",\"name\":\"Aircraft\u00ae Trubka na stla\u010den\u00fd vzduch PA (tvrd\u00e1) 18 mm \/ 22 mm - 3 m Speci\u00e1ln\u00ed Cena -\",\"isPartOf\":{\"@id\":\"https:\/\/www.technodompro.com\/#website\"},\"primaryImageOfPage\":{\"@id\":\"https:\/\/www.technodompro.com\/index.php\/produkt\/aircraft-r-trubka-na-stlaceny-vzduch-pa-tvrda-18-mm-22-mm-3-m-specialni-cena-8948\/#primaryimage\"},\"image\":{\"@id\":\"https:\/\/www.technodompro.com\/index.php\/produkt\/aircraft-r-trubka-na-stlaceny-vzduch-pa-tvrda-18-mm-22-mm-3-m-specialni-cena-8948\/#primaryimage\"},\"thumbnailUrl\":\"https:\/\/www.technodompro.com\/wp-content\/uploads\/2026\/SK0014342-CZ20260425-092328-0-1777080210-2152218-1.webp\",\"datePublished\":\"2026-04-27T04:40:50+00:00\",\"breadcrumb\":{\"@id\":\"https:\/\/www.technodompro.com\/index.php\/produkt\/aircraft-r-trubka-na-stlaceny-vzduch-pa-tvrda-18-mm-22-mm-3-m-specialni-cena-8948\/#breadcrumb\"},\"inLanguage\":\"cs\",\"potentialAction\":[{\"@type\":\"ReadAction\",\"target\":[\"https:\/\/www.technodompro.com\/index.php\/produkt\/aircraft-r-trubka-na-stlaceny-vzduch-pa-tvrda-18-mm-22-mm-3-m-specialni-cena-8948\/\"]}]},{\"@type\":\"ImageObject\",\"inLanguage\":\"cs\",\"@id\":\"https:\/\/www.technodompro.com\/index.php\/produkt\/aircraft-r-trubka-na-stlaceny-vzduch-pa-tvrda-18-mm-22-mm-3-m-specialni-cena-8948\/#primaryimage\",\"url\":\"https:\/\/www.technodompro.com\/wp-content\/uploads\/2026\/SK0014342-CZ20260425-092328-0-1777080210-2152218-1.webp\",\"contentUrl\":\"https:\/\/www.technodompro.com\/wp-content\/uploads\/2026\/SK0014342-CZ20260425-092328-0-1777080210-2152218-1.webp\",\"width\":600,\"height\":312},{\"@type\":\"BreadcrumbList\",\"@id\":\"https:\/\/www.technodompro.com\/index.php\/produkt\/aircraft-r-trubka-na-stlaceny-vzduch-pa-tvrda-18-mm-22-mm-3-m-specialni-cena-8948\/#breadcrumb\",\"itemListElement\":[{\"@type\":\"ListItem\",\"position\":1,\"name\":\"Home\",\"item\":\"https:\/\/www.technodompro.com\/\"},{\"@type\":\"ListItem\",\"position\":2,\"name\":\"Products\",\"item\":\"https:\/\/www.technodompro.com\/index.php\/products\/\"},{\"@type\":\"ListItem\",\"position\":3,\"name\":\"Aircraft\u00ae Trubka na stla\u010den\u00fd vzduch PA (tvrd\u00e1) 18 mm \/ 22 mm &#8211; 3 m Speci\u00e1ln\u00ed Cena\"}]},{\"@type\":\"WebSite\",\"@id\":\"https:\/\/www.technodompro.com\/#website\",\"url\":\"https:\/\/www.technodompro.com\/\",\"name\":\"\",\"description\":\"\",\"potentialAction\":[{\"@type\":\"SearchAction\",\"target\":{\"@type\":\"EntryPoint\",\"urlTemplate\":\"https:\/\/www.technodompro.com\/?s={search_term_string}\"},\"query-input\":{\"@type\":\"PropertyValueSpecification\",\"valueRequired\":true,\"valueName\":\"search_term_string\"}}],\"inLanguage\":\"cs\"}]}<\/script>\n<!-- \/ Yoast SEO plugin. -->","yoast_head_json":{"title":"Aircraft\u00ae Trubka na stla\u010den\u00fd vzduch PA (tvrd\u00e1) 18 mm \/ 22 mm - 3 m Speci\u00e1ln\u00ed Cena -","robots":{"index":"index","follow":"follow","max-snippet":"max-snippet:-1","max-image-preview":"max-image-preview:large","max-video-preview":"max-video-preview:-1"},"canonical":"https:\/\/www.technodompro.com\/index.php\/produkt\/aircraft-r-trubka-na-stlaceny-vzduch-pa-tvrda-18-mm-22-mm-3-m-specialni-cena-8948\/","og_locale":"cs_CZ","og_type":"article","og_title":"Aircraft\u00ae Trubka na stla\u010den\u00fd vzduch PA (tvrd\u00e1) 18 mm \/ 22 mm - 3 m Speci\u00e1ln\u00ed Cena -","og_description":"Materi\u00e1l polyamid 12Provozn\u00ed teplota -60\u00b0C a\u017e + 100\u00b0COdoln\u00e9 proti korozi a st\u00e1rnut\u00edN\u00edzk\u00e1 hmotnostCena za 3m Max. provozn\u00ed tlak 22 bar Vnit\u0159n\u00ed pr\u016fm\u011br 18 mm Vn\u011bj\u0161\u00ed pr\u016fm\u011br 22 mm D\u00e9lka 3 m","og_url":"https:\/\/www.technodompro.com\/index.php\/produkt\/aircraft-r-trubka-na-stlaceny-vzduch-pa-tvrda-18-mm-22-mm-3-m-specialni-cena-8948\/","og_image":[{"width":600,"height":312,"url":"https:\/\/www.technodompro.com\/wp-content\/uploads\/2026\/SK0014342-CZ20260425-092328-0-1777080210-2152218-1.webp","type":"image\/webp"}],"twitter_card":"summary_large_image","schema":{"@context":"https:\/\/schema.org","@graph":[{"@type":"WebPage","@id":"https:\/\/www.technodompro.com\/index.php\/produkt\/aircraft-r-trubka-na-stlaceny-vzduch-pa-tvrda-18-mm-22-mm-3-m-specialni-cena-8948\/","url":"https:\/\/www.technodompro.com\/index.php\/produkt\/aircraft-r-trubka-na-stlaceny-vzduch-pa-tvrda-18-mm-22-mm-3-m-specialni-cena-8948\/","name":"Aircraft\u00ae Trubka na stla\u010den\u00fd vzduch PA (tvrd\u00e1) 18 mm \/ 22 mm - 3 m Speci\u00e1ln\u00ed Cena -","isPartOf":{"@id":"https:\/\/www.technodompro.com\/#website"},"primaryImageOfPage":{"@id":"https:\/\/www.technodompro.com\/index.php\/produkt\/aircraft-r-trubka-na-stlaceny-vzduch-pa-tvrda-18-mm-22-mm-3-m-specialni-cena-8948\/#primaryimage"},"image":{"@id":"https:\/\/www.technodompro.com\/index.php\/produkt\/aircraft-r-trubka-na-stlaceny-vzduch-pa-tvrda-18-mm-22-mm-3-m-specialni-cena-8948\/#primaryimage"},"thumbnailUrl":"https:\/\/www.technodompro.com\/wp-content\/uploads\/2026\/SK0014342-CZ20260425-092328-0-1777080210-2152218-1.webp","datePublished":"2026-04-27T04:40:50+00:00","breadcrumb":{"@id":"https:\/\/www.technodompro.com\/index.php\/produkt\/aircraft-r-trubka-na-stlaceny-vzduch-pa-tvrda-18-mm-22-mm-3-m-specialni-cena-8948\/#breadcrumb"},"inLanguage":"cs","potentialAction":[{"@type":"ReadAction","target":["https:\/\/www.technodompro.com\/index.php\/produkt\/aircraft-r-trubka-na-stlaceny-vzduch-pa-tvrda-18-mm-22-mm-3-m-specialni-cena-8948\/"]}]},{"@type":"ImageObject","inLanguage":"cs","@id":"https:\/\/www.technodompro.com\/index.php\/produkt\/aircraft-r-trubka-na-stlaceny-vzduch-pa-tvrda-18-mm-22-mm-3-m-specialni-cena-8948\/#primaryimage","url":"https:\/\/www.technodompro.com\/wp-content\/uploads\/2026\/SK0014342-CZ20260425-092328-0-1777080210-2152218-1.webp","contentUrl":"https:\/\/www.technodompro.com\/wp-content\/uploads\/2026\/SK0014342-CZ20260425-092328-0-1777080210-2152218-1.webp","width":600,"height":312},{"@type":"BreadcrumbList","@id":"https:\/\/www.technodompro.com\/index.php\/produkt\/aircraft-r-trubka-na-stlaceny-vzduch-pa-tvrda-18-mm-22-mm-3-m-specialni-cena-8948\/#breadcrumb","itemListElement":[{"@type":"ListItem","position":1,"name":"Home","item":"https:\/\/www.technodompro.com\/"},{"@type":"ListItem","position":2,"name":"Products","item":"https:\/\/www.technodompro.com\/index.php\/products\/"},{"@type":"ListItem","position":3,"name":"Aircraft\u00ae Trubka na stla\u010den\u00fd vzduch PA (tvrd\u00e1) 18 mm \/ 22 mm &#8211; 3 m Speci\u00e1ln\u00ed Cena"}]},{"@type":"WebSite","@id":"https:\/\/www.technodompro.com\/#website","url":"https:\/\/www.technodompro.com\/","name":"","description":"","potentialAction":[{"@type":"SearchAction","target":{"@type":"EntryPoint","urlTemplate":"https:\/\/www.technodompro.com\/?s={search_term_string}"},"query-input":{"@type":"PropertyValueSpecification","valueRequired":true,"valueName":"search_term_string"}}],"inLanguage":"cs"}]}},"_links":{"self":[{"href":"https:\/\/www.technodompro.com\/index.php\/wp-json\/wp\/v2\/product\/8948","targetHints":{"allow":["GET"]}}],"collection":[{"href":"https:\/\/www.technodompro.com\/index.php\/wp-json\/wp\/v2\/product"}],"about":[{"href":"https:\/\/www.technodompro.com\/index.php\/wp-json\/wp\/v2\/types\/product"}],"replies":[{"embeddable":true,"href":"https:\/\/www.technodompro.com\/index.php\/wp-json\/wp\/v2\/comments?post=8948"}],"wp:featuredmedia":[{"embeddable":true,"href":"https:\/\/www.technodompro.com\/index.php\/wp-json\/wp\/v2\/media\/9048"}],"wp:attachment":[{"href":"https:\/\/www.technodompro.com\/index.php\/wp-json\/wp\/v2\/media?parent=8948"}],"wp:term":[{"taxonomy":"product_brand","embeddable":true,"href":"https:\/\/www.technodompro.com\/index.php\/wp-json\/wp\/v2\/product_brand?post=8948"},{"taxonomy":"product_cat","embeddable":true,"href":"https:\/\/www.technodompro.com\/index.php\/wp-json\/wp\/v2\/product_cat?post=8948"},{"taxonomy":"product_tag","embeddable":true,"href":"https:\/\/www.technodompro.com\/index.php\/wp-json\/wp\/v2\/product_tag?post=8948"}],"curies":[{"name":"wp","href":"https:\/\/api.w.org\/{rel}","templated":true}]}}