{"id":8988,"date":"2026-04-27T04:40:50","date_gmt":"2026-04-27T04:40:50","guid":{"rendered":""},"modified":"2026-04-27T04:40:50","modified_gmt":"2026-04-27T04:40:50","slug":"akce-aircraft-r-t-zastrckova-spojka-ad-28-x-1-ig-8988","status":"publish","type":"product","link":"https:\/\/www.technodompro.com\/produkt\/akce-aircraft-r-t-zastrckova-spojka-ad-28-x-1-ig-8988\/","title":{"rendered":"Akce Aircraft\u00ae T-z\u00e1str\u010dkov\u00e1 spojka AD 28 x 1&#8220; IG"},"content":{"rendered":"<table>\n<div class=\"tab-pane active product-description\" id=\"popis\" role=\"tabpanel\">\n<div class=\"short-description\" itemprop=\"description\"><\/div>\n<div class=\"description\"><span class='bullet-line'>Pou\u017eit\u00fd materi\u00e1l &#8211; mosaz<br \/><\/span><span class='bullet-line'>Odbo\u010dn\u00fd v\u00fdstup s 1&#8243; IG<\/span><\/div>\n<div class=\"parameters\">\n<tr>\n<td>Max. provozn\u00ed tlak<\/td>\n<td>15 bar<\/td>\n<\/tr>\n<tr>\n<td>Pr\u016fm\u011br trubky<\/td>\n<td>28 mm<\/td>\n<\/tr>\n<tr>\n<td>P\u0159ipojovac\u00ed z\u00e1vit<\/td>\n<td>1&#8243; IG<\/td>\n<\/tr><\/div>\n<\/table>\n","protected":false},"excerpt":{"rendered":"<p>Pou\u017eit\u00fd materi\u00e1l &#8211; mosazOdbo\u010dn\u00fd v\u00fdstup s 1&#8243; IG Max. provozn\u00ed tlak 15 bar Pr\u016fm\u011br trubky 28 mm P\u0159ipojovac\u00ed z\u00e1vit 1&#8243; IG<\/p>\n","protected":false},"featured_media":9088,"template":"","meta":[],"product_brand":[],"product_cat":[45],"product_tag":[],"class_list":{"0":"post-8988","1":"product","2":"type-product","3":"status-publish","4":"has-post-thumbnail","6":"product_cat-naradi","8":"first","9":"instock","10":"sale","11":"shipping-taxable","12":"purchasable","13":"product-type-simple"},"yoast_head":"<!-- This site is optimized with the Yoast SEO plugin v26.8 - https:\/\/yoast.com\/product\/yoast-seo-wordpress\/ -->\n<title>Akce Aircraft\u00ae T-z\u00e1str\u010dkov\u00e1 spojka AD 28 x 1&#039;&#039; IG - Modern\u00ed koupelny &amp; sanita a interi\u00e9rov\u00e9 vybaven\u00ed pro v\u00e1\u0161 domov<\/title>\n<meta name=\"robots\" content=\"index, follow, max-snippet:-1, max-image-preview:large, max-video-preview:-1\" \/>\n<link rel=\"canonical\" href=\"https:\/\/www.technodompro.com\/index.php\/produkt\/akce-aircraft-r-t-zastrckova-spojka-ad-28-x-1-ig-8988\/\" \/>\n<meta property=\"og:locale\" content=\"cs_CZ\" \/>\n<meta property=\"og:type\" content=\"article\" \/>\n<meta property=\"og:title\" content=\"Akce Aircraft\u00ae T-z\u00e1str\u010dkov\u00e1 spojka AD 28 x 1&#039;&#039; IG - Modern\u00ed koupelny &amp; sanita a interi\u00e9rov\u00e9 vybaven\u00ed pro v\u00e1\u0161 domov\" \/>\n<meta property=\"og:description\" content=\"Pou\u017eit\u00fd materi\u00e1l &#8211; mosazOdbo\u010dn\u00fd v\u00fdstup s 1&#8243; IG Max. provozn\u00ed tlak 15 bar Pr\u016fm\u011br trubky 28 mm P\u0159ipojovac\u00ed z\u00e1vit 1&#8243; IG\" \/>\n<meta property=\"og:url\" content=\"https:\/\/www.technodompro.com\/index.php\/produkt\/akce-aircraft-r-t-zastrckova-spojka-ad-28-x-1-ig-8988\/\" \/>\n<meta property=\"og:site_name\" content=\"Modern\u00ed koupelny &amp; sanita a interi\u00e9rov\u00e9 vybaven\u00ed pro v\u00e1\u0161 domov\" \/>\n<meta property=\"og:image\" content=\"https:\/\/www.technodompro.com\/wp-content\/uploads\/2026\/SK0014382-CZ20260425-092328-0-1777080210-2156528-1.webp\" \/>\n\t<meta property=\"og:image:width\" content=\"250\" \/>\n\t<meta property=\"og:image:height\" content=\"155\" \/>\n\t<meta property=\"og:image:type\" content=\"image\/webp\" \/>\n<meta name=\"twitter:card\" content=\"summary_large_image\" \/>\n<script type=\"application\/ld+json\" class=\"yoast-schema-graph\">{\"@context\":\"https:\/\/schema.org\",\"@graph\":[{\"@type\":\"WebPage\",\"@id\":\"https:\/\/www.technodompro.com\/index.php\/produkt\/akce-aircraft-r-t-zastrckova-spojka-ad-28-x-1-ig-8988\/\",\"url\":\"https:\/\/www.technodompro.com\/index.php\/produkt\/akce-aircraft-r-t-zastrckova-spojka-ad-28-x-1-ig-8988\/\",\"name\":\"Akce Aircraft\u00ae T-z\u00e1str\u010dkov\u00e1 spojka AD 28 x 1'' IG - Modern\u00ed koupelny &amp; sanita a interi\u00e9rov\u00e9 vybaven\u00ed pro v\u00e1\u0161 domov\",\"isPartOf\":{\"@id\":\"https:\/\/www.technodompro.com\/#website\"},\"primaryImageOfPage\":{\"@id\":\"https:\/\/www.technodompro.com\/index.php\/produkt\/akce-aircraft-r-t-zastrckova-spojka-ad-28-x-1-ig-8988\/#primaryimage\"},\"image\":{\"@id\":\"https:\/\/www.technodompro.com\/index.php\/produkt\/akce-aircraft-r-t-zastrckova-spojka-ad-28-x-1-ig-8988\/#primaryimage\"},\"thumbnailUrl\":\"https:\/\/www.technodompro.com\/wp-content\/uploads\/2026\/SK0014382-CZ20260425-092328-0-1777080210-2156528-1.webp\",\"datePublished\":\"2026-04-27T04:40:50+00:00\",\"breadcrumb\":{\"@id\":\"https:\/\/www.technodompro.com\/index.php\/produkt\/akce-aircraft-r-t-zastrckova-spojka-ad-28-x-1-ig-8988\/#breadcrumb\"},\"inLanguage\":\"cs\",\"potentialAction\":[{\"@type\":\"ReadAction\",\"target\":[\"https:\/\/www.technodompro.com\/index.php\/produkt\/akce-aircraft-r-t-zastrckova-spojka-ad-28-x-1-ig-8988\/\"]}]},{\"@type\":\"ImageObject\",\"inLanguage\":\"cs\",\"@id\":\"https:\/\/www.technodompro.com\/index.php\/produkt\/akce-aircraft-r-t-zastrckova-spojka-ad-28-x-1-ig-8988\/#primaryimage\",\"url\":\"https:\/\/www.technodompro.com\/wp-content\/uploads\/2026\/SK0014382-CZ20260425-092328-0-1777080210-2156528-1.webp\",\"contentUrl\":\"https:\/\/www.technodompro.com\/wp-content\/uploads\/2026\/SK0014382-CZ20260425-092328-0-1777080210-2156528-1.webp\",\"width\":250,\"height\":155},{\"@type\":\"BreadcrumbList\",\"@id\":\"https:\/\/www.technodompro.com\/index.php\/produkt\/akce-aircraft-r-t-zastrckova-spojka-ad-28-x-1-ig-8988\/#breadcrumb\",\"itemListElement\":[{\"@type\":\"ListItem\",\"position\":1,\"name\":\"Home\",\"item\":\"https:\/\/www.technodompro.com\/\"},{\"@type\":\"ListItem\",\"position\":2,\"name\":\"Products\",\"item\":\"https:\/\/www.technodompro.com\/products\/\"},{\"@type\":\"ListItem\",\"position\":3,\"name\":\"Akce Aircraft\u00ae T-z\u00e1str\u010dkov\u00e1 spojka AD 28 x 1&#8220; IG\"}]},{\"@type\":\"WebSite\",\"@id\":\"https:\/\/www.technodompro.com\/#website\",\"url\":\"https:\/\/www.technodompro.com\/\",\"name\":\"Modern\u00ed koupelny &amp; sanita a interi\u00e9rov\u00e9 vybaven\u00ed pro v\u00e1\u0161 domov\",\"description\":\"Modern\u00ed koupelny &amp; sanita a interi\u00e9rov\u00e9 vybaven\u00ed pro v\u00e1\u0161 domov\",\"publisher\":{\"@id\":\"https:\/\/www.technodompro.com\/#organization\"},\"potentialAction\":[{\"@type\":\"SearchAction\",\"target\":{\"@type\":\"EntryPoint\",\"urlTemplate\":\"https:\/\/www.technodompro.com\/?s={search_term_string}\"},\"query-input\":{\"@type\":\"PropertyValueSpecification\",\"valueRequired\":true,\"valueName\":\"search_term_string\"}}],\"inLanguage\":\"cs\"},{\"@type\":\"Organization\",\"@id\":\"https:\/\/www.technodompro.com\/#organization\",\"name\":\"Modern\u00ed koupelny &amp; sanita a interi\u00e9rov\u00e9 vybaven\u00ed pro v\u00e1\u0161 domov\",\"url\":\"https:\/\/www.technodompro.com\/\",\"logo\":{\"@type\":\"ImageObject\",\"inLanguage\":\"cs\",\"@id\":\"https:\/\/www.technodompro.com\/#\/schema\/logo\/image\/\",\"url\":\"https:\/\/www.technodompro.com\/wp-content\/uploads\/2026\/04\/technodompro_logo.svg\",\"contentUrl\":\"https:\/\/www.technodompro.com\/wp-content\/uploads\/2026\/04\/technodompro_logo.svg\",\"width\":760,\"height\":180,\"caption\":\"Modern\u00ed koupelny &amp; sanita a interi\u00e9rov\u00e9 vybaven\u00ed pro v\u00e1\u0161 domov\"},\"image\":{\"@id\":\"https:\/\/www.technodompro.com\/#\/schema\/logo\/image\/\"}}]}<\/script>\n<!-- \/ Yoast SEO plugin. -->","yoast_head_json":{"title":"Akce Aircraft\u00ae T-z\u00e1str\u010dkov\u00e1 spojka AD 28 x 1'' IG - Modern\u00ed koupelny &amp; sanita a interi\u00e9rov\u00e9 vybaven\u00ed pro v\u00e1\u0161 domov","robots":{"index":"index","follow":"follow","max-snippet":"max-snippet:-1","max-image-preview":"max-image-preview:large","max-video-preview":"max-video-preview:-1"},"canonical":"https:\/\/www.technodompro.com\/index.php\/produkt\/akce-aircraft-r-t-zastrckova-spojka-ad-28-x-1-ig-8988\/","og_locale":"cs_CZ","og_type":"article","og_title":"Akce Aircraft\u00ae T-z\u00e1str\u010dkov\u00e1 spojka AD 28 x 1'' IG - Modern\u00ed koupelny &amp; sanita a interi\u00e9rov\u00e9 vybaven\u00ed pro v\u00e1\u0161 domov","og_description":"Pou\u017eit\u00fd materi\u00e1l &#8211; mosazOdbo\u010dn\u00fd v\u00fdstup s 1&#8243; IG Max. provozn\u00ed tlak 15 bar Pr\u016fm\u011br trubky 28 mm P\u0159ipojovac\u00ed z\u00e1vit 1&#8243; IG","og_url":"https:\/\/www.technodompro.com\/index.php\/produkt\/akce-aircraft-r-t-zastrckova-spojka-ad-28-x-1-ig-8988\/","og_site_name":"Modern\u00ed koupelny &amp; sanita a interi\u00e9rov\u00e9 vybaven\u00ed pro v\u00e1\u0161 domov","og_image":[{"width":250,"height":155,"url":"https:\/\/www.technodompro.com\/wp-content\/uploads\/2026\/SK0014382-CZ20260425-092328-0-1777080210-2156528-1.webp","type":"image\/webp"}],"twitter_card":"summary_large_image","schema":{"@context":"https:\/\/schema.org","@graph":[{"@type":"WebPage","@id":"https:\/\/www.technodompro.com\/index.php\/produkt\/akce-aircraft-r-t-zastrckova-spojka-ad-28-x-1-ig-8988\/","url":"https:\/\/www.technodompro.com\/index.php\/produkt\/akce-aircraft-r-t-zastrckova-spojka-ad-28-x-1-ig-8988\/","name":"Akce Aircraft\u00ae T-z\u00e1str\u010dkov\u00e1 spojka AD 28 x 1'' IG - Modern\u00ed koupelny &amp; sanita a interi\u00e9rov\u00e9 vybaven\u00ed pro v\u00e1\u0161 domov","isPartOf":{"@id":"https:\/\/www.technodompro.com\/#website"},"primaryImageOfPage":{"@id":"https:\/\/www.technodompro.com\/index.php\/produkt\/akce-aircraft-r-t-zastrckova-spojka-ad-28-x-1-ig-8988\/#primaryimage"},"image":{"@id":"https:\/\/www.technodompro.com\/index.php\/produkt\/akce-aircraft-r-t-zastrckova-spojka-ad-28-x-1-ig-8988\/#primaryimage"},"thumbnailUrl":"https:\/\/www.technodompro.com\/wp-content\/uploads\/2026\/SK0014382-CZ20260425-092328-0-1777080210-2156528-1.webp","datePublished":"2026-04-27T04:40:50+00:00","breadcrumb":{"@id":"https:\/\/www.technodompro.com\/index.php\/produkt\/akce-aircraft-r-t-zastrckova-spojka-ad-28-x-1-ig-8988\/#breadcrumb"},"inLanguage":"cs","potentialAction":[{"@type":"ReadAction","target":["https:\/\/www.technodompro.com\/index.php\/produkt\/akce-aircraft-r-t-zastrckova-spojka-ad-28-x-1-ig-8988\/"]}]},{"@type":"ImageObject","inLanguage":"cs","@id":"https:\/\/www.technodompro.com\/index.php\/produkt\/akce-aircraft-r-t-zastrckova-spojka-ad-28-x-1-ig-8988\/#primaryimage","url":"https:\/\/www.technodompro.com\/wp-content\/uploads\/2026\/SK0014382-CZ20260425-092328-0-1777080210-2156528-1.webp","contentUrl":"https:\/\/www.technodompro.com\/wp-content\/uploads\/2026\/SK0014382-CZ20260425-092328-0-1777080210-2156528-1.webp","width":250,"height":155},{"@type":"BreadcrumbList","@id":"https:\/\/www.technodompro.com\/index.php\/produkt\/akce-aircraft-r-t-zastrckova-spojka-ad-28-x-1-ig-8988\/#breadcrumb","itemListElement":[{"@type":"ListItem","position":1,"name":"Home","item":"https:\/\/www.technodompro.com\/"},{"@type":"ListItem","position":2,"name":"Products","item":"https:\/\/www.technodompro.com\/products\/"},{"@type":"ListItem","position":3,"name":"Akce Aircraft\u00ae T-z\u00e1str\u010dkov\u00e1 spojka AD 28 x 1&#8220; IG"}]},{"@type":"WebSite","@id":"https:\/\/www.technodompro.com\/#website","url":"https:\/\/www.technodompro.com\/","name":"Modern\u00ed koupelny &amp; sanita a interi\u00e9rov\u00e9 vybaven\u00ed pro v\u00e1\u0161 domov","description":"Modern\u00ed koupelny &amp; sanita a interi\u00e9rov\u00e9 vybaven\u00ed pro v\u00e1\u0161 domov","publisher":{"@id":"https:\/\/www.technodompro.com\/#organization"},"potentialAction":[{"@type":"SearchAction","target":{"@type":"EntryPoint","urlTemplate":"https:\/\/www.technodompro.com\/?s={search_term_string}"},"query-input":{"@type":"PropertyValueSpecification","valueRequired":true,"valueName":"search_term_string"}}],"inLanguage":"cs"},{"@type":"Organization","@id":"https:\/\/www.technodompro.com\/#organization","name":"Modern\u00ed koupelny &amp; sanita a interi\u00e9rov\u00e9 vybaven\u00ed pro v\u00e1\u0161 domov","url":"https:\/\/www.technodompro.com\/","logo":{"@type":"ImageObject","inLanguage":"cs","@id":"https:\/\/www.technodompro.com\/#\/schema\/logo\/image\/","url":"https:\/\/www.technodompro.com\/wp-content\/uploads\/2026\/04\/technodompro_logo.svg","contentUrl":"https:\/\/www.technodompro.com\/wp-content\/uploads\/2026\/04\/technodompro_logo.svg","width":760,"height":180,"caption":"Modern\u00ed koupelny &amp; sanita a interi\u00e9rov\u00e9 vybaven\u00ed pro v\u00e1\u0161 domov"},"image":{"@id":"https:\/\/www.technodompro.com\/#\/schema\/logo\/image\/"}}]}},"_links":{"self":[{"href":"https:\/\/www.technodompro.com\/wp-json\/wp\/v2\/product\/8988","targetHints":{"allow":["GET"]}}],"collection":[{"href":"https:\/\/www.technodompro.com\/wp-json\/wp\/v2\/product"}],"about":[{"href":"https:\/\/www.technodompro.com\/wp-json\/wp\/v2\/types\/product"}],"wp:featuredmedia":[{"embeddable":true,"href":"https:\/\/www.technodompro.com\/wp-json\/wp\/v2\/media\/9088"}],"wp:attachment":[{"href":"https:\/\/www.technodompro.com\/wp-json\/wp\/v2\/media?parent=8988"}],"wp:term":[{"taxonomy":"product_brand","embeddable":true,"href":"https:\/\/www.technodompro.com\/wp-json\/wp\/v2\/product_brand?post=8988"},{"taxonomy":"product_cat","embeddable":true,"href":"https:\/\/www.technodompro.com\/wp-json\/wp\/v2\/product_cat?post=8988"},{"taxonomy":"product_tag","embeddable":true,"href":"https:\/\/www.technodompro.com\/wp-json\/wp\/v2\/product_tag?post=8988"}],"curies":[{"name":"wp","href":"https:\/\/api.w.org\/{rel}","templated":true}]}}