{"id":9131,"date":"2026-04-27T04:40:51","date_gmt":"2026-04-27T04:40:51","guid":{"rendered":""},"modified":"2026-04-27T04:40:51","modified_gmt":"2026-04-27T04:40:51","slug":"aircraft-r-priklepovy-utahovak-iss-1-2-kompozit-sada-ihned-k-objednani-9131","status":"publish","type":"product","link":"https:\/\/www.technodompro.com\/index.php\/produkt\/aircraft-r-priklepovy-utahovak-iss-1-2-kompozit-sada-ihned-k-objednani-9131\/","title":{"rendered":"Aircraft\u00ae P\u0159\u00edklepov\u00fd utahov\u00e1k ISS 1\/2&#8220; Kompozit &#8211; sada Ihned K Objedn\u00e1n\u00ed"},"content":{"rendered":"<table>\n<div class=\"tab-pane active product-description\" id=\"popis\" role=\"tabpanel\">\n<div class=\"short-description\" itemprop=\"description\"><\/div>\n<div class=\"description\"><span class='bullet-line'>Velmi n\u00edzk\u00e1 hmotnost a kompaktn\u00ed konstrukce p\u0159i maxim\u00e1ln\u00edm v\u00fdkonu<br \/><\/span><span class='bullet-line'>T\u0159i stupn\u011b nastaven\u00ed utahovac\u00edho momentu<br \/><\/span><span class='bullet-line'>Dr\u017eadlo s izolac\u00ed proti chladu a vibrac\u00edm<br \/><\/span><span class='bullet-line'>Odveden\u00ed odpadn\u00edho vzduchu dr\u017eadlem zamezuje v\u00ed\u0159en\u00ed prachu<br \/><\/span><span class='bullet-line'>V\u00fdkonn\u00fd dvojit\u00fd p\u0159\u00edklep<br \/><\/span><span class='bullet-line'>Dod\u00e1v\u00e1no v plastov\u00e9m kufru<br \/><\/span> <\/p>\n<p> \u25bc Obsah balen\u00ed \u25bc<span class='bullet-line'>Utahovac\u00ed o\u0159echy 9, 10,  11, 13, 14, 17, 19, 22, 24, 27 mm<br \/><\/span><span class='bullet-line'>Prodlu\u017eovac\u00ed n\u00e1stavec<br \/><\/span><span class='bullet-line'>Kl\u00ed\u010d<br \/><\/span> <br \/> \u25bc P\u0159\u00edslu\u0161enstv\u00ed \u25bc<br \/> 2400001 \/ 2400050<\/div>\n<div class=\"parameters\">\n<tr>\n<td>Max. provozn\u00ed tlak<\/td>\n<td>6,3 bar<\/td>\n<\/tr>\n<tr>\n<td>Spot\u0159eba vzduchu<\/td>\n<td>420 l\/min<\/td>\n<\/tr>\n<tr>\n<td>Max. utahovac\u00ed moment<\/td>\n<td>560 Nm<\/td>\n<\/tr>\n<tr>\n<td>Upnut\u00ed<\/td>\n<td>1\/2<\/td>\n<\/tr>\n<tr>\n<td>Hmotnost<\/td>\n<td>2,1 kg<\/td>\n<\/tr><\/div>\n<\/table>\n","protected":false},"excerpt":{"rendered":"<p>Velmi n\u00edzk\u00e1 hmotnost a kompaktn\u00ed konstrukce p\u0159i maxim\u00e1ln\u00edm v\u00fdkonuT\u0159i stupn\u011b nastaven\u00ed utahovac\u00edho momentuDr\u017eadlo s izolac\u00ed proti chladu a vibrac\u00edmOdveden\u00ed odpadn\u00edho vzduchu dr\u017eadlem zamezuje v\u00ed\u0159en\u00ed prachuV\u00fdkonn\u00fd dvojit\u00fd p\u0159\u00edklepDod\u00e1v\u00e1no v plastov\u00e9m kufru \u25bc Obsah balen\u00ed \u25bcUtahovac\u00ed o\u0159echy 9, 10, 11, 13, 14, 17, 19, 22, 24, 27 mmProdlu\u017eovac\u00ed n\u00e1stavecKl\u00ed\u010d \u25bc P\u0159\u00edslu\u0161enstv\u00ed \u25bc 2400001 \/ 2400050 Max. provozn\u00ed [&hellip;]<\/p>\n","protected":false},"featured_media":9231,"comment_status":"open","ping_status":"open","template":"","meta":[],"product_brand":[],"product_cat":[45],"product_tag":[],"class_list":{"0":"post-9131","1":"product","2":"type-product","3":"status-publish","4":"has-post-thumbnail","6":"product_cat-naradi","8":"first","9":"instock","10":"sale","11":"shipping-taxable","12":"purchasable","13":"product-type-simple"},"yoast_head":"<!-- This site is optimized with the Yoast SEO plugin v26.8 - https:\/\/yoast.com\/product\/yoast-seo-wordpress\/ -->\n<title>Aircraft\u00ae P\u0159\u00edklepov\u00fd utahov\u00e1k ISS 1\/2&#039;&#039; Kompozit - sada Ihned K Objedn\u00e1n\u00ed -<\/title>\n<meta name=\"robots\" content=\"index, follow, max-snippet:-1, max-image-preview:large, max-video-preview:-1\" \/>\n<link rel=\"canonical\" href=\"https:\/\/www.technodompro.com\/index.php\/produkt\/aircraft-r-priklepovy-utahovak-iss-1-2-kompozit-sada-ihned-k-objednani-9131\/\" \/>\n<meta property=\"og:locale\" content=\"cs_CZ\" \/>\n<meta property=\"og:type\" content=\"article\" \/>\n<meta property=\"og:title\" content=\"Aircraft\u00ae P\u0159\u00edklepov\u00fd utahov\u00e1k ISS 1\/2&#039;&#039; Kompozit - sada Ihned K Objedn\u00e1n\u00ed -\" \/>\n<meta property=\"og:description\" content=\"Velmi n\u00edzk\u00e1 hmotnost a kompaktn\u00ed konstrukce p\u0159i maxim\u00e1ln\u00edm v\u00fdkonuT\u0159i stupn\u011b nastaven\u00ed utahovac\u00edho momentuDr\u017eadlo s izolac\u00ed proti chladu a vibrac\u00edmOdveden\u00ed odpadn\u00edho vzduchu dr\u017eadlem zamezuje v\u00ed\u0159en\u00ed prachuV\u00fdkonn\u00fd dvojit\u00fd p\u0159\u00edklepDod\u00e1v\u00e1no v plastov\u00e9m kufru \u25bc Obsah balen\u00ed \u25bcUtahovac\u00ed o\u0159echy 9, 10, 11, 13, 14, 17, 19, 22, 24, 27 mmProdlu\u017eovac\u00ed n\u00e1stavecKl\u00ed\u010d \u25bc P\u0159\u00edslu\u0161enstv\u00ed \u25bc 2400001 \/ 2400050 Max. provozn\u00ed [&hellip;]\" \/>\n<meta property=\"og:url\" content=\"https:\/\/www.technodompro.com\/index.php\/produkt\/aircraft-r-priklepovy-utahovak-iss-1-2-kompozit-sada-ihned-k-objednani-9131\/\" \/>\n<meta property=\"og:image\" content=\"https:\/\/www.technodompro.com\/wp-content\/uploads\/2026\/SK0014425-CZ20260425-092328-0-1777080210-2401220-1.webp\" \/>\n\t<meta property=\"og:image:width\" content=\"700\" \/>\n\t<meta property=\"og:image:height\" content=\"568\" \/>\n\t<meta property=\"og:image:type\" content=\"image\/webp\" \/>\n<meta name=\"twitter:card\" content=\"summary_large_image\" \/>\n<script type=\"application\/ld+json\" class=\"yoast-schema-graph\">{\"@context\":\"https:\/\/schema.org\",\"@graph\":[{\"@type\":\"WebPage\",\"@id\":\"https:\/\/www.technodompro.com\/index.php\/produkt\/aircraft-r-priklepovy-utahovak-iss-1-2-kompozit-sada-ihned-k-objednani-9131\/\",\"url\":\"https:\/\/www.technodompro.com\/index.php\/produkt\/aircraft-r-priklepovy-utahovak-iss-1-2-kompozit-sada-ihned-k-objednani-9131\/\",\"name\":\"Aircraft\u00ae P\u0159\u00edklepov\u00fd utahov\u00e1k ISS 1\/2'' Kompozit - sada Ihned K Objedn\u00e1n\u00ed -\",\"isPartOf\":{\"@id\":\"https:\/\/www.technodompro.com\/#website\"},\"primaryImageOfPage\":{\"@id\":\"https:\/\/www.technodompro.com\/index.php\/produkt\/aircraft-r-priklepovy-utahovak-iss-1-2-kompozit-sada-ihned-k-objednani-9131\/#primaryimage\"},\"image\":{\"@id\":\"https:\/\/www.technodompro.com\/index.php\/produkt\/aircraft-r-priklepovy-utahovak-iss-1-2-kompozit-sada-ihned-k-objednani-9131\/#primaryimage\"},\"thumbnailUrl\":\"https:\/\/www.technodompro.com\/wp-content\/uploads\/2026\/SK0014425-CZ20260425-092328-0-1777080210-2401220-1.webp\",\"datePublished\":\"2026-04-27T04:40:51+00:00\",\"breadcrumb\":{\"@id\":\"https:\/\/www.technodompro.com\/index.php\/produkt\/aircraft-r-priklepovy-utahovak-iss-1-2-kompozit-sada-ihned-k-objednani-9131\/#breadcrumb\"},\"inLanguage\":\"cs\",\"potentialAction\":[{\"@type\":\"ReadAction\",\"target\":[\"https:\/\/www.technodompro.com\/index.php\/produkt\/aircraft-r-priklepovy-utahovak-iss-1-2-kompozit-sada-ihned-k-objednani-9131\/\"]}]},{\"@type\":\"ImageObject\",\"inLanguage\":\"cs\",\"@id\":\"https:\/\/www.technodompro.com\/index.php\/produkt\/aircraft-r-priklepovy-utahovak-iss-1-2-kompozit-sada-ihned-k-objednani-9131\/#primaryimage\",\"url\":\"https:\/\/www.technodompro.com\/wp-content\/uploads\/2026\/SK0014425-CZ20260425-092328-0-1777080210-2401220-1.webp\",\"contentUrl\":\"https:\/\/www.technodompro.com\/wp-content\/uploads\/2026\/SK0014425-CZ20260425-092328-0-1777080210-2401220-1.webp\",\"width\":700,\"height\":568},{\"@type\":\"BreadcrumbList\",\"@id\":\"https:\/\/www.technodompro.com\/index.php\/produkt\/aircraft-r-priklepovy-utahovak-iss-1-2-kompozit-sada-ihned-k-objednani-9131\/#breadcrumb\",\"itemListElement\":[{\"@type\":\"ListItem\",\"position\":1,\"name\":\"Home\",\"item\":\"https:\/\/www.technodompro.com\/\"},{\"@type\":\"ListItem\",\"position\":2,\"name\":\"Products\",\"item\":\"https:\/\/www.technodompro.com\/index.php\/products\/\"},{\"@type\":\"ListItem\",\"position\":3,\"name\":\"Aircraft\u00ae P\u0159\u00edklepov\u00fd utahov\u00e1k ISS 1\/2&#8220; Kompozit &#8211; sada Ihned K Objedn\u00e1n\u00ed\"}]},{\"@type\":\"WebSite\",\"@id\":\"https:\/\/www.technodompro.com\/#website\",\"url\":\"https:\/\/www.technodompro.com\/\",\"name\":\"\",\"description\":\"\",\"potentialAction\":[{\"@type\":\"SearchAction\",\"target\":{\"@type\":\"EntryPoint\",\"urlTemplate\":\"https:\/\/www.technodompro.com\/?s={search_term_string}\"},\"query-input\":{\"@type\":\"PropertyValueSpecification\",\"valueRequired\":true,\"valueName\":\"search_term_string\"}}],\"inLanguage\":\"cs\"}]}<\/script>\n<!-- \/ Yoast SEO plugin. -->","yoast_head_json":{"title":"Aircraft\u00ae P\u0159\u00edklepov\u00fd utahov\u00e1k ISS 1\/2'' Kompozit - sada Ihned K Objedn\u00e1n\u00ed -","robots":{"index":"index","follow":"follow","max-snippet":"max-snippet:-1","max-image-preview":"max-image-preview:large","max-video-preview":"max-video-preview:-1"},"canonical":"https:\/\/www.technodompro.com\/index.php\/produkt\/aircraft-r-priklepovy-utahovak-iss-1-2-kompozit-sada-ihned-k-objednani-9131\/","og_locale":"cs_CZ","og_type":"article","og_title":"Aircraft\u00ae P\u0159\u00edklepov\u00fd utahov\u00e1k ISS 1\/2'' Kompozit - sada Ihned K Objedn\u00e1n\u00ed -","og_description":"Velmi n\u00edzk\u00e1 hmotnost a kompaktn\u00ed konstrukce p\u0159i maxim\u00e1ln\u00edm v\u00fdkonuT\u0159i stupn\u011b nastaven\u00ed utahovac\u00edho momentuDr\u017eadlo s izolac\u00ed proti chladu a vibrac\u00edmOdveden\u00ed odpadn\u00edho vzduchu dr\u017eadlem zamezuje v\u00ed\u0159en\u00ed prachuV\u00fdkonn\u00fd dvojit\u00fd p\u0159\u00edklepDod\u00e1v\u00e1no v plastov\u00e9m kufru \u25bc Obsah balen\u00ed \u25bcUtahovac\u00ed o\u0159echy 9, 10, 11, 13, 14, 17, 19, 22, 24, 27 mmProdlu\u017eovac\u00ed n\u00e1stavecKl\u00ed\u010d \u25bc P\u0159\u00edslu\u0161enstv\u00ed \u25bc 2400001 \/ 2400050 Max. provozn\u00ed [&hellip;]","og_url":"https:\/\/www.technodompro.com\/index.php\/produkt\/aircraft-r-priklepovy-utahovak-iss-1-2-kompozit-sada-ihned-k-objednani-9131\/","og_image":[{"width":700,"height":568,"url":"https:\/\/www.technodompro.com\/wp-content\/uploads\/2026\/SK0014425-CZ20260425-092328-0-1777080210-2401220-1.webp","type":"image\/webp"}],"twitter_card":"summary_large_image","schema":{"@context":"https:\/\/schema.org","@graph":[{"@type":"WebPage","@id":"https:\/\/www.technodompro.com\/index.php\/produkt\/aircraft-r-priklepovy-utahovak-iss-1-2-kompozit-sada-ihned-k-objednani-9131\/","url":"https:\/\/www.technodompro.com\/index.php\/produkt\/aircraft-r-priklepovy-utahovak-iss-1-2-kompozit-sada-ihned-k-objednani-9131\/","name":"Aircraft\u00ae P\u0159\u00edklepov\u00fd utahov\u00e1k ISS 1\/2'' Kompozit - sada Ihned K Objedn\u00e1n\u00ed -","isPartOf":{"@id":"https:\/\/www.technodompro.com\/#website"},"primaryImageOfPage":{"@id":"https:\/\/www.technodompro.com\/index.php\/produkt\/aircraft-r-priklepovy-utahovak-iss-1-2-kompozit-sada-ihned-k-objednani-9131\/#primaryimage"},"image":{"@id":"https:\/\/www.technodompro.com\/index.php\/produkt\/aircraft-r-priklepovy-utahovak-iss-1-2-kompozit-sada-ihned-k-objednani-9131\/#primaryimage"},"thumbnailUrl":"https:\/\/www.technodompro.com\/wp-content\/uploads\/2026\/SK0014425-CZ20260425-092328-0-1777080210-2401220-1.webp","datePublished":"2026-04-27T04:40:51+00:00","breadcrumb":{"@id":"https:\/\/www.technodompro.com\/index.php\/produkt\/aircraft-r-priklepovy-utahovak-iss-1-2-kompozit-sada-ihned-k-objednani-9131\/#breadcrumb"},"inLanguage":"cs","potentialAction":[{"@type":"ReadAction","target":["https:\/\/www.technodompro.com\/index.php\/produkt\/aircraft-r-priklepovy-utahovak-iss-1-2-kompozit-sada-ihned-k-objednani-9131\/"]}]},{"@type":"ImageObject","inLanguage":"cs","@id":"https:\/\/www.technodompro.com\/index.php\/produkt\/aircraft-r-priklepovy-utahovak-iss-1-2-kompozit-sada-ihned-k-objednani-9131\/#primaryimage","url":"https:\/\/www.technodompro.com\/wp-content\/uploads\/2026\/SK0014425-CZ20260425-092328-0-1777080210-2401220-1.webp","contentUrl":"https:\/\/www.technodompro.com\/wp-content\/uploads\/2026\/SK0014425-CZ20260425-092328-0-1777080210-2401220-1.webp","width":700,"height":568},{"@type":"BreadcrumbList","@id":"https:\/\/www.technodompro.com\/index.php\/produkt\/aircraft-r-priklepovy-utahovak-iss-1-2-kompozit-sada-ihned-k-objednani-9131\/#breadcrumb","itemListElement":[{"@type":"ListItem","position":1,"name":"Home","item":"https:\/\/www.technodompro.com\/"},{"@type":"ListItem","position":2,"name":"Products","item":"https:\/\/www.technodompro.com\/index.php\/products\/"},{"@type":"ListItem","position":3,"name":"Aircraft\u00ae P\u0159\u00edklepov\u00fd utahov\u00e1k ISS 1\/2&#8220; Kompozit &#8211; sada Ihned K Objedn\u00e1n\u00ed"}]},{"@type":"WebSite","@id":"https:\/\/www.technodompro.com\/#website","url":"https:\/\/www.technodompro.com\/","name":"","description":"","potentialAction":[{"@type":"SearchAction","target":{"@type":"EntryPoint","urlTemplate":"https:\/\/www.technodompro.com\/?s={search_term_string}"},"query-input":{"@type":"PropertyValueSpecification","valueRequired":true,"valueName":"search_term_string"}}],"inLanguage":"cs"}]}},"_links":{"self":[{"href":"https:\/\/www.technodompro.com\/index.php\/wp-json\/wp\/v2\/product\/9131","targetHints":{"allow":["GET"]}}],"collection":[{"href":"https:\/\/www.technodompro.com\/index.php\/wp-json\/wp\/v2\/product"}],"about":[{"href":"https:\/\/www.technodompro.com\/index.php\/wp-json\/wp\/v2\/types\/product"}],"replies":[{"embeddable":true,"href":"https:\/\/www.technodompro.com\/index.php\/wp-json\/wp\/v2\/comments?post=9131"}],"wp:featuredmedia":[{"embeddable":true,"href":"https:\/\/www.technodompro.com\/index.php\/wp-json\/wp\/v2\/media\/9231"}],"wp:attachment":[{"href":"https:\/\/www.technodompro.com\/index.php\/wp-json\/wp\/v2\/media?parent=9131"}],"wp:term":[{"taxonomy":"product_brand","embeddable":true,"href":"https:\/\/www.technodompro.com\/index.php\/wp-json\/wp\/v2\/product_brand?post=9131"},{"taxonomy":"product_cat","embeddable":true,"href":"https:\/\/www.technodompro.com\/index.php\/wp-json\/wp\/v2\/product_cat?post=9131"},{"taxonomy":"product_tag","embeddable":true,"href":"https:\/\/www.technodompro.com\/index.php\/wp-json\/wp\/v2\/product_tag?post=9131"}],"curies":[{"name":"wp","href":"https:\/\/api.w.org\/{rel}","templated":true}]}}