{"id":9137,"date":"2026-04-27T04:40:51","date_gmt":"2026-04-27T04:40:51","guid":{"rendered":""},"modified":"2026-04-27T04:40:51","modified_gmt":"2026-04-27T04:40:51","slug":"aircraft-r-koncova-krabice-dba-r-ad28-specialni-cena-9137","status":"publish","type":"product","link":"https:\/\/www.technodompro.com\/index.php\/produkt\/aircraft-r-koncova-krabice-dba-r-ad28-specialni-cena-9137\/","title":{"rendered":"Aircraft\u00ae Koncov\u00e1 krabice DBA R AD28 Speci\u00e1ln\u00ed Cena"},"content":{"rendered":"<table>\n<div class=\"tab-pane active product-description\" id=\"popis\" role=\"tabpanel\">\n<div class=\"short-description\" itemprop=\"description\"><\/div>\n<div class=\"description\"><span class='bullet-line'>1 x rozd\u011blovac\u00ed krabice, 2 x z\u00e1slepka, 1 x rychlospojka 1\/2&#8243; AG, 1 x z\u00e1str\u010dkov\u00e1 spojka AD 28 mosaz<\/span><\/div>\n<\/table>\n","protected":false},"excerpt":{"rendered":"<p>1 x rozd\u011blovac\u00ed krabice, 2 x z\u00e1slepka, 1 x rychlospojka 1\/2&#8243; AG, 1 x z\u00e1str\u010dkov\u00e1 spojka AD 28 mosaz<\/p>\n","protected":false},"featured_media":9237,"comment_status":"open","ping_status":"open","template":"","meta":[],"product_brand":[],"product_cat":[45],"product_tag":[],"class_list":{"0":"post-9137","1":"product","2":"type-product","3":"status-publish","4":"has-post-thumbnail","6":"product_cat-naradi","8":"first","9":"instock","10":"sale","11":"shipping-taxable","12":"purchasable","13":"product-type-simple"},"yoast_head":"<!-- This site is optimized with the Yoast SEO plugin v26.8 - https:\/\/yoast.com\/product\/yoast-seo-wordpress\/ -->\n<title>Aircraft\u00ae Koncov\u00e1 krabice DBA R AD28 Speci\u00e1ln\u00ed Cena -<\/title>\n<meta name=\"robots\" content=\"index, follow, max-snippet:-1, max-image-preview:large, max-video-preview:-1\" \/>\n<link rel=\"canonical\" href=\"https:\/\/www.technodompro.com\/index.php\/produkt\/aircraft-r-koncova-krabice-dba-r-ad28-specialni-cena-9137\/\" \/>\n<meta property=\"og:locale\" content=\"cs_CZ\" \/>\n<meta property=\"og:type\" content=\"article\" \/>\n<meta property=\"og:title\" content=\"Aircraft\u00ae Koncov\u00e1 krabice DBA R AD28 Speci\u00e1ln\u00ed Cena -\" \/>\n<meta property=\"og:description\" content=\"1 x rozd\u011blovac\u00ed krabice, 2 x z\u00e1slepka, 1 x rychlospojka 1\/2&#8243; AG, 1 x z\u00e1str\u010dkov\u00e1 spojka AD 28 mosaz\" \/>\n<meta property=\"og:url\" content=\"https:\/\/www.technodompro.com\/index.php\/produkt\/aircraft-r-koncova-krabice-dba-r-ad28-specialni-cena-9137\/\" \/>\n<meta property=\"og:image\" content=\"https:\/\/www.technodompro.com\/wp-content\/uploads\/2026\/SK0014431-CZ20260425-092328-0-1777080210-2158528-1.webp\" \/>\n\t<meta property=\"og:image:width\" content=\"400\" \/>\n\t<meta property=\"og:image:height\" content=\"389\" \/>\n\t<meta property=\"og:image:type\" content=\"image\/webp\" \/>\n<meta name=\"twitter:card\" content=\"summary_large_image\" \/>\n<script type=\"application\/ld+json\" class=\"yoast-schema-graph\">{\"@context\":\"https:\/\/schema.org\",\"@graph\":[{\"@type\":\"WebPage\",\"@id\":\"https:\/\/www.technodompro.com\/index.php\/produkt\/aircraft-r-koncova-krabice-dba-r-ad28-specialni-cena-9137\/\",\"url\":\"https:\/\/www.technodompro.com\/index.php\/produkt\/aircraft-r-koncova-krabice-dba-r-ad28-specialni-cena-9137\/\",\"name\":\"Aircraft\u00ae Koncov\u00e1 krabice DBA R AD28 Speci\u00e1ln\u00ed Cena -\",\"isPartOf\":{\"@id\":\"https:\/\/www.technodompro.com\/#website\"},\"primaryImageOfPage\":{\"@id\":\"https:\/\/www.technodompro.com\/index.php\/produkt\/aircraft-r-koncova-krabice-dba-r-ad28-specialni-cena-9137\/#primaryimage\"},\"image\":{\"@id\":\"https:\/\/www.technodompro.com\/index.php\/produkt\/aircraft-r-koncova-krabice-dba-r-ad28-specialni-cena-9137\/#primaryimage\"},\"thumbnailUrl\":\"https:\/\/www.technodompro.com\/wp-content\/uploads\/2026\/SK0014431-CZ20260425-092328-0-1777080210-2158528-1.webp\",\"datePublished\":\"2026-04-27T04:40:51+00:00\",\"breadcrumb\":{\"@id\":\"https:\/\/www.technodompro.com\/index.php\/produkt\/aircraft-r-koncova-krabice-dba-r-ad28-specialni-cena-9137\/#breadcrumb\"},\"inLanguage\":\"cs\",\"potentialAction\":[{\"@type\":\"ReadAction\",\"target\":[\"https:\/\/www.technodompro.com\/index.php\/produkt\/aircraft-r-koncova-krabice-dba-r-ad28-specialni-cena-9137\/\"]}]},{\"@type\":\"ImageObject\",\"inLanguage\":\"cs\",\"@id\":\"https:\/\/www.technodompro.com\/index.php\/produkt\/aircraft-r-koncova-krabice-dba-r-ad28-specialni-cena-9137\/#primaryimage\",\"url\":\"https:\/\/www.technodompro.com\/wp-content\/uploads\/2026\/SK0014431-CZ20260425-092328-0-1777080210-2158528-1.webp\",\"contentUrl\":\"https:\/\/www.technodompro.com\/wp-content\/uploads\/2026\/SK0014431-CZ20260425-092328-0-1777080210-2158528-1.webp\",\"width\":400,\"height\":389},{\"@type\":\"BreadcrumbList\",\"@id\":\"https:\/\/www.technodompro.com\/index.php\/produkt\/aircraft-r-koncova-krabice-dba-r-ad28-specialni-cena-9137\/#breadcrumb\",\"itemListElement\":[{\"@type\":\"ListItem\",\"position\":1,\"name\":\"Home\",\"item\":\"https:\/\/www.technodompro.com\/\"},{\"@type\":\"ListItem\",\"position\":2,\"name\":\"Products\",\"item\":\"https:\/\/www.technodompro.com\/index.php\/products\/\"},{\"@type\":\"ListItem\",\"position\":3,\"name\":\"Aircraft\u00ae Koncov\u00e1 krabice DBA R AD28 Speci\u00e1ln\u00ed Cena\"}]},{\"@type\":\"WebSite\",\"@id\":\"https:\/\/www.technodompro.com\/#website\",\"url\":\"https:\/\/www.technodompro.com\/\",\"name\":\"\",\"description\":\"\",\"potentialAction\":[{\"@type\":\"SearchAction\",\"target\":{\"@type\":\"EntryPoint\",\"urlTemplate\":\"https:\/\/www.technodompro.com\/?s={search_term_string}\"},\"query-input\":{\"@type\":\"PropertyValueSpecification\",\"valueRequired\":true,\"valueName\":\"search_term_string\"}}],\"inLanguage\":\"cs\"}]}<\/script>\n<!-- \/ Yoast SEO plugin. -->","yoast_head_json":{"title":"Aircraft\u00ae Koncov\u00e1 krabice DBA R AD28 Speci\u00e1ln\u00ed Cena -","robots":{"index":"index","follow":"follow","max-snippet":"max-snippet:-1","max-image-preview":"max-image-preview:large","max-video-preview":"max-video-preview:-1"},"canonical":"https:\/\/www.technodompro.com\/index.php\/produkt\/aircraft-r-koncova-krabice-dba-r-ad28-specialni-cena-9137\/","og_locale":"cs_CZ","og_type":"article","og_title":"Aircraft\u00ae Koncov\u00e1 krabice DBA R AD28 Speci\u00e1ln\u00ed Cena -","og_description":"1 x rozd\u011blovac\u00ed krabice, 2 x z\u00e1slepka, 1 x rychlospojka 1\/2&#8243; AG, 1 x z\u00e1str\u010dkov\u00e1 spojka AD 28 mosaz","og_url":"https:\/\/www.technodompro.com\/index.php\/produkt\/aircraft-r-koncova-krabice-dba-r-ad28-specialni-cena-9137\/","og_image":[{"width":400,"height":389,"url":"https:\/\/www.technodompro.com\/wp-content\/uploads\/2026\/SK0014431-CZ20260425-092328-0-1777080210-2158528-1.webp","type":"image\/webp"}],"twitter_card":"summary_large_image","schema":{"@context":"https:\/\/schema.org","@graph":[{"@type":"WebPage","@id":"https:\/\/www.technodompro.com\/index.php\/produkt\/aircraft-r-koncova-krabice-dba-r-ad28-specialni-cena-9137\/","url":"https:\/\/www.technodompro.com\/index.php\/produkt\/aircraft-r-koncova-krabice-dba-r-ad28-specialni-cena-9137\/","name":"Aircraft\u00ae Koncov\u00e1 krabice DBA R AD28 Speci\u00e1ln\u00ed Cena -","isPartOf":{"@id":"https:\/\/www.technodompro.com\/#website"},"primaryImageOfPage":{"@id":"https:\/\/www.technodompro.com\/index.php\/produkt\/aircraft-r-koncova-krabice-dba-r-ad28-specialni-cena-9137\/#primaryimage"},"image":{"@id":"https:\/\/www.technodompro.com\/index.php\/produkt\/aircraft-r-koncova-krabice-dba-r-ad28-specialni-cena-9137\/#primaryimage"},"thumbnailUrl":"https:\/\/www.technodompro.com\/wp-content\/uploads\/2026\/SK0014431-CZ20260425-092328-0-1777080210-2158528-1.webp","datePublished":"2026-04-27T04:40:51+00:00","breadcrumb":{"@id":"https:\/\/www.technodompro.com\/index.php\/produkt\/aircraft-r-koncova-krabice-dba-r-ad28-specialni-cena-9137\/#breadcrumb"},"inLanguage":"cs","potentialAction":[{"@type":"ReadAction","target":["https:\/\/www.technodompro.com\/index.php\/produkt\/aircraft-r-koncova-krabice-dba-r-ad28-specialni-cena-9137\/"]}]},{"@type":"ImageObject","inLanguage":"cs","@id":"https:\/\/www.technodompro.com\/index.php\/produkt\/aircraft-r-koncova-krabice-dba-r-ad28-specialni-cena-9137\/#primaryimage","url":"https:\/\/www.technodompro.com\/wp-content\/uploads\/2026\/SK0014431-CZ20260425-092328-0-1777080210-2158528-1.webp","contentUrl":"https:\/\/www.technodompro.com\/wp-content\/uploads\/2026\/SK0014431-CZ20260425-092328-0-1777080210-2158528-1.webp","width":400,"height":389},{"@type":"BreadcrumbList","@id":"https:\/\/www.technodompro.com\/index.php\/produkt\/aircraft-r-koncova-krabice-dba-r-ad28-specialni-cena-9137\/#breadcrumb","itemListElement":[{"@type":"ListItem","position":1,"name":"Home","item":"https:\/\/www.technodompro.com\/"},{"@type":"ListItem","position":2,"name":"Products","item":"https:\/\/www.technodompro.com\/index.php\/products\/"},{"@type":"ListItem","position":3,"name":"Aircraft\u00ae Koncov\u00e1 krabice DBA R AD28 Speci\u00e1ln\u00ed Cena"}]},{"@type":"WebSite","@id":"https:\/\/www.technodompro.com\/#website","url":"https:\/\/www.technodompro.com\/","name":"","description":"","potentialAction":[{"@type":"SearchAction","target":{"@type":"EntryPoint","urlTemplate":"https:\/\/www.technodompro.com\/?s={search_term_string}"},"query-input":{"@type":"PropertyValueSpecification","valueRequired":true,"valueName":"search_term_string"}}],"inLanguage":"cs"}]}},"_links":{"self":[{"href":"https:\/\/www.technodompro.com\/index.php\/wp-json\/wp\/v2\/product\/9137","targetHints":{"allow":["GET"]}}],"collection":[{"href":"https:\/\/www.technodompro.com\/index.php\/wp-json\/wp\/v2\/product"}],"about":[{"href":"https:\/\/www.technodompro.com\/index.php\/wp-json\/wp\/v2\/types\/product"}],"replies":[{"embeddable":true,"href":"https:\/\/www.technodompro.com\/index.php\/wp-json\/wp\/v2\/comments?post=9137"}],"wp:featuredmedia":[{"embeddable":true,"href":"https:\/\/www.technodompro.com\/index.php\/wp-json\/wp\/v2\/media\/9237"}],"wp:attachment":[{"href":"https:\/\/www.technodompro.com\/index.php\/wp-json\/wp\/v2\/media?parent=9137"}],"wp:term":[{"taxonomy":"product_brand","embeddable":true,"href":"https:\/\/www.technodompro.com\/index.php\/wp-json\/wp\/v2\/product_brand?post=9137"},{"taxonomy":"product_cat","embeddable":true,"href":"https:\/\/www.technodompro.com\/index.php\/wp-json\/wp\/v2\/product_cat?post=9137"},{"taxonomy":"product_tag","embeddable":true,"href":"https:\/\/www.technodompro.com\/index.php\/wp-json\/wp\/v2\/product_tag?post=9137"}],"curies":[{"name":"wp","href":"https:\/\/api.w.org\/{rel}","templated":true}]}}