{"id":9169,"date":"2026-04-27T04:40:51","date_gmt":"2026-04-27T04:40:51","guid":{"rendered":""},"modified":"2026-04-27T04:40:51","modified_gmt":"2026-04-27T04:40:51","slug":"akce-aircraft-r-koncova-krabice-dba-2kbfk-ad18-9169","status":"publish","type":"product","link":"https:\/\/www.technodompro.com\/produkt\/akce-aircraft-r-koncova-krabice-dba-2kbfk-ad18-9169\/","title":{"rendered":"Akce Aircraft\u00ae Koncov\u00e1 krabice DBA 2KBFK AD18"},"content":{"rendered":"<table>\n<div class=\"tab-pane active product-description\" id=\"popis\" role=\"tabpanel\">\n<div class=\"short-description\" itemprop=\"description\"><\/div>\n<div class=\"description\"><span class='bullet-line'>1 x rozd\u011blovac\u00ed krabice, 2 x bezpe\u010dnostn\u00ed rychlospojka 1\/2&#8243;AG, 1 x z\u00e1slepka 1\/2&#8243;, 1 x spojka 1\/4&#8243; AG, 1 x kulov\u00fd ventil 1\/2&#8243;AG x 1\/2&#8243;IG, 1 x regul\u00e1tor tlaku s filtrem 1\/4&#8243;, 1 x olejov\u00fd p\u0159imaz\u00e1va\u010d 1\/4&#8243;,1 x z\u00e1str\u010dkov\u00e1 spojka AD 18 mosaz<\/span><\/div>\n<\/table>\n","protected":false},"excerpt":{"rendered":"<p>1 x rozd\u011blovac\u00ed krabice, 2 x bezpe\u010dnostn\u00ed rychlospojka 1\/2&#8243;AG, 1 x z\u00e1slepka 1\/2&#8243;, 1 x spojka 1\/4&#8243; AG, 1 x kulov\u00fd ventil 1\/2&#8243;AG x 1\/2&#8243;IG, 1 x regul\u00e1tor tlaku s filtrem 1\/4&#8243;, 1 x olejov\u00fd p\u0159imaz\u00e1va\u010d 1\/4&#8243;,1 x z\u00e1str\u010dkov\u00e1 spojka AD 18 mosaz<\/p>\n","protected":false},"featured_media":9269,"template":"","meta":[],"product_brand":[],"product_cat":[45],"product_tag":[],"class_list":{"0":"post-9169","1":"product","2":"type-product","3":"status-publish","4":"has-post-thumbnail","6":"product_cat-naradi","8":"first","9":"instock","10":"sale","11":"shipping-taxable","12":"purchasable","13":"product-type-simple"},"yoast_head":"<!-- This site is optimized with the Yoast SEO plugin v26.8 - https:\/\/yoast.com\/product\/yoast-seo-wordpress\/ -->\n<title>Akce Aircraft\u00ae Koncov\u00e1 krabice DBA 2KBFK AD18 - Modern\u00ed koupelny &amp; sanita a interi\u00e9rov\u00e9 vybaven\u00ed pro v\u00e1\u0161 domov<\/title>\n<meta name=\"robots\" content=\"index, follow, max-snippet:-1, max-image-preview:large, max-video-preview:-1\" \/>\n<link rel=\"canonical\" href=\"https:\/\/www.technodompro.com\/index.php\/produkt\/akce-aircraft-r-koncova-krabice-dba-2kbfk-ad18-9169\/\" \/>\n<meta property=\"og:locale\" content=\"cs_CZ\" \/>\n<meta property=\"og:type\" content=\"article\" \/>\n<meta property=\"og:title\" content=\"Akce Aircraft\u00ae Koncov\u00e1 krabice DBA 2KBFK AD18 - Modern\u00ed koupelny &amp; sanita a interi\u00e9rov\u00e9 vybaven\u00ed pro v\u00e1\u0161 domov\" \/>\n<meta property=\"og:description\" content=\"1 x rozd\u011blovac\u00ed krabice, 2 x bezpe\u010dnostn\u00ed rychlospojka 1\/2&#8243;AG, 1 x z\u00e1slepka 1\/2&#8243;, 1 x spojka 1\/4&#8243; AG, 1 x kulov\u00fd ventil 1\/2&#8243;AG x 1\/2&#8243;IG, 1 x regul\u00e1tor tlaku s filtrem 1\/4&#8243;, 1 x olejov\u00fd p\u0159imaz\u00e1va\u010d 1\/4&#8243;,1 x z\u00e1str\u010dkov\u00e1 spojka AD 18 mosaz\" \/>\n<meta property=\"og:url\" content=\"https:\/\/www.technodompro.com\/index.php\/produkt\/akce-aircraft-r-koncova-krabice-dba-2kbfk-ad18-9169\/\" \/>\n<meta property=\"og:site_name\" content=\"Modern\u00ed koupelny &amp; sanita a interi\u00e9rov\u00e9 vybaven\u00ed pro v\u00e1\u0161 domov\" \/>\n<meta property=\"og:image\" content=\"https:\/\/www.technodompro.com\/wp-content\/uploads\/2026\/SK0014463-CZ20260425-092328-0-1777080210-2159618-1.webp\" \/>\n\t<meta property=\"og:image:width\" content=\"560\" \/>\n\t<meta property=\"og:image:height\" content=\"397\" \/>\n\t<meta property=\"og:image:type\" content=\"image\/webp\" \/>\n<meta name=\"twitter:card\" content=\"summary_large_image\" \/>\n<script type=\"application\/ld+json\" class=\"yoast-schema-graph\">{\"@context\":\"https:\/\/schema.org\",\"@graph\":[{\"@type\":\"WebPage\",\"@id\":\"https:\/\/www.technodompro.com\/index.php\/produkt\/akce-aircraft-r-koncova-krabice-dba-2kbfk-ad18-9169\/\",\"url\":\"https:\/\/www.technodompro.com\/index.php\/produkt\/akce-aircraft-r-koncova-krabice-dba-2kbfk-ad18-9169\/\",\"name\":\"Akce Aircraft\u00ae Koncov\u00e1 krabice DBA 2KBFK AD18 - Modern\u00ed koupelny &amp; sanita a interi\u00e9rov\u00e9 vybaven\u00ed pro v\u00e1\u0161 domov\",\"isPartOf\":{\"@id\":\"https:\/\/www.technodompro.com\/#website\"},\"primaryImageOfPage\":{\"@id\":\"https:\/\/www.technodompro.com\/index.php\/produkt\/akce-aircraft-r-koncova-krabice-dba-2kbfk-ad18-9169\/#primaryimage\"},\"image\":{\"@id\":\"https:\/\/www.technodompro.com\/index.php\/produkt\/akce-aircraft-r-koncova-krabice-dba-2kbfk-ad18-9169\/#primaryimage\"},\"thumbnailUrl\":\"https:\/\/www.technodompro.com\/wp-content\/uploads\/2026\/SK0014463-CZ20260425-092328-0-1777080210-2159618-1.webp\",\"datePublished\":\"2026-04-27T04:40:51+00:00\",\"breadcrumb\":{\"@id\":\"https:\/\/www.technodompro.com\/index.php\/produkt\/akce-aircraft-r-koncova-krabice-dba-2kbfk-ad18-9169\/#breadcrumb\"},\"inLanguage\":\"cs\",\"potentialAction\":[{\"@type\":\"ReadAction\",\"target\":[\"https:\/\/www.technodompro.com\/index.php\/produkt\/akce-aircraft-r-koncova-krabice-dba-2kbfk-ad18-9169\/\"]}]},{\"@type\":\"ImageObject\",\"inLanguage\":\"cs\",\"@id\":\"https:\/\/www.technodompro.com\/index.php\/produkt\/akce-aircraft-r-koncova-krabice-dba-2kbfk-ad18-9169\/#primaryimage\",\"url\":\"https:\/\/www.technodompro.com\/wp-content\/uploads\/2026\/SK0014463-CZ20260425-092328-0-1777080210-2159618-1.webp\",\"contentUrl\":\"https:\/\/www.technodompro.com\/wp-content\/uploads\/2026\/SK0014463-CZ20260425-092328-0-1777080210-2159618-1.webp\",\"width\":560,\"height\":397},{\"@type\":\"BreadcrumbList\",\"@id\":\"https:\/\/www.technodompro.com\/index.php\/produkt\/akce-aircraft-r-koncova-krabice-dba-2kbfk-ad18-9169\/#breadcrumb\",\"itemListElement\":[{\"@type\":\"ListItem\",\"position\":1,\"name\":\"Home\",\"item\":\"https:\/\/www.technodompro.com\/\"},{\"@type\":\"ListItem\",\"position\":2,\"name\":\"Products\",\"item\":\"https:\/\/www.technodompro.com\/products\/\"},{\"@type\":\"ListItem\",\"position\":3,\"name\":\"Akce Aircraft\u00ae Koncov\u00e1 krabice DBA 2KBFK AD18\"}]},{\"@type\":\"WebSite\",\"@id\":\"https:\/\/www.technodompro.com\/#website\",\"url\":\"https:\/\/www.technodompro.com\/\",\"name\":\"Modern\u00ed koupelny &amp; sanita a interi\u00e9rov\u00e9 vybaven\u00ed pro v\u00e1\u0161 domov\",\"description\":\"Modern\u00ed koupelny &amp; sanita a interi\u00e9rov\u00e9 vybaven\u00ed pro v\u00e1\u0161 domov\",\"publisher\":{\"@id\":\"https:\/\/www.technodompro.com\/#organization\"},\"potentialAction\":[{\"@type\":\"SearchAction\",\"target\":{\"@type\":\"EntryPoint\",\"urlTemplate\":\"https:\/\/www.technodompro.com\/?s={search_term_string}\"},\"query-input\":{\"@type\":\"PropertyValueSpecification\",\"valueRequired\":true,\"valueName\":\"search_term_string\"}}],\"inLanguage\":\"cs\"},{\"@type\":\"Organization\",\"@id\":\"https:\/\/www.technodompro.com\/#organization\",\"name\":\"Modern\u00ed koupelny &amp; sanita a interi\u00e9rov\u00e9 vybaven\u00ed pro v\u00e1\u0161 domov\",\"url\":\"https:\/\/www.technodompro.com\/\",\"logo\":{\"@type\":\"ImageObject\",\"inLanguage\":\"cs\",\"@id\":\"https:\/\/www.technodompro.com\/#\/schema\/logo\/image\/\",\"url\":\"https:\/\/www.technodompro.com\/wp-content\/uploads\/2026\/04\/technodompro_logo.svg\",\"contentUrl\":\"https:\/\/www.technodompro.com\/wp-content\/uploads\/2026\/04\/technodompro_logo.svg\",\"width\":760,\"height\":180,\"caption\":\"Modern\u00ed koupelny &amp; sanita a interi\u00e9rov\u00e9 vybaven\u00ed pro v\u00e1\u0161 domov\"},\"image\":{\"@id\":\"https:\/\/www.technodompro.com\/#\/schema\/logo\/image\/\"}}]}<\/script>\n<!-- \/ Yoast SEO plugin. -->","yoast_head_json":{"title":"Akce Aircraft\u00ae Koncov\u00e1 krabice DBA 2KBFK AD18 - Modern\u00ed koupelny &amp; sanita a interi\u00e9rov\u00e9 vybaven\u00ed pro v\u00e1\u0161 domov","robots":{"index":"index","follow":"follow","max-snippet":"max-snippet:-1","max-image-preview":"max-image-preview:large","max-video-preview":"max-video-preview:-1"},"canonical":"https:\/\/www.technodompro.com\/index.php\/produkt\/akce-aircraft-r-koncova-krabice-dba-2kbfk-ad18-9169\/","og_locale":"cs_CZ","og_type":"article","og_title":"Akce Aircraft\u00ae Koncov\u00e1 krabice DBA 2KBFK AD18 - Modern\u00ed koupelny &amp; sanita a interi\u00e9rov\u00e9 vybaven\u00ed pro v\u00e1\u0161 domov","og_description":"1 x rozd\u011blovac\u00ed krabice, 2 x bezpe\u010dnostn\u00ed rychlospojka 1\/2&#8243;AG, 1 x z\u00e1slepka 1\/2&#8243;, 1 x spojka 1\/4&#8243; AG, 1 x kulov\u00fd ventil 1\/2&#8243;AG x 1\/2&#8243;IG, 1 x regul\u00e1tor tlaku s filtrem 1\/4&#8243;, 1 x olejov\u00fd p\u0159imaz\u00e1va\u010d 1\/4&#8243;,1 x z\u00e1str\u010dkov\u00e1 spojka AD 18 mosaz","og_url":"https:\/\/www.technodompro.com\/index.php\/produkt\/akce-aircraft-r-koncova-krabice-dba-2kbfk-ad18-9169\/","og_site_name":"Modern\u00ed koupelny &amp; sanita a interi\u00e9rov\u00e9 vybaven\u00ed pro v\u00e1\u0161 domov","og_image":[{"width":560,"height":397,"url":"https:\/\/www.technodompro.com\/wp-content\/uploads\/2026\/SK0014463-CZ20260425-092328-0-1777080210-2159618-1.webp","type":"image\/webp"}],"twitter_card":"summary_large_image","schema":{"@context":"https:\/\/schema.org","@graph":[{"@type":"WebPage","@id":"https:\/\/www.technodompro.com\/index.php\/produkt\/akce-aircraft-r-koncova-krabice-dba-2kbfk-ad18-9169\/","url":"https:\/\/www.technodompro.com\/index.php\/produkt\/akce-aircraft-r-koncova-krabice-dba-2kbfk-ad18-9169\/","name":"Akce Aircraft\u00ae Koncov\u00e1 krabice DBA 2KBFK AD18 - Modern\u00ed koupelny &amp; sanita a interi\u00e9rov\u00e9 vybaven\u00ed pro v\u00e1\u0161 domov","isPartOf":{"@id":"https:\/\/www.technodompro.com\/#website"},"primaryImageOfPage":{"@id":"https:\/\/www.technodompro.com\/index.php\/produkt\/akce-aircraft-r-koncova-krabice-dba-2kbfk-ad18-9169\/#primaryimage"},"image":{"@id":"https:\/\/www.technodompro.com\/index.php\/produkt\/akce-aircraft-r-koncova-krabice-dba-2kbfk-ad18-9169\/#primaryimage"},"thumbnailUrl":"https:\/\/www.technodompro.com\/wp-content\/uploads\/2026\/SK0014463-CZ20260425-092328-0-1777080210-2159618-1.webp","datePublished":"2026-04-27T04:40:51+00:00","breadcrumb":{"@id":"https:\/\/www.technodompro.com\/index.php\/produkt\/akce-aircraft-r-koncova-krabice-dba-2kbfk-ad18-9169\/#breadcrumb"},"inLanguage":"cs","potentialAction":[{"@type":"ReadAction","target":["https:\/\/www.technodompro.com\/index.php\/produkt\/akce-aircraft-r-koncova-krabice-dba-2kbfk-ad18-9169\/"]}]},{"@type":"ImageObject","inLanguage":"cs","@id":"https:\/\/www.technodompro.com\/index.php\/produkt\/akce-aircraft-r-koncova-krabice-dba-2kbfk-ad18-9169\/#primaryimage","url":"https:\/\/www.technodompro.com\/wp-content\/uploads\/2026\/SK0014463-CZ20260425-092328-0-1777080210-2159618-1.webp","contentUrl":"https:\/\/www.technodompro.com\/wp-content\/uploads\/2026\/SK0014463-CZ20260425-092328-0-1777080210-2159618-1.webp","width":560,"height":397},{"@type":"BreadcrumbList","@id":"https:\/\/www.technodompro.com\/index.php\/produkt\/akce-aircraft-r-koncova-krabice-dba-2kbfk-ad18-9169\/#breadcrumb","itemListElement":[{"@type":"ListItem","position":1,"name":"Home","item":"https:\/\/www.technodompro.com\/"},{"@type":"ListItem","position":2,"name":"Products","item":"https:\/\/www.technodompro.com\/products\/"},{"@type":"ListItem","position":3,"name":"Akce Aircraft\u00ae Koncov\u00e1 krabice DBA 2KBFK AD18"}]},{"@type":"WebSite","@id":"https:\/\/www.technodompro.com\/#website","url":"https:\/\/www.technodompro.com\/","name":"Modern\u00ed koupelny &amp; sanita a interi\u00e9rov\u00e9 vybaven\u00ed pro v\u00e1\u0161 domov","description":"Modern\u00ed koupelny &amp; sanita a interi\u00e9rov\u00e9 vybaven\u00ed pro v\u00e1\u0161 domov","publisher":{"@id":"https:\/\/www.technodompro.com\/#organization"},"potentialAction":[{"@type":"SearchAction","target":{"@type":"EntryPoint","urlTemplate":"https:\/\/www.technodompro.com\/?s={search_term_string}"},"query-input":{"@type":"PropertyValueSpecification","valueRequired":true,"valueName":"search_term_string"}}],"inLanguage":"cs"},{"@type":"Organization","@id":"https:\/\/www.technodompro.com\/#organization","name":"Modern\u00ed koupelny &amp; sanita a interi\u00e9rov\u00e9 vybaven\u00ed pro v\u00e1\u0161 domov","url":"https:\/\/www.technodompro.com\/","logo":{"@type":"ImageObject","inLanguage":"cs","@id":"https:\/\/www.technodompro.com\/#\/schema\/logo\/image\/","url":"https:\/\/www.technodompro.com\/wp-content\/uploads\/2026\/04\/technodompro_logo.svg","contentUrl":"https:\/\/www.technodompro.com\/wp-content\/uploads\/2026\/04\/technodompro_logo.svg","width":760,"height":180,"caption":"Modern\u00ed koupelny &amp; sanita a interi\u00e9rov\u00e9 vybaven\u00ed pro v\u00e1\u0161 domov"},"image":{"@id":"https:\/\/www.technodompro.com\/#\/schema\/logo\/image\/"}}]}},"_links":{"self":[{"href":"https:\/\/www.technodompro.com\/wp-json\/wp\/v2\/product\/9169","targetHints":{"allow":["GET"]}}],"collection":[{"href":"https:\/\/www.technodompro.com\/wp-json\/wp\/v2\/product"}],"about":[{"href":"https:\/\/www.technodompro.com\/wp-json\/wp\/v2\/types\/product"}],"wp:featuredmedia":[{"embeddable":true,"href":"https:\/\/www.technodompro.com\/wp-json\/wp\/v2\/media\/9269"}],"wp:attachment":[{"href":"https:\/\/www.technodompro.com\/wp-json\/wp\/v2\/media?parent=9169"}],"wp:term":[{"taxonomy":"product_brand","embeddable":true,"href":"https:\/\/www.technodompro.com\/wp-json\/wp\/v2\/product_brand?post=9169"},{"taxonomy":"product_cat","embeddable":true,"href":"https:\/\/www.technodompro.com\/wp-json\/wp\/v2\/product_cat?post=9169"},{"taxonomy":"product_tag","embeddable":true,"href":"https:\/\/www.technodompro.com\/wp-json\/wp\/v2\/product_tag?post=9169"}],"curies":[{"name":"wp","href":"https:\/\/api.w.org\/{rel}","templated":true}]}}