{"id":9177,"date":"2026-04-27T04:40:51","date_gmt":"2026-04-27T04:40:51","guid":{"rendered":""},"modified":"2026-04-27T04:40:51","modified_gmt":"2026-04-27T04:40:51","slug":"aircraft-r-pistovy-kompresor-airstar-401-50-e-cenove-vyhodny-9177","status":"publish","type":"product","link":"https:\/\/www.technodompro.com\/index.php\/produkt\/aircraft-r-pistovy-kompresor-airstar-401-50-e-cenove-vyhodny-9177\/","title":{"rendered":"Aircraft\u00ae P\u00edstov\u00fd kompresor Airstar 401\/50 E Cenov\u011b V\u00fdhodn\u00fd"},"content":{"rendered":"<table>\n<div class=\"tab-pane active product-description\" id=\"popis\" role=\"tabpanel\">\n<div class=\"short-description\" itemprop=\"description\"><\/div>\n<div class=\"description\"><span class='bullet-line'>Dvouv\u00e1lcov\u00fd vysoce v\u00fdkonn\u00fd agreg\u00e1t ze \u0161ed\u00e9 litiny zaru\u010duje dlouhou \u017eivotnost<br \/><\/span><span class='bullet-line'>Velk\u00e9 kolo ventil\u00e1toru a veden\u00ed vzduchu zaji\u0161\u0165uj\u00ed optim\u00e1ln\u00ed chlazen\u00ed kompresoru<br \/><\/span><span class='bullet-line'>Kvalitn\u00ed elektromotor s vysok\u00fdm krout\u00edc\u00edm momentem je chr\u00e1n\u011bn\u00fd motorov\u00fdm jisti\u010dem p\u0159ed p\u0159eh\u0159\u00e1t\u00edm a p\u0159et\u00ed\u017een\u00edm<br \/><\/span><span class='bullet-line'>P\u0159\u00eddavn\u00fd chladi\u010d s chladic\u00edmi lamelami zaji\u0161\u0165uje n\u00edzkou vstupn\u00ed teplotu do tlakov\u00e9 n\u00e1doby a sni\u017euje tak tvorbu kondenz\u00e1tu<br \/><\/span><span class='bullet-line'>Stabiln\u00ed ochrann\u00e1 klec \u0159emenov\u00e9ho pohonu<br \/><\/span><span class='bullet-line'>Rozb\u011bhov\u00fd kondenz\u00e1tor a odleh\u010dovac\u00ed ventil usnad\u0148uj\u00ed spu\u0161t\u011bn\u00ed kompresoru<br \/><\/span><span class='bullet-line'>Tlakov\u00e1 n\u00e1doba s pojistn\u00fdm ventilem, manometrem a ventilem pro vypou\u0161t\u011bn\u00ed kondenz\u00e1tu<br \/><\/span><span class='bullet-line'>Se v\u0161emi bezpe\u010dnostn\u00edmi prvky<br \/><\/span><span class='bullet-line'>P\u0159ipraven\u00e9 k okam\u017eit\u00e9mu zapojen\u00ed<br \/><\/span><span class='bullet-line'>Pro zapojen\u00ed kompresoru je nutn\u00e9 m\u00edt nainstalovan\u00fd jisti\u010d 16A (C)<br \/><\/span> <\/p>\n<p> \u25bc Obsah balen\u00ed \u25bc<span class='bullet-line'>Regul\u00e1tor tlaku<br \/><\/span><span class='bullet-line'>Jednoru\u010dn\u00ed rychlospojka<br \/><\/span><span class='bullet-line'>Automatick\u00fd tlakov\u00fd sp\u00edna\u010d<br \/><\/span> <br \/> \u25bc P\u0159\u00edslu\u0161enstv\u00ed \u25bc<br \/> 2500012 \/ 2500015<\/div>\n<div class=\"parameters\">\n<tr>\n<td>Max. provozn\u00ed tlak<\/td>\n<td>10 bar<\/td>\n<\/tr>\n<tr>\n<td>Kompresn\u00ed syst\u00e9m<\/td>\n<td>HOS<\/td>\n<\/tr>\n<tr>\n<td>Sac\u00ed v\u00fdkon<\/td>\n<td>365 l\/min<\/td>\n<\/tr>\n<tr>\n<td>Pln\u00edc\u00ed v\u00fdkon cca<\/td>\n<td>285 l\/min<\/td>\n<\/tr>\n<tr>\n<td>Objem tlakov\u00e9 n\u00e1doby<\/td>\n<td>50 l<\/td>\n<\/tr>\n<tr>\n<td>V\u00e1lce\/stupn\u011b<\/td>\n<td>2\/1<\/td>\n<\/tr>\n<tr>\n<td>Ot\u00e1\u010dky<\/td>\n<td>1375ot\/min<\/td>\n<\/tr>\n<tr>\n<td>P\u0159\u00edkon<\/td>\n<td>2200 W<\/td>\n<\/tr>\n<tr>\n<td>Elektrick\u00e9 p\u0159ipojen\u00ed<\/td>\n<td>230 V<\/td>\n<\/tr>\n<tr>\n<td>Rozm\u011bry (\u0161 \u00d7 v \u00d7 h)<\/td>\n<td>870\u00d7700\u00d7400mm<\/td>\n<\/tr>\n<tr>\n<td>Hmotnost<\/td>\n<td>57,5 kg<\/td>\n<\/tr>\n<tr>\n<td>Hl. akustick\u00e9ho v\u00fdkonu LWA<\/td>\n<td>94 dB(A)<\/td>\n<\/tr><\/div>\n<\/table>\n","protected":false},"excerpt":{"rendered":"<p>Dvouv\u00e1lcov\u00fd vysoce v\u00fdkonn\u00fd agreg\u00e1t ze \u0161ed\u00e9 litiny zaru\u010duje dlouhou \u017eivotnostVelk\u00e9 kolo ventil\u00e1toru a veden\u00ed vzduchu zaji\u0161\u0165uj\u00ed optim\u00e1ln\u00ed chlazen\u00ed kompresoruKvalitn\u00ed elektromotor s vysok\u00fdm krout\u00edc\u00edm momentem je chr\u00e1n\u011bn\u00fd motorov\u00fdm jisti\u010dem p\u0159ed p\u0159eh\u0159\u00e1t\u00edm a p\u0159et\u00ed\u017een\u00edmP\u0159\u00eddavn\u00fd chladi\u010d s chladic\u00edmi lamelami zaji\u0161\u0165uje n\u00edzkou vstupn\u00ed teplotu do tlakov\u00e9 n\u00e1doby a sni\u017euje tak tvorbu kondenz\u00e1tuStabiln\u00ed ochrann\u00e1 klec \u0159emenov\u00e9ho pohonuRozb\u011bhov\u00fd kondenz\u00e1tor a odleh\u010dovac\u00ed [&hellip;]<\/p>\n","protected":false},"featured_media":9277,"comment_status":"open","ping_status":"open","template":"","meta":[],"product_brand":[],"product_cat":[45],"product_tag":[],"class_list":{"0":"post-9177","1":"product","2":"type-product","3":"status-publish","4":"has-post-thumbnail","6":"product_cat-naradi","8":"first","9":"instock","10":"sale","11":"shipping-taxable","12":"purchasable","13":"product-type-simple"},"yoast_head":"<!-- This site is optimized with the Yoast SEO plugin v26.8 - https:\/\/yoast.com\/product\/yoast-seo-wordpress\/ -->\n<title>Aircraft\u00ae P\u00edstov\u00fd kompresor Airstar 401\/50 E Cenov\u011b V\u00fdhodn\u00fd -<\/title>\n<meta name=\"robots\" content=\"index, follow, max-snippet:-1, max-image-preview:large, max-video-preview:-1\" \/>\n<link rel=\"canonical\" href=\"https:\/\/www.technodompro.com\/index.php\/produkt\/aircraft-r-pistovy-kompresor-airstar-401-50-e-cenove-vyhodny-9177\/\" \/>\n<meta property=\"og:locale\" content=\"cs_CZ\" \/>\n<meta property=\"og:type\" content=\"article\" \/>\n<meta property=\"og:title\" content=\"Aircraft\u00ae P\u00edstov\u00fd kompresor Airstar 401\/50 E Cenov\u011b V\u00fdhodn\u00fd -\" \/>\n<meta property=\"og:description\" content=\"Dvouv\u00e1lcov\u00fd vysoce v\u00fdkonn\u00fd agreg\u00e1t ze \u0161ed\u00e9 litiny zaru\u010duje dlouhou \u017eivotnostVelk\u00e9 kolo ventil\u00e1toru a veden\u00ed vzduchu zaji\u0161\u0165uj\u00ed optim\u00e1ln\u00ed chlazen\u00ed kompresoruKvalitn\u00ed elektromotor s vysok\u00fdm krout\u00edc\u00edm momentem je chr\u00e1n\u011bn\u00fd motorov\u00fdm jisti\u010dem p\u0159ed p\u0159eh\u0159\u00e1t\u00edm a p\u0159et\u00ed\u017een\u00edmP\u0159\u00eddavn\u00fd chladi\u010d s chladic\u00edmi lamelami zaji\u0161\u0165uje n\u00edzkou vstupn\u00ed teplotu do tlakov\u00e9 n\u00e1doby a sni\u017euje tak tvorbu kondenz\u00e1tuStabiln\u00ed ochrann\u00e1 klec \u0159emenov\u00e9ho pohonuRozb\u011bhov\u00fd kondenz\u00e1tor a odleh\u010dovac\u00ed [&hellip;]\" \/>\n<meta property=\"og:url\" content=\"https:\/\/www.technodompro.com\/index.php\/produkt\/aircraft-r-pistovy-kompresor-airstar-401-50-e-cenove-vyhodny-9177\/\" \/>\n<meta property=\"og:image\" content=\"https:\/\/www.technodompro.com\/wp-content\/uploads\/2026\/SK0014471-CZ20260425-092328-0-1777080210-2009413-1.webp\" \/>\n\t<meta property=\"og:image:width\" content=\"700\" \/>\n\t<meta property=\"og:image:height\" content=\"643\" \/>\n\t<meta property=\"og:image:type\" content=\"image\/webp\" \/>\n<meta name=\"twitter:card\" content=\"summary_large_image\" \/>\n<meta name=\"twitter:label1\" content=\"Odhadovan\u00e1 doba \u010dten\u00ed\" \/>\n\t<meta name=\"twitter:data1\" content=\"1 minuta\" \/>\n<script type=\"application\/ld+json\" class=\"yoast-schema-graph\">{\"@context\":\"https:\/\/schema.org\",\"@graph\":[{\"@type\":\"WebPage\",\"@id\":\"https:\/\/www.technodompro.com\/index.php\/produkt\/aircraft-r-pistovy-kompresor-airstar-401-50-e-cenove-vyhodny-9177\/\",\"url\":\"https:\/\/www.technodompro.com\/index.php\/produkt\/aircraft-r-pistovy-kompresor-airstar-401-50-e-cenove-vyhodny-9177\/\",\"name\":\"Aircraft\u00ae P\u00edstov\u00fd kompresor Airstar 401\/50 E Cenov\u011b V\u00fdhodn\u00fd -\",\"isPartOf\":{\"@id\":\"https:\/\/www.technodompro.com\/#website\"},\"primaryImageOfPage\":{\"@id\":\"https:\/\/www.technodompro.com\/index.php\/produkt\/aircraft-r-pistovy-kompresor-airstar-401-50-e-cenove-vyhodny-9177\/#primaryimage\"},\"image\":{\"@id\":\"https:\/\/www.technodompro.com\/index.php\/produkt\/aircraft-r-pistovy-kompresor-airstar-401-50-e-cenove-vyhodny-9177\/#primaryimage\"},\"thumbnailUrl\":\"https:\/\/www.technodompro.com\/wp-content\/uploads\/2026\/SK0014471-CZ20260425-092328-0-1777080210-2009413-1.webp\",\"datePublished\":\"2026-04-27T04:40:51+00:00\",\"breadcrumb\":{\"@id\":\"https:\/\/www.technodompro.com\/index.php\/produkt\/aircraft-r-pistovy-kompresor-airstar-401-50-e-cenove-vyhodny-9177\/#breadcrumb\"},\"inLanguage\":\"cs\",\"potentialAction\":[{\"@type\":\"ReadAction\",\"target\":[\"https:\/\/www.technodompro.com\/index.php\/produkt\/aircraft-r-pistovy-kompresor-airstar-401-50-e-cenove-vyhodny-9177\/\"]}]},{\"@type\":\"ImageObject\",\"inLanguage\":\"cs\",\"@id\":\"https:\/\/www.technodompro.com\/index.php\/produkt\/aircraft-r-pistovy-kompresor-airstar-401-50-e-cenove-vyhodny-9177\/#primaryimage\",\"url\":\"https:\/\/www.technodompro.com\/wp-content\/uploads\/2026\/SK0014471-CZ20260425-092328-0-1777080210-2009413-1.webp\",\"contentUrl\":\"https:\/\/www.technodompro.com\/wp-content\/uploads\/2026\/SK0014471-CZ20260425-092328-0-1777080210-2009413-1.webp\",\"width\":700,\"height\":643},{\"@type\":\"BreadcrumbList\",\"@id\":\"https:\/\/www.technodompro.com\/index.php\/produkt\/aircraft-r-pistovy-kompresor-airstar-401-50-e-cenove-vyhodny-9177\/#breadcrumb\",\"itemListElement\":[{\"@type\":\"ListItem\",\"position\":1,\"name\":\"Home\",\"item\":\"https:\/\/www.technodompro.com\/\"},{\"@type\":\"ListItem\",\"position\":2,\"name\":\"Products\",\"item\":\"https:\/\/www.technodompro.com\/index.php\/products\/\"},{\"@type\":\"ListItem\",\"position\":3,\"name\":\"Aircraft\u00ae P\u00edstov\u00fd kompresor Airstar 401\/50 E Cenov\u011b V\u00fdhodn\u00fd\"}]},{\"@type\":\"WebSite\",\"@id\":\"https:\/\/www.technodompro.com\/#website\",\"url\":\"https:\/\/www.technodompro.com\/\",\"name\":\"\",\"description\":\"\",\"potentialAction\":[{\"@type\":\"SearchAction\",\"target\":{\"@type\":\"EntryPoint\",\"urlTemplate\":\"https:\/\/www.technodompro.com\/?s={search_term_string}\"},\"query-input\":{\"@type\":\"PropertyValueSpecification\",\"valueRequired\":true,\"valueName\":\"search_term_string\"}}],\"inLanguage\":\"cs\"}]}<\/script>\n<!-- \/ Yoast SEO plugin. -->","yoast_head_json":{"title":"Aircraft\u00ae P\u00edstov\u00fd kompresor Airstar 401\/50 E Cenov\u011b V\u00fdhodn\u00fd -","robots":{"index":"index","follow":"follow","max-snippet":"max-snippet:-1","max-image-preview":"max-image-preview:large","max-video-preview":"max-video-preview:-1"},"canonical":"https:\/\/www.technodompro.com\/index.php\/produkt\/aircraft-r-pistovy-kompresor-airstar-401-50-e-cenove-vyhodny-9177\/","og_locale":"cs_CZ","og_type":"article","og_title":"Aircraft\u00ae P\u00edstov\u00fd kompresor Airstar 401\/50 E Cenov\u011b V\u00fdhodn\u00fd -","og_description":"Dvouv\u00e1lcov\u00fd vysoce v\u00fdkonn\u00fd agreg\u00e1t ze \u0161ed\u00e9 litiny zaru\u010duje dlouhou \u017eivotnostVelk\u00e9 kolo ventil\u00e1toru a veden\u00ed vzduchu zaji\u0161\u0165uj\u00ed optim\u00e1ln\u00ed chlazen\u00ed kompresoruKvalitn\u00ed elektromotor s vysok\u00fdm krout\u00edc\u00edm momentem je chr\u00e1n\u011bn\u00fd motorov\u00fdm jisti\u010dem p\u0159ed p\u0159eh\u0159\u00e1t\u00edm a p\u0159et\u00ed\u017een\u00edmP\u0159\u00eddavn\u00fd chladi\u010d s chladic\u00edmi lamelami zaji\u0161\u0165uje n\u00edzkou vstupn\u00ed teplotu do tlakov\u00e9 n\u00e1doby a sni\u017euje tak tvorbu kondenz\u00e1tuStabiln\u00ed ochrann\u00e1 klec \u0159emenov\u00e9ho pohonuRozb\u011bhov\u00fd kondenz\u00e1tor a odleh\u010dovac\u00ed [&hellip;]","og_url":"https:\/\/www.technodompro.com\/index.php\/produkt\/aircraft-r-pistovy-kompresor-airstar-401-50-e-cenove-vyhodny-9177\/","og_image":[{"width":700,"height":643,"url":"https:\/\/www.technodompro.com\/wp-content\/uploads\/2026\/SK0014471-CZ20260425-092328-0-1777080210-2009413-1.webp","type":"image\/webp"}],"twitter_card":"summary_large_image","twitter_misc":{"Odhadovan\u00e1 doba \u010dten\u00ed":"1 minuta"},"schema":{"@context":"https:\/\/schema.org","@graph":[{"@type":"WebPage","@id":"https:\/\/www.technodompro.com\/index.php\/produkt\/aircraft-r-pistovy-kompresor-airstar-401-50-e-cenove-vyhodny-9177\/","url":"https:\/\/www.technodompro.com\/index.php\/produkt\/aircraft-r-pistovy-kompresor-airstar-401-50-e-cenove-vyhodny-9177\/","name":"Aircraft\u00ae P\u00edstov\u00fd kompresor Airstar 401\/50 E Cenov\u011b V\u00fdhodn\u00fd -","isPartOf":{"@id":"https:\/\/www.technodompro.com\/#website"},"primaryImageOfPage":{"@id":"https:\/\/www.technodompro.com\/index.php\/produkt\/aircraft-r-pistovy-kompresor-airstar-401-50-e-cenove-vyhodny-9177\/#primaryimage"},"image":{"@id":"https:\/\/www.technodompro.com\/index.php\/produkt\/aircraft-r-pistovy-kompresor-airstar-401-50-e-cenove-vyhodny-9177\/#primaryimage"},"thumbnailUrl":"https:\/\/www.technodompro.com\/wp-content\/uploads\/2026\/SK0014471-CZ20260425-092328-0-1777080210-2009413-1.webp","datePublished":"2026-04-27T04:40:51+00:00","breadcrumb":{"@id":"https:\/\/www.technodompro.com\/index.php\/produkt\/aircraft-r-pistovy-kompresor-airstar-401-50-e-cenove-vyhodny-9177\/#breadcrumb"},"inLanguage":"cs","potentialAction":[{"@type":"ReadAction","target":["https:\/\/www.technodompro.com\/index.php\/produkt\/aircraft-r-pistovy-kompresor-airstar-401-50-e-cenove-vyhodny-9177\/"]}]},{"@type":"ImageObject","inLanguage":"cs","@id":"https:\/\/www.technodompro.com\/index.php\/produkt\/aircraft-r-pistovy-kompresor-airstar-401-50-e-cenove-vyhodny-9177\/#primaryimage","url":"https:\/\/www.technodompro.com\/wp-content\/uploads\/2026\/SK0014471-CZ20260425-092328-0-1777080210-2009413-1.webp","contentUrl":"https:\/\/www.technodompro.com\/wp-content\/uploads\/2026\/SK0014471-CZ20260425-092328-0-1777080210-2009413-1.webp","width":700,"height":643},{"@type":"BreadcrumbList","@id":"https:\/\/www.technodompro.com\/index.php\/produkt\/aircraft-r-pistovy-kompresor-airstar-401-50-e-cenove-vyhodny-9177\/#breadcrumb","itemListElement":[{"@type":"ListItem","position":1,"name":"Home","item":"https:\/\/www.technodompro.com\/"},{"@type":"ListItem","position":2,"name":"Products","item":"https:\/\/www.technodompro.com\/index.php\/products\/"},{"@type":"ListItem","position":3,"name":"Aircraft\u00ae P\u00edstov\u00fd kompresor Airstar 401\/50 E Cenov\u011b V\u00fdhodn\u00fd"}]},{"@type":"WebSite","@id":"https:\/\/www.technodompro.com\/#website","url":"https:\/\/www.technodompro.com\/","name":"","description":"","potentialAction":[{"@type":"SearchAction","target":{"@type":"EntryPoint","urlTemplate":"https:\/\/www.technodompro.com\/?s={search_term_string}"},"query-input":{"@type":"PropertyValueSpecification","valueRequired":true,"valueName":"search_term_string"}}],"inLanguage":"cs"}]}},"_links":{"self":[{"href":"https:\/\/www.technodompro.com\/index.php\/wp-json\/wp\/v2\/product\/9177","targetHints":{"allow":["GET"]}}],"collection":[{"href":"https:\/\/www.technodompro.com\/index.php\/wp-json\/wp\/v2\/product"}],"about":[{"href":"https:\/\/www.technodompro.com\/index.php\/wp-json\/wp\/v2\/types\/product"}],"replies":[{"embeddable":true,"href":"https:\/\/www.technodompro.com\/index.php\/wp-json\/wp\/v2\/comments?post=9177"}],"wp:featuredmedia":[{"embeddable":true,"href":"https:\/\/www.technodompro.com\/index.php\/wp-json\/wp\/v2\/media\/9277"}],"wp:attachment":[{"href":"https:\/\/www.technodompro.com\/index.php\/wp-json\/wp\/v2\/media?parent=9177"}],"wp:term":[{"taxonomy":"product_brand","embeddable":true,"href":"https:\/\/www.technodompro.com\/index.php\/wp-json\/wp\/v2\/product_brand?post=9177"},{"taxonomy":"product_cat","embeddable":true,"href":"https:\/\/www.technodompro.com\/index.php\/wp-json\/wp\/v2\/product_cat?post=9177"},{"taxonomy":"product_tag","embeddable":true,"href":"https:\/\/www.technodompro.com\/index.php\/wp-json\/wp\/v2\/product_tag?post=9177"}],"curies":[{"name":"wp","href":"https:\/\/api.w.org\/{rel}","templated":true}]}}