{"id":9293,"date":"2026-04-27T04:40:51","date_gmt":"2026-04-27T04:40:51","guid":{"rendered":""},"modified":"2026-04-27T04:40:51","modified_gmt":"2026-04-27T04:40:51","slug":"akce-aircraft-r-velmi-jemny-filtr-m010-swf-9293","status":"publish","type":"product","link":"https:\/\/www.technodompro.com\/produkt\/akce-aircraft-r-velmi-jemny-filtr-m010-swf-9293\/","title":{"rendered":"Akce Aircraft\u00ae Velmi jemn\u00fd filtr M010 SWF"},"content":{"rendered":"<table>\n<div class=\"tab-pane active product-description\" id=\"popis\" role=\"tabpanel\">\n<div class=\"short-description\" itemprop=\"description\"><\/div>\n<div class=\"description\"><span class='bullet-line'>Zbytkov\u00e9 \u010d\u00e1stice 0,1 \u03bcm<br \/><\/span><span class='bullet-line'>Zbytkov\u00fd olej do 0,01 mg\/m\u00b3 p\u0159i 20\u00b0 C a 1 bar<br \/><\/span><span class='bullet-line'>Absolutn\u00ed kvalita stla\u010den\u00e9ho vzduchu podle ISO 8573-1<br \/><\/span> <\/p>\n<p> \u25bc Obsah balen\u00ed \u25bc<span class='bullet-line'>Kompletn\u00ed dod\u00e1vka s filtra\u010dn\u00edm prvkem a plov\u00e1kov\u00fdm ventilem<br \/><\/span> <br \/> \u25bc P\u0159\u00edslu\u0161enstv\u00ed \u25bc<br \/> 2044452<\/div>\n<div class=\"parameters\">\n<tr>\n<td>Zbytkov\u00e9 \u010d\u00e1stice<\/td>\n<td>0,1 \u03bcm<\/td>\n<\/tr>\n<tr>\n<td>Objemov\u00fd proud<\/td>\n<td>200 m\u00b3\/h<\/td>\n<\/tr>\n<tr>\n<td>P\u0159\u00edpojka vzduchu<\/td>\n<td>1 \u201c<\/td>\n<\/tr>\n<tr>\n<td>Celkov\u00e1 v\u00fd\u0161ka<\/td>\n<td>350mm<\/td>\n<\/tr>\n<tr>\n<td>Celkov\u00e1 \u0161\u00ed\u0159ka<\/td>\n<td>100 mm<\/td>\n<\/tr><\/div>\n<\/table>\n","protected":false},"excerpt":{"rendered":"<p>Zbytkov\u00e9 \u010d\u00e1stice 0,1 \u03bcmZbytkov\u00fd olej do 0,01 mg\/m\u00b3 p\u0159i 20\u00b0 C a 1 barAbsolutn\u00ed kvalita stla\u010den\u00e9ho vzduchu podle ISO 8573-1 \u25bc Obsah balen\u00ed \u25bcKompletn\u00ed dod\u00e1vka s filtra\u010dn\u00edm prvkem a plov\u00e1kov\u00fdm ventilem \u25bc P\u0159\u00edslu\u0161enstv\u00ed \u25bc 2044452 Zbytkov\u00e9 \u010d\u00e1stice 0,1 \u03bcm Objemov\u00fd proud 200 m\u00b3\/h P\u0159\u00edpojka vzduchu 1 \u201c Celkov\u00e1 v\u00fd\u0161ka 350mm Celkov\u00e1 \u0161\u00ed\u0159ka 100 mm<\/p>\n","protected":false},"featured_media":9393,"template":"","meta":[],"product_brand":[],"product_cat":[45],"product_tag":[],"class_list":{"0":"post-9293","1":"product","2":"type-product","3":"status-publish","4":"has-post-thumbnail","6":"product_cat-naradi","8":"first","9":"instock","10":"sale","11":"shipping-taxable","12":"purchasable","13":"product-type-simple"},"yoast_head":"<!-- This site is optimized with the Yoast SEO plugin v26.8 - https:\/\/yoast.com\/product\/yoast-seo-wordpress\/ -->\n<title>Akce Aircraft\u00ae Velmi jemn\u00fd filtr M010 SWF - Modern\u00ed koupelny &amp; sanita a interi\u00e9rov\u00e9 vybaven\u00ed pro v\u00e1\u0161 domov<\/title>\n<meta name=\"robots\" content=\"index, follow, max-snippet:-1, max-image-preview:large, max-video-preview:-1\" \/>\n<link rel=\"canonical\" href=\"https:\/\/www.technodompro.com\/index.php\/produkt\/akce-aircraft-r-velmi-jemny-filtr-m010-swf-9293\/\" \/>\n<meta property=\"og:locale\" content=\"cs_CZ\" \/>\n<meta property=\"og:type\" content=\"article\" \/>\n<meta property=\"og:title\" content=\"Akce Aircraft\u00ae Velmi jemn\u00fd filtr M010 SWF - Modern\u00ed koupelny &amp; sanita a interi\u00e9rov\u00e9 vybaven\u00ed pro v\u00e1\u0161 domov\" \/>\n<meta property=\"og:description\" content=\"Zbytkov\u00e9 \u010d\u00e1stice 0,1 \u03bcmZbytkov\u00fd olej do 0,01 mg\/m\u00b3 p\u0159i 20\u00b0 C a 1 barAbsolutn\u00ed kvalita stla\u010den\u00e9ho vzduchu podle ISO 8573-1 \u25bc Obsah balen\u00ed \u25bcKompletn\u00ed dod\u00e1vka s filtra\u010dn\u00edm prvkem a plov\u00e1kov\u00fdm ventilem \u25bc P\u0159\u00edslu\u0161enstv\u00ed \u25bc 2044452 Zbytkov\u00e9 \u010d\u00e1stice 0,1 \u03bcm Objemov\u00fd proud 200 m\u00b3\/h P\u0159\u00edpojka vzduchu 1 \u201c Celkov\u00e1 v\u00fd\u0161ka 350mm Celkov\u00e1 \u0161\u00ed\u0159ka 100 mm\" \/>\n<meta property=\"og:url\" content=\"https:\/\/www.technodompro.com\/index.php\/produkt\/akce-aircraft-r-velmi-jemny-filtr-m010-swf-9293\/\" \/>\n<meta property=\"og:site_name\" content=\"Modern\u00ed koupelny &amp; sanita a interi\u00e9rov\u00e9 vybaven\u00ed pro v\u00e1\u0161 domov\" \/>\n<meta property=\"og:image\" content=\"https:\/\/www.technodompro.com\/wp-content\/uploads\/2026\/SK0014490-CZ20260425-092328-0-1777080210-2044050-1.webp\" \/>\n\t<meta property=\"og:image:width\" content=\"169\" \/>\n\t<meta property=\"og:image:height\" content=\"500\" \/>\n\t<meta property=\"og:image:type\" content=\"image\/webp\" \/>\n<meta name=\"twitter:card\" content=\"summary_large_image\" \/>\n<script type=\"application\/ld+json\" class=\"yoast-schema-graph\">{\"@context\":\"https:\/\/schema.org\",\"@graph\":[{\"@type\":\"WebPage\",\"@id\":\"https:\/\/www.technodompro.com\/index.php\/produkt\/akce-aircraft-r-velmi-jemny-filtr-m010-swf-9293\/\",\"url\":\"https:\/\/www.technodompro.com\/index.php\/produkt\/akce-aircraft-r-velmi-jemny-filtr-m010-swf-9293\/\",\"name\":\"Akce Aircraft\u00ae Velmi jemn\u00fd filtr M010 SWF - Modern\u00ed koupelny &amp; sanita a interi\u00e9rov\u00e9 vybaven\u00ed pro v\u00e1\u0161 domov\",\"isPartOf\":{\"@id\":\"https:\/\/www.technodompro.com\/#website\"},\"primaryImageOfPage\":{\"@id\":\"https:\/\/www.technodompro.com\/index.php\/produkt\/akce-aircraft-r-velmi-jemny-filtr-m010-swf-9293\/#primaryimage\"},\"image\":{\"@id\":\"https:\/\/www.technodompro.com\/index.php\/produkt\/akce-aircraft-r-velmi-jemny-filtr-m010-swf-9293\/#primaryimage\"},\"thumbnailUrl\":\"https:\/\/www.technodompro.com\/wp-content\/uploads\/2026\/SK0014490-CZ20260425-092328-0-1777080210-2044050-1.webp\",\"datePublished\":\"2026-04-27T04:40:51+00:00\",\"breadcrumb\":{\"@id\":\"https:\/\/www.technodompro.com\/index.php\/produkt\/akce-aircraft-r-velmi-jemny-filtr-m010-swf-9293\/#breadcrumb\"},\"inLanguage\":\"cs\",\"potentialAction\":[{\"@type\":\"ReadAction\",\"target\":[\"https:\/\/www.technodompro.com\/index.php\/produkt\/akce-aircraft-r-velmi-jemny-filtr-m010-swf-9293\/\"]}]},{\"@type\":\"ImageObject\",\"inLanguage\":\"cs\",\"@id\":\"https:\/\/www.technodompro.com\/index.php\/produkt\/akce-aircraft-r-velmi-jemny-filtr-m010-swf-9293\/#primaryimage\",\"url\":\"https:\/\/www.technodompro.com\/wp-content\/uploads\/2026\/SK0014490-CZ20260425-092328-0-1777080210-2044050-1.webp\",\"contentUrl\":\"https:\/\/www.technodompro.com\/wp-content\/uploads\/2026\/SK0014490-CZ20260425-092328-0-1777080210-2044050-1.webp\",\"width\":169,\"height\":500},{\"@type\":\"BreadcrumbList\",\"@id\":\"https:\/\/www.technodompro.com\/index.php\/produkt\/akce-aircraft-r-velmi-jemny-filtr-m010-swf-9293\/#breadcrumb\",\"itemListElement\":[{\"@type\":\"ListItem\",\"position\":1,\"name\":\"Home\",\"item\":\"https:\/\/www.technodompro.com\/\"},{\"@type\":\"ListItem\",\"position\":2,\"name\":\"Products\",\"item\":\"https:\/\/www.technodompro.com\/products\/\"},{\"@type\":\"ListItem\",\"position\":3,\"name\":\"Akce Aircraft\u00ae Velmi jemn\u00fd filtr M010 SWF\"}]},{\"@type\":\"WebSite\",\"@id\":\"https:\/\/www.technodompro.com\/#website\",\"url\":\"https:\/\/www.technodompro.com\/\",\"name\":\"Modern\u00ed koupelny &amp; sanita a interi\u00e9rov\u00e9 vybaven\u00ed pro v\u00e1\u0161 domov\",\"description\":\"Modern\u00ed koupelny &amp; sanita a interi\u00e9rov\u00e9 vybaven\u00ed pro v\u00e1\u0161 domov\",\"publisher\":{\"@id\":\"https:\/\/www.technodompro.com\/#organization\"},\"potentialAction\":[{\"@type\":\"SearchAction\",\"target\":{\"@type\":\"EntryPoint\",\"urlTemplate\":\"https:\/\/www.technodompro.com\/?s={search_term_string}\"},\"query-input\":{\"@type\":\"PropertyValueSpecification\",\"valueRequired\":true,\"valueName\":\"search_term_string\"}}],\"inLanguage\":\"cs\"},{\"@type\":\"Organization\",\"@id\":\"https:\/\/www.technodompro.com\/#organization\",\"name\":\"Modern\u00ed koupelny &amp; sanita a interi\u00e9rov\u00e9 vybaven\u00ed pro v\u00e1\u0161 domov\",\"url\":\"https:\/\/www.technodompro.com\/\",\"logo\":{\"@type\":\"ImageObject\",\"inLanguage\":\"cs\",\"@id\":\"https:\/\/www.technodompro.com\/#\/schema\/logo\/image\/\",\"url\":\"https:\/\/www.technodompro.com\/wp-content\/uploads\/2026\/04\/technodompro_logo.svg\",\"contentUrl\":\"https:\/\/www.technodompro.com\/wp-content\/uploads\/2026\/04\/technodompro_logo.svg\",\"width\":760,\"height\":180,\"caption\":\"Modern\u00ed koupelny &amp; sanita a interi\u00e9rov\u00e9 vybaven\u00ed pro v\u00e1\u0161 domov\"},\"image\":{\"@id\":\"https:\/\/www.technodompro.com\/#\/schema\/logo\/image\/\"}}]}<\/script>\n<!-- \/ Yoast SEO plugin. -->","yoast_head_json":{"title":"Akce Aircraft\u00ae Velmi jemn\u00fd filtr M010 SWF - Modern\u00ed koupelny &amp; sanita a interi\u00e9rov\u00e9 vybaven\u00ed pro v\u00e1\u0161 domov","robots":{"index":"index","follow":"follow","max-snippet":"max-snippet:-1","max-image-preview":"max-image-preview:large","max-video-preview":"max-video-preview:-1"},"canonical":"https:\/\/www.technodompro.com\/index.php\/produkt\/akce-aircraft-r-velmi-jemny-filtr-m010-swf-9293\/","og_locale":"cs_CZ","og_type":"article","og_title":"Akce Aircraft\u00ae Velmi jemn\u00fd filtr M010 SWF - Modern\u00ed koupelny &amp; sanita a interi\u00e9rov\u00e9 vybaven\u00ed pro v\u00e1\u0161 domov","og_description":"Zbytkov\u00e9 \u010d\u00e1stice 0,1 \u03bcmZbytkov\u00fd olej do 0,01 mg\/m\u00b3 p\u0159i 20\u00b0 C a 1 barAbsolutn\u00ed kvalita stla\u010den\u00e9ho vzduchu podle ISO 8573-1 \u25bc Obsah balen\u00ed \u25bcKompletn\u00ed dod\u00e1vka s filtra\u010dn\u00edm prvkem a plov\u00e1kov\u00fdm ventilem \u25bc P\u0159\u00edslu\u0161enstv\u00ed \u25bc 2044452 Zbytkov\u00e9 \u010d\u00e1stice 0,1 \u03bcm Objemov\u00fd proud 200 m\u00b3\/h P\u0159\u00edpojka vzduchu 1 \u201c Celkov\u00e1 v\u00fd\u0161ka 350mm Celkov\u00e1 \u0161\u00ed\u0159ka 100 mm","og_url":"https:\/\/www.technodompro.com\/index.php\/produkt\/akce-aircraft-r-velmi-jemny-filtr-m010-swf-9293\/","og_site_name":"Modern\u00ed koupelny &amp; sanita a interi\u00e9rov\u00e9 vybaven\u00ed pro v\u00e1\u0161 domov","og_image":[{"width":169,"height":500,"url":"https:\/\/www.technodompro.com\/wp-content\/uploads\/2026\/SK0014490-CZ20260425-092328-0-1777080210-2044050-1.webp","type":"image\/webp"}],"twitter_card":"summary_large_image","schema":{"@context":"https:\/\/schema.org","@graph":[{"@type":"WebPage","@id":"https:\/\/www.technodompro.com\/index.php\/produkt\/akce-aircraft-r-velmi-jemny-filtr-m010-swf-9293\/","url":"https:\/\/www.technodompro.com\/index.php\/produkt\/akce-aircraft-r-velmi-jemny-filtr-m010-swf-9293\/","name":"Akce Aircraft\u00ae Velmi jemn\u00fd filtr M010 SWF - Modern\u00ed koupelny &amp; sanita a interi\u00e9rov\u00e9 vybaven\u00ed pro v\u00e1\u0161 domov","isPartOf":{"@id":"https:\/\/www.technodompro.com\/#website"},"primaryImageOfPage":{"@id":"https:\/\/www.technodompro.com\/index.php\/produkt\/akce-aircraft-r-velmi-jemny-filtr-m010-swf-9293\/#primaryimage"},"image":{"@id":"https:\/\/www.technodompro.com\/index.php\/produkt\/akce-aircraft-r-velmi-jemny-filtr-m010-swf-9293\/#primaryimage"},"thumbnailUrl":"https:\/\/www.technodompro.com\/wp-content\/uploads\/2026\/SK0014490-CZ20260425-092328-0-1777080210-2044050-1.webp","datePublished":"2026-04-27T04:40:51+00:00","breadcrumb":{"@id":"https:\/\/www.technodompro.com\/index.php\/produkt\/akce-aircraft-r-velmi-jemny-filtr-m010-swf-9293\/#breadcrumb"},"inLanguage":"cs","potentialAction":[{"@type":"ReadAction","target":["https:\/\/www.technodompro.com\/index.php\/produkt\/akce-aircraft-r-velmi-jemny-filtr-m010-swf-9293\/"]}]},{"@type":"ImageObject","inLanguage":"cs","@id":"https:\/\/www.technodompro.com\/index.php\/produkt\/akce-aircraft-r-velmi-jemny-filtr-m010-swf-9293\/#primaryimage","url":"https:\/\/www.technodompro.com\/wp-content\/uploads\/2026\/SK0014490-CZ20260425-092328-0-1777080210-2044050-1.webp","contentUrl":"https:\/\/www.technodompro.com\/wp-content\/uploads\/2026\/SK0014490-CZ20260425-092328-0-1777080210-2044050-1.webp","width":169,"height":500},{"@type":"BreadcrumbList","@id":"https:\/\/www.technodompro.com\/index.php\/produkt\/akce-aircraft-r-velmi-jemny-filtr-m010-swf-9293\/#breadcrumb","itemListElement":[{"@type":"ListItem","position":1,"name":"Home","item":"https:\/\/www.technodompro.com\/"},{"@type":"ListItem","position":2,"name":"Products","item":"https:\/\/www.technodompro.com\/products\/"},{"@type":"ListItem","position":3,"name":"Akce Aircraft\u00ae Velmi jemn\u00fd filtr M010 SWF"}]},{"@type":"WebSite","@id":"https:\/\/www.technodompro.com\/#website","url":"https:\/\/www.technodompro.com\/","name":"Modern\u00ed koupelny &amp; sanita a interi\u00e9rov\u00e9 vybaven\u00ed pro v\u00e1\u0161 domov","description":"Modern\u00ed koupelny &amp; sanita a interi\u00e9rov\u00e9 vybaven\u00ed pro v\u00e1\u0161 domov","publisher":{"@id":"https:\/\/www.technodompro.com\/#organization"},"potentialAction":[{"@type":"SearchAction","target":{"@type":"EntryPoint","urlTemplate":"https:\/\/www.technodompro.com\/?s={search_term_string}"},"query-input":{"@type":"PropertyValueSpecification","valueRequired":true,"valueName":"search_term_string"}}],"inLanguage":"cs"},{"@type":"Organization","@id":"https:\/\/www.technodompro.com\/#organization","name":"Modern\u00ed koupelny &amp; sanita a interi\u00e9rov\u00e9 vybaven\u00ed pro v\u00e1\u0161 domov","url":"https:\/\/www.technodompro.com\/","logo":{"@type":"ImageObject","inLanguage":"cs","@id":"https:\/\/www.technodompro.com\/#\/schema\/logo\/image\/","url":"https:\/\/www.technodompro.com\/wp-content\/uploads\/2026\/04\/technodompro_logo.svg","contentUrl":"https:\/\/www.technodompro.com\/wp-content\/uploads\/2026\/04\/technodompro_logo.svg","width":760,"height":180,"caption":"Modern\u00ed koupelny &amp; sanita a interi\u00e9rov\u00e9 vybaven\u00ed pro v\u00e1\u0161 domov"},"image":{"@id":"https:\/\/www.technodompro.com\/#\/schema\/logo\/image\/"}}]}},"_links":{"self":[{"href":"https:\/\/www.technodompro.com\/wp-json\/wp\/v2\/product\/9293","targetHints":{"allow":["GET"]}}],"collection":[{"href":"https:\/\/www.technodompro.com\/wp-json\/wp\/v2\/product"}],"about":[{"href":"https:\/\/www.technodompro.com\/wp-json\/wp\/v2\/types\/product"}],"wp:featuredmedia":[{"embeddable":true,"href":"https:\/\/www.technodompro.com\/wp-json\/wp\/v2\/media\/9393"}],"wp:attachment":[{"href":"https:\/\/www.technodompro.com\/wp-json\/wp\/v2\/media?parent=9293"}],"wp:term":[{"taxonomy":"product_brand","embeddable":true,"href":"https:\/\/www.technodompro.com\/wp-json\/wp\/v2\/product_brand?post=9293"},{"taxonomy":"product_cat","embeddable":true,"href":"https:\/\/www.technodompro.com\/wp-json\/wp\/v2\/product_cat?post=9293"},{"taxonomy":"product_tag","embeddable":true,"href":"https:\/\/www.technodompro.com\/wp-json\/wp\/v2\/product_tag?post=9293"}],"curies":[{"name":"wp","href":"https:\/\/api.w.org\/{rel}","templated":true}]}}