{"id":9335,"date":"2026-04-27T04:40:51","date_gmt":"2026-04-27T04:40:51","guid":{"rendered":""},"modified":"2026-04-27T04:40:51","modified_gmt":"2026-04-27T04:40:51","slug":"akce-aircraft-r-trubka-na-stlaceny-vzduch-hlinik-12-mm-15-mm-4-m-9335","status":"publish","type":"product","link":"https:\/\/www.technodompro.com\/produkt\/akce-aircraft-r-trubka-na-stlaceny-vzduch-hlinik-12-mm-15-mm-4-m-9335\/","title":{"rendered":"Akce Aircraft\u00ae Trubka na stla\u010den\u00fd vzduch (hlin\u00edk) 12 mm \/ 15 mm &#8211; 4 m"},"content":{"rendered":"<table>\n<div class=\"tab-pane active product-description\" id=\"popis\" role=\"tabpanel\">\n<div class=\"short-description\" itemprop=\"description\"><\/div>\n<div class=\"description\"><span class='bullet-line'>AIRCRAFT \u00ae  hlin\u00edkov\u00e9 trubky jsou vyrobeny z hlin\u00edkov\u00e9 slitiny (v d\u00e9lk\u00e1ch 4\u00a0m s\u00a0povrchovou \u00fapravou, kter\u00e1 zabra\u0148uje korozi a z\u00e1rove\u0148 izoluje)<br \/><\/span><span class='bullet-line'>Trubky m\u016f\u017eete pou\u017e\u00edt pro stla\u010den\u00fd vzduch nebo vakuum<br \/><\/span><span class='bullet-line'>D\u00e9lka trubky 4 m<\/span><\/div>\n<div class=\"parameters\">\n<tr>\n<td>Max. provozn\u00ed tlak<\/td>\n<td>15 bar<\/td>\n<\/tr>\n<tr>\n<td>Vnit\u0159n\u00ed pr\u016fm\u011br<\/td>\n<td>12 mm<\/td>\n<\/tr>\n<tr>\n<td>Vn\u011bj\u0161\u00ed pr\u016fm\u011br<\/td>\n<td>15 mm<\/td>\n<\/tr>\n<tr>\n<td>Tlou\u0161\u0165ka st\u011bny<\/td>\n<td>1,5 mm<\/td>\n<\/tr>\n<tr>\n<td>D\u00e9lka<\/td>\n<td>4 m<\/td>\n<\/tr><\/div>\n<\/table>\n","protected":false},"excerpt":{"rendered":"<p>AIRCRAFT \u00ae hlin\u00edkov\u00e9 trubky jsou vyrobeny z hlin\u00edkov\u00e9 slitiny (v d\u00e9lk\u00e1ch 4\u00a0m s\u00a0povrchovou \u00fapravou, kter\u00e1 zabra\u0148uje korozi a z\u00e1rove\u0148 izoluje)Trubky m\u016f\u017eete pou\u017e\u00edt pro stla\u010den\u00fd vzduch nebo vakuumD\u00e9lka trubky 4 m Max. provozn\u00ed tlak 15 bar Vnit\u0159n\u00ed pr\u016fm\u011br 12 mm Vn\u011bj\u0161\u00ed pr\u016fm\u011br 15 mm Tlou\u0161\u0165ka st\u011bny 1,5 mm D\u00e9lka 4 m<\/p>\n","protected":false},"featured_media":9435,"template":"","meta":[],"product_brand":[],"product_cat":[45],"product_tag":[],"class_list":{"0":"post-9335","1":"product","2":"type-product","3":"status-publish","4":"has-post-thumbnail","6":"product_cat-naradi","8":"first","9":"instock","10":"sale","11":"shipping-taxable","12":"purchasable","13":"product-type-simple"},"yoast_head":"<!-- This site is optimized with the Yoast SEO plugin v26.8 - https:\/\/yoast.com\/product\/yoast-seo-wordpress\/ -->\n<title>Akce Aircraft\u00ae Trubka na stla\u010den\u00fd vzduch (hlin\u00edk) 12 mm \/ 15 mm - 4 m - Modern\u00ed koupelny &amp; sanita a interi\u00e9rov\u00e9 vybaven\u00ed pro v\u00e1\u0161 domov<\/title>\n<meta name=\"robots\" content=\"index, follow, max-snippet:-1, max-image-preview:large, max-video-preview:-1\" \/>\n<link rel=\"canonical\" href=\"https:\/\/www.technodompro.com\/index.php\/produkt\/akce-aircraft-r-trubka-na-stlaceny-vzduch-hlinik-12-mm-15-mm-4-m-9335\/\" \/>\n<meta property=\"og:locale\" content=\"cs_CZ\" \/>\n<meta property=\"og:type\" content=\"article\" \/>\n<meta property=\"og:title\" content=\"Akce Aircraft\u00ae Trubka na stla\u010den\u00fd vzduch (hlin\u00edk) 12 mm \/ 15 mm - 4 m - Modern\u00ed koupelny &amp; sanita a interi\u00e9rov\u00e9 vybaven\u00ed pro v\u00e1\u0161 domov\" \/>\n<meta property=\"og:description\" content=\"AIRCRAFT \u00ae hlin\u00edkov\u00e9 trubky jsou vyrobeny z hlin\u00edkov\u00e9 slitiny (v d\u00e9lk\u00e1ch 4\u00a0m s\u00a0povrchovou \u00fapravou, kter\u00e1 zabra\u0148uje korozi a z\u00e1rove\u0148 izoluje)Trubky m\u016f\u017eete pou\u017e\u00edt pro stla\u010den\u00fd vzduch nebo vakuumD\u00e9lka trubky 4 m Max. provozn\u00ed tlak 15 bar Vnit\u0159n\u00ed pr\u016fm\u011br 12 mm Vn\u011bj\u0161\u00ed pr\u016fm\u011br 15 mm Tlou\u0161\u0165ka st\u011bny 1,5 mm D\u00e9lka 4 m\" \/>\n<meta property=\"og:url\" content=\"https:\/\/www.technodompro.com\/index.php\/produkt\/akce-aircraft-r-trubka-na-stlaceny-vzduch-hlinik-12-mm-15-mm-4-m-9335\/\" \/>\n<meta property=\"og:site_name\" content=\"Modern\u00ed koupelny &amp; sanita a interi\u00e9rov\u00e9 vybaven\u00ed pro v\u00e1\u0161 domov\" \/>\n<meta property=\"og:image\" content=\"https:\/\/www.technodompro.com\/wp-content\/uploads\/2026\/SK0014565-CZ20260425-092328-0-1777080210-2151915-1.webp\" \/>\n\t<meta property=\"og:image:width\" content=\"500\" \/>\n\t<meta property=\"og:image:height\" content=\"447\" \/>\n\t<meta property=\"og:image:type\" content=\"image\/webp\" \/>\n<meta name=\"twitter:card\" content=\"summary_large_image\" \/>\n<script type=\"application\/ld+json\" class=\"yoast-schema-graph\">{\"@context\":\"https:\/\/schema.org\",\"@graph\":[{\"@type\":\"WebPage\",\"@id\":\"https:\/\/www.technodompro.com\/index.php\/produkt\/akce-aircraft-r-trubka-na-stlaceny-vzduch-hlinik-12-mm-15-mm-4-m-9335\/\",\"url\":\"https:\/\/www.technodompro.com\/index.php\/produkt\/akce-aircraft-r-trubka-na-stlaceny-vzduch-hlinik-12-mm-15-mm-4-m-9335\/\",\"name\":\"Akce Aircraft\u00ae Trubka na stla\u010den\u00fd vzduch (hlin\u00edk) 12 mm \/ 15 mm - 4 m - Modern\u00ed koupelny &amp; sanita a interi\u00e9rov\u00e9 vybaven\u00ed pro v\u00e1\u0161 domov\",\"isPartOf\":{\"@id\":\"https:\/\/www.technodompro.com\/#website\"},\"primaryImageOfPage\":{\"@id\":\"https:\/\/www.technodompro.com\/index.php\/produkt\/akce-aircraft-r-trubka-na-stlaceny-vzduch-hlinik-12-mm-15-mm-4-m-9335\/#primaryimage\"},\"image\":{\"@id\":\"https:\/\/www.technodompro.com\/index.php\/produkt\/akce-aircraft-r-trubka-na-stlaceny-vzduch-hlinik-12-mm-15-mm-4-m-9335\/#primaryimage\"},\"thumbnailUrl\":\"https:\/\/www.technodompro.com\/wp-content\/uploads\/2026\/SK0014565-CZ20260425-092328-0-1777080210-2151915-1.webp\",\"datePublished\":\"2026-04-27T04:40:51+00:00\",\"breadcrumb\":{\"@id\":\"https:\/\/www.technodompro.com\/index.php\/produkt\/akce-aircraft-r-trubka-na-stlaceny-vzduch-hlinik-12-mm-15-mm-4-m-9335\/#breadcrumb\"},\"inLanguage\":\"cs\",\"potentialAction\":[{\"@type\":\"ReadAction\",\"target\":[\"https:\/\/www.technodompro.com\/index.php\/produkt\/akce-aircraft-r-trubka-na-stlaceny-vzduch-hlinik-12-mm-15-mm-4-m-9335\/\"]}]},{\"@type\":\"ImageObject\",\"inLanguage\":\"cs\",\"@id\":\"https:\/\/www.technodompro.com\/index.php\/produkt\/akce-aircraft-r-trubka-na-stlaceny-vzduch-hlinik-12-mm-15-mm-4-m-9335\/#primaryimage\",\"url\":\"https:\/\/www.technodompro.com\/wp-content\/uploads\/2026\/SK0014565-CZ20260425-092328-0-1777080210-2151915-1.webp\",\"contentUrl\":\"https:\/\/www.technodompro.com\/wp-content\/uploads\/2026\/SK0014565-CZ20260425-092328-0-1777080210-2151915-1.webp\",\"width\":500,\"height\":447},{\"@type\":\"BreadcrumbList\",\"@id\":\"https:\/\/www.technodompro.com\/index.php\/produkt\/akce-aircraft-r-trubka-na-stlaceny-vzduch-hlinik-12-mm-15-mm-4-m-9335\/#breadcrumb\",\"itemListElement\":[{\"@type\":\"ListItem\",\"position\":1,\"name\":\"Home\",\"item\":\"https:\/\/www.technodompro.com\/\"},{\"@type\":\"ListItem\",\"position\":2,\"name\":\"Products\",\"item\":\"https:\/\/www.technodompro.com\/products\/\"},{\"@type\":\"ListItem\",\"position\":3,\"name\":\"Akce Aircraft\u00ae Trubka na stla\u010den\u00fd vzduch (hlin\u00edk) 12 mm \/ 15 mm &#8211; 4 m\"}]},{\"@type\":\"WebSite\",\"@id\":\"https:\/\/www.technodompro.com\/#website\",\"url\":\"https:\/\/www.technodompro.com\/\",\"name\":\"Modern\u00ed koupelny &amp; sanita a interi\u00e9rov\u00e9 vybaven\u00ed pro v\u00e1\u0161 domov\",\"description\":\"Modern\u00ed koupelny &amp; sanita a interi\u00e9rov\u00e9 vybaven\u00ed pro v\u00e1\u0161 domov\",\"publisher\":{\"@id\":\"https:\/\/www.technodompro.com\/#organization\"},\"potentialAction\":[{\"@type\":\"SearchAction\",\"target\":{\"@type\":\"EntryPoint\",\"urlTemplate\":\"https:\/\/www.technodompro.com\/?s={search_term_string}\"},\"query-input\":{\"@type\":\"PropertyValueSpecification\",\"valueRequired\":true,\"valueName\":\"search_term_string\"}}],\"inLanguage\":\"cs\"},{\"@type\":\"Organization\",\"@id\":\"https:\/\/www.technodompro.com\/#organization\",\"name\":\"Modern\u00ed koupelny &amp; sanita a interi\u00e9rov\u00e9 vybaven\u00ed pro v\u00e1\u0161 domov\",\"url\":\"https:\/\/www.technodompro.com\/\",\"logo\":{\"@type\":\"ImageObject\",\"inLanguage\":\"cs\",\"@id\":\"https:\/\/www.technodompro.com\/#\/schema\/logo\/image\/\",\"url\":\"https:\/\/www.technodompro.com\/wp-content\/uploads\/2026\/04\/technodompro_logo.svg\",\"contentUrl\":\"https:\/\/www.technodompro.com\/wp-content\/uploads\/2026\/04\/technodompro_logo.svg\",\"width\":760,\"height\":180,\"caption\":\"Modern\u00ed koupelny &amp; sanita a interi\u00e9rov\u00e9 vybaven\u00ed pro v\u00e1\u0161 domov\"},\"image\":{\"@id\":\"https:\/\/www.technodompro.com\/#\/schema\/logo\/image\/\"}}]}<\/script>\n<!-- \/ Yoast SEO plugin. -->","yoast_head_json":{"title":"Akce Aircraft\u00ae Trubka na stla\u010den\u00fd vzduch (hlin\u00edk) 12 mm \/ 15 mm - 4 m - Modern\u00ed koupelny &amp; sanita a interi\u00e9rov\u00e9 vybaven\u00ed pro v\u00e1\u0161 domov","robots":{"index":"index","follow":"follow","max-snippet":"max-snippet:-1","max-image-preview":"max-image-preview:large","max-video-preview":"max-video-preview:-1"},"canonical":"https:\/\/www.technodompro.com\/index.php\/produkt\/akce-aircraft-r-trubka-na-stlaceny-vzduch-hlinik-12-mm-15-mm-4-m-9335\/","og_locale":"cs_CZ","og_type":"article","og_title":"Akce Aircraft\u00ae Trubka na stla\u010den\u00fd vzduch (hlin\u00edk) 12 mm \/ 15 mm - 4 m - Modern\u00ed koupelny &amp; sanita a interi\u00e9rov\u00e9 vybaven\u00ed pro v\u00e1\u0161 domov","og_description":"AIRCRAFT \u00ae hlin\u00edkov\u00e9 trubky jsou vyrobeny z hlin\u00edkov\u00e9 slitiny (v d\u00e9lk\u00e1ch 4\u00a0m s\u00a0povrchovou \u00fapravou, kter\u00e1 zabra\u0148uje korozi a z\u00e1rove\u0148 izoluje)Trubky m\u016f\u017eete pou\u017e\u00edt pro stla\u010den\u00fd vzduch nebo vakuumD\u00e9lka trubky 4 m Max. provozn\u00ed tlak 15 bar Vnit\u0159n\u00ed pr\u016fm\u011br 12 mm Vn\u011bj\u0161\u00ed pr\u016fm\u011br 15 mm Tlou\u0161\u0165ka st\u011bny 1,5 mm D\u00e9lka 4 m","og_url":"https:\/\/www.technodompro.com\/index.php\/produkt\/akce-aircraft-r-trubka-na-stlaceny-vzduch-hlinik-12-mm-15-mm-4-m-9335\/","og_site_name":"Modern\u00ed koupelny &amp; sanita a interi\u00e9rov\u00e9 vybaven\u00ed pro v\u00e1\u0161 domov","og_image":[{"width":500,"height":447,"url":"https:\/\/www.technodompro.com\/wp-content\/uploads\/2026\/SK0014565-CZ20260425-092328-0-1777080210-2151915-1.webp","type":"image\/webp"}],"twitter_card":"summary_large_image","schema":{"@context":"https:\/\/schema.org","@graph":[{"@type":"WebPage","@id":"https:\/\/www.technodompro.com\/index.php\/produkt\/akce-aircraft-r-trubka-na-stlaceny-vzduch-hlinik-12-mm-15-mm-4-m-9335\/","url":"https:\/\/www.technodompro.com\/index.php\/produkt\/akce-aircraft-r-trubka-na-stlaceny-vzduch-hlinik-12-mm-15-mm-4-m-9335\/","name":"Akce Aircraft\u00ae Trubka na stla\u010den\u00fd vzduch (hlin\u00edk) 12 mm \/ 15 mm - 4 m - Modern\u00ed koupelny &amp; sanita a interi\u00e9rov\u00e9 vybaven\u00ed pro v\u00e1\u0161 domov","isPartOf":{"@id":"https:\/\/www.technodompro.com\/#website"},"primaryImageOfPage":{"@id":"https:\/\/www.technodompro.com\/index.php\/produkt\/akce-aircraft-r-trubka-na-stlaceny-vzduch-hlinik-12-mm-15-mm-4-m-9335\/#primaryimage"},"image":{"@id":"https:\/\/www.technodompro.com\/index.php\/produkt\/akce-aircraft-r-trubka-na-stlaceny-vzduch-hlinik-12-mm-15-mm-4-m-9335\/#primaryimage"},"thumbnailUrl":"https:\/\/www.technodompro.com\/wp-content\/uploads\/2026\/SK0014565-CZ20260425-092328-0-1777080210-2151915-1.webp","datePublished":"2026-04-27T04:40:51+00:00","breadcrumb":{"@id":"https:\/\/www.technodompro.com\/index.php\/produkt\/akce-aircraft-r-trubka-na-stlaceny-vzduch-hlinik-12-mm-15-mm-4-m-9335\/#breadcrumb"},"inLanguage":"cs","potentialAction":[{"@type":"ReadAction","target":["https:\/\/www.technodompro.com\/index.php\/produkt\/akce-aircraft-r-trubka-na-stlaceny-vzduch-hlinik-12-mm-15-mm-4-m-9335\/"]}]},{"@type":"ImageObject","inLanguage":"cs","@id":"https:\/\/www.technodompro.com\/index.php\/produkt\/akce-aircraft-r-trubka-na-stlaceny-vzduch-hlinik-12-mm-15-mm-4-m-9335\/#primaryimage","url":"https:\/\/www.technodompro.com\/wp-content\/uploads\/2026\/SK0014565-CZ20260425-092328-0-1777080210-2151915-1.webp","contentUrl":"https:\/\/www.technodompro.com\/wp-content\/uploads\/2026\/SK0014565-CZ20260425-092328-0-1777080210-2151915-1.webp","width":500,"height":447},{"@type":"BreadcrumbList","@id":"https:\/\/www.technodompro.com\/index.php\/produkt\/akce-aircraft-r-trubka-na-stlaceny-vzduch-hlinik-12-mm-15-mm-4-m-9335\/#breadcrumb","itemListElement":[{"@type":"ListItem","position":1,"name":"Home","item":"https:\/\/www.technodompro.com\/"},{"@type":"ListItem","position":2,"name":"Products","item":"https:\/\/www.technodompro.com\/products\/"},{"@type":"ListItem","position":3,"name":"Akce Aircraft\u00ae Trubka na stla\u010den\u00fd vzduch (hlin\u00edk) 12 mm \/ 15 mm &#8211; 4 m"}]},{"@type":"WebSite","@id":"https:\/\/www.technodompro.com\/#website","url":"https:\/\/www.technodompro.com\/","name":"Modern\u00ed koupelny &amp; sanita a interi\u00e9rov\u00e9 vybaven\u00ed pro v\u00e1\u0161 domov","description":"Modern\u00ed koupelny &amp; sanita a interi\u00e9rov\u00e9 vybaven\u00ed pro v\u00e1\u0161 domov","publisher":{"@id":"https:\/\/www.technodompro.com\/#organization"},"potentialAction":[{"@type":"SearchAction","target":{"@type":"EntryPoint","urlTemplate":"https:\/\/www.technodompro.com\/?s={search_term_string}"},"query-input":{"@type":"PropertyValueSpecification","valueRequired":true,"valueName":"search_term_string"}}],"inLanguage":"cs"},{"@type":"Organization","@id":"https:\/\/www.technodompro.com\/#organization","name":"Modern\u00ed koupelny &amp; sanita a interi\u00e9rov\u00e9 vybaven\u00ed pro v\u00e1\u0161 domov","url":"https:\/\/www.technodompro.com\/","logo":{"@type":"ImageObject","inLanguage":"cs","@id":"https:\/\/www.technodompro.com\/#\/schema\/logo\/image\/","url":"https:\/\/www.technodompro.com\/wp-content\/uploads\/2026\/04\/technodompro_logo.svg","contentUrl":"https:\/\/www.technodompro.com\/wp-content\/uploads\/2026\/04\/technodompro_logo.svg","width":760,"height":180,"caption":"Modern\u00ed koupelny &amp; sanita a interi\u00e9rov\u00e9 vybaven\u00ed pro v\u00e1\u0161 domov"},"image":{"@id":"https:\/\/www.technodompro.com\/#\/schema\/logo\/image\/"}}]}},"_links":{"self":[{"href":"https:\/\/www.technodompro.com\/wp-json\/wp\/v2\/product\/9335","targetHints":{"allow":["GET"]}}],"collection":[{"href":"https:\/\/www.technodompro.com\/wp-json\/wp\/v2\/product"}],"about":[{"href":"https:\/\/www.technodompro.com\/wp-json\/wp\/v2\/types\/product"}],"wp:featuredmedia":[{"embeddable":true,"href":"https:\/\/www.technodompro.com\/wp-json\/wp\/v2\/media\/9435"}],"wp:attachment":[{"href":"https:\/\/www.technodompro.com\/wp-json\/wp\/v2\/media?parent=9335"}],"wp:term":[{"taxonomy":"product_brand","embeddable":true,"href":"https:\/\/www.technodompro.com\/wp-json\/wp\/v2\/product_brand?post=9335"},{"taxonomy":"product_cat","embeddable":true,"href":"https:\/\/www.technodompro.com\/wp-json\/wp\/v2\/product_cat?post=9335"},{"taxonomy":"product_tag","embeddable":true,"href":"https:\/\/www.technodompro.com\/wp-json\/wp\/v2\/product_tag?post=9335"}],"curies":[{"name":"wp","href":"https:\/\/api.w.org\/{rel}","templated":true}]}}