{"id":9369,"date":"2026-04-27T04:40:51","date_gmt":"2026-04-27T04:40:51","guid":{"rendered":""},"modified":"2026-04-27T04:40:51","modified_gmt":"2026-04-27T04:40:51","slug":"aircraft-r-odlucovac-kondenzatu-ackl-0365b-1-super-cena-9369","status":"publish","type":"product","link":"https:\/\/www.technodompro.com\/index.php\/produkt\/aircraft-r-odlucovac-kondenzatu-ackl-0365b-1-super-cena-9369\/","title":{"rendered":"Aircraft\u00ae Odlu\u010dova\u010d kondenz\u00e1tu ACKL 0365B 1&#8220; Super Cena"},"content":{"rendered":"<table>\n<div class=\"tab-pane active product-description\" id=\"popis\" role=\"tabpanel\">\n<div class=\"short-description\" itemprop=\"description\"><\/div>\n<div class=\"description\"><span class='bullet-line'>Mont\u00e1\u017e mezi kompresor a tlakovou n\u00e1dobu<br \/><\/span><span class='bullet-line'>Kryt filtru z eloxovan\u00e9ho hlin\u00edku<br \/><\/span><span class='bullet-line'>Odlu\u010dov\u00e1n\u00ed kondenz\u00e1tu (voda, olej) a ne\u010distot pomoc\u00ed odst\u0159ediv\u00e9ho zrychlen\u00ed stla\u010den\u00e9ho vzduchu<br \/><\/span><span class='bullet-line'>Kondenz\u00e1t je z odlou\u010den pomoc\u00ed plov\u00e1ku<br \/><\/span><span class='bullet-line'>V\u010detn\u011b vypou\u0161t\u011b\u010de kondenz\u00e1tu AOK 20 B<br \/><\/span><span class='bullet-line'>Lze tak\u00e9 vybavit elektronick\u00fdm odvad\u011b\u010dem kondenz\u00e1tu<br \/><\/span> <\/p>\n<p> \u25bc Obsah balen\u00ed \u25bc<span class='bullet-line'>Automatick\u00fd odvad\u011b\u010d kondenz\u00e1tu |2053074 AOK 20B<br \/><\/span> <br \/> \u25bc P\u0159\u00edslu\u0161enstv\u00ed \u25bc<br \/> 2053093<\/div>\n<div class=\"parameters\">\n<tr>\n<td>Max. provozn\u00ed tlak<\/td>\n<td>16 bar<\/td>\n<\/tr>\n<tr>\n<td>Objemov\u00fd proud<\/td>\n<td>(p\u0159i 7 bar) 365 m\u00b3\/h | 6022  l\/min<\/td>\n<\/tr>\n<tr>\n<td>P\u0159\u00edpojka vzduchu<\/td>\n<td>1 \u201c<\/td>\n<\/tr>\n<tr>\n<td>Provozn\u00ed teplota\u00a0<\/td>\n<td>1,5 \u2013 65 \u00b0C<\/td>\n<\/tr>\n<tr>\n<td>Celkov\u00e1 v\u00fd\u0161ka<\/td>\n<td>363mm<\/td>\n<\/tr>\n<tr>\n<td>Celkov\u00e1 \u0161\u00ed\u0159ka<\/td>\n<td>125 mm<\/td>\n<\/tr><\/div>\n<\/table>\n","protected":false},"excerpt":{"rendered":"<p>Mont\u00e1\u017e mezi kompresor a tlakovou n\u00e1dobuKryt filtru z eloxovan\u00e9ho hlin\u00edkuOdlu\u010dov\u00e1n\u00ed kondenz\u00e1tu (voda, olej) a ne\u010distot pomoc\u00ed odst\u0159ediv\u00e9ho zrychlen\u00ed stla\u010den\u00e9ho vzduchuKondenz\u00e1t je z odlou\u010den pomoc\u00ed plov\u00e1kuV\u010detn\u011b vypou\u0161t\u011b\u010de kondenz\u00e1tu AOK 20 BLze tak\u00e9 vybavit elektronick\u00fdm odvad\u011b\u010dem kondenz\u00e1tu \u25bc Obsah balen\u00ed \u25bcAutomatick\u00fd odvad\u011b\u010d kondenz\u00e1tu |2053074 AOK 20B \u25bc P\u0159\u00edslu\u0161enstv\u00ed \u25bc 2053093 Max. provozn\u00ed tlak 16 bar Objemov\u00fd proud [&hellip;]<\/p>\n","protected":false},"featured_media":9469,"comment_status":"open","ping_status":"open","template":"","meta":[],"product_brand":[],"product_cat":[45],"product_tag":[],"class_list":{"0":"post-9369","1":"product","2":"type-product","3":"status-publish","4":"has-post-thumbnail","6":"product_cat-naradi","8":"first","9":"instock","10":"sale","11":"shipping-taxable","12":"purchasable","13":"product-type-simple"},"yoast_head":"<!-- This site is optimized with the Yoast SEO plugin v26.8 - https:\/\/yoast.com\/product\/yoast-seo-wordpress\/ -->\n<title>Aircraft\u00ae Odlu\u010dova\u010d kondenz\u00e1tu ACKL 0365B 1&#039;&#039; Super Cena -<\/title>\n<meta name=\"robots\" content=\"index, follow, max-snippet:-1, max-image-preview:large, max-video-preview:-1\" \/>\n<link rel=\"canonical\" href=\"https:\/\/www.technodompro.com\/index.php\/produkt\/aircraft-r-odlucovac-kondenzatu-ackl-0365b-1-super-cena-9369\/\" \/>\n<meta property=\"og:locale\" content=\"cs_CZ\" \/>\n<meta property=\"og:type\" content=\"article\" \/>\n<meta property=\"og:title\" content=\"Aircraft\u00ae Odlu\u010dova\u010d kondenz\u00e1tu ACKL 0365B 1&#039;&#039; Super Cena -\" \/>\n<meta property=\"og:description\" content=\"Mont\u00e1\u017e mezi kompresor a tlakovou n\u00e1dobuKryt filtru z eloxovan\u00e9ho hlin\u00edkuOdlu\u010dov\u00e1n\u00ed kondenz\u00e1tu (voda, olej) a ne\u010distot pomoc\u00ed odst\u0159ediv\u00e9ho zrychlen\u00ed stla\u010den\u00e9ho vzduchuKondenz\u00e1t je z odlou\u010den pomoc\u00ed plov\u00e1kuV\u010detn\u011b vypou\u0161t\u011b\u010de kondenz\u00e1tu AOK 20 BLze tak\u00e9 vybavit elektronick\u00fdm odvad\u011b\u010dem kondenz\u00e1tu \u25bc Obsah balen\u00ed \u25bcAutomatick\u00fd odvad\u011b\u010d kondenz\u00e1tu |2053074 AOK 20B \u25bc P\u0159\u00edslu\u0161enstv\u00ed \u25bc 2053093 Max. provozn\u00ed tlak 16 bar Objemov\u00fd proud [&hellip;]\" \/>\n<meta property=\"og:url\" content=\"https:\/\/www.technodompro.com\/index.php\/produkt\/aircraft-r-odlucovac-kondenzatu-ackl-0365b-1-super-cena-9369\/\" \/>\n<meta property=\"og:image\" content=\"https:\/\/www.technodompro.com\/wp-content\/uploads\/2026\/SK0014603-CZ20260425-092328-0-1777080210-2053010-4.webp\" \/>\n\t<meta property=\"og:image:width\" content=\"600\" \/>\n\t<meta property=\"og:image:height\" content=\"677\" \/>\n\t<meta property=\"og:image:type\" content=\"image\/webp\" \/>\n<meta name=\"twitter:card\" content=\"summary_large_image\" \/>\n<script type=\"application\/ld+json\" class=\"yoast-schema-graph\">{\"@context\":\"https:\/\/schema.org\",\"@graph\":[{\"@type\":\"WebPage\",\"@id\":\"https:\/\/www.technodompro.com\/index.php\/produkt\/aircraft-r-odlucovac-kondenzatu-ackl-0365b-1-super-cena-9369\/\",\"url\":\"https:\/\/www.technodompro.com\/index.php\/produkt\/aircraft-r-odlucovac-kondenzatu-ackl-0365b-1-super-cena-9369\/\",\"name\":\"Aircraft\u00ae Odlu\u010dova\u010d kondenz\u00e1tu ACKL 0365B 1'' Super Cena -\",\"isPartOf\":{\"@id\":\"https:\/\/www.technodompro.com\/#website\"},\"primaryImageOfPage\":{\"@id\":\"https:\/\/www.technodompro.com\/index.php\/produkt\/aircraft-r-odlucovac-kondenzatu-ackl-0365b-1-super-cena-9369\/#primaryimage\"},\"image\":{\"@id\":\"https:\/\/www.technodompro.com\/index.php\/produkt\/aircraft-r-odlucovac-kondenzatu-ackl-0365b-1-super-cena-9369\/#primaryimage\"},\"thumbnailUrl\":\"https:\/\/www.technodompro.com\/wp-content\/uploads\/2026\/SK0014603-CZ20260425-092328-0-1777080210-2053010-4.webp\",\"datePublished\":\"2026-04-27T04:40:51+00:00\",\"breadcrumb\":{\"@id\":\"https:\/\/www.technodompro.com\/index.php\/produkt\/aircraft-r-odlucovac-kondenzatu-ackl-0365b-1-super-cena-9369\/#breadcrumb\"},\"inLanguage\":\"cs\",\"potentialAction\":[{\"@type\":\"ReadAction\",\"target\":[\"https:\/\/www.technodompro.com\/index.php\/produkt\/aircraft-r-odlucovac-kondenzatu-ackl-0365b-1-super-cena-9369\/\"]}]},{\"@type\":\"ImageObject\",\"inLanguage\":\"cs\",\"@id\":\"https:\/\/www.technodompro.com\/index.php\/produkt\/aircraft-r-odlucovac-kondenzatu-ackl-0365b-1-super-cena-9369\/#primaryimage\",\"url\":\"https:\/\/www.technodompro.com\/wp-content\/uploads\/2026\/SK0014603-CZ20260425-092328-0-1777080210-2053010-4.webp\",\"contentUrl\":\"https:\/\/www.technodompro.com\/wp-content\/uploads\/2026\/SK0014603-CZ20260425-092328-0-1777080210-2053010-4.webp\",\"width\":600,\"height\":677},{\"@type\":\"BreadcrumbList\",\"@id\":\"https:\/\/www.technodompro.com\/index.php\/produkt\/aircraft-r-odlucovac-kondenzatu-ackl-0365b-1-super-cena-9369\/#breadcrumb\",\"itemListElement\":[{\"@type\":\"ListItem\",\"position\":1,\"name\":\"Home\",\"item\":\"https:\/\/www.technodompro.com\/\"},{\"@type\":\"ListItem\",\"position\":2,\"name\":\"Products\",\"item\":\"https:\/\/www.technodompro.com\/index.php\/products\/\"},{\"@type\":\"ListItem\",\"position\":3,\"name\":\"Aircraft\u00ae Odlu\u010dova\u010d kondenz\u00e1tu ACKL 0365B 1&#8220; Super Cena\"}]},{\"@type\":\"WebSite\",\"@id\":\"https:\/\/www.technodompro.com\/#website\",\"url\":\"https:\/\/www.technodompro.com\/\",\"name\":\"\",\"description\":\"\",\"potentialAction\":[{\"@type\":\"SearchAction\",\"target\":{\"@type\":\"EntryPoint\",\"urlTemplate\":\"https:\/\/www.technodompro.com\/?s={search_term_string}\"},\"query-input\":{\"@type\":\"PropertyValueSpecification\",\"valueRequired\":true,\"valueName\":\"search_term_string\"}}],\"inLanguage\":\"cs\"}]}<\/script>\n<!-- \/ Yoast SEO plugin. -->","yoast_head_json":{"title":"Aircraft\u00ae Odlu\u010dova\u010d kondenz\u00e1tu ACKL 0365B 1'' Super Cena -","robots":{"index":"index","follow":"follow","max-snippet":"max-snippet:-1","max-image-preview":"max-image-preview:large","max-video-preview":"max-video-preview:-1"},"canonical":"https:\/\/www.technodompro.com\/index.php\/produkt\/aircraft-r-odlucovac-kondenzatu-ackl-0365b-1-super-cena-9369\/","og_locale":"cs_CZ","og_type":"article","og_title":"Aircraft\u00ae Odlu\u010dova\u010d kondenz\u00e1tu ACKL 0365B 1'' Super Cena -","og_description":"Mont\u00e1\u017e mezi kompresor a tlakovou n\u00e1dobuKryt filtru z eloxovan\u00e9ho hlin\u00edkuOdlu\u010dov\u00e1n\u00ed kondenz\u00e1tu (voda, olej) a ne\u010distot pomoc\u00ed odst\u0159ediv\u00e9ho zrychlen\u00ed stla\u010den\u00e9ho vzduchuKondenz\u00e1t je z odlou\u010den pomoc\u00ed plov\u00e1kuV\u010detn\u011b vypou\u0161t\u011b\u010de kondenz\u00e1tu AOK 20 BLze tak\u00e9 vybavit elektronick\u00fdm odvad\u011b\u010dem kondenz\u00e1tu \u25bc Obsah balen\u00ed \u25bcAutomatick\u00fd odvad\u011b\u010d kondenz\u00e1tu |2053074 AOK 20B \u25bc P\u0159\u00edslu\u0161enstv\u00ed \u25bc 2053093 Max. provozn\u00ed tlak 16 bar Objemov\u00fd proud [&hellip;]","og_url":"https:\/\/www.technodompro.com\/index.php\/produkt\/aircraft-r-odlucovac-kondenzatu-ackl-0365b-1-super-cena-9369\/","og_image":[{"width":600,"height":677,"url":"https:\/\/www.technodompro.com\/wp-content\/uploads\/2026\/SK0014603-CZ20260425-092328-0-1777080210-2053010-4.webp","type":"image\/webp"}],"twitter_card":"summary_large_image","schema":{"@context":"https:\/\/schema.org","@graph":[{"@type":"WebPage","@id":"https:\/\/www.technodompro.com\/index.php\/produkt\/aircraft-r-odlucovac-kondenzatu-ackl-0365b-1-super-cena-9369\/","url":"https:\/\/www.technodompro.com\/index.php\/produkt\/aircraft-r-odlucovac-kondenzatu-ackl-0365b-1-super-cena-9369\/","name":"Aircraft\u00ae Odlu\u010dova\u010d kondenz\u00e1tu ACKL 0365B 1'' Super Cena -","isPartOf":{"@id":"https:\/\/www.technodompro.com\/#website"},"primaryImageOfPage":{"@id":"https:\/\/www.technodompro.com\/index.php\/produkt\/aircraft-r-odlucovac-kondenzatu-ackl-0365b-1-super-cena-9369\/#primaryimage"},"image":{"@id":"https:\/\/www.technodompro.com\/index.php\/produkt\/aircraft-r-odlucovac-kondenzatu-ackl-0365b-1-super-cena-9369\/#primaryimage"},"thumbnailUrl":"https:\/\/www.technodompro.com\/wp-content\/uploads\/2026\/SK0014603-CZ20260425-092328-0-1777080210-2053010-4.webp","datePublished":"2026-04-27T04:40:51+00:00","breadcrumb":{"@id":"https:\/\/www.technodompro.com\/index.php\/produkt\/aircraft-r-odlucovac-kondenzatu-ackl-0365b-1-super-cena-9369\/#breadcrumb"},"inLanguage":"cs","potentialAction":[{"@type":"ReadAction","target":["https:\/\/www.technodompro.com\/index.php\/produkt\/aircraft-r-odlucovac-kondenzatu-ackl-0365b-1-super-cena-9369\/"]}]},{"@type":"ImageObject","inLanguage":"cs","@id":"https:\/\/www.technodompro.com\/index.php\/produkt\/aircraft-r-odlucovac-kondenzatu-ackl-0365b-1-super-cena-9369\/#primaryimage","url":"https:\/\/www.technodompro.com\/wp-content\/uploads\/2026\/SK0014603-CZ20260425-092328-0-1777080210-2053010-4.webp","contentUrl":"https:\/\/www.technodompro.com\/wp-content\/uploads\/2026\/SK0014603-CZ20260425-092328-0-1777080210-2053010-4.webp","width":600,"height":677},{"@type":"BreadcrumbList","@id":"https:\/\/www.technodompro.com\/index.php\/produkt\/aircraft-r-odlucovac-kondenzatu-ackl-0365b-1-super-cena-9369\/#breadcrumb","itemListElement":[{"@type":"ListItem","position":1,"name":"Home","item":"https:\/\/www.technodompro.com\/"},{"@type":"ListItem","position":2,"name":"Products","item":"https:\/\/www.technodompro.com\/index.php\/products\/"},{"@type":"ListItem","position":3,"name":"Aircraft\u00ae Odlu\u010dova\u010d kondenz\u00e1tu ACKL 0365B 1&#8220; Super Cena"}]},{"@type":"WebSite","@id":"https:\/\/www.technodompro.com\/#website","url":"https:\/\/www.technodompro.com\/","name":"","description":"","potentialAction":[{"@type":"SearchAction","target":{"@type":"EntryPoint","urlTemplate":"https:\/\/www.technodompro.com\/?s={search_term_string}"},"query-input":{"@type":"PropertyValueSpecification","valueRequired":true,"valueName":"search_term_string"}}],"inLanguage":"cs"}]}},"_links":{"self":[{"href":"https:\/\/www.technodompro.com\/index.php\/wp-json\/wp\/v2\/product\/9369","targetHints":{"allow":["GET"]}}],"collection":[{"href":"https:\/\/www.technodompro.com\/index.php\/wp-json\/wp\/v2\/product"}],"about":[{"href":"https:\/\/www.technodompro.com\/index.php\/wp-json\/wp\/v2\/types\/product"}],"replies":[{"embeddable":true,"href":"https:\/\/www.technodompro.com\/index.php\/wp-json\/wp\/v2\/comments?post=9369"}],"wp:featuredmedia":[{"embeddable":true,"href":"https:\/\/www.technodompro.com\/index.php\/wp-json\/wp\/v2\/media\/9469"}],"wp:attachment":[{"href":"https:\/\/www.technodompro.com\/index.php\/wp-json\/wp\/v2\/media?parent=9369"}],"wp:term":[{"taxonomy":"product_brand","embeddable":true,"href":"https:\/\/www.technodompro.com\/index.php\/wp-json\/wp\/v2\/product_brand?post=9369"},{"taxonomy":"product_cat","embeddable":true,"href":"https:\/\/www.technodompro.com\/index.php\/wp-json\/wp\/v2\/product_cat?post=9369"},{"taxonomy":"product_tag","embeddable":true,"href":"https:\/\/www.technodompro.com\/index.php\/wp-json\/wp\/v2\/product_tag?post=9369"}],"curies":[{"name":"wp","href":"https:\/\/api.w.org\/{rel}","templated":true}]}}