{"id":9375,"date":"2026-04-27T04:40:51","date_gmt":"2026-04-27T04:40:51","guid":{"rendered":""},"modified":"2026-04-27T04:40:51","modified_gmt":"2026-04-27T04:40:51","slug":"aircraft-r-jemny-filtr-aff-0335-1-levny-9375","status":"publish","type":"product","link":"https:\/\/www.technodompro.com\/index.php\/produkt\/aircraft-r-jemny-filtr-aff-0335-1-levny-9375\/","title":{"rendered":"Aircraft\u00ae Jemn\u00fd filtr AFF 0335 1&#8220; Levn\u00fd"},"content":{"rendered":"<table>\n<div class=\"tab-pane active product-description\" id=\"popis\" role=\"tabpanel\">\n<div class=\"short-description\" itemprop=\"description\"><\/div>\n<div class=\"description\"><span class='bullet-line'>Filtry stla\u010den\u00e9ho vzduchu se pou\u017e\u00edvaj\u00ed pro vysoce \u00fa\u010dinn\u00e9 odstran\u011bn\u00ed pevn\u00fdch \u010d\u00e1stic, vody, oleje, aerosolu, uhlovod\u00edk\u016f, pach\u016f a par ze za\u0159\u00edzen\u00ed na stla\u010den\u00fd vzduch<br \/><\/span><span class='bullet-line'>Pro dosa\u017een\u00ed po\u017eadovan\u00e9 kvality stla\u010den\u00e9ho vzduchu je t\u0159eba nainstalovat do veden\u00ed stla\u010den\u00e9ho vzduchu filtr, kter\u00fd odstran\u00ed v\u0161echny druhy pevn\u00fdch i kapaln\u00fdch ne\u010distot ze stla\u010den\u00e9ho vzduchuV\u00fdhody kvalitativn\u011b lep\u0161\u00edho stla\u010den\u00e9ho vzduchu:<br \/><\/span><span class='bullet-line'>Bezpe\u010dn\u00e1 filtrace vody, oleje a dal\u0161\u00edch ne\u010distot<br \/><\/span><span class='bullet-line'>Lep\u0161\u00ed pracovn\u00ed a v\u00fdrobn\u00ed podminky<br \/><\/span><span class='bullet-line'>Prodlou\u017een\u00ed \u017eivotnosti p\u0159ipojen\u00fdch stroj\u016f a n\u00e1\u0159ad\u00ed<br \/><\/span><span class='bullet-line'>Lep\u0161\u00ed kvalita v\u00fdrobku<br \/><\/span><span class='bullet-line'>Ochrana tlakov\u00e9 stanice p\u0159ed ne\u010distotami<br \/><\/span><span class='bullet-line'>Ni\u017e\u0161\u00ed pot\u0159eba \u00fadr\u017eby a vy\u0161\u0161\u00ed produktivita<br \/><\/span><span class='bullet-line'>Provozn\u00ed teplota 1,5 \u2013 65\u00b0 C, absolutn\u00ed kvalita stla\u010den\u00e9ho vzduchu dle ISO 8573-1<br \/><\/span><span class='bullet-line'>V\u010detn\u011b filtra\u010dn\u00ed vlo\u017eky a vypou\u0161t\u011b\u010de kondenz\u00e1tu AOK 16 B<br \/><\/span> <\/p>\n<p> \u25bc Obsah balen\u00ed \u25bc<span class='bullet-line'>Automatick\u00fd odvad\u011b\u010d kondenz\u00e1tu |2053072 AOK 16B<br \/><\/span><span class='bullet-line'>|2053239 Filtra\u010dn\u00ed vlo\u017eka AFF 0335<br \/><\/span> <br \/> \u25bc P\u0159\u00edslu\u0161enstv\u00ed \u25bc<br \/> 2053239 \/ 2053072 \/ 2053060 \/ 2053062 \/ 2053064 \/ 2053066 \/ 2053082 \/ 2053093<\/div>\n<div class=\"parameters\">\n<tr>\n<td>Max. provozn\u00ed tlak<\/td>\n<td>16 bar<\/td>\n<\/tr>\n<tr>\n<td>Zbytkov\u00e9 \u010d\u00e1stice<\/td>\n<td>&lt; 1 \u03bcm<\/td>\n<\/tr>\n<tr>\n<td>Objemov\u00fd proud<\/td>\n<td>(p\u0159i 7 bar) 335 m\u00b3\/h | 5580  l\/min<\/td>\n<\/tr>\n<tr>\n<td>P\u0159\u00edpojka vzduchu<\/td>\n<td>1 \u201c<\/td>\n<\/tr>\n<tr>\n<td>Provozn\u00ed teplota\u00a0<\/td>\n<td>1,5 \u2013 65 \u00b0C<\/td>\n<\/tr>\n<tr>\n<td>Celkov\u00e1 v\u00fd\u0161ka<\/td>\n<td>363mm<\/td>\n<\/tr>\n<tr>\n<td>Celkov\u00e1 \u0161\u00ed\u0159ka<\/td>\n<td>125 mm<\/td>\n<\/tr><\/div>\n<\/table>\n","protected":false},"excerpt":{"rendered":"<p>Filtry stla\u010den\u00e9ho vzduchu se pou\u017e\u00edvaj\u00ed pro vysoce \u00fa\u010dinn\u00e9 odstran\u011bn\u00ed pevn\u00fdch \u010d\u00e1stic, vody, oleje, aerosolu, uhlovod\u00edk\u016f, pach\u016f a par ze za\u0159\u00edzen\u00ed na stla\u010den\u00fd vzduchPro dosa\u017een\u00ed po\u017eadovan\u00e9 kvality stla\u010den\u00e9ho vzduchu je t\u0159eba nainstalovat do veden\u00ed stla\u010den\u00e9ho vzduchu filtr, kter\u00fd odstran\u00ed v\u0161echny druhy pevn\u00fdch i kapaln\u00fdch ne\u010distot ze stla\u010den\u00e9ho vzduchuV\u00fdhody kvalitativn\u011b lep\u0161\u00edho stla\u010den\u00e9ho vzduchu:Bezpe\u010dn\u00e1 filtrace vody, oleje a [&hellip;]<\/p>\n","protected":false},"featured_media":9475,"comment_status":"open","ping_status":"open","template":"","meta":[],"product_brand":[],"product_cat":[45],"product_tag":[],"class_list":{"0":"post-9375","1":"product","2":"type-product","3":"status-publish","4":"has-post-thumbnail","6":"product_cat-naradi","8":"first","9":"instock","10":"sale","11":"shipping-taxable","12":"purchasable","13":"product-type-simple"},"yoast_head":"<!-- This site is optimized with the Yoast SEO plugin v26.8 - https:\/\/yoast.com\/product\/yoast-seo-wordpress\/ -->\n<title>Aircraft\u00ae Jemn\u00fd filtr AFF 0335 1&#039;&#039; Levn\u00fd -<\/title>\n<meta name=\"robots\" content=\"index, follow, max-snippet:-1, max-image-preview:large, max-video-preview:-1\" \/>\n<link rel=\"canonical\" href=\"https:\/\/www.technodompro.com\/index.php\/produkt\/aircraft-r-jemny-filtr-aff-0335-1-levny-9375\/\" \/>\n<meta property=\"og:locale\" content=\"cs_CZ\" \/>\n<meta property=\"og:type\" content=\"article\" \/>\n<meta property=\"og:title\" content=\"Aircraft\u00ae Jemn\u00fd filtr AFF 0335 1&#039;&#039; Levn\u00fd -\" \/>\n<meta property=\"og:description\" content=\"Filtry stla\u010den\u00e9ho vzduchu se pou\u017e\u00edvaj\u00ed pro vysoce \u00fa\u010dinn\u00e9 odstran\u011bn\u00ed pevn\u00fdch \u010d\u00e1stic, vody, oleje, aerosolu, uhlovod\u00edk\u016f, pach\u016f a par ze za\u0159\u00edzen\u00ed na stla\u010den\u00fd vzduchPro dosa\u017een\u00ed po\u017eadovan\u00e9 kvality stla\u010den\u00e9ho vzduchu je t\u0159eba nainstalovat do veden\u00ed stla\u010den\u00e9ho vzduchu filtr, kter\u00fd odstran\u00ed v\u0161echny druhy pevn\u00fdch i kapaln\u00fdch ne\u010distot ze stla\u010den\u00e9ho vzduchuV\u00fdhody kvalitativn\u011b lep\u0161\u00edho stla\u010den\u00e9ho vzduchu:Bezpe\u010dn\u00e1 filtrace vody, oleje a [&hellip;]\" \/>\n<meta property=\"og:url\" content=\"https:\/\/www.technodompro.com\/index.php\/produkt\/aircraft-r-jemny-filtr-aff-0335-1-levny-9375\/\" \/>\n<meta property=\"og:image\" content=\"https:\/\/www.technodompro.com\/wp-content\/uploads\/2026\/SK0014609-CZ20260425-092328-0-1777080210-2053230-2.webp\" \/>\n\t<meta property=\"og:image:width\" content=\"302\" \/>\n\t<meta property=\"og:image:height\" content=\"650\" \/>\n\t<meta property=\"og:image:type\" content=\"image\/webp\" \/>\n<meta name=\"twitter:card\" content=\"summary_large_image\" \/>\n<meta name=\"twitter:label1\" content=\"Odhadovan\u00e1 doba \u010dten\u00ed\" \/>\n\t<meta name=\"twitter:data1\" content=\"1 minuta\" \/>\n<script type=\"application\/ld+json\" class=\"yoast-schema-graph\">{\"@context\":\"https:\/\/schema.org\",\"@graph\":[{\"@type\":\"WebPage\",\"@id\":\"https:\/\/www.technodompro.com\/index.php\/produkt\/aircraft-r-jemny-filtr-aff-0335-1-levny-9375\/\",\"url\":\"https:\/\/www.technodompro.com\/index.php\/produkt\/aircraft-r-jemny-filtr-aff-0335-1-levny-9375\/\",\"name\":\"Aircraft\u00ae Jemn\u00fd filtr AFF 0335 1'' Levn\u00fd -\",\"isPartOf\":{\"@id\":\"https:\/\/www.technodompro.com\/#website\"},\"primaryImageOfPage\":{\"@id\":\"https:\/\/www.technodompro.com\/index.php\/produkt\/aircraft-r-jemny-filtr-aff-0335-1-levny-9375\/#primaryimage\"},\"image\":{\"@id\":\"https:\/\/www.technodompro.com\/index.php\/produkt\/aircraft-r-jemny-filtr-aff-0335-1-levny-9375\/#primaryimage\"},\"thumbnailUrl\":\"https:\/\/www.technodompro.com\/wp-content\/uploads\/2026\/SK0014609-CZ20260425-092328-0-1777080210-2053230-2.webp\",\"datePublished\":\"2026-04-27T04:40:51+00:00\",\"breadcrumb\":{\"@id\":\"https:\/\/www.technodompro.com\/index.php\/produkt\/aircraft-r-jemny-filtr-aff-0335-1-levny-9375\/#breadcrumb\"},\"inLanguage\":\"cs\",\"potentialAction\":[{\"@type\":\"ReadAction\",\"target\":[\"https:\/\/www.technodompro.com\/index.php\/produkt\/aircraft-r-jemny-filtr-aff-0335-1-levny-9375\/\"]}]},{\"@type\":\"ImageObject\",\"inLanguage\":\"cs\",\"@id\":\"https:\/\/www.technodompro.com\/index.php\/produkt\/aircraft-r-jemny-filtr-aff-0335-1-levny-9375\/#primaryimage\",\"url\":\"https:\/\/www.technodompro.com\/wp-content\/uploads\/2026\/SK0014609-CZ20260425-092328-0-1777080210-2053230-2.webp\",\"contentUrl\":\"https:\/\/www.technodompro.com\/wp-content\/uploads\/2026\/SK0014609-CZ20260425-092328-0-1777080210-2053230-2.webp\",\"width\":302,\"height\":650},{\"@type\":\"BreadcrumbList\",\"@id\":\"https:\/\/www.technodompro.com\/index.php\/produkt\/aircraft-r-jemny-filtr-aff-0335-1-levny-9375\/#breadcrumb\",\"itemListElement\":[{\"@type\":\"ListItem\",\"position\":1,\"name\":\"Home\",\"item\":\"https:\/\/www.technodompro.com\/\"},{\"@type\":\"ListItem\",\"position\":2,\"name\":\"Products\",\"item\":\"https:\/\/www.technodompro.com\/index.php\/products\/\"},{\"@type\":\"ListItem\",\"position\":3,\"name\":\"Aircraft\u00ae Jemn\u00fd filtr AFF 0335 1&#8220; Levn\u00fd\"}]},{\"@type\":\"WebSite\",\"@id\":\"https:\/\/www.technodompro.com\/#website\",\"url\":\"https:\/\/www.technodompro.com\/\",\"name\":\"\",\"description\":\"\",\"potentialAction\":[{\"@type\":\"SearchAction\",\"target\":{\"@type\":\"EntryPoint\",\"urlTemplate\":\"https:\/\/www.technodompro.com\/?s={search_term_string}\"},\"query-input\":{\"@type\":\"PropertyValueSpecification\",\"valueRequired\":true,\"valueName\":\"search_term_string\"}}],\"inLanguage\":\"cs\"}]}<\/script>\n<!-- \/ Yoast SEO plugin. -->","yoast_head_json":{"title":"Aircraft\u00ae Jemn\u00fd filtr AFF 0335 1'' Levn\u00fd -","robots":{"index":"index","follow":"follow","max-snippet":"max-snippet:-1","max-image-preview":"max-image-preview:large","max-video-preview":"max-video-preview:-1"},"canonical":"https:\/\/www.technodompro.com\/index.php\/produkt\/aircraft-r-jemny-filtr-aff-0335-1-levny-9375\/","og_locale":"cs_CZ","og_type":"article","og_title":"Aircraft\u00ae Jemn\u00fd filtr AFF 0335 1'' Levn\u00fd -","og_description":"Filtry stla\u010den\u00e9ho vzduchu se pou\u017e\u00edvaj\u00ed pro vysoce \u00fa\u010dinn\u00e9 odstran\u011bn\u00ed pevn\u00fdch \u010d\u00e1stic, vody, oleje, aerosolu, uhlovod\u00edk\u016f, pach\u016f a par ze za\u0159\u00edzen\u00ed na stla\u010den\u00fd vzduchPro dosa\u017een\u00ed po\u017eadovan\u00e9 kvality stla\u010den\u00e9ho vzduchu je t\u0159eba nainstalovat do veden\u00ed stla\u010den\u00e9ho vzduchu filtr, kter\u00fd odstran\u00ed v\u0161echny druhy pevn\u00fdch i kapaln\u00fdch ne\u010distot ze stla\u010den\u00e9ho vzduchuV\u00fdhody kvalitativn\u011b lep\u0161\u00edho stla\u010den\u00e9ho vzduchu:Bezpe\u010dn\u00e1 filtrace vody, oleje a [&hellip;]","og_url":"https:\/\/www.technodompro.com\/index.php\/produkt\/aircraft-r-jemny-filtr-aff-0335-1-levny-9375\/","og_image":[{"width":302,"height":650,"url":"https:\/\/www.technodompro.com\/wp-content\/uploads\/2026\/SK0014609-CZ20260425-092328-0-1777080210-2053230-2.webp","type":"image\/webp"}],"twitter_card":"summary_large_image","twitter_misc":{"Odhadovan\u00e1 doba \u010dten\u00ed":"1 minuta"},"schema":{"@context":"https:\/\/schema.org","@graph":[{"@type":"WebPage","@id":"https:\/\/www.technodompro.com\/index.php\/produkt\/aircraft-r-jemny-filtr-aff-0335-1-levny-9375\/","url":"https:\/\/www.technodompro.com\/index.php\/produkt\/aircraft-r-jemny-filtr-aff-0335-1-levny-9375\/","name":"Aircraft\u00ae Jemn\u00fd filtr AFF 0335 1'' Levn\u00fd -","isPartOf":{"@id":"https:\/\/www.technodompro.com\/#website"},"primaryImageOfPage":{"@id":"https:\/\/www.technodompro.com\/index.php\/produkt\/aircraft-r-jemny-filtr-aff-0335-1-levny-9375\/#primaryimage"},"image":{"@id":"https:\/\/www.technodompro.com\/index.php\/produkt\/aircraft-r-jemny-filtr-aff-0335-1-levny-9375\/#primaryimage"},"thumbnailUrl":"https:\/\/www.technodompro.com\/wp-content\/uploads\/2026\/SK0014609-CZ20260425-092328-0-1777080210-2053230-2.webp","datePublished":"2026-04-27T04:40:51+00:00","breadcrumb":{"@id":"https:\/\/www.technodompro.com\/index.php\/produkt\/aircraft-r-jemny-filtr-aff-0335-1-levny-9375\/#breadcrumb"},"inLanguage":"cs","potentialAction":[{"@type":"ReadAction","target":["https:\/\/www.technodompro.com\/index.php\/produkt\/aircraft-r-jemny-filtr-aff-0335-1-levny-9375\/"]}]},{"@type":"ImageObject","inLanguage":"cs","@id":"https:\/\/www.technodompro.com\/index.php\/produkt\/aircraft-r-jemny-filtr-aff-0335-1-levny-9375\/#primaryimage","url":"https:\/\/www.technodompro.com\/wp-content\/uploads\/2026\/SK0014609-CZ20260425-092328-0-1777080210-2053230-2.webp","contentUrl":"https:\/\/www.technodompro.com\/wp-content\/uploads\/2026\/SK0014609-CZ20260425-092328-0-1777080210-2053230-2.webp","width":302,"height":650},{"@type":"BreadcrumbList","@id":"https:\/\/www.technodompro.com\/index.php\/produkt\/aircraft-r-jemny-filtr-aff-0335-1-levny-9375\/#breadcrumb","itemListElement":[{"@type":"ListItem","position":1,"name":"Home","item":"https:\/\/www.technodompro.com\/"},{"@type":"ListItem","position":2,"name":"Products","item":"https:\/\/www.technodompro.com\/index.php\/products\/"},{"@type":"ListItem","position":3,"name":"Aircraft\u00ae Jemn\u00fd filtr AFF 0335 1&#8220; Levn\u00fd"}]},{"@type":"WebSite","@id":"https:\/\/www.technodompro.com\/#website","url":"https:\/\/www.technodompro.com\/","name":"","description":"","potentialAction":[{"@type":"SearchAction","target":{"@type":"EntryPoint","urlTemplate":"https:\/\/www.technodompro.com\/?s={search_term_string}"},"query-input":{"@type":"PropertyValueSpecification","valueRequired":true,"valueName":"search_term_string"}}],"inLanguage":"cs"}]}},"_links":{"self":[{"href":"https:\/\/www.technodompro.com\/index.php\/wp-json\/wp\/v2\/product\/9375","targetHints":{"allow":["GET"]}}],"collection":[{"href":"https:\/\/www.technodompro.com\/index.php\/wp-json\/wp\/v2\/product"}],"about":[{"href":"https:\/\/www.technodompro.com\/index.php\/wp-json\/wp\/v2\/types\/product"}],"replies":[{"embeddable":true,"href":"https:\/\/www.technodompro.com\/index.php\/wp-json\/wp\/v2\/comments?post=9375"}],"wp:featuredmedia":[{"embeddable":true,"href":"https:\/\/www.technodompro.com\/index.php\/wp-json\/wp\/v2\/media\/9475"}],"wp:attachment":[{"href":"https:\/\/www.technodompro.com\/index.php\/wp-json\/wp\/v2\/media?parent=9375"}],"wp:term":[{"taxonomy":"product_brand","embeddable":true,"href":"https:\/\/www.technodompro.com\/index.php\/wp-json\/wp\/v2\/product_brand?post=9375"},{"taxonomy":"product_cat","embeddable":true,"href":"https:\/\/www.technodompro.com\/index.php\/wp-json\/wp\/v2\/product_cat?post=9375"},{"taxonomy":"product_tag","embeddable":true,"href":"https:\/\/www.technodompro.com\/index.php\/wp-json\/wp\/v2\/product_tag?post=9375"}],"curies":[{"name":"wp","href":"https:\/\/api.w.org\/{rel}","templated":true}]}}