{"id":9510,"date":"2026-04-27T04:40:52","date_gmt":"2026-04-27T04:40:52","guid":{"rendered":""},"modified":"2026-04-27T04:40:52","modified_gmt":"2026-04-27T04:40:52","slug":"aircraft-r-filtracni-vlozka-anf-0120-kup-ted-9510","status":"publish","type":"product","link":"https:\/\/www.technodompro.com\/index.php\/produkt\/aircraft-r-filtracni-vlozka-anf-0120-kup-ted-9510\/","title":{"rendered":"Aircraft\u00ae Filtra\u010dn\u00ed vlo\u017eka ANF 0120 Kup Te\u010f"},"content":{"rendered":"<table>\n<div class=\"tab-pane active product-description\" id=\"popis\" role=\"tabpanel\">\n<div class=\"short-description\" itemprop=\"description\"><\/div>\n<div class=\"description\">K tomuto produktu nen\u00ed zad\u00e1n popis.<\/div>\n<div class=\"parameters\">\n<tr>\n<td>Materi\u00e1l filtru<\/td>\n<td>Borosilik\u00e1tov\u00e1 vl\u00e1kna<\/td>\n<\/tr><\/div>\n<\/table>\n","protected":false},"excerpt":{"rendered":"<p>K tomuto produktu nen\u00ed zad\u00e1n popis. Materi\u00e1l filtru Borosilik\u00e1tov\u00e1 vl\u00e1kna<\/p>\n","protected":false},"featured_media":9610,"comment_status":"open","ping_status":"open","template":"","meta":[],"product_brand":[],"product_cat":[45],"product_tag":[],"class_list":{"0":"post-9510","1":"product","2":"type-product","3":"status-publish","4":"has-post-thumbnail","6":"product_cat-naradi","8":"first","9":"instock","10":"sale","11":"shipping-taxable","12":"purchasable","13":"product-type-simple"},"yoast_head":"<!-- This site is optimized with the Yoast SEO plugin v26.8 - https:\/\/yoast.com\/product\/yoast-seo-wordpress\/ -->\n<title>Aircraft\u00ae Filtra\u010dn\u00ed vlo\u017eka ANF 0120 Kup Te\u010f -<\/title>\n<meta name=\"robots\" content=\"index, follow, max-snippet:-1, max-image-preview:large, max-video-preview:-1\" \/>\n<link rel=\"canonical\" href=\"https:\/\/www.technodompro.com\/index.php\/produkt\/aircraft-r-filtracni-vlozka-anf-0120-kup-ted-9510\/\" \/>\n<meta property=\"og:locale\" content=\"cs_CZ\" \/>\n<meta property=\"og:type\" content=\"article\" \/>\n<meta property=\"og:title\" content=\"Aircraft\u00ae Filtra\u010dn\u00ed vlo\u017eka ANF 0120 Kup Te\u010f -\" \/>\n<meta property=\"og:description\" content=\"K tomuto produktu nen\u00ed zad\u00e1n popis. Materi\u00e1l filtru Borosilik\u00e1tov\u00e1 vl\u00e1kna\" \/>\n<meta property=\"og:url\" content=\"https:\/\/www.technodompro.com\/index.php\/produkt\/aircraft-r-filtracni-vlozka-anf-0120-kup-ted-9510\/\" \/>\n<meta property=\"og:image\" content=\"https:\/\/www.technodompro.com\/wp-content\/uploads\/2026\/SK0014644-CZ20260425-092328-0-1777080210-2053431-1.webp\" \/>\n\t<meta property=\"og:image:width\" content=\"382\" \/>\n\t<meta property=\"og:image:height\" content=\"600\" \/>\n\t<meta property=\"og:image:type\" content=\"image\/webp\" \/>\n<meta name=\"twitter:card\" content=\"summary_large_image\" \/>\n<script type=\"application\/ld+json\" class=\"yoast-schema-graph\">{\"@context\":\"https:\/\/schema.org\",\"@graph\":[{\"@type\":\"WebPage\",\"@id\":\"https:\/\/www.technodompro.com\/index.php\/produkt\/aircraft-r-filtracni-vlozka-anf-0120-kup-ted-9510\/\",\"url\":\"https:\/\/www.technodompro.com\/index.php\/produkt\/aircraft-r-filtracni-vlozka-anf-0120-kup-ted-9510\/\",\"name\":\"Aircraft\u00ae Filtra\u010dn\u00ed vlo\u017eka ANF 0120 Kup Te\u010f -\",\"isPartOf\":{\"@id\":\"https:\/\/www.technodompro.com\/#website\"},\"primaryImageOfPage\":{\"@id\":\"https:\/\/www.technodompro.com\/index.php\/produkt\/aircraft-r-filtracni-vlozka-anf-0120-kup-ted-9510\/#primaryimage\"},\"image\":{\"@id\":\"https:\/\/www.technodompro.com\/index.php\/produkt\/aircraft-r-filtracni-vlozka-anf-0120-kup-ted-9510\/#primaryimage\"},\"thumbnailUrl\":\"https:\/\/www.technodompro.com\/wp-content\/uploads\/2026\/SK0014644-CZ20260425-092328-0-1777080210-2053431-1.webp\",\"datePublished\":\"2026-04-27T04:40:52+00:00\",\"breadcrumb\":{\"@id\":\"https:\/\/www.technodompro.com\/index.php\/produkt\/aircraft-r-filtracni-vlozka-anf-0120-kup-ted-9510\/#breadcrumb\"},\"inLanguage\":\"cs\",\"potentialAction\":[{\"@type\":\"ReadAction\",\"target\":[\"https:\/\/www.technodompro.com\/index.php\/produkt\/aircraft-r-filtracni-vlozka-anf-0120-kup-ted-9510\/\"]}]},{\"@type\":\"ImageObject\",\"inLanguage\":\"cs\",\"@id\":\"https:\/\/www.technodompro.com\/index.php\/produkt\/aircraft-r-filtracni-vlozka-anf-0120-kup-ted-9510\/#primaryimage\",\"url\":\"https:\/\/www.technodompro.com\/wp-content\/uploads\/2026\/SK0014644-CZ20260425-092328-0-1777080210-2053431-1.webp\",\"contentUrl\":\"https:\/\/www.technodompro.com\/wp-content\/uploads\/2026\/SK0014644-CZ20260425-092328-0-1777080210-2053431-1.webp\",\"width\":382,\"height\":600},{\"@type\":\"BreadcrumbList\",\"@id\":\"https:\/\/www.technodompro.com\/index.php\/produkt\/aircraft-r-filtracni-vlozka-anf-0120-kup-ted-9510\/#breadcrumb\",\"itemListElement\":[{\"@type\":\"ListItem\",\"position\":1,\"name\":\"Home\",\"item\":\"https:\/\/www.technodompro.com\/\"},{\"@type\":\"ListItem\",\"position\":2,\"name\":\"Products\",\"item\":\"https:\/\/www.technodompro.com\/index.php\/products\/\"},{\"@type\":\"ListItem\",\"position\":3,\"name\":\"Aircraft\u00ae Filtra\u010dn\u00ed vlo\u017eka ANF 0120 Kup Te\u010f\"}]},{\"@type\":\"WebSite\",\"@id\":\"https:\/\/www.technodompro.com\/#website\",\"url\":\"https:\/\/www.technodompro.com\/\",\"name\":\"\",\"description\":\"\",\"potentialAction\":[{\"@type\":\"SearchAction\",\"target\":{\"@type\":\"EntryPoint\",\"urlTemplate\":\"https:\/\/www.technodompro.com\/?s={search_term_string}\"},\"query-input\":{\"@type\":\"PropertyValueSpecification\",\"valueRequired\":true,\"valueName\":\"search_term_string\"}}],\"inLanguage\":\"cs\"}]}<\/script>\n<!-- \/ Yoast SEO plugin. -->","yoast_head_json":{"title":"Aircraft\u00ae Filtra\u010dn\u00ed vlo\u017eka ANF 0120 Kup Te\u010f -","robots":{"index":"index","follow":"follow","max-snippet":"max-snippet:-1","max-image-preview":"max-image-preview:large","max-video-preview":"max-video-preview:-1"},"canonical":"https:\/\/www.technodompro.com\/index.php\/produkt\/aircraft-r-filtracni-vlozka-anf-0120-kup-ted-9510\/","og_locale":"cs_CZ","og_type":"article","og_title":"Aircraft\u00ae Filtra\u010dn\u00ed vlo\u017eka ANF 0120 Kup Te\u010f -","og_description":"K tomuto produktu nen\u00ed zad\u00e1n popis. Materi\u00e1l filtru Borosilik\u00e1tov\u00e1 vl\u00e1kna","og_url":"https:\/\/www.technodompro.com\/index.php\/produkt\/aircraft-r-filtracni-vlozka-anf-0120-kup-ted-9510\/","og_image":[{"width":382,"height":600,"url":"https:\/\/www.technodompro.com\/wp-content\/uploads\/2026\/SK0014644-CZ20260425-092328-0-1777080210-2053431-1.webp","type":"image\/webp"}],"twitter_card":"summary_large_image","schema":{"@context":"https:\/\/schema.org","@graph":[{"@type":"WebPage","@id":"https:\/\/www.technodompro.com\/index.php\/produkt\/aircraft-r-filtracni-vlozka-anf-0120-kup-ted-9510\/","url":"https:\/\/www.technodompro.com\/index.php\/produkt\/aircraft-r-filtracni-vlozka-anf-0120-kup-ted-9510\/","name":"Aircraft\u00ae Filtra\u010dn\u00ed vlo\u017eka ANF 0120 Kup Te\u010f -","isPartOf":{"@id":"https:\/\/www.technodompro.com\/#website"},"primaryImageOfPage":{"@id":"https:\/\/www.technodompro.com\/index.php\/produkt\/aircraft-r-filtracni-vlozka-anf-0120-kup-ted-9510\/#primaryimage"},"image":{"@id":"https:\/\/www.technodompro.com\/index.php\/produkt\/aircraft-r-filtracni-vlozka-anf-0120-kup-ted-9510\/#primaryimage"},"thumbnailUrl":"https:\/\/www.technodompro.com\/wp-content\/uploads\/2026\/SK0014644-CZ20260425-092328-0-1777080210-2053431-1.webp","datePublished":"2026-04-27T04:40:52+00:00","breadcrumb":{"@id":"https:\/\/www.technodompro.com\/index.php\/produkt\/aircraft-r-filtracni-vlozka-anf-0120-kup-ted-9510\/#breadcrumb"},"inLanguage":"cs","potentialAction":[{"@type":"ReadAction","target":["https:\/\/www.technodompro.com\/index.php\/produkt\/aircraft-r-filtracni-vlozka-anf-0120-kup-ted-9510\/"]}]},{"@type":"ImageObject","inLanguage":"cs","@id":"https:\/\/www.technodompro.com\/index.php\/produkt\/aircraft-r-filtracni-vlozka-anf-0120-kup-ted-9510\/#primaryimage","url":"https:\/\/www.technodompro.com\/wp-content\/uploads\/2026\/SK0014644-CZ20260425-092328-0-1777080210-2053431-1.webp","contentUrl":"https:\/\/www.technodompro.com\/wp-content\/uploads\/2026\/SK0014644-CZ20260425-092328-0-1777080210-2053431-1.webp","width":382,"height":600},{"@type":"BreadcrumbList","@id":"https:\/\/www.technodompro.com\/index.php\/produkt\/aircraft-r-filtracni-vlozka-anf-0120-kup-ted-9510\/#breadcrumb","itemListElement":[{"@type":"ListItem","position":1,"name":"Home","item":"https:\/\/www.technodompro.com\/"},{"@type":"ListItem","position":2,"name":"Products","item":"https:\/\/www.technodompro.com\/index.php\/products\/"},{"@type":"ListItem","position":3,"name":"Aircraft\u00ae Filtra\u010dn\u00ed vlo\u017eka ANF 0120 Kup Te\u010f"}]},{"@type":"WebSite","@id":"https:\/\/www.technodompro.com\/#website","url":"https:\/\/www.technodompro.com\/","name":"","description":"","potentialAction":[{"@type":"SearchAction","target":{"@type":"EntryPoint","urlTemplate":"https:\/\/www.technodompro.com\/?s={search_term_string}"},"query-input":{"@type":"PropertyValueSpecification","valueRequired":true,"valueName":"search_term_string"}}],"inLanguage":"cs"}]}},"_links":{"self":[{"href":"https:\/\/www.technodompro.com\/index.php\/wp-json\/wp\/v2\/product\/9510","targetHints":{"allow":["GET"]}}],"collection":[{"href":"https:\/\/www.technodompro.com\/index.php\/wp-json\/wp\/v2\/product"}],"about":[{"href":"https:\/\/www.technodompro.com\/index.php\/wp-json\/wp\/v2\/types\/product"}],"replies":[{"embeddable":true,"href":"https:\/\/www.technodompro.com\/index.php\/wp-json\/wp\/v2\/comments?post=9510"}],"wp:featuredmedia":[{"embeddable":true,"href":"https:\/\/www.technodompro.com\/index.php\/wp-json\/wp\/v2\/media\/9610"}],"wp:attachment":[{"href":"https:\/\/www.technodompro.com\/index.php\/wp-json\/wp\/v2\/media?parent=9510"}],"wp:term":[{"taxonomy":"product_brand","embeddable":true,"href":"https:\/\/www.technodompro.com\/index.php\/wp-json\/wp\/v2\/product_brand?post=9510"},{"taxonomy":"product_cat","embeddable":true,"href":"https:\/\/www.technodompro.com\/index.php\/wp-json\/wp\/v2\/product_cat?post=9510"},{"taxonomy":"product_tag","embeddable":true,"href":"https:\/\/www.technodompro.com\/index.php\/wp-json\/wp\/v2\/product_tag?post=9510"}],"curies":[{"name":"wp","href":"https:\/\/api.w.org\/{rel}","templated":true}]}}