{"id":9522,"date":"2026-04-27T04:40:52","date_gmt":"2026-04-27T04:40:52","guid":{"rendered":""},"modified":"2026-04-27T04:40:52","modified_gmt":"2026-04-27T04:40:52","slug":"aircraft-r-manometr-rozdilu-tlaku-mdm-60-e-s-led-alarmem-pouze-dnes-9522","status":"publish","type":"product","link":"https:\/\/www.technodompro.com\/index.php\/produkt\/aircraft-r-manometr-rozdilu-tlaku-mdm-60-e-s-led-alarmem-pouze-dnes-9522\/","title":{"rendered":"Aircraft\u00ae Manometr rozd\u00edlu tlaku MDM 60 E s LED alarmem Pouze Dnes"},"content":{"rendered":"<table>\n<div class=\"tab-pane active product-description\" id=\"popis\" role=\"tabpanel\">\n<div class=\"short-description\" itemprop=\"description\"><\/div>\n<div class=\"description\"><span class='bullet-line'>V\u00fdm\u011bnu prove\u010fte, kdy\u017e tlak klesne o 0,6 bar (za\u010d\u00e1tek \u010derven\u00e9ho pole)<br \/><\/span><span class='bullet-line'>Mont\u00e1\u017e na horn\u00ed kryt filtru<br \/><\/span><span class='bullet-line'>Max. provozn\u00ed tlak: 16 bar, teplotn\u00ed rozsah stla\u010den\u00e9ho vzduchu 1,5 \u2013 65 \u00b0C<br \/><\/span><span class='bullet-line'>Provoz na baterii (baterie je sou\u010d\u00e1st\u00ed dod\u00e1vky)<\/span><\/div>\n<\/table>\n","protected":false},"excerpt":{"rendered":"<p>V\u00fdm\u011bnu prove\u010fte, kdy\u017e tlak klesne o 0,6 bar (za\u010d\u00e1tek \u010derven\u00e9ho pole)Mont\u00e1\u017e na horn\u00ed kryt filtruMax. provozn\u00ed tlak: 16 bar, teplotn\u00ed rozsah stla\u010den\u00e9ho vzduchu 1,5 \u2013 65 \u00b0CProvoz na baterii (baterie je sou\u010d\u00e1st\u00ed dod\u00e1vky)<\/p>\n","protected":false},"featured_media":9622,"comment_status":"open","ping_status":"open","template":"","meta":[],"product_brand":[],"product_cat":[45],"product_tag":[],"class_list":{"0":"post-9522","1":"product","2":"type-product","3":"status-publish","4":"has-post-thumbnail","6":"product_cat-naradi","8":"first","9":"instock","10":"sale","11":"shipping-taxable","12":"purchasable","13":"product-type-simple"},"yoast_head":"<!-- This site is optimized with the Yoast SEO plugin v26.8 - https:\/\/yoast.com\/product\/yoast-seo-wordpress\/ -->\n<title>Aircraft\u00ae Manometr rozd\u00edlu tlaku MDM 60 E s LED alarmem Pouze Dnes -<\/title>\n<meta name=\"robots\" content=\"index, follow, max-snippet:-1, max-image-preview:large, max-video-preview:-1\" \/>\n<link rel=\"canonical\" href=\"https:\/\/www.technodompro.com\/index.php\/produkt\/aircraft-r-manometr-rozdilu-tlaku-mdm-60-e-s-led-alarmem-pouze-dnes-9522\/\" \/>\n<meta property=\"og:locale\" content=\"cs_CZ\" \/>\n<meta property=\"og:type\" content=\"article\" \/>\n<meta property=\"og:title\" content=\"Aircraft\u00ae Manometr rozd\u00edlu tlaku MDM 60 E s LED alarmem Pouze Dnes -\" \/>\n<meta property=\"og:description\" content=\"V\u00fdm\u011bnu prove\u010fte, kdy\u017e tlak klesne o 0,6 bar (za\u010d\u00e1tek \u010derven\u00e9ho pole)Mont\u00e1\u017e na horn\u00ed kryt filtruMax. provozn\u00ed tlak: 16 bar, teplotn\u00ed rozsah stla\u010den\u00e9ho vzduchu 1,5 \u2013 65 \u00b0CProvoz na baterii (baterie je sou\u010d\u00e1st\u00ed dod\u00e1vky)\" \/>\n<meta property=\"og:url\" content=\"https:\/\/www.technodompro.com\/index.php\/produkt\/aircraft-r-manometr-rozdilu-tlaku-mdm-60-e-s-led-alarmem-pouze-dnes-9522\/\" \/>\n<meta property=\"og:image\" content=\"https:\/\/www.technodompro.com\/wp-content\/uploads\/2026\/SK0014656-CZ20260425-092328-0-1777080210-2053064-1.webp\" \/>\n\t<meta property=\"og:image:width\" content=\"500\" \/>\n\t<meta property=\"og:image:height\" content=\"522\" \/>\n\t<meta property=\"og:image:type\" content=\"image\/webp\" \/>\n<meta name=\"twitter:card\" content=\"summary_large_image\" \/>\n<script type=\"application\/ld+json\" class=\"yoast-schema-graph\">{\"@context\":\"https:\/\/schema.org\",\"@graph\":[{\"@type\":\"WebPage\",\"@id\":\"https:\/\/www.technodompro.com\/index.php\/produkt\/aircraft-r-manometr-rozdilu-tlaku-mdm-60-e-s-led-alarmem-pouze-dnes-9522\/\",\"url\":\"https:\/\/www.technodompro.com\/index.php\/produkt\/aircraft-r-manometr-rozdilu-tlaku-mdm-60-e-s-led-alarmem-pouze-dnes-9522\/\",\"name\":\"Aircraft\u00ae Manometr rozd\u00edlu tlaku MDM 60 E s LED alarmem Pouze Dnes -\",\"isPartOf\":{\"@id\":\"https:\/\/www.technodompro.com\/#website\"},\"primaryImageOfPage\":{\"@id\":\"https:\/\/www.technodompro.com\/index.php\/produkt\/aircraft-r-manometr-rozdilu-tlaku-mdm-60-e-s-led-alarmem-pouze-dnes-9522\/#primaryimage\"},\"image\":{\"@id\":\"https:\/\/www.technodompro.com\/index.php\/produkt\/aircraft-r-manometr-rozdilu-tlaku-mdm-60-e-s-led-alarmem-pouze-dnes-9522\/#primaryimage\"},\"thumbnailUrl\":\"https:\/\/www.technodompro.com\/wp-content\/uploads\/2026\/SK0014656-CZ20260425-092328-0-1777080210-2053064-1.webp\",\"datePublished\":\"2026-04-27T04:40:52+00:00\",\"breadcrumb\":{\"@id\":\"https:\/\/www.technodompro.com\/index.php\/produkt\/aircraft-r-manometr-rozdilu-tlaku-mdm-60-e-s-led-alarmem-pouze-dnes-9522\/#breadcrumb\"},\"inLanguage\":\"cs\",\"potentialAction\":[{\"@type\":\"ReadAction\",\"target\":[\"https:\/\/www.technodompro.com\/index.php\/produkt\/aircraft-r-manometr-rozdilu-tlaku-mdm-60-e-s-led-alarmem-pouze-dnes-9522\/\"]}]},{\"@type\":\"ImageObject\",\"inLanguage\":\"cs\",\"@id\":\"https:\/\/www.technodompro.com\/index.php\/produkt\/aircraft-r-manometr-rozdilu-tlaku-mdm-60-e-s-led-alarmem-pouze-dnes-9522\/#primaryimage\",\"url\":\"https:\/\/www.technodompro.com\/wp-content\/uploads\/2026\/SK0014656-CZ20260425-092328-0-1777080210-2053064-1.webp\",\"contentUrl\":\"https:\/\/www.technodompro.com\/wp-content\/uploads\/2026\/SK0014656-CZ20260425-092328-0-1777080210-2053064-1.webp\",\"width\":500,\"height\":522},{\"@type\":\"BreadcrumbList\",\"@id\":\"https:\/\/www.technodompro.com\/index.php\/produkt\/aircraft-r-manometr-rozdilu-tlaku-mdm-60-e-s-led-alarmem-pouze-dnes-9522\/#breadcrumb\",\"itemListElement\":[{\"@type\":\"ListItem\",\"position\":1,\"name\":\"Home\",\"item\":\"https:\/\/www.technodompro.com\/\"},{\"@type\":\"ListItem\",\"position\":2,\"name\":\"Products\",\"item\":\"https:\/\/www.technodompro.com\/index.php\/products\/\"},{\"@type\":\"ListItem\",\"position\":3,\"name\":\"Aircraft\u00ae Manometr rozd\u00edlu tlaku MDM 60 E s LED alarmem Pouze Dnes\"}]},{\"@type\":\"WebSite\",\"@id\":\"https:\/\/www.technodompro.com\/#website\",\"url\":\"https:\/\/www.technodompro.com\/\",\"name\":\"\",\"description\":\"\",\"potentialAction\":[{\"@type\":\"SearchAction\",\"target\":{\"@type\":\"EntryPoint\",\"urlTemplate\":\"https:\/\/www.technodompro.com\/?s={search_term_string}\"},\"query-input\":{\"@type\":\"PropertyValueSpecification\",\"valueRequired\":true,\"valueName\":\"search_term_string\"}}],\"inLanguage\":\"cs\"}]}<\/script>\n<!-- \/ Yoast SEO plugin. -->","yoast_head_json":{"title":"Aircraft\u00ae Manometr rozd\u00edlu tlaku MDM 60 E s LED alarmem Pouze Dnes -","robots":{"index":"index","follow":"follow","max-snippet":"max-snippet:-1","max-image-preview":"max-image-preview:large","max-video-preview":"max-video-preview:-1"},"canonical":"https:\/\/www.technodompro.com\/index.php\/produkt\/aircraft-r-manometr-rozdilu-tlaku-mdm-60-e-s-led-alarmem-pouze-dnes-9522\/","og_locale":"cs_CZ","og_type":"article","og_title":"Aircraft\u00ae Manometr rozd\u00edlu tlaku MDM 60 E s LED alarmem Pouze Dnes -","og_description":"V\u00fdm\u011bnu prove\u010fte, kdy\u017e tlak klesne o 0,6 bar (za\u010d\u00e1tek \u010derven\u00e9ho pole)Mont\u00e1\u017e na horn\u00ed kryt filtruMax. provozn\u00ed tlak: 16 bar, teplotn\u00ed rozsah stla\u010den\u00e9ho vzduchu 1,5 \u2013 65 \u00b0CProvoz na baterii (baterie je sou\u010d\u00e1st\u00ed dod\u00e1vky)","og_url":"https:\/\/www.technodompro.com\/index.php\/produkt\/aircraft-r-manometr-rozdilu-tlaku-mdm-60-e-s-led-alarmem-pouze-dnes-9522\/","og_image":[{"width":500,"height":522,"url":"https:\/\/www.technodompro.com\/wp-content\/uploads\/2026\/SK0014656-CZ20260425-092328-0-1777080210-2053064-1.webp","type":"image\/webp"}],"twitter_card":"summary_large_image","schema":{"@context":"https:\/\/schema.org","@graph":[{"@type":"WebPage","@id":"https:\/\/www.technodompro.com\/index.php\/produkt\/aircraft-r-manometr-rozdilu-tlaku-mdm-60-e-s-led-alarmem-pouze-dnes-9522\/","url":"https:\/\/www.technodompro.com\/index.php\/produkt\/aircraft-r-manometr-rozdilu-tlaku-mdm-60-e-s-led-alarmem-pouze-dnes-9522\/","name":"Aircraft\u00ae Manometr rozd\u00edlu tlaku MDM 60 E s LED alarmem Pouze Dnes -","isPartOf":{"@id":"https:\/\/www.technodompro.com\/#website"},"primaryImageOfPage":{"@id":"https:\/\/www.technodompro.com\/index.php\/produkt\/aircraft-r-manometr-rozdilu-tlaku-mdm-60-e-s-led-alarmem-pouze-dnes-9522\/#primaryimage"},"image":{"@id":"https:\/\/www.technodompro.com\/index.php\/produkt\/aircraft-r-manometr-rozdilu-tlaku-mdm-60-e-s-led-alarmem-pouze-dnes-9522\/#primaryimage"},"thumbnailUrl":"https:\/\/www.technodompro.com\/wp-content\/uploads\/2026\/SK0014656-CZ20260425-092328-0-1777080210-2053064-1.webp","datePublished":"2026-04-27T04:40:52+00:00","breadcrumb":{"@id":"https:\/\/www.technodompro.com\/index.php\/produkt\/aircraft-r-manometr-rozdilu-tlaku-mdm-60-e-s-led-alarmem-pouze-dnes-9522\/#breadcrumb"},"inLanguage":"cs","potentialAction":[{"@type":"ReadAction","target":["https:\/\/www.technodompro.com\/index.php\/produkt\/aircraft-r-manometr-rozdilu-tlaku-mdm-60-e-s-led-alarmem-pouze-dnes-9522\/"]}]},{"@type":"ImageObject","inLanguage":"cs","@id":"https:\/\/www.technodompro.com\/index.php\/produkt\/aircraft-r-manometr-rozdilu-tlaku-mdm-60-e-s-led-alarmem-pouze-dnes-9522\/#primaryimage","url":"https:\/\/www.technodompro.com\/wp-content\/uploads\/2026\/SK0014656-CZ20260425-092328-0-1777080210-2053064-1.webp","contentUrl":"https:\/\/www.technodompro.com\/wp-content\/uploads\/2026\/SK0014656-CZ20260425-092328-0-1777080210-2053064-1.webp","width":500,"height":522},{"@type":"BreadcrumbList","@id":"https:\/\/www.technodompro.com\/index.php\/produkt\/aircraft-r-manometr-rozdilu-tlaku-mdm-60-e-s-led-alarmem-pouze-dnes-9522\/#breadcrumb","itemListElement":[{"@type":"ListItem","position":1,"name":"Home","item":"https:\/\/www.technodompro.com\/"},{"@type":"ListItem","position":2,"name":"Products","item":"https:\/\/www.technodompro.com\/index.php\/products\/"},{"@type":"ListItem","position":3,"name":"Aircraft\u00ae Manometr rozd\u00edlu tlaku MDM 60 E s LED alarmem Pouze Dnes"}]},{"@type":"WebSite","@id":"https:\/\/www.technodompro.com\/#website","url":"https:\/\/www.technodompro.com\/","name":"","description":"","potentialAction":[{"@type":"SearchAction","target":{"@type":"EntryPoint","urlTemplate":"https:\/\/www.technodompro.com\/?s={search_term_string}"},"query-input":{"@type":"PropertyValueSpecification","valueRequired":true,"valueName":"search_term_string"}}],"inLanguage":"cs"}]}},"_links":{"self":[{"href":"https:\/\/www.technodompro.com\/index.php\/wp-json\/wp\/v2\/product\/9522","targetHints":{"allow":["GET"]}}],"collection":[{"href":"https:\/\/www.technodompro.com\/index.php\/wp-json\/wp\/v2\/product"}],"about":[{"href":"https:\/\/www.technodompro.com\/index.php\/wp-json\/wp\/v2\/types\/product"}],"replies":[{"embeddable":true,"href":"https:\/\/www.technodompro.com\/index.php\/wp-json\/wp\/v2\/comments?post=9522"}],"wp:featuredmedia":[{"embeddable":true,"href":"https:\/\/www.technodompro.com\/index.php\/wp-json\/wp\/v2\/media\/9622"}],"wp:attachment":[{"href":"https:\/\/www.technodompro.com\/index.php\/wp-json\/wp\/v2\/media?parent=9522"}],"wp:term":[{"taxonomy":"product_brand","embeddable":true,"href":"https:\/\/www.technodompro.com\/index.php\/wp-json\/wp\/v2\/product_brand?post=9522"},{"taxonomy":"product_cat","embeddable":true,"href":"https:\/\/www.technodompro.com\/index.php\/wp-json\/wp\/v2\/product_cat?post=9522"},{"taxonomy":"product_tag","embeddable":true,"href":"https:\/\/www.technodompro.com\/index.php\/wp-json\/wp\/v2\/product_tag?post=9522"}],"curies":[{"name":"wp","href":"https:\/\/api.w.org\/{rel}","templated":true}]}}