{"id":9551,"date":"2026-04-27T04:40:52","date_gmt":"2026-04-27T04:40:52","guid":{"rendered":""},"modified":"2026-04-27T04:40:52","modified_gmt":"2026-04-27T04:40:52","slug":"aircraft-r-trubka-na-stlaceny-vzduch-hlinik-25-mm-28-mm-6-m-primo-od-vyrobce-9551","status":"publish","type":"product","link":"https:\/\/www.technodompro.com\/index.php\/produkt\/aircraft-r-trubka-na-stlaceny-vzduch-hlinik-25-mm-28-mm-6-m-primo-od-vyrobce-9551\/","title":{"rendered":"Aircraft\u00ae Trubka na stla\u010den\u00fd vzduch (hlin\u00edk) 25 mm \/ 28 mm &#8211; 6 m P\u0159\u00edmo Od V\u00fdrobce"},"content":{"rendered":"<table>\n<div class=\"tab-pane active product-description\" id=\"popis\" role=\"tabpanel\">\n<div class=\"short-description\" itemprop=\"description\"><\/div>\n<div class=\"description\"><span class='bullet-line'>AIRCRAFT &#038;reg\u2022 hlin\u00edkov\u00e9 trubky jsou vyrobeny z hlin\u00edkov\u00e9 slitiny (v d\u00e9lk\u00e1ch 6&#038;nbsp\u2022m s&#038;nbsp\u2022povrchovou \u00fapravou, kter\u00e1 zabra\u0148uje korozi a z\u00e1rove\u0148 izoluje)<br \/><\/span><span class='bullet-line'>Trubky m\u016f\u017eete pou\u017e\u00edt pro stla\u010den\u00fd vzduch nebo vakuum D\u00e9lka trubky 6 m<\/span><\/div>\n<div class=\"parameters\">\n<tr>\n<td>Max. provozn\u00ed tlak<\/td>\n<td>15 bar<\/td>\n<\/tr>\n<tr>\n<td>Vnit\u0159n\u00ed pr\u016fm\u011br<\/td>\n<td>25 mm<\/td>\n<\/tr>\n<tr>\n<td>Vn\u011bj\u0161\u00ed pr\u016fm\u011br<\/td>\n<td>28 mm<\/td>\n<\/tr>\n<tr>\n<td>Tlou\u0161\u0165ka st\u011bny<\/td>\n<td>1.5 mm<\/td>\n<\/tr>\n<tr>\n<td>D\u00e9lka<\/td>\n<td>6 m<\/td>\n<\/tr><\/div>\n<\/table>\n","protected":false},"excerpt":{"rendered":"<p>AIRCRAFT &#038;reg\u2022 hlin\u00edkov\u00e9 trubky jsou vyrobeny z hlin\u00edkov\u00e9 slitiny (v d\u00e9lk\u00e1ch 6&#038;nbsp\u2022m s&#038;nbsp\u2022povrchovou \u00fapravou, kter\u00e1 zabra\u0148uje korozi a z\u00e1rove\u0148 izoluje)Trubky m\u016f\u017eete pou\u017e\u00edt pro stla\u010den\u00fd vzduch nebo vakuum D\u00e9lka trubky 6 m Max. provozn\u00ed tlak 15 bar Vnit\u0159n\u00ed pr\u016fm\u011br 25 mm Vn\u011bj\u0161\u00ed pr\u016fm\u011br 28 mm Tlou\u0161\u0165ka st\u011bny 1.5 mm D\u00e9lka 6 m<\/p>\n","protected":false},"featured_media":9651,"comment_status":"open","ping_status":"open","template":"","meta":[],"product_brand":[],"product_cat":[45],"product_tag":[],"class_list":{"0":"post-9551","1":"product","2":"type-product","3":"status-publish","4":"has-post-thumbnail","6":"product_cat-naradi","8":"first","9":"instock","10":"sale","11":"shipping-taxable","12":"purchasable","13":"product-type-simple"},"yoast_head":"<!-- This site is optimized with the Yoast SEO plugin v26.8 - https:\/\/yoast.com\/product\/yoast-seo-wordpress\/ -->\n<title>Aircraft\u00ae Trubka na stla\u010den\u00fd vzduch (hlin\u00edk) 25 mm \/ 28 mm - 6 m P\u0159\u00edmo Od V\u00fdrobce -<\/title>\n<meta name=\"robots\" content=\"index, follow, max-snippet:-1, max-image-preview:large, max-video-preview:-1\" \/>\n<link rel=\"canonical\" href=\"https:\/\/www.technodompro.com\/index.php\/produkt\/aircraft-r-trubka-na-stlaceny-vzduch-hlinik-25-mm-28-mm-6-m-primo-od-vyrobce-9551\/\" \/>\n<meta property=\"og:locale\" content=\"cs_CZ\" \/>\n<meta property=\"og:type\" content=\"article\" \/>\n<meta property=\"og:title\" content=\"Aircraft\u00ae Trubka na stla\u010den\u00fd vzduch (hlin\u00edk) 25 mm \/ 28 mm - 6 m P\u0159\u00edmo Od V\u00fdrobce -\" \/>\n<meta property=\"og:description\" content=\"AIRCRAFT &#038;reg\u2022 hlin\u00edkov\u00e9 trubky jsou vyrobeny z hlin\u00edkov\u00e9 slitiny (v d\u00e9lk\u00e1ch 6&#038;nbsp\u2022m s&#038;nbsp\u2022povrchovou \u00fapravou, kter\u00e1 zabra\u0148uje korozi a z\u00e1rove\u0148 izoluje)Trubky m\u016f\u017eete pou\u017e\u00edt pro stla\u010den\u00fd vzduch nebo vakuum D\u00e9lka trubky 6 m Max. provozn\u00ed tlak 15 bar Vnit\u0159n\u00ed pr\u016fm\u011br 25 mm Vn\u011bj\u0161\u00ed pr\u016fm\u011br 28 mm Tlou\u0161\u0165ka st\u011bny 1.5 mm D\u00e9lka 6 m\" \/>\n<meta property=\"og:url\" content=\"https:\/\/www.technodompro.com\/index.php\/produkt\/aircraft-r-trubka-na-stlaceny-vzduch-hlinik-25-mm-28-mm-6-m-primo-od-vyrobce-9551\/\" \/>\n<meta property=\"og:image\" content=\"https:\/\/www.technodompro.com\/wp-content\/uploads\/2026\/SK0014685-CZ20260425-092328-0-1777080210-2151915-1.webp\" \/>\n\t<meta property=\"og:image:width\" content=\"500\" \/>\n\t<meta property=\"og:image:height\" content=\"447\" \/>\n\t<meta property=\"og:image:type\" content=\"image\/webp\" \/>\n<meta name=\"twitter:card\" content=\"summary_large_image\" \/>\n<script type=\"application\/ld+json\" class=\"yoast-schema-graph\">{\"@context\":\"https:\/\/schema.org\",\"@graph\":[{\"@type\":\"WebPage\",\"@id\":\"https:\/\/www.technodompro.com\/index.php\/produkt\/aircraft-r-trubka-na-stlaceny-vzduch-hlinik-25-mm-28-mm-6-m-primo-od-vyrobce-9551\/\",\"url\":\"https:\/\/www.technodompro.com\/index.php\/produkt\/aircraft-r-trubka-na-stlaceny-vzduch-hlinik-25-mm-28-mm-6-m-primo-od-vyrobce-9551\/\",\"name\":\"Aircraft\u00ae Trubka na stla\u010den\u00fd vzduch (hlin\u00edk) 25 mm \/ 28 mm - 6 m P\u0159\u00edmo Od V\u00fdrobce -\",\"isPartOf\":{\"@id\":\"https:\/\/www.technodompro.com\/#website\"},\"primaryImageOfPage\":{\"@id\":\"https:\/\/www.technodompro.com\/index.php\/produkt\/aircraft-r-trubka-na-stlaceny-vzduch-hlinik-25-mm-28-mm-6-m-primo-od-vyrobce-9551\/#primaryimage\"},\"image\":{\"@id\":\"https:\/\/www.technodompro.com\/index.php\/produkt\/aircraft-r-trubka-na-stlaceny-vzduch-hlinik-25-mm-28-mm-6-m-primo-od-vyrobce-9551\/#primaryimage\"},\"thumbnailUrl\":\"https:\/\/www.technodompro.com\/wp-content\/uploads\/2026\/SK0014685-CZ20260425-092328-0-1777080210-2151915-1.webp\",\"datePublished\":\"2026-04-27T04:40:52+00:00\",\"breadcrumb\":{\"@id\":\"https:\/\/www.technodompro.com\/index.php\/produkt\/aircraft-r-trubka-na-stlaceny-vzduch-hlinik-25-mm-28-mm-6-m-primo-od-vyrobce-9551\/#breadcrumb\"},\"inLanguage\":\"cs\",\"potentialAction\":[{\"@type\":\"ReadAction\",\"target\":[\"https:\/\/www.technodompro.com\/index.php\/produkt\/aircraft-r-trubka-na-stlaceny-vzduch-hlinik-25-mm-28-mm-6-m-primo-od-vyrobce-9551\/\"]}]},{\"@type\":\"ImageObject\",\"inLanguage\":\"cs\",\"@id\":\"https:\/\/www.technodompro.com\/index.php\/produkt\/aircraft-r-trubka-na-stlaceny-vzduch-hlinik-25-mm-28-mm-6-m-primo-od-vyrobce-9551\/#primaryimage\",\"url\":\"https:\/\/www.technodompro.com\/wp-content\/uploads\/2026\/SK0014685-CZ20260425-092328-0-1777080210-2151915-1.webp\",\"contentUrl\":\"https:\/\/www.technodompro.com\/wp-content\/uploads\/2026\/SK0014685-CZ20260425-092328-0-1777080210-2151915-1.webp\",\"width\":500,\"height\":447},{\"@type\":\"BreadcrumbList\",\"@id\":\"https:\/\/www.technodompro.com\/index.php\/produkt\/aircraft-r-trubka-na-stlaceny-vzduch-hlinik-25-mm-28-mm-6-m-primo-od-vyrobce-9551\/#breadcrumb\",\"itemListElement\":[{\"@type\":\"ListItem\",\"position\":1,\"name\":\"Home\",\"item\":\"https:\/\/www.technodompro.com\/\"},{\"@type\":\"ListItem\",\"position\":2,\"name\":\"Products\",\"item\":\"https:\/\/www.technodompro.com\/index.php\/products\/\"},{\"@type\":\"ListItem\",\"position\":3,\"name\":\"Aircraft\u00ae Trubka na stla\u010den\u00fd vzduch (hlin\u00edk) 25 mm \/ 28 mm &#8211; 6 m P\u0159\u00edmo Od V\u00fdrobce\"}]},{\"@type\":\"WebSite\",\"@id\":\"https:\/\/www.technodompro.com\/#website\",\"url\":\"https:\/\/www.technodompro.com\/\",\"name\":\"\",\"description\":\"\",\"potentialAction\":[{\"@type\":\"SearchAction\",\"target\":{\"@type\":\"EntryPoint\",\"urlTemplate\":\"https:\/\/www.technodompro.com\/?s={search_term_string}\"},\"query-input\":{\"@type\":\"PropertyValueSpecification\",\"valueRequired\":true,\"valueName\":\"search_term_string\"}}],\"inLanguage\":\"cs\"}]}<\/script>\n<!-- \/ Yoast SEO plugin. -->","yoast_head_json":{"title":"Aircraft\u00ae Trubka na stla\u010den\u00fd vzduch (hlin\u00edk) 25 mm \/ 28 mm - 6 m P\u0159\u00edmo Od V\u00fdrobce -","robots":{"index":"index","follow":"follow","max-snippet":"max-snippet:-1","max-image-preview":"max-image-preview:large","max-video-preview":"max-video-preview:-1"},"canonical":"https:\/\/www.technodompro.com\/index.php\/produkt\/aircraft-r-trubka-na-stlaceny-vzduch-hlinik-25-mm-28-mm-6-m-primo-od-vyrobce-9551\/","og_locale":"cs_CZ","og_type":"article","og_title":"Aircraft\u00ae Trubka na stla\u010den\u00fd vzduch (hlin\u00edk) 25 mm \/ 28 mm - 6 m P\u0159\u00edmo Od V\u00fdrobce -","og_description":"AIRCRAFT &#038;reg\u2022 hlin\u00edkov\u00e9 trubky jsou vyrobeny z hlin\u00edkov\u00e9 slitiny (v d\u00e9lk\u00e1ch 6&#038;nbsp\u2022m s&#038;nbsp\u2022povrchovou \u00fapravou, kter\u00e1 zabra\u0148uje korozi a z\u00e1rove\u0148 izoluje)Trubky m\u016f\u017eete pou\u017e\u00edt pro stla\u010den\u00fd vzduch nebo vakuum D\u00e9lka trubky 6 m Max. provozn\u00ed tlak 15 bar Vnit\u0159n\u00ed pr\u016fm\u011br 25 mm Vn\u011bj\u0161\u00ed pr\u016fm\u011br 28 mm Tlou\u0161\u0165ka st\u011bny 1.5 mm D\u00e9lka 6 m","og_url":"https:\/\/www.technodompro.com\/index.php\/produkt\/aircraft-r-trubka-na-stlaceny-vzduch-hlinik-25-mm-28-mm-6-m-primo-od-vyrobce-9551\/","og_image":[{"width":500,"height":447,"url":"https:\/\/www.technodompro.com\/wp-content\/uploads\/2026\/SK0014685-CZ20260425-092328-0-1777080210-2151915-1.webp","type":"image\/webp"}],"twitter_card":"summary_large_image","schema":{"@context":"https:\/\/schema.org","@graph":[{"@type":"WebPage","@id":"https:\/\/www.technodompro.com\/index.php\/produkt\/aircraft-r-trubka-na-stlaceny-vzduch-hlinik-25-mm-28-mm-6-m-primo-od-vyrobce-9551\/","url":"https:\/\/www.technodompro.com\/index.php\/produkt\/aircraft-r-trubka-na-stlaceny-vzduch-hlinik-25-mm-28-mm-6-m-primo-od-vyrobce-9551\/","name":"Aircraft\u00ae Trubka na stla\u010den\u00fd vzduch (hlin\u00edk) 25 mm \/ 28 mm - 6 m P\u0159\u00edmo Od V\u00fdrobce -","isPartOf":{"@id":"https:\/\/www.technodompro.com\/#website"},"primaryImageOfPage":{"@id":"https:\/\/www.technodompro.com\/index.php\/produkt\/aircraft-r-trubka-na-stlaceny-vzduch-hlinik-25-mm-28-mm-6-m-primo-od-vyrobce-9551\/#primaryimage"},"image":{"@id":"https:\/\/www.technodompro.com\/index.php\/produkt\/aircraft-r-trubka-na-stlaceny-vzduch-hlinik-25-mm-28-mm-6-m-primo-od-vyrobce-9551\/#primaryimage"},"thumbnailUrl":"https:\/\/www.technodompro.com\/wp-content\/uploads\/2026\/SK0014685-CZ20260425-092328-0-1777080210-2151915-1.webp","datePublished":"2026-04-27T04:40:52+00:00","breadcrumb":{"@id":"https:\/\/www.technodompro.com\/index.php\/produkt\/aircraft-r-trubka-na-stlaceny-vzduch-hlinik-25-mm-28-mm-6-m-primo-od-vyrobce-9551\/#breadcrumb"},"inLanguage":"cs","potentialAction":[{"@type":"ReadAction","target":["https:\/\/www.technodompro.com\/index.php\/produkt\/aircraft-r-trubka-na-stlaceny-vzduch-hlinik-25-mm-28-mm-6-m-primo-od-vyrobce-9551\/"]}]},{"@type":"ImageObject","inLanguage":"cs","@id":"https:\/\/www.technodompro.com\/index.php\/produkt\/aircraft-r-trubka-na-stlaceny-vzduch-hlinik-25-mm-28-mm-6-m-primo-od-vyrobce-9551\/#primaryimage","url":"https:\/\/www.technodompro.com\/wp-content\/uploads\/2026\/SK0014685-CZ20260425-092328-0-1777080210-2151915-1.webp","contentUrl":"https:\/\/www.technodompro.com\/wp-content\/uploads\/2026\/SK0014685-CZ20260425-092328-0-1777080210-2151915-1.webp","width":500,"height":447},{"@type":"BreadcrumbList","@id":"https:\/\/www.technodompro.com\/index.php\/produkt\/aircraft-r-trubka-na-stlaceny-vzduch-hlinik-25-mm-28-mm-6-m-primo-od-vyrobce-9551\/#breadcrumb","itemListElement":[{"@type":"ListItem","position":1,"name":"Home","item":"https:\/\/www.technodompro.com\/"},{"@type":"ListItem","position":2,"name":"Products","item":"https:\/\/www.technodompro.com\/index.php\/products\/"},{"@type":"ListItem","position":3,"name":"Aircraft\u00ae Trubka na stla\u010den\u00fd vzduch (hlin\u00edk) 25 mm \/ 28 mm &#8211; 6 m P\u0159\u00edmo Od V\u00fdrobce"}]},{"@type":"WebSite","@id":"https:\/\/www.technodompro.com\/#website","url":"https:\/\/www.technodompro.com\/","name":"","description":"","potentialAction":[{"@type":"SearchAction","target":{"@type":"EntryPoint","urlTemplate":"https:\/\/www.technodompro.com\/?s={search_term_string}"},"query-input":{"@type":"PropertyValueSpecification","valueRequired":true,"valueName":"search_term_string"}}],"inLanguage":"cs"}]}},"_links":{"self":[{"href":"https:\/\/www.technodompro.com\/index.php\/wp-json\/wp\/v2\/product\/9551","targetHints":{"allow":["GET"]}}],"collection":[{"href":"https:\/\/www.technodompro.com\/index.php\/wp-json\/wp\/v2\/product"}],"about":[{"href":"https:\/\/www.technodompro.com\/index.php\/wp-json\/wp\/v2\/types\/product"}],"replies":[{"embeddable":true,"href":"https:\/\/www.technodompro.com\/index.php\/wp-json\/wp\/v2\/comments?post=9551"}],"wp:featuredmedia":[{"embeddable":true,"href":"https:\/\/www.technodompro.com\/index.php\/wp-json\/wp\/v2\/media\/9651"}],"wp:attachment":[{"href":"https:\/\/www.technodompro.com\/index.php\/wp-json\/wp\/v2\/media?parent=9551"}],"wp:term":[{"taxonomy":"product_brand","embeddable":true,"href":"https:\/\/www.technodompro.com\/index.php\/wp-json\/wp\/v2\/product_brand?post=9551"},{"taxonomy":"product_cat","embeddable":true,"href":"https:\/\/www.technodompro.com\/index.php\/wp-json\/wp\/v2\/product_cat?post=9551"},{"taxonomy":"product_tag","embeddable":true,"href":"https:\/\/www.technodompro.com\/index.php\/wp-json\/wp\/v2\/product_tag?post=9551"}],"curies":[{"name":"wp","href":"https:\/\/api.w.org\/{rel}","templated":true}]}}