{"id":9553,"date":"2026-04-27T04:40:52","date_gmt":"2026-04-27T04:40:52","guid":{"rendered":""},"modified":"2026-04-27T04:40:52","modified_gmt":"2026-04-27T04:40:52","slug":"bow-tvarovaci-pripravek-na-spiraly-tp-011-omezena-nabidka-9553","status":"publish","type":"product","link":"https:\/\/www.technodompro.com\/index.php\/produkt\/bow-tvarovaci-pripravek-na-spiraly-tp-011-omezena-nabidka-9553\/","title":{"rendered":"BOW Tvarovac\u00ed p\u0159\u00edpravek na spir\u00e1ly TP 011 Omezen\u00e1 Nab\u00eddka"},"content":{"rendered":"<table>\n<div class=\"tab-pane active product-description\" id=\"popis\" role=\"tabpanel\">\n<div class=\"short-description\" itemprop=\"description\"><\/div>\n<div class=\"description\">\u25bc Obsah balen\u00ed \u25bc<span class='bullet-line'>Sou\u010d\u00e1st\u00ed dod\u00e1vky je  tvarovac\u00ed p\u0159\u00edpravek na spir\u00e1ly model 011<\/span><\/div>\n<div class=\"parameters\">\n<tr>\n<td>Max. rozm\u011bry materi\u00e1lu<\/td>\n<td>Kulatina: \u00d8 5 mmmm<\/td>\n<\/tr>\n<tr>\n<td>Hmotnost<\/td>\n<td>3 kg<\/td>\n<\/tr><\/div>\n<\/table>\n","protected":false},"excerpt":{"rendered":"<p>\u25bc Obsah balen\u00ed \u25bcSou\u010d\u00e1st\u00ed dod\u00e1vky je tvarovac\u00ed p\u0159\u00edpravek na spir\u00e1ly model 011 Max. rozm\u011bry materi\u00e1lu Kulatina: \u00d8 5 mmmm Hmotnost 3 kg<\/p>\n","protected":false},"featured_media":9653,"comment_status":"open","ping_status":"open","template":"","meta":[],"product_brand":[],"product_cat":[46],"product_tag":[],"class_list":{"0":"post-9553","1":"product","2":"type-product","3":"status-publish","4":"has-post-thumbnail","6":"product_cat-dilna","8":"first","9":"instock","10":"sale","11":"shipping-taxable","12":"purchasable","13":"product-type-simple"},"yoast_head":"<!-- This site is optimized with the Yoast SEO plugin v26.8 - https:\/\/yoast.com\/product\/yoast-seo-wordpress\/ -->\n<title>BOW Tvarovac\u00ed p\u0159\u00edpravek na spir\u00e1ly TP 011 Omezen\u00e1 Nab\u00eddka -<\/title>\n<meta name=\"robots\" content=\"index, follow, max-snippet:-1, max-image-preview:large, max-video-preview:-1\" \/>\n<link rel=\"canonical\" href=\"https:\/\/www.technodompro.com\/index.php\/produkt\/bow-tvarovaci-pripravek-na-spiraly-tp-011-omezena-nabidka-9553\/\" \/>\n<meta property=\"og:locale\" content=\"cs_CZ\" \/>\n<meta property=\"og:type\" content=\"article\" \/>\n<meta property=\"og:title\" content=\"BOW Tvarovac\u00ed p\u0159\u00edpravek na spir\u00e1ly TP 011 Omezen\u00e1 Nab\u00eddka -\" \/>\n<meta property=\"og:description\" content=\"\u25bc Obsah balen\u00ed \u25bcSou\u010d\u00e1st\u00ed dod\u00e1vky je tvarovac\u00ed p\u0159\u00edpravek na spir\u00e1ly model 011 Max. rozm\u011bry materi\u00e1lu Kulatina: \u00d8 5 mmmm Hmotnost 3 kg\" \/>\n<meta property=\"og:url\" content=\"https:\/\/www.technodompro.com\/index.php\/produkt\/bow-tvarovaci-pripravek-na-spiraly-tp-011-omezena-nabidka-9553\/\" \/>\n<meta property=\"og:image\" content=\"https:\/\/www.technodompro.com\/wp-content\/uploads\/2026\/SK0014687-CZ20260425-092328-0-1777080210-202459-1_083118.webp\" \/>\n\t<meta property=\"og:image:width\" content=\"471\" \/>\n\t<meta property=\"og:image:height\" content=\"500\" \/>\n\t<meta property=\"og:image:type\" content=\"image\/webp\" \/>\n<meta name=\"twitter:card\" content=\"summary_large_image\" \/>\n<script type=\"application\/ld+json\" class=\"yoast-schema-graph\">{\"@context\":\"https:\/\/schema.org\",\"@graph\":[{\"@type\":\"WebPage\",\"@id\":\"https:\/\/www.technodompro.com\/index.php\/produkt\/bow-tvarovaci-pripravek-na-spiraly-tp-011-omezena-nabidka-9553\/\",\"url\":\"https:\/\/www.technodompro.com\/index.php\/produkt\/bow-tvarovaci-pripravek-na-spiraly-tp-011-omezena-nabidka-9553\/\",\"name\":\"BOW Tvarovac\u00ed p\u0159\u00edpravek na spir\u00e1ly TP 011 Omezen\u00e1 Nab\u00eddka -\",\"isPartOf\":{\"@id\":\"https:\/\/www.technodompro.com\/#website\"},\"primaryImageOfPage\":{\"@id\":\"https:\/\/www.technodompro.com\/index.php\/produkt\/bow-tvarovaci-pripravek-na-spiraly-tp-011-omezena-nabidka-9553\/#primaryimage\"},\"image\":{\"@id\":\"https:\/\/www.technodompro.com\/index.php\/produkt\/bow-tvarovaci-pripravek-na-spiraly-tp-011-omezena-nabidka-9553\/#primaryimage\"},\"thumbnailUrl\":\"https:\/\/www.technodompro.com\/wp-content\/uploads\/2026\/SK0014687-CZ20260425-092328-0-1777080210-202459-1_083118.webp\",\"datePublished\":\"2026-04-27T04:40:52+00:00\",\"breadcrumb\":{\"@id\":\"https:\/\/www.technodompro.com\/index.php\/produkt\/bow-tvarovaci-pripravek-na-spiraly-tp-011-omezena-nabidka-9553\/#breadcrumb\"},\"inLanguage\":\"cs\",\"potentialAction\":[{\"@type\":\"ReadAction\",\"target\":[\"https:\/\/www.technodompro.com\/index.php\/produkt\/bow-tvarovaci-pripravek-na-spiraly-tp-011-omezena-nabidka-9553\/\"]}]},{\"@type\":\"ImageObject\",\"inLanguage\":\"cs\",\"@id\":\"https:\/\/www.technodompro.com\/index.php\/produkt\/bow-tvarovaci-pripravek-na-spiraly-tp-011-omezena-nabidka-9553\/#primaryimage\",\"url\":\"https:\/\/www.technodompro.com\/wp-content\/uploads\/2026\/SK0014687-CZ20260425-092328-0-1777080210-202459-1_083118.webp\",\"contentUrl\":\"https:\/\/www.technodompro.com\/wp-content\/uploads\/2026\/SK0014687-CZ20260425-092328-0-1777080210-202459-1_083118.webp\",\"width\":471,\"height\":500},{\"@type\":\"BreadcrumbList\",\"@id\":\"https:\/\/www.technodompro.com\/index.php\/produkt\/bow-tvarovaci-pripravek-na-spiraly-tp-011-omezena-nabidka-9553\/#breadcrumb\",\"itemListElement\":[{\"@type\":\"ListItem\",\"position\":1,\"name\":\"Home\",\"item\":\"https:\/\/www.technodompro.com\/\"},{\"@type\":\"ListItem\",\"position\":2,\"name\":\"Products\",\"item\":\"https:\/\/www.technodompro.com\/index.php\/products\/\"},{\"@type\":\"ListItem\",\"position\":3,\"name\":\"BOW Tvarovac\u00ed p\u0159\u00edpravek na spir\u00e1ly TP 011 Omezen\u00e1 Nab\u00eddka\"}]},{\"@type\":\"WebSite\",\"@id\":\"https:\/\/www.technodompro.com\/#website\",\"url\":\"https:\/\/www.technodompro.com\/\",\"name\":\"\",\"description\":\"\",\"potentialAction\":[{\"@type\":\"SearchAction\",\"target\":{\"@type\":\"EntryPoint\",\"urlTemplate\":\"https:\/\/www.technodompro.com\/?s={search_term_string}\"},\"query-input\":{\"@type\":\"PropertyValueSpecification\",\"valueRequired\":true,\"valueName\":\"search_term_string\"}}],\"inLanguage\":\"cs\"}]}<\/script>\n<!-- \/ Yoast SEO plugin. -->","yoast_head_json":{"title":"BOW Tvarovac\u00ed p\u0159\u00edpravek na spir\u00e1ly TP 011 Omezen\u00e1 Nab\u00eddka -","robots":{"index":"index","follow":"follow","max-snippet":"max-snippet:-1","max-image-preview":"max-image-preview:large","max-video-preview":"max-video-preview:-1"},"canonical":"https:\/\/www.technodompro.com\/index.php\/produkt\/bow-tvarovaci-pripravek-na-spiraly-tp-011-omezena-nabidka-9553\/","og_locale":"cs_CZ","og_type":"article","og_title":"BOW Tvarovac\u00ed p\u0159\u00edpravek na spir\u00e1ly TP 011 Omezen\u00e1 Nab\u00eddka -","og_description":"\u25bc Obsah balen\u00ed \u25bcSou\u010d\u00e1st\u00ed dod\u00e1vky je tvarovac\u00ed p\u0159\u00edpravek na spir\u00e1ly model 011 Max. rozm\u011bry materi\u00e1lu Kulatina: \u00d8 5 mmmm Hmotnost 3 kg","og_url":"https:\/\/www.technodompro.com\/index.php\/produkt\/bow-tvarovaci-pripravek-na-spiraly-tp-011-omezena-nabidka-9553\/","og_image":[{"width":471,"height":500,"url":"https:\/\/www.technodompro.com\/wp-content\/uploads\/2026\/SK0014687-CZ20260425-092328-0-1777080210-202459-1_083118.webp","type":"image\/webp"}],"twitter_card":"summary_large_image","schema":{"@context":"https:\/\/schema.org","@graph":[{"@type":"WebPage","@id":"https:\/\/www.technodompro.com\/index.php\/produkt\/bow-tvarovaci-pripravek-na-spiraly-tp-011-omezena-nabidka-9553\/","url":"https:\/\/www.technodompro.com\/index.php\/produkt\/bow-tvarovaci-pripravek-na-spiraly-tp-011-omezena-nabidka-9553\/","name":"BOW Tvarovac\u00ed p\u0159\u00edpravek na spir\u00e1ly TP 011 Omezen\u00e1 Nab\u00eddka -","isPartOf":{"@id":"https:\/\/www.technodompro.com\/#website"},"primaryImageOfPage":{"@id":"https:\/\/www.technodompro.com\/index.php\/produkt\/bow-tvarovaci-pripravek-na-spiraly-tp-011-omezena-nabidka-9553\/#primaryimage"},"image":{"@id":"https:\/\/www.technodompro.com\/index.php\/produkt\/bow-tvarovaci-pripravek-na-spiraly-tp-011-omezena-nabidka-9553\/#primaryimage"},"thumbnailUrl":"https:\/\/www.technodompro.com\/wp-content\/uploads\/2026\/SK0014687-CZ20260425-092328-0-1777080210-202459-1_083118.webp","datePublished":"2026-04-27T04:40:52+00:00","breadcrumb":{"@id":"https:\/\/www.technodompro.com\/index.php\/produkt\/bow-tvarovaci-pripravek-na-spiraly-tp-011-omezena-nabidka-9553\/#breadcrumb"},"inLanguage":"cs","potentialAction":[{"@type":"ReadAction","target":["https:\/\/www.technodompro.com\/index.php\/produkt\/bow-tvarovaci-pripravek-na-spiraly-tp-011-omezena-nabidka-9553\/"]}]},{"@type":"ImageObject","inLanguage":"cs","@id":"https:\/\/www.technodompro.com\/index.php\/produkt\/bow-tvarovaci-pripravek-na-spiraly-tp-011-omezena-nabidka-9553\/#primaryimage","url":"https:\/\/www.technodompro.com\/wp-content\/uploads\/2026\/SK0014687-CZ20260425-092328-0-1777080210-202459-1_083118.webp","contentUrl":"https:\/\/www.technodompro.com\/wp-content\/uploads\/2026\/SK0014687-CZ20260425-092328-0-1777080210-202459-1_083118.webp","width":471,"height":500},{"@type":"BreadcrumbList","@id":"https:\/\/www.technodompro.com\/index.php\/produkt\/bow-tvarovaci-pripravek-na-spiraly-tp-011-omezena-nabidka-9553\/#breadcrumb","itemListElement":[{"@type":"ListItem","position":1,"name":"Home","item":"https:\/\/www.technodompro.com\/"},{"@type":"ListItem","position":2,"name":"Products","item":"https:\/\/www.technodompro.com\/index.php\/products\/"},{"@type":"ListItem","position":3,"name":"BOW Tvarovac\u00ed p\u0159\u00edpravek na spir\u00e1ly TP 011 Omezen\u00e1 Nab\u00eddka"}]},{"@type":"WebSite","@id":"https:\/\/www.technodompro.com\/#website","url":"https:\/\/www.technodompro.com\/","name":"","description":"","potentialAction":[{"@type":"SearchAction","target":{"@type":"EntryPoint","urlTemplate":"https:\/\/www.technodompro.com\/?s={search_term_string}"},"query-input":{"@type":"PropertyValueSpecification","valueRequired":true,"valueName":"search_term_string"}}],"inLanguage":"cs"}]}},"_links":{"self":[{"href":"https:\/\/www.technodompro.com\/index.php\/wp-json\/wp\/v2\/product\/9553","targetHints":{"allow":["GET"]}}],"collection":[{"href":"https:\/\/www.technodompro.com\/index.php\/wp-json\/wp\/v2\/product"}],"about":[{"href":"https:\/\/www.technodompro.com\/index.php\/wp-json\/wp\/v2\/types\/product"}],"replies":[{"embeddable":true,"href":"https:\/\/www.technodompro.com\/index.php\/wp-json\/wp\/v2\/comments?post=9553"}],"wp:featuredmedia":[{"embeddable":true,"href":"https:\/\/www.technodompro.com\/index.php\/wp-json\/wp\/v2\/media\/9653"}],"wp:attachment":[{"href":"https:\/\/www.technodompro.com\/index.php\/wp-json\/wp\/v2\/media?parent=9553"}],"wp:term":[{"taxonomy":"product_brand","embeddable":true,"href":"https:\/\/www.technodompro.com\/index.php\/wp-json\/wp\/v2\/product_brand?post=9553"},{"taxonomy":"product_cat","embeddable":true,"href":"https:\/\/www.technodompro.com\/index.php\/wp-json\/wp\/v2\/product_cat?post=9553"},{"taxonomy":"product_tag","embeddable":true,"href":"https:\/\/www.technodompro.com\/index.php\/wp-json\/wp\/v2\/product_tag?post=9553"}],"curies":[{"name":"wp","href":"https:\/\/api.w.org\/{rel}","templated":true}]}}