{"id":9558,"date":"2026-04-27T04:40:52","date_gmt":"2026-04-27T04:40:52","guid":{"rendered":""},"modified":"2026-04-27T04:40:52","modified_gmt":"2026-04-27T04:40:52","slug":"hit-sezony-bow-ohybacka-trubek-oh-031-rozsireni-oh-010-9558","status":"publish","type":"product","link":"https:\/\/www.technodompro.com\/index.php\/produkt\/hit-sezony-bow-ohybacka-trubek-oh-031-rozsireni-oh-010-9558\/","title":{"rendered":"Hit Sez\u00f3ny BOW Oh\u00fdba\u010dka trubek OH 031 &#8211; roz\u0161\u00ed\u0159en\u00ed OH 010"},"content":{"rendered":"<table>\n<div class=\"tab-pane active product-description\" id=\"popis\" role=\"tabpanel\">\n<div class=\"short-description\" itemprop=\"description\"><\/div>\n<div class=\"description\"><span class='bullet-line'>Umo\u017e\u0148uje oh\u00fdb\u00e1n\u00ed tenkost\u011bnn\u00fdch trubek p\u0159i pou\u017eit\u00ed jednoho stojanu<\/span><span class='bullet-line'>Instalace se provede v\u00fdm\u011bnou oh\u00fdbac\u00edch hlav na stojanu modelu 010<\/span><span class='bullet-line'>Je vhodn\u00e1 tam, kde je t\u0159eba \u0161et\u0159it pracovn\u00ed prostor, nebo kdy nevad\u00ed \u010dast\u011bj\u0161\u00ed se\u0159izov\u00e1n\u00ed<\/span><span class='bullet-line'>Rozm\u011bry segment\u016f jako u modelu 030<\/span><span class='bullet-line'>Lze pou\u017e\u00edt i na elektrick\u00e9 oh\u00fdba\u010dce model 060<\/span> <\/p>\n<p> \u25bc Obsah balen\u00ed \u25bc<span class='bullet-line'>Segmenty 6 ks v pr\u016fm\u011brech 14, 16, 18, 20, 22, 25 mm<\/span> <br \/> \u25bc P\u0159\u00edslu\u0161enstv\u00ed \u25bc<br \/> 1060200 \/ 1035061X \/ 1035081X \/ 1035101X \/ 1035121X \/ 1035142X \/ 1035143X \/ 1035152 \/ 1035161 \/ 1035162X \/ 1035163X \/ 1035181 \/ 1035182X \/ 1035183X \/ 1035201 \/ 1035202 \/ 1035203X \/ 1035221 \/ 1035222X \/ 1035223X \/ 1035251X \/ 1035252 \/ 1035253X \/ 1036151X \/ 1036201X<\/div>\n<div class=\"parameters\">\n<tr>\n<td>Max. tlou\u0161\u0165ka st\u011bny &#8211; ocel<\/td>\n<td>2 mm<\/td>\n<\/tr>\n<tr>\n<td>Vnit\u0159n\u00ed polom\u011br ohybu<\/td>\n<td>4 \u00d7 \u00d8 trubky<\/td>\n<\/tr>\n<tr>\n<td>Hmotnost<\/td>\n<td>31 kg<\/td>\n<\/tr><\/div>\n<\/table>\n","protected":false},"excerpt":{"rendered":"<p>Umo\u017e\u0148uje oh\u00fdb\u00e1n\u00ed tenkost\u011bnn\u00fdch trubek p\u0159i pou\u017eit\u00ed jednoho stojanuInstalace se provede v\u00fdm\u011bnou oh\u00fdbac\u00edch hlav na stojanu modelu 010Je vhodn\u00e1 tam, kde je t\u0159eba \u0161et\u0159it pracovn\u00ed prostor, nebo kdy nevad\u00ed \u010dast\u011bj\u0161\u00ed se\u0159izov\u00e1n\u00edRozm\u011bry segment\u016f jako u modelu 030Lze pou\u017e\u00edt i na elektrick\u00e9 oh\u00fdba\u010dce model 060 \u25bc Obsah balen\u00ed \u25bcSegmenty 6 ks v pr\u016fm\u011brech 14, 16, 18, 20, 22, [&hellip;]<\/p>\n","protected":false},"featured_media":9658,"comment_status":"open","ping_status":"open","template":"","meta":[],"product_brand":[],"product_cat":[46],"product_tag":[],"class_list":{"0":"post-9558","1":"product","2":"type-product","3":"status-publish","4":"has-post-thumbnail","6":"product_cat-dilna","8":"first","9":"instock","10":"sale","11":"shipping-taxable","12":"purchasable","13":"product-type-simple"},"yoast_head":"<!-- This site is optimized with the Yoast SEO plugin v26.8 - https:\/\/yoast.com\/product\/yoast-seo-wordpress\/ -->\n<title>Hit Sez\u00f3ny BOW Oh\u00fdba\u010dka trubek OH 031 - roz\u0161\u00ed\u0159en\u00ed OH 010 -<\/title>\n<meta name=\"robots\" content=\"index, follow, max-snippet:-1, max-image-preview:large, max-video-preview:-1\" \/>\n<link rel=\"canonical\" href=\"https:\/\/www.technodompro.com\/index.php\/produkt\/hit-sezony-bow-ohybacka-trubek-oh-031-rozsireni-oh-010-9558\/\" \/>\n<meta property=\"og:locale\" content=\"cs_CZ\" \/>\n<meta property=\"og:type\" content=\"article\" \/>\n<meta property=\"og:title\" content=\"Hit Sez\u00f3ny BOW Oh\u00fdba\u010dka trubek OH 031 - roz\u0161\u00ed\u0159en\u00ed OH 010 -\" \/>\n<meta property=\"og:description\" content=\"Umo\u017e\u0148uje oh\u00fdb\u00e1n\u00ed tenkost\u011bnn\u00fdch trubek p\u0159i pou\u017eit\u00ed jednoho stojanuInstalace se provede v\u00fdm\u011bnou oh\u00fdbac\u00edch hlav na stojanu modelu 010Je vhodn\u00e1 tam, kde je t\u0159eba \u0161et\u0159it pracovn\u00ed prostor, nebo kdy nevad\u00ed \u010dast\u011bj\u0161\u00ed se\u0159izov\u00e1n\u00edRozm\u011bry segment\u016f jako u modelu 030Lze pou\u017e\u00edt i na elektrick\u00e9 oh\u00fdba\u010dce model 060 \u25bc Obsah balen\u00ed \u25bcSegmenty 6 ks v pr\u016fm\u011brech 14, 16, 18, 20, 22, [&hellip;]\" \/>\n<meta property=\"og:url\" content=\"https:\/\/www.technodompro.com\/index.php\/produkt\/hit-sezony-bow-ohybacka-trubek-oh-031-rozsireni-oh-010-9558\/\" \/>\n<meta property=\"og:image\" content=\"https:\/\/www.technodompro.com\/wp-content\/uploads\/2026\/SK0014693-CZ20260425-092328-0-1777080210-202465-1_083218.webp\" \/>\n\t<meta property=\"og:image:width\" content=\"750\" \/>\n\t<meta property=\"og:image:height\" content=\"449\" \/>\n\t<meta property=\"og:image:type\" content=\"image\/webp\" \/>\n<meta name=\"twitter:card\" content=\"summary_large_image\" \/>\n<meta name=\"twitter:label1\" content=\"Odhadovan\u00e1 doba \u010dten\u00ed\" \/>\n\t<meta name=\"twitter:data1\" content=\"1 minuta\" \/>\n<script type=\"application\/ld+json\" class=\"yoast-schema-graph\">{\"@context\":\"https:\/\/schema.org\",\"@graph\":[{\"@type\":\"WebPage\",\"@id\":\"https:\/\/www.technodompro.com\/index.php\/produkt\/hit-sezony-bow-ohybacka-trubek-oh-031-rozsireni-oh-010-9558\/\",\"url\":\"https:\/\/www.technodompro.com\/index.php\/produkt\/hit-sezony-bow-ohybacka-trubek-oh-031-rozsireni-oh-010-9558\/\",\"name\":\"Hit Sez\u00f3ny BOW Oh\u00fdba\u010dka trubek OH 031 - roz\u0161\u00ed\u0159en\u00ed OH 010 -\",\"isPartOf\":{\"@id\":\"https:\/\/www.technodompro.com\/#website\"},\"primaryImageOfPage\":{\"@id\":\"https:\/\/www.technodompro.com\/index.php\/produkt\/hit-sezony-bow-ohybacka-trubek-oh-031-rozsireni-oh-010-9558\/#primaryimage\"},\"image\":{\"@id\":\"https:\/\/www.technodompro.com\/index.php\/produkt\/hit-sezony-bow-ohybacka-trubek-oh-031-rozsireni-oh-010-9558\/#primaryimage\"},\"thumbnailUrl\":\"https:\/\/www.technodompro.com\/wp-content\/uploads\/2026\/SK0014693-CZ20260425-092328-0-1777080210-202465-1_083218.webp\",\"datePublished\":\"2026-04-27T04:40:52+00:00\",\"breadcrumb\":{\"@id\":\"https:\/\/www.technodompro.com\/index.php\/produkt\/hit-sezony-bow-ohybacka-trubek-oh-031-rozsireni-oh-010-9558\/#breadcrumb\"},\"inLanguage\":\"cs\",\"potentialAction\":[{\"@type\":\"ReadAction\",\"target\":[\"https:\/\/www.technodompro.com\/index.php\/produkt\/hit-sezony-bow-ohybacka-trubek-oh-031-rozsireni-oh-010-9558\/\"]}]},{\"@type\":\"ImageObject\",\"inLanguage\":\"cs\",\"@id\":\"https:\/\/www.technodompro.com\/index.php\/produkt\/hit-sezony-bow-ohybacka-trubek-oh-031-rozsireni-oh-010-9558\/#primaryimage\",\"url\":\"https:\/\/www.technodompro.com\/wp-content\/uploads\/2026\/SK0014693-CZ20260425-092328-0-1777080210-202465-1_083218.webp\",\"contentUrl\":\"https:\/\/www.technodompro.com\/wp-content\/uploads\/2026\/SK0014693-CZ20260425-092328-0-1777080210-202465-1_083218.webp\",\"width\":750,\"height\":449},{\"@type\":\"BreadcrumbList\",\"@id\":\"https:\/\/www.technodompro.com\/index.php\/produkt\/hit-sezony-bow-ohybacka-trubek-oh-031-rozsireni-oh-010-9558\/#breadcrumb\",\"itemListElement\":[{\"@type\":\"ListItem\",\"position\":1,\"name\":\"Home\",\"item\":\"https:\/\/www.technodompro.com\/\"},{\"@type\":\"ListItem\",\"position\":2,\"name\":\"Products\",\"item\":\"https:\/\/www.technodompro.com\/index.php\/products\/\"},{\"@type\":\"ListItem\",\"position\":3,\"name\":\"Hit Sez\u00f3ny BOW Oh\u00fdba\u010dka trubek OH 031 &#8211; roz\u0161\u00ed\u0159en\u00ed OH 010\"}]},{\"@type\":\"WebSite\",\"@id\":\"https:\/\/www.technodompro.com\/#website\",\"url\":\"https:\/\/www.technodompro.com\/\",\"name\":\"\",\"description\":\"\",\"potentialAction\":[{\"@type\":\"SearchAction\",\"target\":{\"@type\":\"EntryPoint\",\"urlTemplate\":\"https:\/\/www.technodompro.com\/?s={search_term_string}\"},\"query-input\":{\"@type\":\"PropertyValueSpecification\",\"valueRequired\":true,\"valueName\":\"search_term_string\"}}],\"inLanguage\":\"cs\"}]}<\/script>\n<!-- \/ Yoast SEO plugin. -->","yoast_head_json":{"title":"Hit Sez\u00f3ny BOW Oh\u00fdba\u010dka trubek OH 031 - roz\u0161\u00ed\u0159en\u00ed OH 010 -","robots":{"index":"index","follow":"follow","max-snippet":"max-snippet:-1","max-image-preview":"max-image-preview:large","max-video-preview":"max-video-preview:-1"},"canonical":"https:\/\/www.technodompro.com\/index.php\/produkt\/hit-sezony-bow-ohybacka-trubek-oh-031-rozsireni-oh-010-9558\/","og_locale":"cs_CZ","og_type":"article","og_title":"Hit Sez\u00f3ny BOW Oh\u00fdba\u010dka trubek OH 031 - roz\u0161\u00ed\u0159en\u00ed OH 010 -","og_description":"Umo\u017e\u0148uje oh\u00fdb\u00e1n\u00ed tenkost\u011bnn\u00fdch trubek p\u0159i pou\u017eit\u00ed jednoho stojanuInstalace se provede v\u00fdm\u011bnou oh\u00fdbac\u00edch hlav na stojanu modelu 010Je vhodn\u00e1 tam, kde je t\u0159eba \u0161et\u0159it pracovn\u00ed prostor, nebo kdy nevad\u00ed \u010dast\u011bj\u0161\u00ed se\u0159izov\u00e1n\u00edRozm\u011bry segment\u016f jako u modelu 030Lze pou\u017e\u00edt i na elektrick\u00e9 oh\u00fdba\u010dce model 060 \u25bc Obsah balen\u00ed \u25bcSegmenty 6 ks v pr\u016fm\u011brech 14, 16, 18, 20, 22, [&hellip;]","og_url":"https:\/\/www.technodompro.com\/index.php\/produkt\/hit-sezony-bow-ohybacka-trubek-oh-031-rozsireni-oh-010-9558\/","og_image":[{"width":750,"height":449,"url":"https:\/\/www.technodompro.com\/wp-content\/uploads\/2026\/SK0014693-CZ20260425-092328-0-1777080210-202465-1_083218.webp","type":"image\/webp"}],"twitter_card":"summary_large_image","twitter_misc":{"Odhadovan\u00e1 doba \u010dten\u00ed":"1 minuta"},"schema":{"@context":"https:\/\/schema.org","@graph":[{"@type":"WebPage","@id":"https:\/\/www.technodompro.com\/index.php\/produkt\/hit-sezony-bow-ohybacka-trubek-oh-031-rozsireni-oh-010-9558\/","url":"https:\/\/www.technodompro.com\/index.php\/produkt\/hit-sezony-bow-ohybacka-trubek-oh-031-rozsireni-oh-010-9558\/","name":"Hit Sez\u00f3ny BOW Oh\u00fdba\u010dka trubek OH 031 - roz\u0161\u00ed\u0159en\u00ed OH 010 -","isPartOf":{"@id":"https:\/\/www.technodompro.com\/#website"},"primaryImageOfPage":{"@id":"https:\/\/www.technodompro.com\/index.php\/produkt\/hit-sezony-bow-ohybacka-trubek-oh-031-rozsireni-oh-010-9558\/#primaryimage"},"image":{"@id":"https:\/\/www.technodompro.com\/index.php\/produkt\/hit-sezony-bow-ohybacka-trubek-oh-031-rozsireni-oh-010-9558\/#primaryimage"},"thumbnailUrl":"https:\/\/www.technodompro.com\/wp-content\/uploads\/2026\/SK0014693-CZ20260425-092328-0-1777080210-202465-1_083218.webp","datePublished":"2026-04-27T04:40:52+00:00","breadcrumb":{"@id":"https:\/\/www.technodompro.com\/index.php\/produkt\/hit-sezony-bow-ohybacka-trubek-oh-031-rozsireni-oh-010-9558\/#breadcrumb"},"inLanguage":"cs","potentialAction":[{"@type":"ReadAction","target":["https:\/\/www.technodompro.com\/index.php\/produkt\/hit-sezony-bow-ohybacka-trubek-oh-031-rozsireni-oh-010-9558\/"]}]},{"@type":"ImageObject","inLanguage":"cs","@id":"https:\/\/www.technodompro.com\/index.php\/produkt\/hit-sezony-bow-ohybacka-trubek-oh-031-rozsireni-oh-010-9558\/#primaryimage","url":"https:\/\/www.technodompro.com\/wp-content\/uploads\/2026\/SK0014693-CZ20260425-092328-0-1777080210-202465-1_083218.webp","contentUrl":"https:\/\/www.technodompro.com\/wp-content\/uploads\/2026\/SK0014693-CZ20260425-092328-0-1777080210-202465-1_083218.webp","width":750,"height":449},{"@type":"BreadcrumbList","@id":"https:\/\/www.technodompro.com\/index.php\/produkt\/hit-sezony-bow-ohybacka-trubek-oh-031-rozsireni-oh-010-9558\/#breadcrumb","itemListElement":[{"@type":"ListItem","position":1,"name":"Home","item":"https:\/\/www.technodompro.com\/"},{"@type":"ListItem","position":2,"name":"Products","item":"https:\/\/www.technodompro.com\/index.php\/products\/"},{"@type":"ListItem","position":3,"name":"Hit Sez\u00f3ny BOW Oh\u00fdba\u010dka trubek OH 031 &#8211; roz\u0161\u00ed\u0159en\u00ed OH 010"}]},{"@type":"WebSite","@id":"https:\/\/www.technodompro.com\/#website","url":"https:\/\/www.technodompro.com\/","name":"","description":"","potentialAction":[{"@type":"SearchAction","target":{"@type":"EntryPoint","urlTemplate":"https:\/\/www.technodompro.com\/?s={search_term_string}"},"query-input":{"@type":"PropertyValueSpecification","valueRequired":true,"valueName":"search_term_string"}}],"inLanguage":"cs"}]}},"_links":{"self":[{"href":"https:\/\/www.technodompro.com\/index.php\/wp-json\/wp\/v2\/product\/9558","targetHints":{"allow":["GET"]}}],"collection":[{"href":"https:\/\/www.technodompro.com\/index.php\/wp-json\/wp\/v2\/product"}],"about":[{"href":"https:\/\/www.technodompro.com\/index.php\/wp-json\/wp\/v2\/types\/product"}],"replies":[{"embeddable":true,"href":"https:\/\/www.technodompro.com\/index.php\/wp-json\/wp\/v2\/comments?post=9558"}],"wp:featuredmedia":[{"embeddable":true,"href":"https:\/\/www.technodompro.com\/index.php\/wp-json\/wp\/v2\/media\/9658"}],"wp:attachment":[{"href":"https:\/\/www.technodompro.com\/index.php\/wp-json\/wp\/v2\/media?parent=9558"}],"wp:term":[{"taxonomy":"product_brand","embeddable":true,"href":"https:\/\/www.technodompro.com\/index.php\/wp-json\/wp\/v2\/product_brand?post=9558"},{"taxonomy":"product_cat","embeddable":true,"href":"https:\/\/www.technodompro.com\/index.php\/wp-json\/wp\/v2\/product_cat?post=9558"},{"taxonomy":"product_tag","embeddable":true,"href":"https:\/\/www.technodompro.com\/index.php\/wp-json\/wp\/v2\/product_tag?post=9558"}],"curies":[{"name":"wp","href":"https:\/\/api.w.org\/{rel}","templated":true}]}}