{"id":9559,"date":"2026-04-27T04:40:52","date_gmt":"2026-04-27T04:40:52","guid":{"rendered":""},"modified":"2026-04-27T04:40:52","modified_gmt":"2026-04-27T04:40:52","slug":"bow-ohybacka-topenarskych-trubek-oh-012-znackovy-9559","status":"publish","type":"product","link":"https:\/\/www.technodompro.com\/index.php\/produkt\/bow-ohybacka-topenarskych-trubek-oh-012-znackovy-9559\/","title":{"rendered":"BOW Oh\u00fdba\u010dka topen\u00e1\u0159sk\u00fdch trubek OH 012 Zna\u010dkov\u00fd"},"content":{"rendered":"<table>\n<div class=\"tab-pane active product-description\" id=\"popis\" role=\"tabpanel\">\n<div class=\"short-description\" itemprop=\"description\"><\/div>\n<div class=\"description\"><span class='bullet-line'>Umo\u017e\u0148uje ohyb a\u017e do 180\u00b0 v\u010detn\u011b prostorov\u00fdch ohyb\u016f<\/span><span class='bullet-line'>V\u0161echny ohyby jsou prov\u00e1d\u011bny za studena<\/span><span class='bullet-line'>Oh\u00fdba\u010dka je p\u0159i oh\u00fdb\u00e1n\u00ed upevn\u011bna up\u00ednac\u00ed podlo\u017ekou do sv\u011br\u00e1ku nebo p\u0159ipevn\u011bna na mont\u00e1\u017en\u00ed st\u016fl<\/span><span class='bullet-line'>Stejn\u00fd \u00fahel ohybu je p\u0159i opakovan\u00e9 v\u00fdrob\u011b zaji\u0161t\u011bn p\u0159estaviteln\u00fdm dorazem<\/span><span class='bullet-line'>Snadn\u00e1 a rychl\u00e1 v\u00fdm\u011bna n\u00e1stroj\u016f<\/span><span class='bullet-line'>Jednoduch\u00e1 obsluha<\/span><\/div>\n<div class=\"parameters\">\n<tr>\n<td>Vnit\u0159n\u00ed polom\u011br ohybu<\/td>\n<td>G 3\/8\u201c-102 mm, G 1\/2\u201c-108 mm, G 3\/4\u201c-112 mm<\/td>\n<\/tr>\n<tr>\n<td>Hmotnost<\/td>\n<td>22 kg<\/td>\n<\/tr><\/div>\n<\/table>\n","protected":false},"excerpt":{"rendered":"<p>Umo\u017e\u0148uje ohyb a\u017e do 180\u00b0 v\u010detn\u011b prostorov\u00fdch ohyb\u016fV\u0161echny ohyby jsou prov\u00e1d\u011bny za studenaOh\u00fdba\u010dka je p\u0159i oh\u00fdb\u00e1n\u00ed upevn\u011bna up\u00ednac\u00ed podlo\u017ekou do sv\u011br\u00e1ku nebo p\u0159ipevn\u011bna na mont\u00e1\u017en\u00ed st\u016flStejn\u00fd \u00fahel ohybu je p\u0159i opakovan\u00e9 v\u00fdrob\u011b zaji\u0161t\u011bn p\u0159estaviteln\u00fdm dorazemSnadn\u00e1 a rychl\u00e1 v\u00fdm\u011bna n\u00e1stroj\u016fJednoduch\u00e1 obsluha Vnit\u0159n\u00ed polom\u011br ohybu G 3\/8\u201c-102 mm, G 1\/2\u201c-108 mm, G 3\/4\u201c-112 mm Hmotnost 22 kg<\/p>\n","protected":false},"featured_media":9659,"comment_status":"open","ping_status":"open","template":"","meta":[],"product_brand":[],"product_cat":[46],"product_tag":[],"class_list":{"0":"post-9559","1":"product","2":"type-product","3":"status-publish","4":"has-post-thumbnail","6":"product_cat-dilna","8":"first","9":"instock","10":"sale","11":"shipping-taxable","12":"purchasable","13":"product-type-simple"},"yoast_head":"<!-- This site is optimized with the Yoast SEO plugin v26.8 - https:\/\/yoast.com\/product\/yoast-seo-wordpress\/ -->\n<title>BOW Oh\u00fdba\u010dka topen\u00e1\u0159sk\u00fdch trubek OH 012 Zna\u010dkov\u00fd -<\/title>\n<meta name=\"robots\" content=\"index, follow, max-snippet:-1, max-image-preview:large, max-video-preview:-1\" \/>\n<link rel=\"canonical\" href=\"https:\/\/www.technodompro.com\/index.php\/produkt\/bow-ohybacka-topenarskych-trubek-oh-012-znackovy-9559\/\" \/>\n<meta property=\"og:locale\" content=\"cs_CZ\" \/>\n<meta property=\"og:type\" content=\"article\" \/>\n<meta property=\"og:title\" content=\"BOW Oh\u00fdba\u010dka topen\u00e1\u0159sk\u00fdch trubek OH 012 Zna\u010dkov\u00fd -\" \/>\n<meta property=\"og:description\" content=\"Umo\u017e\u0148uje ohyb a\u017e do 180\u00b0 v\u010detn\u011b prostorov\u00fdch ohyb\u016fV\u0161echny ohyby jsou prov\u00e1d\u011bny za studenaOh\u00fdba\u010dka je p\u0159i oh\u00fdb\u00e1n\u00ed upevn\u011bna up\u00ednac\u00ed podlo\u017ekou do sv\u011br\u00e1ku nebo p\u0159ipevn\u011bna na mont\u00e1\u017en\u00ed st\u016flStejn\u00fd \u00fahel ohybu je p\u0159i opakovan\u00e9 v\u00fdrob\u011b zaji\u0161t\u011bn p\u0159estaviteln\u00fdm dorazemSnadn\u00e1 a rychl\u00e1 v\u00fdm\u011bna n\u00e1stroj\u016fJednoduch\u00e1 obsluha Vnit\u0159n\u00ed polom\u011br ohybu G 3\/8\u201c-102 mm, G 1\/2\u201c-108 mm, G 3\/4\u201c-112 mm Hmotnost 22 kg\" \/>\n<meta property=\"og:url\" content=\"https:\/\/www.technodompro.com\/index.php\/produkt\/bow-ohybacka-topenarskych-trubek-oh-012-znackovy-9559\/\" \/>\n<meta property=\"og:image\" content=\"https:\/\/www.technodompro.com\/wp-content\/uploads\/2026\/SK0014694-CZ20260425-092328-0-1777080210-202466-1_083218.webp\" \/>\n\t<meta property=\"og:image:width\" content=\"650\" \/>\n\t<meta property=\"og:image:height\" content=\"443\" \/>\n\t<meta property=\"og:image:type\" content=\"image\/webp\" \/>\n<meta name=\"twitter:card\" content=\"summary_large_image\" \/>\n<script type=\"application\/ld+json\" class=\"yoast-schema-graph\">{\"@context\":\"https:\/\/schema.org\",\"@graph\":[{\"@type\":\"WebPage\",\"@id\":\"https:\/\/www.technodompro.com\/index.php\/produkt\/bow-ohybacka-topenarskych-trubek-oh-012-znackovy-9559\/\",\"url\":\"https:\/\/www.technodompro.com\/index.php\/produkt\/bow-ohybacka-topenarskych-trubek-oh-012-znackovy-9559\/\",\"name\":\"BOW Oh\u00fdba\u010dka topen\u00e1\u0159sk\u00fdch trubek OH 012 Zna\u010dkov\u00fd -\",\"isPartOf\":{\"@id\":\"https:\/\/www.technodompro.com\/#website\"},\"primaryImageOfPage\":{\"@id\":\"https:\/\/www.technodompro.com\/index.php\/produkt\/bow-ohybacka-topenarskych-trubek-oh-012-znackovy-9559\/#primaryimage\"},\"image\":{\"@id\":\"https:\/\/www.technodompro.com\/index.php\/produkt\/bow-ohybacka-topenarskych-trubek-oh-012-znackovy-9559\/#primaryimage\"},\"thumbnailUrl\":\"https:\/\/www.technodompro.com\/wp-content\/uploads\/2026\/SK0014694-CZ20260425-092328-0-1777080210-202466-1_083218.webp\",\"datePublished\":\"2026-04-27T04:40:52+00:00\",\"breadcrumb\":{\"@id\":\"https:\/\/www.technodompro.com\/index.php\/produkt\/bow-ohybacka-topenarskych-trubek-oh-012-znackovy-9559\/#breadcrumb\"},\"inLanguage\":\"cs\",\"potentialAction\":[{\"@type\":\"ReadAction\",\"target\":[\"https:\/\/www.technodompro.com\/index.php\/produkt\/bow-ohybacka-topenarskych-trubek-oh-012-znackovy-9559\/\"]}]},{\"@type\":\"ImageObject\",\"inLanguage\":\"cs\",\"@id\":\"https:\/\/www.technodompro.com\/index.php\/produkt\/bow-ohybacka-topenarskych-trubek-oh-012-znackovy-9559\/#primaryimage\",\"url\":\"https:\/\/www.technodompro.com\/wp-content\/uploads\/2026\/SK0014694-CZ20260425-092328-0-1777080210-202466-1_083218.webp\",\"contentUrl\":\"https:\/\/www.technodompro.com\/wp-content\/uploads\/2026\/SK0014694-CZ20260425-092328-0-1777080210-202466-1_083218.webp\",\"width\":650,\"height\":443},{\"@type\":\"BreadcrumbList\",\"@id\":\"https:\/\/www.technodompro.com\/index.php\/produkt\/bow-ohybacka-topenarskych-trubek-oh-012-znackovy-9559\/#breadcrumb\",\"itemListElement\":[{\"@type\":\"ListItem\",\"position\":1,\"name\":\"Home\",\"item\":\"https:\/\/www.technodompro.com\/\"},{\"@type\":\"ListItem\",\"position\":2,\"name\":\"Products\",\"item\":\"https:\/\/www.technodompro.com\/index.php\/products\/\"},{\"@type\":\"ListItem\",\"position\":3,\"name\":\"BOW Oh\u00fdba\u010dka topen\u00e1\u0159sk\u00fdch trubek OH 012 Zna\u010dkov\u00fd\"}]},{\"@type\":\"WebSite\",\"@id\":\"https:\/\/www.technodompro.com\/#website\",\"url\":\"https:\/\/www.technodompro.com\/\",\"name\":\"\",\"description\":\"\",\"potentialAction\":[{\"@type\":\"SearchAction\",\"target\":{\"@type\":\"EntryPoint\",\"urlTemplate\":\"https:\/\/www.technodompro.com\/?s={search_term_string}\"},\"query-input\":{\"@type\":\"PropertyValueSpecification\",\"valueRequired\":true,\"valueName\":\"search_term_string\"}}],\"inLanguage\":\"cs\"}]}<\/script>\n<!-- \/ Yoast SEO plugin. -->","yoast_head_json":{"title":"BOW Oh\u00fdba\u010dka topen\u00e1\u0159sk\u00fdch trubek OH 012 Zna\u010dkov\u00fd -","robots":{"index":"index","follow":"follow","max-snippet":"max-snippet:-1","max-image-preview":"max-image-preview:large","max-video-preview":"max-video-preview:-1"},"canonical":"https:\/\/www.technodompro.com\/index.php\/produkt\/bow-ohybacka-topenarskych-trubek-oh-012-znackovy-9559\/","og_locale":"cs_CZ","og_type":"article","og_title":"BOW Oh\u00fdba\u010dka topen\u00e1\u0159sk\u00fdch trubek OH 012 Zna\u010dkov\u00fd -","og_description":"Umo\u017e\u0148uje ohyb a\u017e do 180\u00b0 v\u010detn\u011b prostorov\u00fdch ohyb\u016fV\u0161echny ohyby jsou prov\u00e1d\u011bny za studenaOh\u00fdba\u010dka je p\u0159i oh\u00fdb\u00e1n\u00ed upevn\u011bna up\u00ednac\u00ed podlo\u017ekou do sv\u011br\u00e1ku nebo p\u0159ipevn\u011bna na mont\u00e1\u017en\u00ed st\u016flStejn\u00fd \u00fahel ohybu je p\u0159i opakovan\u00e9 v\u00fdrob\u011b zaji\u0161t\u011bn p\u0159estaviteln\u00fdm dorazemSnadn\u00e1 a rychl\u00e1 v\u00fdm\u011bna n\u00e1stroj\u016fJednoduch\u00e1 obsluha Vnit\u0159n\u00ed polom\u011br ohybu G 3\/8\u201c-102 mm, G 1\/2\u201c-108 mm, G 3\/4\u201c-112 mm Hmotnost 22 kg","og_url":"https:\/\/www.technodompro.com\/index.php\/produkt\/bow-ohybacka-topenarskych-trubek-oh-012-znackovy-9559\/","og_image":[{"width":650,"height":443,"url":"https:\/\/www.technodompro.com\/wp-content\/uploads\/2026\/SK0014694-CZ20260425-092328-0-1777080210-202466-1_083218.webp","type":"image\/webp"}],"twitter_card":"summary_large_image","schema":{"@context":"https:\/\/schema.org","@graph":[{"@type":"WebPage","@id":"https:\/\/www.technodompro.com\/index.php\/produkt\/bow-ohybacka-topenarskych-trubek-oh-012-znackovy-9559\/","url":"https:\/\/www.technodompro.com\/index.php\/produkt\/bow-ohybacka-topenarskych-trubek-oh-012-znackovy-9559\/","name":"BOW Oh\u00fdba\u010dka topen\u00e1\u0159sk\u00fdch trubek OH 012 Zna\u010dkov\u00fd -","isPartOf":{"@id":"https:\/\/www.technodompro.com\/#website"},"primaryImageOfPage":{"@id":"https:\/\/www.technodompro.com\/index.php\/produkt\/bow-ohybacka-topenarskych-trubek-oh-012-znackovy-9559\/#primaryimage"},"image":{"@id":"https:\/\/www.technodompro.com\/index.php\/produkt\/bow-ohybacka-topenarskych-trubek-oh-012-znackovy-9559\/#primaryimage"},"thumbnailUrl":"https:\/\/www.technodompro.com\/wp-content\/uploads\/2026\/SK0014694-CZ20260425-092328-0-1777080210-202466-1_083218.webp","datePublished":"2026-04-27T04:40:52+00:00","breadcrumb":{"@id":"https:\/\/www.technodompro.com\/index.php\/produkt\/bow-ohybacka-topenarskych-trubek-oh-012-znackovy-9559\/#breadcrumb"},"inLanguage":"cs","potentialAction":[{"@type":"ReadAction","target":["https:\/\/www.technodompro.com\/index.php\/produkt\/bow-ohybacka-topenarskych-trubek-oh-012-znackovy-9559\/"]}]},{"@type":"ImageObject","inLanguage":"cs","@id":"https:\/\/www.technodompro.com\/index.php\/produkt\/bow-ohybacka-topenarskych-trubek-oh-012-znackovy-9559\/#primaryimage","url":"https:\/\/www.technodompro.com\/wp-content\/uploads\/2026\/SK0014694-CZ20260425-092328-0-1777080210-202466-1_083218.webp","contentUrl":"https:\/\/www.technodompro.com\/wp-content\/uploads\/2026\/SK0014694-CZ20260425-092328-0-1777080210-202466-1_083218.webp","width":650,"height":443},{"@type":"BreadcrumbList","@id":"https:\/\/www.technodompro.com\/index.php\/produkt\/bow-ohybacka-topenarskych-trubek-oh-012-znackovy-9559\/#breadcrumb","itemListElement":[{"@type":"ListItem","position":1,"name":"Home","item":"https:\/\/www.technodompro.com\/"},{"@type":"ListItem","position":2,"name":"Products","item":"https:\/\/www.technodompro.com\/index.php\/products\/"},{"@type":"ListItem","position":3,"name":"BOW Oh\u00fdba\u010dka topen\u00e1\u0159sk\u00fdch trubek OH 012 Zna\u010dkov\u00fd"}]},{"@type":"WebSite","@id":"https:\/\/www.technodompro.com\/#website","url":"https:\/\/www.technodompro.com\/","name":"","description":"","potentialAction":[{"@type":"SearchAction","target":{"@type":"EntryPoint","urlTemplate":"https:\/\/www.technodompro.com\/?s={search_term_string}"},"query-input":{"@type":"PropertyValueSpecification","valueRequired":true,"valueName":"search_term_string"}}],"inLanguage":"cs"}]}},"_links":{"self":[{"href":"https:\/\/www.technodompro.com\/index.php\/wp-json\/wp\/v2\/product\/9559","targetHints":{"allow":["GET"]}}],"collection":[{"href":"https:\/\/www.technodompro.com\/index.php\/wp-json\/wp\/v2\/product"}],"about":[{"href":"https:\/\/www.technodompro.com\/index.php\/wp-json\/wp\/v2\/types\/product"}],"replies":[{"embeddable":true,"href":"https:\/\/www.technodompro.com\/index.php\/wp-json\/wp\/v2\/comments?post=9559"}],"wp:featuredmedia":[{"embeddable":true,"href":"https:\/\/www.technodompro.com\/index.php\/wp-json\/wp\/v2\/media\/9659"}],"wp:attachment":[{"href":"https:\/\/www.technodompro.com\/index.php\/wp-json\/wp\/v2\/media?parent=9559"}],"wp:term":[{"taxonomy":"product_brand","embeddable":true,"href":"https:\/\/www.technodompro.com\/index.php\/wp-json\/wp\/v2\/product_brand?post=9559"},{"taxonomy":"product_cat","embeddable":true,"href":"https:\/\/www.technodompro.com\/index.php\/wp-json\/wp\/v2\/product_cat?post=9559"},{"taxonomy":"product_tag","embeddable":true,"href":"https:\/\/www.technodompro.com\/index.php\/wp-json\/wp\/v2\/product_tag?post=9559"}],"curies":[{"name":"wp","href":"https:\/\/api.w.org\/{rel}","templated":true}]}}