{"id":9565,"date":"2026-04-27T04:40:52","date_gmt":"2026-04-27T04:40:52","guid":{"rendered":""},"modified":"2026-04-27T04:40:52","modified_gmt":"2026-04-27T04:40:52","slug":"oblibeny-bow-sada-hladkych-rolen-9565","status":"publish","type":"product","link":"https:\/\/www.technodompro.com\/index.php\/produkt\/oblibeny-bow-sada-hladkych-rolen-9565\/","title":{"rendered":"Obl\u00edben\u00fd BOW Sada hladk\u00fdch rolen"},"content":{"rendered":"<table>\n<div class=\"tab-pane active product-description\" id=\"popis\" role=\"tabpanel\">\n<div class=\"short-description\" itemprop=\"description\"><\/div>\n<div class=\"description\">K tomuto produktu nen\u00ed zad\u00e1n popis.<\/div>\n<\/table>\n","protected":false},"excerpt":{"rendered":"<p>K tomuto produktu nen\u00ed zad\u00e1n popis.<\/p>\n","protected":false},"featured_media":9665,"comment_status":"open","ping_status":"open","template":"","meta":[],"product_brand":[],"product_cat":[46],"product_tag":[],"class_list":{"0":"post-9565","1":"product","2":"type-product","3":"status-publish","4":"has-post-thumbnail","6":"product_cat-dilna","8":"first","9":"instock","10":"sale","11":"shipping-taxable","12":"purchasable","13":"product-type-simple"},"yoast_head":"<!-- This site is optimized with the Yoast SEO plugin v26.8 - https:\/\/yoast.com\/product\/yoast-seo-wordpress\/ -->\n<title>Obl\u00edben\u00fd BOW Sada hladk\u00fdch rolen -<\/title>\n<meta name=\"robots\" content=\"index, follow, max-snippet:-1, max-image-preview:large, max-video-preview:-1\" \/>\n<link rel=\"canonical\" href=\"https:\/\/www.technodompro.com\/index.php\/produkt\/oblibeny-bow-sada-hladkych-rolen-9565\/\" \/>\n<meta property=\"og:locale\" content=\"cs_CZ\" \/>\n<meta property=\"og:type\" content=\"article\" \/>\n<meta property=\"og:title\" content=\"Obl\u00edben\u00fd BOW Sada hladk\u00fdch rolen -\" \/>\n<meta property=\"og:description\" content=\"K tomuto produktu nen\u00ed zad\u00e1n popis.\" \/>\n<meta property=\"og:url\" content=\"https:\/\/www.technodompro.com\/index.php\/produkt\/oblibeny-bow-sada-hladkych-rolen-9565\/\" \/>\n<meta property=\"og:image\" content=\"https:\/\/www.technodompro.com\/wp-content\/uploads\/2026\/SK0014706-CZ20260425-092328-0-1777080210-202479-1_083418.webp\" \/>\n\t<meta property=\"og:image:width\" content=\"800\" \/>\n\t<meta property=\"og:image:height\" content=\"800\" \/>\n\t<meta property=\"og:image:type\" content=\"image\/webp\" \/>\n<meta name=\"twitter:card\" content=\"summary_large_image\" \/>\n<script type=\"application\/ld+json\" class=\"yoast-schema-graph\">{\"@context\":\"https:\/\/schema.org\",\"@graph\":[{\"@type\":\"WebPage\",\"@id\":\"https:\/\/www.technodompro.com\/index.php\/produkt\/oblibeny-bow-sada-hladkych-rolen-9565\/\",\"url\":\"https:\/\/www.technodompro.com\/index.php\/produkt\/oblibeny-bow-sada-hladkych-rolen-9565\/\",\"name\":\"Obl\u00edben\u00fd BOW Sada hladk\u00fdch rolen -\",\"isPartOf\":{\"@id\":\"https:\/\/www.technodompro.com\/#website\"},\"primaryImageOfPage\":{\"@id\":\"https:\/\/www.technodompro.com\/index.php\/produkt\/oblibeny-bow-sada-hladkych-rolen-9565\/#primaryimage\"},\"image\":{\"@id\":\"https:\/\/www.technodompro.com\/index.php\/produkt\/oblibeny-bow-sada-hladkych-rolen-9565\/#primaryimage\"},\"thumbnailUrl\":\"https:\/\/www.technodompro.com\/wp-content\/uploads\/2026\/SK0014706-CZ20260425-092328-0-1777080210-202479-1_083418.webp\",\"datePublished\":\"2026-04-27T04:40:52+00:00\",\"breadcrumb\":{\"@id\":\"https:\/\/www.technodompro.com\/index.php\/produkt\/oblibeny-bow-sada-hladkych-rolen-9565\/#breadcrumb\"},\"inLanguage\":\"cs\",\"potentialAction\":[{\"@type\":\"ReadAction\",\"target\":[\"https:\/\/www.technodompro.com\/index.php\/produkt\/oblibeny-bow-sada-hladkych-rolen-9565\/\"]}]},{\"@type\":\"ImageObject\",\"inLanguage\":\"cs\",\"@id\":\"https:\/\/www.technodompro.com\/index.php\/produkt\/oblibeny-bow-sada-hladkych-rolen-9565\/#primaryimage\",\"url\":\"https:\/\/www.technodompro.com\/wp-content\/uploads\/2026\/SK0014706-CZ20260425-092328-0-1777080210-202479-1_083418.webp\",\"contentUrl\":\"https:\/\/www.technodompro.com\/wp-content\/uploads\/2026\/SK0014706-CZ20260425-092328-0-1777080210-202479-1_083418.webp\",\"width\":800,\"height\":800},{\"@type\":\"BreadcrumbList\",\"@id\":\"https:\/\/www.technodompro.com\/index.php\/produkt\/oblibeny-bow-sada-hladkych-rolen-9565\/#breadcrumb\",\"itemListElement\":[{\"@type\":\"ListItem\",\"position\":1,\"name\":\"Home\",\"item\":\"https:\/\/www.technodompro.com\/\"},{\"@type\":\"ListItem\",\"position\":2,\"name\":\"Products\",\"item\":\"https:\/\/www.technodompro.com\/index.php\/products\/\"},{\"@type\":\"ListItem\",\"position\":3,\"name\":\"Obl\u00edben\u00fd BOW Sada hladk\u00fdch rolen\"}]},{\"@type\":\"WebSite\",\"@id\":\"https:\/\/www.technodompro.com\/#website\",\"url\":\"https:\/\/www.technodompro.com\/\",\"name\":\"\",\"description\":\"\",\"potentialAction\":[{\"@type\":\"SearchAction\",\"target\":{\"@type\":\"EntryPoint\",\"urlTemplate\":\"https:\/\/www.technodompro.com\/?s={search_term_string}\"},\"query-input\":{\"@type\":\"PropertyValueSpecification\",\"valueRequired\":true,\"valueName\":\"search_term_string\"}}],\"inLanguage\":\"cs\"}]}<\/script>\n<!-- \/ Yoast SEO plugin. -->","yoast_head_json":{"title":"Obl\u00edben\u00fd BOW Sada hladk\u00fdch rolen -","robots":{"index":"index","follow":"follow","max-snippet":"max-snippet:-1","max-image-preview":"max-image-preview:large","max-video-preview":"max-video-preview:-1"},"canonical":"https:\/\/www.technodompro.com\/index.php\/produkt\/oblibeny-bow-sada-hladkych-rolen-9565\/","og_locale":"cs_CZ","og_type":"article","og_title":"Obl\u00edben\u00fd BOW Sada hladk\u00fdch rolen -","og_description":"K tomuto produktu nen\u00ed zad\u00e1n popis.","og_url":"https:\/\/www.technodompro.com\/index.php\/produkt\/oblibeny-bow-sada-hladkych-rolen-9565\/","og_image":[{"width":800,"height":800,"url":"https:\/\/www.technodompro.com\/wp-content\/uploads\/2026\/SK0014706-CZ20260425-092328-0-1777080210-202479-1_083418.webp","type":"image\/webp"}],"twitter_card":"summary_large_image","schema":{"@context":"https:\/\/schema.org","@graph":[{"@type":"WebPage","@id":"https:\/\/www.technodompro.com\/index.php\/produkt\/oblibeny-bow-sada-hladkych-rolen-9565\/","url":"https:\/\/www.technodompro.com\/index.php\/produkt\/oblibeny-bow-sada-hladkych-rolen-9565\/","name":"Obl\u00edben\u00fd BOW Sada hladk\u00fdch rolen -","isPartOf":{"@id":"https:\/\/www.technodompro.com\/#website"},"primaryImageOfPage":{"@id":"https:\/\/www.technodompro.com\/index.php\/produkt\/oblibeny-bow-sada-hladkych-rolen-9565\/#primaryimage"},"image":{"@id":"https:\/\/www.technodompro.com\/index.php\/produkt\/oblibeny-bow-sada-hladkych-rolen-9565\/#primaryimage"},"thumbnailUrl":"https:\/\/www.technodompro.com\/wp-content\/uploads\/2026\/SK0014706-CZ20260425-092328-0-1777080210-202479-1_083418.webp","datePublished":"2026-04-27T04:40:52+00:00","breadcrumb":{"@id":"https:\/\/www.technodompro.com\/index.php\/produkt\/oblibeny-bow-sada-hladkych-rolen-9565\/#breadcrumb"},"inLanguage":"cs","potentialAction":[{"@type":"ReadAction","target":["https:\/\/www.technodompro.com\/index.php\/produkt\/oblibeny-bow-sada-hladkych-rolen-9565\/"]}]},{"@type":"ImageObject","inLanguage":"cs","@id":"https:\/\/www.technodompro.com\/index.php\/produkt\/oblibeny-bow-sada-hladkych-rolen-9565\/#primaryimage","url":"https:\/\/www.technodompro.com\/wp-content\/uploads\/2026\/SK0014706-CZ20260425-092328-0-1777080210-202479-1_083418.webp","contentUrl":"https:\/\/www.technodompro.com\/wp-content\/uploads\/2026\/SK0014706-CZ20260425-092328-0-1777080210-202479-1_083418.webp","width":800,"height":800},{"@type":"BreadcrumbList","@id":"https:\/\/www.technodompro.com\/index.php\/produkt\/oblibeny-bow-sada-hladkych-rolen-9565\/#breadcrumb","itemListElement":[{"@type":"ListItem","position":1,"name":"Home","item":"https:\/\/www.technodompro.com\/"},{"@type":"ListItem","position":2,"name":"Products","item":"https:\/\/www.technodompro.com\/index.php\/products\/"},{"@type":"ListItem","position":3,"name":"Obl\u00edben\u00fd BOW Sada hladk\u00fdch rolen"}]},{"@type":"WebSite","@id":"https:\/\/www.technodompro.com\/#website","url":"https:\/\/www.technodompro.com\/","name":"","description":"","potentialAction":[{"@type":"SearchAction","target":{"@type":"EntryPoint","urlTemplate":"https:\/\/www.technodompro.com\/?s={search_term_string}"},"query-input":{"@type":"PropertyValueSpecification","valueRequired":true,"valueName":"search_term_string"}}],"inLanguage":"cs"}]}},"_links":{"self":[{"href":"https:\/\/www.technodompro.com\/index.php\/wp-json\/wp\/v2\/product\/9565","targetHints":{"allow":["GET"]}}],"collection":[{"href":"https:\/\/www.technodompro.com\/index.php\/wp-json\/wp\/v2\/product"}],"about":[{"href":"https:\/\/www.technodompro.com\/index.php\/wp-json\/wp\/v2\/types\/product"}],"replies":[{"embeddable":true,"href":"https:\/\/www.technodompro.com\/index.php\/wp-json\/wp\/v2\/comments?post=9565"}],"wp:featuredmedia":[{"embeddable":true,"href":"https:\/\/www.technodompro.com\/index.php\/wp-json\/wp\/v2\/media\/9665"}],"wp:attachment":[{"href":"https:\/\/www.technodompro.com\/index.php\/wp-json\/wp\/v2\/media?parent=9565"}],"wp:term":[{"taxonomy":"product_brand","embeddable":true,"href":"https:\/\/www.technodompro.com\/index.php\/wp-json\/wp\/v2\/product_brand?post=9565"},{"taxonomy":"product_cat","embeddable":true,"href":"https:\/\/www.technodompro.com\/index.php\/wp-json\/wp\/v2\/product_cat?post=9565"},{"taxonomy":"product_tag","embeddable":true,"href":"https:\/\/www.technodompro.com\/index.php\/wp-json\/wp\/v2\/product_tag?post=9565"}],"curies":[{"name":"wp","href":"https:\/\/api.w.org\/{rel}","templated":true}]}}