{"id":9567,"date":"2026-04-27T04:40:52","date_gmt":"2026-04-27T04:40:52","guid":{"rendered":""},"modified":"2026-04-27T04:40:52","modified_gmt":"2026-04-27T04:40:52","slug":"finalni-vyprodej-bow-univerzalni-ohybacka-oh-010-9567","status":"publish","type":"product","link":"https:\/\/www.technodompro.com\/index.php\/produkt\/finalni-vyprodej-bow-univerzalni-ohybacka-oh-010-9567\/","title":{"rendered":"Fin\u00e1ln\u00ed V\u00fdprodej BOW Univerz\u00e1ln\u00ed oh\u00fdba\u010dka OH 010"},"content":{"rendered":"<table>\n<div class=\"tab-pane active product-description\" id=\"popis\" role=\"tabpanel\">\n<div class=\"short-description\" itemprop=\"description\"><\/div>\n<div class=\"description\"><span class='bullet-line'>Oh\u00fdbac\u00ed hlava s p\u00e1kou je odn\u00edmateln\u00e1 a snadno p\u0159enosn\u00e1\u2022 pomoc\u00ed up\u00ednac\u00ed podlo\u017eky (obj. \u010d. 1010 250.W) je mo\u017eno ji upnout do sv\u011br\u00e1ku na r\u016fzn\u00fdch pracovi\u0161t\u00edch, v servisn\u00edch vozech apod.<br \/><\/span><span class='bullet-line'>Mo\u017eno oh\u00fdbat jednoduch\u00e9 i slo\u017eit\u00e9 tvary, ohyby a\u017e do 180\u00b0, r\u016fzn\u00e9 uzav\u0159en\u00e9 tvary \u2013 to v\u0161e zastudena.<br \/><\/span><span class='bullet-line'>Pro zaji\u0161t\u011bn\u00ed p\u0159esnosti p\u0159i s\u00e9riov\u00e9 v\u00fdrob\u011b slou\u017e\u00ed \u00fahlov\u00fd doraz.<br \/><\/span><span class='bullet-line'>V kombinaci s tvarovac\u00edm p\u0159\u00edpravkem umo\u017e\u0148uje oh\u00fdba\u010dka v\u00fdrobu ozdob n\u00fdch m\u0159\u00ed\u017e\u00ed, zahradn\u00edho n\u00e1bytku nebo deko ra\u010d n\u00edch prvk\u016f do interi\u00e9r\u016f i exteri\u00e9r\u016f.<br \/><\/span><span class='bullet-line'>Ji\u017e v\u00edce ne\u017e 3500 spokojen\u00fdch z\u00e1kazn\u00edk\u016f v cel\u00e9 Evrop\u011b.<br \/><\/span><span class='bullet-line'>V\u00fdsuvn\u00e1 p\u00e1ka pro v\u011bt\u0161\u00ed oh\u00fdbac\u00ed s\u00edlu.<br \/><\/span><span class='bullet-line'>Tuh\u00fd stojan se z\u00e1kladnou pro ukotven\u00ed stroje.<br \/><\/span><span class='bullet-line'>Made in Olomouc.<br \/><\/span> <\/p>\n<p> \u25bc Obsah balen\u00ed \u25bc<span class='bullet-line'>Stojan<br \/><\/span><span class='bullet-line'>Stojan<br \/><\/span><span class='bullet-line'>Oh\u00fdbac\u00ed p\u00e1ka<br \/><\/span> <br \/> \u25bc P\u0159\u00edslu\u0161enstv\u00ed \u25bc<br \/> 1010200 \/ 1010180 \/ 1010150 \/ 1011000 \/ 1031000<\/div>\n<div class=\"parameters\">\n<tr>\n<td>Max. rozm\u011bry materi\u00e1lu<\/td>\n<td>P\u00e1sov\u00e1 ocel &#8211; r\u00e1diusov\u00fd ohyb:  10 \u00d7 50 mm&lt;br&gt;P\u00e1sov\u00e1 ocel &#8211; ostr\u00fd ohyb:  6 \u00d7 50 mm&lt;br&gt;Kulatina: \u00d8 16 mm&lt;br&gt;\u010cty\u0159hrann\u00e1 ocel:  16 \u00d7 16 mm&lt;br&gt;Beton\u00e1\u0159sk\u00e1 ocel: \u00d8 14 mmmm<\/td>\n<\/tr>\n<tr>\n<td>Hmotnost<\/td>\n<td>32 kg<\/td>\n<\/tr><\/div>\n<\/table>\n","protected":false},"excerpt":{"rendered":"<p>Oh\u00fdbac\u00ed hlava s p\u00e1kou je odn\u00edmateln\u00e1 a snadno p\u0159enosn\u00e1\u2022 pomoc\u00ed up\u00ednac\u00ed podlo\u017eky (obj. \u010d. 1010 250.W) je mo\u017eno ji upnout do sv\u011br\u00e1ku na r\u016fzn\u00fdch pracovi\u0161t\u00edch, v servisn\u00edch vozech apod.Mo\u017eno oh\u00fdbat jednoduch\u00e9 i slo\u017eit\u00e9 tvary, ohyby a\u017e do 180\u00b0, r\u016fzn\u00e9 uzav\u0159en\u00e9 tvary \u2013 to v\u0161e zastudena.Pro zaji\u0161t\u011bn\u00ed p\u0159esnosti p\u0159i s\u00e9riov\u00e9 v\u00fdrob\u011b slou\u017e\u00ed \u00fahlov\u00fd doraz.V kombinaci s [&hellip;]<\/p>\n","protected":false},"featured_media":9667,"comment_status":"open","ping_status":"open","template":"","meta":[],"product_brand":[],"product_cat":[46],"product_tag":[],"class_list":{"0":"post-9567","1":"product","2":"type-product","3":"status-publish","4":"has-post-thumbnail","6":"product_cat-dilna","8":"first","9":"instock","10":"sale","11":"shipping-taxable","12":"purchasable","13":"product-type-simple"},"yoast_head":"<!-- This site is optimized with the Yoast SEO plugin v26.8 - https:\/\/yoast.com\/product\/yoast-seo-wordpress\/ -->\n<title>Fin\u00e1ln\u00ed V\u00fdprodej BOW Univerz\u00e1ln\u00ed oh\u00fdba\u010dka OH 010 -<\/title>\n<meta name=\"robots\" content=\"index, follow, max-snippet:-1, max-image-preview:large, max-video-preview:-1\" \/>\n<link rel=\"canonical\" href=\"https:\/\/www.technodompro.com\/index.php\/produkt\/finalni-vyprodej-bow-univerzalni-ohybacka-oh-010-9567\/\" \/>\n<meta property=\"og:locale\" content=\"cs_CZ\" \/>\n<meta property=\"og:type\" content=\"article\" \/>\n<meta property=\"og:title\" content=\"Fin\u00e1ln\u00ed V\u00fdprodej BOW Univerz\u00e1ln\u00ed oh\u00fdba\u010dka OH 010 -\" \/>\n<meta property=\"og:description\" content=\"Oh\u00fdbac\u00ed hlava s p\u00e1kou je odn\u00edmateln\u00e1 a snadno p\u0159enosn\u00e1\u2022 pomoc\u00ed up\u00ednac\u00ed podlo\u017eky (obj. \u010d. 1010 250.W) je mo\u017eno ji upnout do sv\u011br\u00e1ku na r\u016fzn\u00fdch pracovi\u0161t\u00edch, v servisn\u00edch vozech apod.Mo\u017eno oh\u00fdbat jednoduch\u00e9 i slo\u017eit\u00e9 tvary, ohyby a\u017e do 180\u00b0, r\u016fzn\u00e9 uzav\u0159en\u00e9 tvary \u2013 to v\u0161e zastudena.Pro zaji\u0161t\u011bn\u00ed p\u0159esnosti p\u0159i s\u00e9riov\u00e9 v\u00fdrob\u011b slou\u017e\u00ed \u00fahlov\u00fd doraz.V kombinaci s [&hellip;]\" \/>\n<meta property=\"og:url\" content=\"https:\/\/www.technodompro.com\/index.php\/produkt\/finalni-vyprodej-bow-univerzalni-ohybacka-oh-010-9567\/\" \/>\n<meta property=\"og:image\" content=\"https:\/\/www.technodompro.com\/wp-content\/uploads\/2026\/SK0014708-CZ20260425-092328-0-1777080210-202481-1_083418.webp\" \/>\n\t<meta property=\"og:image:width\" content=\"482\" \/>\n\t<meta property=\"og:image:height\" content=\"700\" \/>\n\t<meta property=\"og:image:type\" content=\"image\/webp\" \/>\n<meta name=\"twitter:card\" content=\"summary_large_image\" \/>\n<meta name=\"twitter:label1\" content=\"Odhadovan\u00e1 doba \u010dten\u00ed\" \/>\n\t<meta name=\"twitter:data1\" content=\"1 minuta\" \/>\n<script type=\"application\/ld+json\" class=\"yoast-schema-graph\">{\"@context\":\"https:\/\/schema.org\",\"@graph\":[{\"@type\":\"WebPage\",\"@id\":\"https:\/\/www.technodompro.com\/index.php\/produkt\/finalni-vyprodej-bow-univerzalni-ohybacka-oh-010-9567\/\",\"url\":\"https:\/\/www.technodompro.com\/index.php\/produkt\/finalni-vyprodej-bow-univerzalni-ohybacka-oh-010-9567\/\",\"name\":\"Fin\u00e1ln\u00ed V\u00fdprodej BOW Univerz\u00e1ln\u00ed oh\u00fdba\u010dka OH 010 -\",\"isPartOf\":{\"@id\":\"https:\/\/www.technodompro.com\/#website\"},\"primaryImageOfPage\":{\"@id\":\"https:\/\/www.technodompro.com\/index.php\/produkt\/finalni-vyprodej-bow-univerzalni-ohybacka-oh-010-9567\/#primaryimage\"},\"image\":{\"@id\":\"https:\/\/www.technodompro.com\/index.php\/produkt\/finalni-vyprodej-bow-univerzalni-ohybacka-oh-010-9567\/#primaryimage\"},\"thumbnailUrl\":\"https:\/\/www.technodompro.com\/wp-content\/uploads\/2026\/SK0014708-CZ20260425-092328-0-1777080210-202481-1_083418.webp\",\"datePublished\":\"2026-04-27T04:40:52+00:00\",\"breadcrumb\":{\"@id\":\"https:\/\/www.technodompro.com\/index.php\/produkt\/finalni-vyprodej-bow-univerzalni-ohybacka-oh-010-9567\/#breadcrumb\"},\"inLanguage\":\"cs\",\"potentialAction\":[{\"@type\":\"ReadAction\",\"target\":[\"https:\/\/www.technodompro.com\/index.php\/produkt\/finalni-vyprodej-bow-univerzalni-ohybacka-oh-010-9567\/\"]}]},{\"@type\":\"ImageObject\",\"inLanguage\":\"cs\",\"@id\":\"https:\/\/www.technodompro.com\/index.php\/produkt\/finalni-vyprodej-bow-univerzalni-ohybacka-oh-010-9567\/#primaryimage\",\"url\":\"https:\/\/www.technodompro.com\/wp-content\/uploads\/2026\/SK0014708-CZ20260425-092328-0-1777080210-202481-1_083418.webp\",\"contentUrl\":\"https:\/\/www.technodompro.com\/wp-content\/uploads\/2026\/SK0014708-CZ20260425-092328-0-1777080210-202481-1_083418.webp\",\"width\":482,\"height\":700},{\"@type\":\"BreadcrumbList\",\"@id\":\"https:\/\/www.technodompro.com\/index.php\/produkt\/finalni-vyprodej-bow-univerzalni-ohybacka-oh-010-9567\/#breadcrumb\",\"itemListElement\":[{\"@type\":\"ListItem\",\"position\":1,\"name\":\"Home\",\"item\":\"https:\/\/www.technodompro.com\/\"},{\"@type\":\"ListItem\",\"position\":2,\"name\":\"Products\",\"item\":\"https:\/\/www.technodompro.com\/index.php\/products\/\"},{\"@type\":\"ListItem\",\"position\":3,\"name\":\"Fin\u00e1ln\u00ed V\u00fdprodej BOW Univerz\u00e1ln\u00ed oh\u00fdba\u010dka OH 010\"}]},{\"@type\":\"WebSite\",\"@id\":\"https:\/\/www.technodompro.com\/#website\",\"url\":\"https:\/\/www.technodompro.com\/\",\"name\":\"\",\"description\":\"\",\"potentialAction\":[{\"@type\":\"SearchAction\",\"target\":{\"@type\":\"EntryPoint\",\"urlTemplate\":\"https:\/\/www.technodompro.com\/?s={search_term_string}\"},\"query-input\":{\"@type\":\"PropertyValueSpecification\",\"valueRequired\":true,\"valueName\":\"search_term_string\"}}],\"inLanguage\":\"cs\"}]}<\/script>\n<!-- \/ Yoast SEO plugin. -->","yoast_head_json":{"title":"Fin\u00e1ln\u00ed V\u00fdprodej BOW Univerz\u00e1ln\u00ed oh\u00fdba\u010dka OH 010 -","robots":{"index":"index","follow":"follow","max-snippet":"max-snippet:-1","max-image-preview":"max-image-preview:large","max-video-preview":"max-video-preview:-1"},"canonical":"https:\/\/www.technodompro.com\/index.php\/produkt\/finalni-vyprodej-bow-univerzalni-ohybacka-oh-010-9567\/","og_locale":"cs_CZ","og_type":"article","og_title":"Fin\u00e1ln\u00ed V\u00fdprodej BOW Univerz\u00e1ln\u00ed oh\u00fdba\u010dka OH 010 -","og_description":"Oh\u00fdbac\u00ed hlava s p\u00e1kou je odn\u00edmateln\u00e1 a snadno p\u0159enosn\u00e1\u2022 pomoc\u00ed up\u00ednac\u00ed podlo\u017eky (obj. \u010d. 1010 250.W) je mo\u017eno ji upnout do sv\u011br\u00e1ku na r\u016fzn\u00fdch pracovi\u0161t\u00edch, v servisn\u00edch vozech apod.Mo\u017eno oh\u00fdbat jednoduch\u00e9 i slo\u017eit\u00e9 tvary, ohyby a\u017e do 180\u00b0, r\u016fzn\u00e9 uzav\u0159en\u00e9 tvary \u2013 to v\u0161e zastudena.Pro zaji\u0161t\u011bn\u00ed p\u0159esnosti p\u0159i s\u00e9riov\u00e9 v\u00fdrob\u011b slou\u017e\u00ed \u00fahlov\u00fd doraz.V kombinaci s [&hellip;]","og_url":"https:\/\/www.technodompro.com\/index.php\/produkt\/finalni-vyprodej-bow-univerzalni-ohybacka-oh-010-9567\/","og_image":[{"width":482,"height":700,"url":"https:\/\/www.technodompro.com\/wp-content\/uploads\/2026\/SK0014708-CZ20260425-092328-0-1777080210-202481-1_083418.webp","type":"image\/webp"}],"twitter_card":"summary_large_image","twitter_misc":{"Odhadovan\u00e1 doba \u010dten\u00ed":"1 minuta"},"schema":{"@context":"https:\/\/schema.org","@graph":[{"@type":"WebPage","@id":"https:\/\/www.technodompro.com\/index.php\/produkt\/finalni-vyprodej-bow-univerzalni-ohybacka-oh-010-9567\/","url":"https:\/\/www.technodompro.com\/index.php\/produkt\/finalni-vyprodej-bow-univerzalni-ohybacka-oh-010-9567\/","name":"Fin\u00e1ln\u00ed V\u00fdprodej BOW Univerz\u00e1ln\u00ed oh\u00fdba\u010dka OH 010 -","isPartOf":{"@id":"https:\/\/www.technodompro.com\/#website"},"primaryImageOfPage":{"@id":"https:\/\/www.technodompro.com\/index.php\/produkt\/finalni-vyprodej-bow-univerzalni-ohybacka-oh-010-9567\/#primaryimage"},"image":{"@id":"https:\/\/www.technodompro.com\/index.php\/produkt\/finalni-vyprodej-bow-univerzalni-ohybacka-oh-010-9567\/#primaryimage"},"thumbnailUrl":"https:\/\/www.technodompro.com\/wp-content\/uploads\/2026\/SK0014708-CZ20260425-092328-0-1777080210-202481-1_083418.webp","datePublished":"2026-04-27T04:40:52+00:00","breadcrumb":{"@id":"https:\/\/www.technodompro.com\/index.php\/produkt\/finalni-vyprodej-bow-univerzalni-ohybacka-oh-010-9567\/#breadcrumb"},"inLanguage":"cs","potentialAction":[{"@type":"ReadAction","target":["https:\/\/www.technodompro.com\/index.php\/produkt\/finalni-vyprodej-bow-univerzalni-ohybacka-oh-010-9567\/"]}]},{"@type":"ImageObject","inLanguage":"cs","@id":"https:\/\/www.technodompro.com\/index.php\/produkt\/finalni-vyprodej-bow-univerzalni-ohybacka-oh-010-9567\/#primaryimage","url":"https:\/\/www.technodompro.com\/wp-content\/uploads\/2026\/SK0014708-CZ20260425-092328-0-1777080210-202481-1_083418.webp","contentUrl":"https:\/\/www.technodompro.com\/wp-content\/uploads\/2026\/SK0014708-CZ20260425-092328-0-1777080210-202481-1_083418.webp","width":482,"height":700},{"@type":"BreadcrumbList","@id":"https:\/\/www.technodompro.com\/index.php\/produkt\/finalni-vyprodej-bow-univerzalni-ohybacka-oh-010-9567\/#breadcrumb","itemListElement":[{"@type":"ListItem","position":1,"name":"Home","item":"https:\/\/www.technodompro.com\/"},{"@type":"ListItem","position":2,"name":"Products","item":"https:\/\/www.technodompro.com\/index.php\/products\/"},{"@type":"ListItem","position":3,"name":"Fin\u00e1ln\u00ed V\u00fdprodej BOW Univerz\u00e1ln\u00ed oh\u00fdba\u010dka OH 010"}]},{"@type":"WebSite","@id":"https:\/\/www.technodompro.com\/#website","url":"https:\/\/www.technodompro.com\/","name":"","description":"","potentialAction":[{"@type":"SearchAction","target":{"@type":"EntryPoint","urlTemplate":"https:\/\/www.technodompro.com\/?s={search_term_string}"},"query-input":{"@type":"PropertyValueSpecification","valueRequired":true,"valueName":"search_term_string"}}],"inLanguage":"cs"}]}},"_links":{"self":[{"href":"https:\/\/www.technodompro.com\/index.php\/wp-json\/wp\/v2\/product\/9567","targetHints":{"allow":["GET"]}}],"collection":[{"href":"https:\/\/www.technodompro.com\/index.php\/wp-json\/wp\/v2\/product"}],"about":[{"href":"https:\/\/www.technodompro.com\/index.php\/wp-json\/wp\/v2\/types\/product"}],"replies":[{"embeddable":true,"href":"https:\/\/www.technodompro.com\/index.php\/wp-json\/wp\/v2\/comments?post=9567"}],"wp:featuredmedia":[{"embeddable":true,"href":"https:\/\/www.technodompro.com\/index.php\/wp-json\/wp\/v2\/media\/9667"}],"wp:attachment":[{"href":"https:\/\/www.technodompro.com\/index.php\/wp-json\/wp\/v2\/media?parent=9567"}],"wp:term":[{"taxonomy":"product_brand","embeddable":true,"href":"https:\/\/www.technodompro.com\/index.php\/wp-json\/wp\/v2\/product_brand?post=9567"},{"taxonomy":"product_cat","embeddable":true,"href":"https:\/\/www.technodompro.com\/index.php\/wp-json\/wp\/v2\/product_cat?post=9567"},{"taxonomy":"product_tag","embeddable":true,"href":"https:\/\/www.technodompro.com\/index.php\/wp-json\/wp\/v2\/product_tag?post=9567"}],"curies":[{"name":"wp","href":"https:\/\/api.w.org\/{rel}","templated":true}]}}